{"id":1019,"date":"2016-05-23T22:22:47","date_gmt":"2016-05-23T22:22:47","guid":{"rendered":"http:\/\/revistajuridica.uprrp.edu\/wp\/?page_id=1019"},"modified":"2016-05-23T22:22:47","modified_gmt":"2016-05-23T22:22:47","slug":"volumen-85-num-4","status":"publish","type":"page","link":"https:\/\/derecho.uprrp.edu\/revistajuridica\/volumenes\/revista-juridica-upr\/volumen-85-num-4\/","title":{"rendered":"Volumen 85 N\u00fam. 4"},"content":{"rendered":"<ul class=\"lcp_catlist\" id=\"lcp_instance_0\"><li><h5 class=\"lcp_title\"><a href=\"https:\/\/derecho.uprrp.edu\/revistajuridica\/2019\/04\/04\/irisel-collazo-nazario-maria-genoveva-rodriguez-jimenez-denuncia-igualdad-y-feminismo-79-rev-jur-upr-783-2010\/\">Irisel Collazo Nazario, Mar\u00eda Genoveva Rodr\u00edguez Jim\u00e9nez: denuncia, igualdad y feminismo, 79 REV. JUR. UPR 783 (2010).<\/a><\/h5><div class=\"lcp_excerpt\">Irisel Collazo Nazario, Mar\u00eda Genoveva Rodr\u00edguez Jim\u00e9nez: denuncia, igualdad y feminismo, 79 REV. JUR. UPR 783 (2010).<\/div><a href=\"https:\/\/derecho.uprrp.edu\/revistajuridica\/2019\/04\/04\/irisel-collazo-nazario-maria-genoveva-rodriguez-jimenez-denuncia-igualdad-y-feminismo-79-rev-jur-upr-783-2010\/\" class=\"lcp_morelink\">Leer m\u00e1s<\/a><\/li><li><h5 class=\"lcp_title\"><a href=\"https:\/\/derecho.uprrp.edu\/revistajuridica\/2019\/04\/04\/marco-a-abarca-discurso-y-politica-de-genero-en-el-derecho-internacional-79-rev-jur-upr-797-2010\/\">Marco A. Abarca, Discurso y pol\u00edtica de g\u00e9nero en el Derecho Internacional, 79 REV. JUR. UPR 797 (2010).<\/a><\/h5><div class=\"lcp_excerpt\">Marco A. Abarca, Discurso y pol\u00edtica de g\u00e9nero en el Derecho Internacional, 79 REV. JUR. UPR 797 (2010).<\/div><a href=\"https:\/\/derecho.uprrp.edu\/revistajuridica\/2019\/04\/04\/marco-a-abarca-discurso-y-politica-de-genero-en-el-derecho-internacional-79-rev-jur-upr-797-2010\/\" class=\"lcp_morelink\">Leer m\u00e1s<\/a><\/li><li><h5 class=\"lcp_title\"><a href=\"https:\/\/derecho.uprrp.edu\/revistajuridica\/2019\/04\/04\/patricia-oton-olivieri-agenda-inconclusa-derechos-sexuales-y-reproductivos-desde-la-perspectiva-de-salud-rev-jur-upr-851-2010\/\">Patricia Ot\u00f3n Olivieri, Agenda inconclusa: derechos sexuales y reproductivos desde la perspectiva de salud, REV. JUR. UPR 851 (2010).<\/a><\/h5><div class=\"lcp_excerpt\">Patricia Ot\u00f3n Olivieri, Agenda inconclusa: derechos sexuales y reproductivos desde la perspectiva de salud, REV. JUR. UPR 851 (2010).<\/div><a href=\"https:\/\/derecho.uprrp.edu\/revistajuridica\/2019\/04\/04\/patricia-oton-olivieri-agenda-inconclusa-derechos-sexuales-y-reproductivos-desde-la-perspectiva-de-salud-rev-jur-upr-851-2010\/\" class=\"lcp_morelink\">Leer m\u00e1s<\/a><\/li><li><h5 class=\"lcp_title\"><a href=\"https:\/\/derecho.uprrp.edu\/revistajuridica\/2019\/04\/04\/veronica-rivera-torres-aproximaciones-legales-feministas-a-las-interrogantes-politicas-en-torno-a-la-lactancia-materna-79-rev-jur-upr-879-2010\/\">Ver\u00f3nica Rivera Torres, Aproximaciones legales-feministas a las interrogantes pol\u00edticas en torno a la lactancia materna, 79 REV. JUR. UPR 879 (2010).<\/a><\/h5><div class=\"lcp_excerpt\">Ver\u00f3nica Rivera Torres, Aproximaciones legales-feministas a las interrogantes pol\u00edticas en torno a la lactancia materna, 79 REV. JUR. UPR 879 (2010).<\/div><a href=\"https:\/\/derecho.uprrp.edu\/revistajuridica\/2019\/04\/04\/veronica-rivera-torres-aproximaciones-legales-feministas-a-las-interrogantes-politicas-en-torno-a-la-lactancia-materna-79-rev-jur-upr-879-2010\/\" class=\"lcp_morelink\">Leer m\u00e1s<\/a><\/li><li><h5 class=\"lcp_title\"><a href=\"https:\/\/derecho.uprrp.edu\/revistajuridica\/2019\/04\/04\/carol-m-romey-psychological-profile-of-inmate-sample-at-the-vega-alta-penal-institution-for-women-79-rev-jur-upr-893-2010\/\">Carol M. Romey, Psychological Profile of Inmate Sample at the Vega Alta Penal Institution for Women, 79 REV. JUR. UPR 893 (2010).<\/a><\/h5><div class=\"lcp_excerpt\">Carol M. Romey, Psychological Profile of Inmate Sample at the Vega Alta Penal Institution for Women, 79 REV. JUR. UPR 893 (2010).<\/div><a href=\"https:\/\/derecho.uprrp.edu\/revistajuridica\/2019\/04\/04\/carol-m-romey-psychological-profile-of-inmate-sample-at-the-vega-alta-penal-institution-for-women-79-rev-jur-upr-893-2010\/\" class=\"lcp_morelink\">Leer m\u00e1s<\/a><\/li><li><h5 class=\"lcp_title\"><a href=\"https:\/\/derecho.uprrp.edu\/revistajuridica\/2019\/04\/04\/erika-fontanez-torres-la-politica-juridica-de-la-propiedad-en-puerto-rico-un-abordaje-critico-feminista-en-busca-de-igualdad-y-equidad-para-las-mujeres-79-rev-jur-upr-915-2010\/\">\u00c9rika Font\u00e1nez Torres, La pol\u00edtica jur\u00eddica de la propiedad en Puerto Rico: un abordaje cr\u00edtico feminista en busca de igualdad y equidad para las mujeres, 79 REV. JUR. UPR 915 (2010).<\/a><\/h5><div class=\"lcp_excerpt\">\u00c9rika Font\u00e1nez Torres, La pol\u00edtica jur\u00eddica de la propiedad en Puerto Rico: un abordaje cr\u00edtico feminista en busca de igualdad y equidad para las mujeres, 79 REV. JUR. UPR 915 (2010).<\/div><a href=\"https:\/\/derecho.uprrp.edu\/revistajuridica\/2019\/04\/04\/erika-fontanez-torres-la-politica-juridica-de-la-propiedad-en-puerto-rico-un-abordaje-critico-feminista-en-busca-de-igualdad-y-equidad-para-las-mujeres-79-rev-jur-upr-915-2010\/\" class=\"lcp_morelink\">Leer m\u00e1s<\/a><\/li><li><h5 class=\"lcp_title\"><a href=\"https:\/\/derecho.uprrp.edu\/revistajuridica\/2019\/04\/04\/liana-fiol-matta-mujeres-en-la-judicatura-balance-al-proceso-de-adjudicacion-79-rev-jur-upr-957-2010\/\">Liana Fiol Matta, Mujeres en la Judicatura: balance al proceso de adjudicaci\u00f3n, 79 REV. JUR. UPR 957 (2010).<\/a><\/h5><div class=\"lcp_excerpt\">Liana Fiol Matta, Mujeres en la Judicatura: balance al proceso de adjudicaci\u00f3n, 79 REV. JUR. UPR 957 (2010).<\/div><a href=\"https:\/\/derecho.uprrp.edu\/revistajuridica\/2019\/04\/04\/liana-fiol-matta-mujeres-en-la-judicatura-balance-al-proceso-de-adjudicacion-79-rev-jur-upr-957-2010\/\" class=\"lcp_morelink\">Leer m\u00e1s<\/a><\/li><li><h5 class=\"lcp_title\"><a href=\"https:\/\/derecho.uprrp.edu\/revistajuridica\/2019\/04\/04\/margarita-ostolaza-bey-politica-sexual-y-agenda-feminista-79-rev-jur-upr-981-2010\/\">Margarita Ostolaza Bey, Pol\u00edtica sexual y agenda feminista, 79 REV. JUR. UPR 981 (2010).<\/a><\/h5><div class=\"lcp_excerpt\">Margarita Ostolaza Bey, Pol\u00edtica sexual y agenda feminista, 79 REV. JUR. UPR 981 (2010).<\/div><a href=\"https:\/\/derecho.uprrp.edu\/revistajuridica\/2019\/04\/04\/margarita-ostolaza-bey-politica-sexual-y-agenda-feminista-79-rev-jur-upr-981-2010\/\" class=\"lcp_morelink\">Leer m\u00e1s<\/a><\/li><li><h5 class=\"lcp_title\"><a href=\"https:\/\/derecho.uprrp.edu\/revistajuridica\/2019\/04\/04\/yanira-reyes-gil-mujeres-ensenando-derecho-estratificacion-y-discriminen-por-genero-en-la-academia-79-rev-jur-upr-1009-2010\/\">Yanira Reyes Gil, Mujeres ense\u00f1ando Derecho: estratificaci\u00f3n y discriminen por g\u00e9nero en la academia, 79 REV. JUR. UPR 1009 (2010).<\/a><\/h5><div class=\"lcp_excerpt\">Yanira Reyes Gil, Mujeres ense\u00f1ando Derecho: estratificaci\u00f3n y discriminen por g\u00e9nero en la academia, 79 REV. JUR. UPR 1009 (2010).<\/div><a href=\"https:\/\/derecho.uprrp.edu\/revistajuridica\/2019\/04\/04\/yanira-reyes-gil-mujeres-ensenando-derecho-estratificacion-y-discriminen-por-genero-en-la-academia-79-rev-jur-upr-1009-2010\/\" class=\"lcp_morelink\">Leer m\u00e1s<\/a><\/li><li><h5 class=\"lcp_title\"><a href=\"https:\/\/derecho.uprrp.edu\/revistajuridica\/2019\/04\/04\/algunas-leyes-de-puerto-rico-relacionadas-con-las-mujeres-79-rev-jur-upr-1021-2010\/\">Algunas leyes de Puerto Rico relacionadas con las mujeres, 79 REV. JUR. UPR 1021 (2010).<\/a><\/h5><div class=\"lcp_excerpt\">Algunas leyes de Puerto Rico relacionadas con las mujeres, 79 REV. JUR. UPR 1021 (2010).<\/div><a href=\"https:\/\/derecho.uprrp.edu\/revistajuridica\/2019\/04\/04\/algunas-leyes-de-puerto-rico-relacionadas-con-las-mujeres-79-rev-jur-upr-1021-2010\/\" class=\"lcp_morelink\">Leer m\u00e1s<\/a><\/li><\/ul>","protected":false},"excerpt":{"rendered":"","protected":false},"author":17,"featured_media":0,"parent":616,"menu_order":0,"comment_status":"closed","ping_status":"closed","template":"","meta":{"footnotes":""},"class_list":["post-1019","page","type-page","status-publish"],"_links":{"self":[{"href":"https:\/\/derecho.uprrp.edu\/revistajuridica\/wp-json\/wp\/v2\/pages\/1019","targetHints":{"allow":["GET"]}}],"collection":[{"href":"https:\/\/derecho.uprrp.edu\/revistajuridica\/wp-json\/wp\/v2\/pages"}],"about":[{"href":"https:\/\/derecho.uprrp.edu\/revistajuridica\/wp-json\/wp\/v2\/types\/page"}],"author":[{"embeddable":true,"href":"https:\/\/derecho.uprrp.edu\/revistajuridica\/wp-json\/wp\/v2\/users\/17"}],"replies":[{"embeddable":true,"href":"https:\/\/derecho.uprrp.edu\/revistajuridica\/wp-json\/wp\/v2\/comments?post=1019"}],"version-history":[{"count":0,"href":"https:\/\/derecho.uprrp.edu\/revistajuridica\/wp-json\/wp\/v2\/pages\/1019\/revisions"}],"up":[{"embeddable":true,"href":"https:\/\/derecho.uprrp.edu\/revistajuridica\/wp-json\/wp\/v2\/pages\/616"}],"wp:attachment":[{"href":"https:\/\/derecho.uprrp.edu\/revistajuridica\/wp-json\/wp\/v2\/media?parent=1019"}],"curies":[{"name":"wp","href":"https:\/\/api.w.org\/{rel}","templated":true}]}}