{"id":1177,"date":"2016-05-26T21:37:13","date_gmt":"2016-05-26T21:37:13","guid":{"rendered":"http:\/\/revistajuridica.uprrp.edu\/?page_id=1177"},"modified":"2022-07-15T19:03:52","modified_gmt":"2022-07-15T19:03:52","slug":"volumen-85-num-1-2","status":"publish","type":"page","link":"https:\/\/derecho.uprrp.edu\/revistajuridica\/volumenes\/revista-juridica-upr\/volumen-85-num-1-2\/","title":{"rendered":"Volumen 85-N\u00famero 1"},"content":{"rendered":"<ul id=\"lcp_instance_0\" class=\"lcp_catlist\">\n<li>\n<h5 class=\"lcp_title\"><a href=\"https:\/\/derecho.uprrp.edu\/revistajuridica\/wp-content\/uploads\/sites\/4\/2016\/05\/85-Rev.-Jur.-UPR-1-2016.pdf\" target=\"_blank\" rel=\"noopener\">La incineraci\u00f3n de basura en Puerto Rico: La m\u00e1quina sigue patinando<\/a><\/h5>\n<div class=\"lcp_excerpt\">Luis E. Rodr\u00edguez Rivera, 85 Rev. Jur. UPR 1 (2016).<\/div>\n<p><a class=\"lcp_morelink\" href=\"https:\/\/derecho.uprrp.edu\/revistajuridica\/wp-content\/uploads\/sites\/4\/2016\/05\/85-Rev.-Jur.-UPR-1-2016.pdf\" target=\"_blank\" rel=\"noopener\">Art\u00edculo en PDF<\/a><\/li>\n<\/ul>\n<ul id=\"lcp_instance_0\" class=\"lcp_catlist\">\n<li>\n<h5 class=\"lcp_title\"><a href=\"https:\/\/derecho.uprrp.edu\/revistajuridica\/wp-content\/uploads\/sites\/4\/2016\/05\/85-Rev.-Jur.-49-2016.pdf\" target=\"_blank\" rel=\"noopener\">Puerto Rico y Washington: A lo largo del sendero<\/a><\/h5>\n<div class=\"lcp_excerpt\">Manuel Rodr\u00edguez Orellana, 85 Rev. Jur. UPR 49 (2016).<\/div>\n<p><a class=\"lcp_morelink\" href=\"https:\/\/derecho.uprrp.edu\/revistajuridica\/wp-content\/uploads\/sites\/4\/2016\/05\/85-Rev.-Jur.-49-2016.pdf\" target=\"_blank\" rel=\"noopener\">Art\u00edculo en PDF<\/a><\/li>\n<\/ul>\n<ul id=\"lcp_instance_0\" class=\"lcp_catlist\">\n<li>\n<h5 class=\"lcp_title\"><a href=\"https:\/\/derecho.uprrp.edu\/revistajuridica\/wp-content\/uploads\/sites\/4\/2016\/05\/85-Rev.-Jur.-UPR-83-2016.pdf\" target=\"_blank\" rel=\"noopener\">La combinaci\u00f3n de funciones procedimientos administrativos cuasi-adjudicativos: Una mirada franca al argumento de la imparcialidad<\/a><\/h5>\n<div class=\"lcp_excerpt\">Mariana I. Hern\u00e1ndez Guti\u00e9rrez, 85 Rev. Jur. UPR 83 (2016).<\/div>\n<p><a class=\"lcp_morelink\" href=\"https:\/\/derecho.uprrp.edu\/revistajuridica\/wp-content\/uploads\/sites\/4\/2016\/05\/85-Rev.-Jur.-UPR-83-2016.pdf\" target=\"_blank\" rel=\"noopener\">Art\u00edculo en PDF<\/a><\/li>\n<\/ul>\n<ul id=\"lcp_instance_0\" class=\"lcp_catlist\">\n<li>\n<h5 class=\"lcp_title\"><a href=\"https:\/\/derecho.uprrp.edu\/revistajuridica\/wp-content\/uploads\/sites\/4\/2016\/05\/85-Rev.-Jur.-UPR-109-2016.pdf\" target=\"_blank\" rel=\"noopener\">La Autoridad de Energ\u00eda El\u00e9ctrica como garantizadora del acceso a la energ\u00eda solar en Puerto Rico<\/a><\/h5>\n<div class=\"lcp_excerpt\">Jean R. Santiago Cruz, 85 Rev. Jur. UPR 109 (2016).<\/div>\n<p><a class=\"lcp_morelink\" href=\"https:\/\/derecho.uprrp.edu\/revistajuridica\/wp-content\/uploads\/sites\/4\/2016\/05\/85-Rev.-Jur.-UPR-109-2016.pdf\" target=\"_blank\" rel=\"noopener\">Art\u00edculo en PDF<\/a><\/li>\n<\/ul>\n<ul id=\"lcp_instance_0\" class=\"lcp_catlist\">\n<li>\n<h5 class=\"lcp_title\"><a href=\"https:\/\/derecho.uprrp.edu\/revistajuridica\/wp-content\/uploads\/sites\/4\/2016\/05\/85-Rev.-Jur.-127-2016.pdf\" target=\"_blank\" rel=\"noopener\">Intentional Infliction of Emotional Distress Torts as the Best Option for Victims when Cyberbullying Conduct Falls through the Cracks of the U.S. Criminal Law System<\/a><\/h5>\n<div class=\"lcp_excerpt\">Juan M. Acevedo Garc\u00eda, 85 Rev. Jur. UPR 127 (2016).<\/div>\n<p><a class=\"lcp_morelink\" href=\"https:\/\/derecho.uprrp.edu\/revistajuridica\/wp-content\/uploads\/sites\/4\/2016\/05\/85-Rev.-Jur.-127-2016.pdf\" target=\"_blank\" rel=\"noopener\">Art\u00edculo en PDF<\/a><\/li>\n<\/ul>\n<ul id=\"lcp_instance_0\" class=\"lcp_catlist\">\n<li>\n<h5 class=\"lcp_title\"><a href=\"https:\/\/derecho.uprrp.edu\/revistajuridica\/wp-content\/uploads\/sites\/4\/2016\/05\/85-Rev.-Jur.-UPR-169-2016.pdf\" target=\"_blank\" rel=\"noopener\">El fraude de etiquetas en la clasificaci\u00f3n del Registro de Ofensores Sexuales como \u201cmedida no punitiva\u201d<\/a><\/h5>\n<div class=\"lcp_excerpt\">Iris Y. Rosario Nieves, 85 Rev. Jur. UPR 169 (2016).<\/div>\n<p><a class=\"lcp_morelink\" href=\"https:\/\/derecho.uprrp.edu\/revistajuridica\/wp-content\/uploads\/sites\/4\/2016\/05\/85-Rev.-Jur.-UPR-169-2016.pdf\" target=\"_blank\" rel=\"noopener\">Art\u00edculo en PDF<\/a><\/li>\n<\/ul>\n<ul id=\"lcp_instance_0\" class=\"lcp_catlist\">\n<li>\n<h5 class=\"lcp_title\"><a href=\"https:\/\/derecho.uprrp.edu\/revistajuridica\/wp-content\/uploads\/sites\/4\/2016\/05\/85-Rev.-Jur.-UPR-187-2016.pdf\" target=\"_blank\" rel=\"noopener\">Hait\u00ed y los da\u00f1os catastr\u00f3ficos: una mirada interna<\/a><\/h5>\n<div class=\"lcp_excerpt\">Luis An\u00edbal Avil\u00e9s Pag\u00e1n, 85 Rev. Jur. UPR 187 (2016).<\/div>\n<p><a class=\"lcp_morelink\" href=\"https:\/\/derecho.uprrp.edu\/revistajuridica\/wp-content\/uploads\/sites\/4\/2016\/05\/85-Rev.-Jur.-UPR-187-2016.pdf\" target=\"_blank\" rel=\"noopener\">Art\u00edculo en PDF<\/a><\/li>\n<\/ul>\n<ul id=\"lcp_instance_0\" class=\"lcp_catlist\">\n<li>\n<h5 class=\"lcp_title\"><a href=\"https:\/\/derecho.uprrp.edu\/revistajuridica\/wp-content\/uploads\/sites\/4\/2022\/06\/85-Rev.-Jur.-203-2016.pdf\" target=\"_blank\" rel=\"noopener\">Originalism in Puerto Rico: Original Explanation and its Relation with Clear Text, Broad Purpose and Progressive Policy<\/a><\/h5>\n<div class=\"lcp_excerpt\">Jorge M. Farinacci Fern\u00f3s, 85 Rev. Jur. UPR 203 (2016).<\/div>\n<p><a class=\"lcp_morelink\" href=\"https:\/\/derecho.uprrp.edu\/revistajuridica\/wp-content\/uploads\/sites\/4\/2022\/06\/85-Rev.-Jur.-203-2016.pdf\" target=\"_blank\" rel=\"noopener\">Art\u00edculo en PDF<\/a><\/li>\n<\/ul>\n<ul id=\"lcp_instance_0\" class=\"lcp_catlist\">\n<li>\n<h5 class=\"lcp_title\"><a href=\"https:\/\/derecho.uprrp.edu\/revistajuridica\/wp-content\/uploads\/sites\/4\/2022\/06\/85-Rev.-Jur.-267-2016.pdf\" target=\"_blank\" rel=\"noopener\">Excepciones al derecho a la confrontaci\u00f3n cara a cara del acusado<\/a><\/h5>\n<div class=\"lcp_excerpt\">Wilmer M. Santiago Mercado, 85 Rev. Jur. UPR 267 (2016).<\/div>\n<p><a class=\"lcp_morelink\" href=\"https:\/\/derecho.uprrp.edu\/revistajuridica\/wp-content\/uploads\/sites\/4\/2022\/06\/85-Rev.-Jur.-267-2016.pdf\" target=\"_blank\" rel=\"noopener\">Art\u00edculo en PDF<\/a><\/li>\n<\/ul>\n<ul id=\"lcp_instance_0\" class=\"lcp_catlist\">\n<li>\n<h5 class=\"lcp_title\"><a href=\"https:\/\/derecho.uprrp.edu\/revistajuridica\/wp-content\/uploads\/sites\/4\/2016\/05\/85-Rev.-Jur.-UPR-291-2016.pdf\" target=\"_blank\" rel=\"noopener\">La moci\u00f3n de reconsideraci\u00f3n y el criterio rector para interrumpir el t\u00e9rmino para acudir en apelaci\u00f3n<\/a><\/h5>\n<div class=\"lcp_excerpt\">Carlos R\u00edos Pierluisi, 85 Rev. Jur. UPR 291 (2016).<\/div>\n<p><a class=\"lcp_morelink\" href=\"https:\/\/derecho.uprrp.edu\/revistajuridica\/wp-content\/uploads\/sites\/4\/2016\/05\/85-Rev.-Jur.-UPR-291-2016.pdf\" target=\"_blank\" rel=\"noopener\">Art\u00edculo en PDF<\/a><\/li>\n<\/ul>\n<ul id=\"lcp_instance_0\" class=\"lcp_catlist\">\n<li>\n<h5 class=\"lcp_title\"><a href=\"https:\/\/derecho.uprrp.edu\/revistajuridica\/wp-content\/uploads\/sites\/4\/2016\/05\/85-Rev.-Jur.-UPR-311-2015.pdf\" target=\"_blank\" rel=\"noopener\">Un grito en la noche: algunas dificultades del Canon 38 al aplicarse ex proprio vigore<\/a><\/h5>\n<div class=\"lcp_excerpt\">F\u00e9lix R. Figueroa Cab\u00e1n, 85 Rev. Jur. UPR 311 (2016).<\/div>\n<p><a class=\"lcp_morelink\" href=\"https:\/\/derecho.uprrp.edu\/revistajuridica\/wp-content\/uploads\/sites\/4\/2016\/05\/85-Rev.-Jur.-UPR-311-2015.pdf\" target=\"_blank\" rel=\"noopener\">Art\u00edculo en PDF<\/a><\/li>\n<li>\n<h5 class=\"lcp_title\"><a href=\"https:\/\/derecho.uprrp.edu\/revistajuridica\/wp-content\/uploads\/sites\/4\/2016\/05\/85-Rev.-Jur.-UPR-325-2016.pdf\" target=\"_blank\" rel=\"noopener\">El endoso a la religi\u00f3n por medio del sistema tributario de Puerto Rico y Estados Unidos<\/a><\/h5>\n<div class=\"lcp_excerpt\">Luis M. Ben\u00edtez Burgos, 85 Rev. Jur. UPR 325 (2016).<\/div>\n<p><a class=\"lcp_morelink\" href=\"https:\/\/derecho.uprrp.edu\/revistajuridica\/wp-content\/uploads\/sites\/4\/2016\/05\/85-Rev.-Jur.-UPR-325-2016.pdf\" target=\"_blank\" rel=\"noopener\">Art\u00edculo en PDF<\/a><\/li>\n<\/ul>\n","protected":false},"excerpt":{"rendered":"<p>La incineraci\u00f3n de basura en Puerto Rico: La m\u00e1quina sigue patinando Luis E. Rodr\u00edguez Rivera, 85 Rev. Jur. UPR 1 (2016). Art\u00edculo en PDF Puerto Rico y Washington: A lo largo del sendero Manuel Rodr\u00edguez Orellana, 85 Rev. Jur. UPR 49 (2016). Art\u00edculo en PDF La combinaci\u00f3n de funciones procedimientos administrativos cuasi-adjudicativos: Una mirada franca<\/p>\n<div class=\"read-more\"><a href=\"https:\/\/derecho.uprrp.edu\/revistajuridica\/volumenes\/revista-juridica-upr\/volumen-85-num-1-2\/\" title=\"Read More\">Read More<\/a><\/div>\n","protected":false},"author":17,"featured_media":0,"parent":616,"menu_order":0,"comment_status":"closed","ping_status":"closed","template":"","meta":{"footnotes":""},"class_list":["post-1177","page","type-page","status-publish"],"_links":{"self":[{"href":"https:\/\/derecho.uprrp.edu\/revistajuridica\/wp-json\/wp\/v2\/pages\/1177","targetHints":{"allow":["GET"]}}],"collection":[{"href":"https:\/\/derecho.uprrp.edu\/revistajuridica\/wp-json\/wp\/v2\/pages"}],"about":[{"href":"https:\/\/derecho.uprrp.edu\/revistajuridica\/wp-json\/wp\/v2\/types\/page"}],"author":[{"embeddable":true,"href":"https:\/\/derecho.uprrp.edu\/revistajuridica\/wp-json\/wp\/v2\/users\/17"}],"replies":[{"embeddable":true,"href":"https:\/\/derecho.uprrp.edu\/revistajuridica\/wp-json\/wp\/v2\/comments?post=1177"}],"version-history":[{"count":2,"href":"https:\/\/derecho.uprrp.edu\/revistajuridica\/wp-json\/wp\/v2\/pages\/1177\/revisions"}],"predecessor-version":[{"id":6304,"href":"https:\/\/derecho.uprrp.edu\/revistajuridica\/wp-json\/wp\/v2\/pages\/1177\/revisions\/6304"}],"up":[{"embeddable":true,"href":"https:\/\/derecho.uprrp.edu\/revistajuridica\/wp-json\/wp\/v2\/pages\/616"}],"wp:attachment":[{"href":"https:\/\/derecho.uprrp.edu\/revistajuridica\/wp-json\/wp\/v2\/media?parent=1177"}],"curies":[{"name":"wp","href":"https:\/\/api.w.org\/{rel}","templated":true}]}}