{"id":2272,"date":"2017-02-28T10:08:17","date_gmt":"2017-02-28T14:08:17","guid":{"rendered":"http:\/\/revistajuridica.uprrp.edu\/?page_id=2272"},"modified":"2022-06-22T21:54:25","modified_gmt":"2022-06-22T21:54:25","slug":"volumen-86-numero-1","status":"publish","type":"page","link":"https:\/\/derecho.uprrp.edu\/revistajuridica\/volumenes\/revista-juridica-upr\/volumen-86-numero-1\/","title":{"rendered":"Volumen 86-N\u00famero 1"},"content":{"rendered":"<ul id=\"lcp_instance_0\" class=\"lcp_catlist\">\n<li>\n<h5 class=\"lcp_title\"><a href=\"https:\/\/derecho.uprrp.edu\/revistajuridica\/wp-content\/uploads\/sites\/4\/2017\/07\/01.-Promesa-incumplida_86-REV-JUR-UPR-1-FINAL-1.pdf\" target=\"_blank\" rel=\"noopener\">PROMESA incumplida, S\u00e1nchez Valle, Franklin Trust: El rol de la Rama Judicial federal en la relaci\u00f3n entre Puerto Rico y los Estados Unidos<\/a><\/h5>\n<div class=\"lcp_excerpt\">Carlos E. D\u00edaz Olivo &amp; Edwin J. V\u00e9lez Borrero, 86 Rev. Jur. UPR 1 (2017).<\/div>\n<p><a class=\"lcp_morelink\" href=\"https:\/\/derecho.uprrp.edu\/revistajuridica\/wp-content\/uploads\/sites\/4\/2017\/07\/01.-Promesa-incumplida_86-REV-JUR-UPR-1-FINAL-1.pdf\" target=\"_blank\" rel=\"noopener\">Art\u00edculo en PDF<\/a><\/li>\n<\/ul>\n<ul id=\"lcp_instance_0\" class=\"lcp_catlist\">\n<li>\n<h5 class=\"lcp_title\"><a href=\"https:\/\/derecho.uprrp.edu\/revistajuridica\/wp-content\/uploads\/sites\/4\/2017\/07\/02.-Tax-Losses-86-REVJURUPR-51.pdf\" target=\"_blank\" rel=\"noopener\">Tax Losses: The Solution to Puerto Rico\u2019s Bond Crisis?<\/a><\/h5>\n<div class=\"lcp_excerpt\">Alberto J. E. A\u00f1eses-Negr\u00f3n, 86 Rev. Jur. UPR 51 (2017).<\/div>\n<p><a class=\"lcp_morelink\" href=\"https:\/\/derecho.uprrp.edu\/revistajuridica\/wp-content\/uploads\/sites\/4\/2017\/07\/02.-Tax-Losses-86-REVJURUPR-51.pdf\" target=\"_blank\" rel=\"noopener\">Art\u00edculo en PDF<\/a><\/li>\n<\/ul>\n<ul id=\"lcp_instance_0\" class=\"lcp_catlist\">\n<li>\n<h5 class=\"lcp_title\"><a href=\"https:\/\/derecho.uprrp.edu\/revistajuridica\/wp-content\/uploads\/sites\/4\/2017\/07\/03.-Al-rescate-de-los-deudores-hipotecarios-86-REVJURUPR-71.pdf\" target=\"_blank\" rel=\"noopener\">Al rescate de los deudores hipotecarios<\/a><\/h5>\n<div class=\"lcp_excerpt\">Luis Ra\u00fal Mar\u00edn Aponte, Ramiro Llad\u00f3 Mart\u00ednez &amp; Jos\u00e9 Israel Alameda Lozada, 86 Rev. Jur. UPR 71 (2017).<\/div>\n<p><a class=\"lcp_morelink\" href=\"https:\/\/derecho.uprrp.edu\/revistajuridica\/wp-content\/uploads\/sites\/4\/2017\/07\/03.-Al-rescate-de-los-deudores-hipotecarios-86-REVJURUPR-71.pdf\" target=\"_blank\" rel=\"noopener\">Art\u00edculo en PDF<\/a><\/li>\n<\/ul>\n<ul id=\"lcp_instance_0\" class=\"lcp_catlist\">\n<li>\n<h5 class=\"lcp_title\"><a href=\"https:\/\/derecho.uprrp.edu\/revistajuridica\/wp-content\/uploads\/sites\/4\/2017\/07\/04-Transferencias-de-tecnologia-86REVJUR99.pdf\" target=\"_blank\" rel=\"noopener\">Transferencia de tecnolog\u00eda en las universidades: El caso de la Universidad de Puerto Rico<\/a><\/h5>\n<div class=\"lcp_excerpt\">Walter O. Alomar Jim\u00e9nez, 86 Rev. Jur. UPR 99 (2017).<\/div>\n<p><a class=\"lcp_morelink\" href=\"https:\/\/derecho.uprrp.edu\/revistajuridica\/wp-content\/uploads\/sites\/4\/2017\/07\/04-Transferencias-de-tecnologia-86REVJUR99.pdf\" target=\"_blank\" rel=\"noopener\">Art\u00edculo en PDF<\/a><\/li>\n<\/ul>\n<ul id=\"lcp_instance_0\" class=\"lcp_catlist\">\n<li>\n<h5 class=\"lcp_title\"><a href=\"https:\/\/derecho.uprrp.edu\/revistajuridica\/wp-content\/uploads\/sites\/4\/2017\/07\/05.-Organizaciones-sin-fines-de-lucro-86REVJURUPR168.pdf\" target=\"_blank\" rel=\"noopener\">Organizaciones sin fines de lucro: An\u00e1lisis comparativo del tratamiento fiscal y el control del estado a nivel federal y estatal<\/a><\/h5>\n<div class=\"lcp_excerpt\">Paola Zaragoza Cardenales, 86 Rev. Jur. UPR 168 (2017).<\/div>\n<p><a class=\"lcp_morelink\" href=\"https:\/\/derecho.uprrp.edu\/revistajuridica\/wp-content\/uploads\/sites\/4\/2017\/07\/05.-Organizaciones-sin-fines-de-lucro-86REVJURUPR168.pdf\" target=\"_blank\" rel=\"noopener\">Art\u00edculo en PDF<\/a><\/li>\n<\/ul>\n<ul id=\"lcp_instance_0\" class=\"lcp_catlist\">\n<li>\n<h5 class=\"lcp_title\"><a href=\"https:\/\/derecho.uprrp.edu\/revistajuridica\/wp-content\/uploads\/sites\/4\/2017\/07\/06.-Nombramientos-de-receso-sucesivo-86-REVJURUPR-192FINAL.pdf\" target=\"_blank\" rel=\"noopener\">Nombramientos de receso sucesivos: \u00bfDespoje de la facultad de consejo y consentimiento del Senado?<\/a><\/h5>\n<div class=\"lcp_excerpt\">Christian E. Cort\u00e9s Feliciano, 86 Rev. Jur. UPR 192 (2017).<\/div>\n<p><a class=\"lcp_morelink\" href=\"https:\/\/derecho.uprrp.edu\/revistajuridica\/wp-content\/uploads\/sites\/4\/2017\/07\/06.-Nombramientos-de-receso-sucesivo-86-REVJURUPR-192FINAL.pdf\" target=\"_blank\" rel=\"noopener\">Art\u00edculo en PDF<\/a><\/li>\n<\/ul>\n<ul id=\"lcp_instance_0\" class=\"lcp_catlist\">\n<li>\n<h5 class=\"lcp_title\"><a href=\"https:\/\/derecho.uprrp.edu\/revistajuridica\/wp-content\/uploads\/sites\/4\/2017\/07\/07.-Disidentes-de-genero-86REVJUR218.pdf\" target=\"_blank\" rel=\"noopener\">Formalismo jur\u00eddico y los disidentes de g\u00e9nero y sexuales<\/a><\/h5>\n<div class=\"lcp_excerpt\">Christian R\u00edos Vallejo, 86 Rev. Jur. UPR 218 (2017).<\/div>\n<p><a class=\"lcp_morelink\" href=\"https:\/\/derecho.uprrp.edu\/revistajuridica\/wp-content\/uploads\/sites\/4\/2017\/07\/07.-Disidentes-de-genero-86REVJUR218.pdf\" target=\"_blank\" rel=\"noopener\">Art\u00edculo en PDF<\/a><\/li>\n<\/ul>\n<ul id=\"lcp_instance_0\" class=\"lcp_catlist\">\n<li>\n<h5 class=\"lcp_title\"><a href=\"https:\/\/derecho.uprrp.edu\/revistajuridica\/wp-content\/uploads\/sites\/4\/2017\/07\/08.-Meddling-in-the-Dragons-Pool_86-REV-JUR-UPR-247-FINAL.pdf\" target=\"_blank\" rel=\"noopener\">Meddling in the Dragon\u2019s Pool: Exploring the Validity of China\u2019s Actions in the South China Sea<\/a><\/h5>\n<div class=\"lcp_excerpt\">Iv\u00e1n M. Col\u00f3n-Estarellas, 86 Rev. Jur. UPR 247 (2017).<\/div>\n<p><a class=\"lcp_morelink\" href=\"https:\/\/derecho.uprrp.edu\/revistajuridica\/wp-content\/uploads\/sites\/4\/2017\/07\/08.-Meddling-in-the-Dragons-Pool_86-REV-JUR-UPR-247-FINAL.pdf\" target=\"_blank\" rel=\"noopener\">Art\u00edculo en PDF<\/a><\/li>\n<\/ul>\n<ul id=\"lcp_instance_0\" class=\"lcp_catlist\">\n<li>\n<h5 class=\"lcp_title\"><a href=\"https:\/\/derecho.uprrp.edu\/revistajuridica\/wp-content\/uploads\/sites\/4\/2017\/07\/09.-El-FMRI-como-detector-de-mentiras-86REVJUR271.pdf\" target=\"_blank\" rel=\"noopener\">El fMRI como detector de mentiras, sus implicaciones y admisibilidad en los tribunales<\/a><\/h5>\n<div class=\"lcp_excerpt\">Jaime V. Acosta Guijarro, 86 Rev. Jur. UPR 271 (2017).<\/div>\n<p><a class=\"lcp_morelink\" href=\"https:\/\/derecho.uprrp.edu\/revistajuridica\/wp-content\/uploads\/sites\/4\/2017\/07\/09.-El-FMRI-como-detector-de-mentiras-86REVJUR271.pdf\" target=\"_blank\" rel=\"noopener\">Art\u00edculo en PDF<\/a><\/li>\n<\/ul>\n<ul id=\"lcp_instance_0\" class=\"lcp_catlist\">\n<li>\n<h5 class=\"lcp_title\"><a href=\"https:\/\/derecho.uprrp.edu\/revistajuridica\/wp-content\/uploads\/sites\/4\/2017\/07\/10.-A-LICENSE-TO-KILL-86REVJURUPR291.pdf\" target=\"_blank\" rel=\"noopener\">A License to Kill: State Sponsored Death in the Oldest Colony in the World<\/a><\/h5>\n<div class=\"lcp_excerpt\">Emmanuel Hiram Arnaud, 86 Rev. Jur. UPR 291 (2017).<\/div>\n<p><a class=\"lcp_morelink\" href=\"https:\/\/derecho.uprrp.edu\/revistajuridica\/wp-content\/uploads\/sites\/4\/2017\/07\/10.-A-LICENSE-TO-KILL-86REVJURUPR291.pdf\" target=\"_blank\" rel=\"noopener\">Leer m\u00e1s<\/a><\/li>\n<\/ul>\n<ul id=\"lcp_instance_0\" class=\"lcp_catlist\">\n<li>\n<h5 class=\"lcp_title\"><a href=\"https:\/\/derecho.uprrp.edu\/revistajuridica\/wp-content\/uploads\/sites\/4\/2017\/07\/11.La-capacidad-disminuida-como-reto-a-las-renuncias-de-jurisdiccio\u0301n-86REVJURUPR322.pdf\" target=\"_blank\" rel=\"noopener\">La capacidad disminuida como reto a la renuncias de jurisdicci\u00f3n<\/a><\/h5>\n<div class=\"lcp_excerpt\">Iris. Y. Rosario Nieves, 86 Rev. Jur. UPR 322 (2017).<\/div>\n<p><a class=\"lcp_morelink\" href=\"https:\/\/derecho.uprrp.edu\/revistajuridica\/wp-content\/uploads\/sites\/4\/2017\/07\/11.La-capacidad-disminuida-como-reto-a-las-renuncias-de-jurisdiccio\u0301n-86REVJURUPR322.pdf\" target=\"_blank\" rel=\"noopener\">Art\u00edculo en PDF<\/a><\/li>\n<\/ul>\n<ul id=\"lcp_instance_0\" class=\"lcp_catlist\">\n<li>\n<h5 class=\"lcp_title\"><a href=\"https:\/\/derecho.uprrp.edu\/revistajuridica\/wp-content\/uploads\/sites\/4\/2017\/07\/EL-ESQUEMA-HOJA-DE-RUTA-PARA-LA-JUSTICIA-86REVJUR413.pdf\" target=\"_blank\" rel=\"noopener\">El Esquema: Hoja de ruta para la justicia<\/a><\/h5>\n<div class=\"lcp_excerpt\">Liana Fiol Matta, 86 Rev. Jur. UPR 413 (2017).<\/div>\n<p><a class=\"lcp_morelink\" href=\"https:\/\/derecho.uprrp.edu\/revistajuridica\/wp-content\/uploads\/sites\/4\/2017\/07\/EL-ESQUEMA-HOJA-DE-RUTA-PARA-LA-JUSTICIA-86REVJUR413.pdf\" target=\"_blank\" rel=\"noopener\">Art\u00edculo en PDF<\/a><\/li>\n<\/ul>\n<ul id=\"lcp_instance_0\" class=\"lcp_catlist\">\n<li>\n<h5 class=\"lcp_title\"><a href=\"https:\/\/derecho.uprrp.edu\/revistajuridica\/wp-content\/uploads\/sites\/4\/2017\/07\/13.-A-treinta-anos-del-Esquema-para-el-analisis-86REVJURUPR424.pdf\" target=\"_blank\" rel=\"noopener\">A treinta a\u00f1os del Esquema para el an\u00e1lisis de problemas de Derecho Civil Patrimonial de Michel J. Godreau Robles: Una mirada cr\u00edtica y amorosa<\/a><\/h5>\n<div class=\"lcp_excerpt\">Luis Torres Asencio, 86 Rev. Jur. UPR 424 (2017).<\/div>\n<p><a class=\"lcp_morelink\" href=\"https:\/\/derecho.uprrp.edu\/revistajuridica\/wp-content\/uploads\/sites\/4\/2017\/07\/13.-A-treinta-anos-del-Esquema-para-el-analisis-86REVJURUPR424.pdf\" target=\"_blank\" rel=\"noopener\">Art\u00edculo en PDF<\/a><\/li>\n<\/ul>\n","protected":false},"excerpt":{"rendered":"<p>PROMESA incumplida, S\u00e1nchez Valle, Franklin Trust: El rol de la Rama Judicial federal en la relaci\u00f3n entre Puerto Rico y los Estados Unidos Carlos E. D\u00edaz Olivo &amp; Edwin J. V\u00e9lez Borrero, 86 Rev. Jur. UPR 1 (2017). Art\u00edculo en PDF Tax Losses: The Solution to Puerto Rico\u2019s Bond Crisis? Alberto J. E. A\u00f1eses-Negr\u00f3n, 86<\/p>\n<div class=\"read-more\"><a href=\"https:\/\/derecho.uprrp.edu\/revistajuridica\/volumenes\/revista-juridica-upr\/volumen-86-numero-1\/\" title=\"Read More\">Read More<\/a><\/div>\n","protected":false},"author":17,"featured_media":0,"parent":616,"menu_order":0,"comment_status":"closed","ping_status":"closed","template":"","meta":{"footnotes":""},"class_list":["post-2272","page","type-page","status-publish"],"_links":{"self":[{"href":"https:\/\/derecho.uprrp.edu\/revistajuridica\/wp-json\/wp\/v2\/pages\/2272","targetHints":{"allow":["GET"]}}],"collection":[{"href":"https:\/\/derecho.uprrp.edu\/revistajuridica\/wp-json\/wp\/v2\/pages"}],"about":[{"href":"https:\/\/derecho.uprrp.edu\/revistajuridica\/wp-json\/wp\/v2\/types\/page"}],"author":[{"embeddable":true,"href":"https:\/\/derecho.uprrp.edu\/revistajuridica\/wp-json\/wp\/v2\/users\/17"}],"replies":[{"embeddable":true,"href":"https:\/\/derecho.uprrp.edu\/revistajuridica\/wp-json\/wp\/v2\/comments?post=2272"}],"version-history":[{"count":2,"href":"https:\/\/derecho.uprrp.edu\/revistajuridica\/wp-json\/wp\/v2\/pages\/2272\/revisions"}],"predecessor-version":[{"id":6293,"href":"https:\/\/derecho.uprrp.edu\/revistajuridica\/wp-json\/wp\/v2\/pages\/2272\/revisions\/6293"}],"up":[{"embeddable":true,"href":"https:\/\/derecho.uprrp.edu\/revistajuridica\/wp-json\/wp\/v2\/pages\/616"}],"wp:attachment":[{"href":"https:\/\/derecho.uprrp.edu\/revistajuridica\/wp-json\/wp\/v2\/media?parent=2272"}],"curies":[{"name":"wp","href":"https:\/\/api.w.org\/{rel}","templated":true}]}}