{"id":2277,"date":"2017-02-28T10:12:00","date_gmt":"2017-02-28T14:12:00","guid":{"rendered":"http:\/\/revistajuridica.uprrp.edu\/?page_id=2277"},"modified":"2022-06-24T22:16:49","modified_gmt":"2022-06-24T22:16:49","slug":"volumen-86-numero-2","status":"publish","type":"page","link":"https:\/\/derecho.uprrp.edu\/revistajuridica\/volumenes\/revista-juridica-upr\/volumen-86-numero-2\/","title":{"rendered":"Volumen 86-N\u00famero 2"},"content":{"rendered":"<ul id=\"lcp_instance_0\" class=\"lcp_catlist\">\n<li>\n<h5 class=\"lcp_title\"><a href=\"https:\/\/derecho.uprrp.edu\/revistajuridica\/wp-content\/uploads\/sites\/4\/2017\/07\/01.-Etica-y-Conducta-Profesional-FINAL.pdf\" target=\"_blank\" rel=\"noopener\">\u00c9tica y Conducta Profesional<\/a><\/h5>\n<div class=\"lcp_excerpt\">Guillermo Figueroa Prieto, 86 Rev. Jur. UPR 431 (2017).<\/div>\n<p><a class=\"lcp_morelink\" href=\"https:\/\/derecho.uprrp.edu\/revistajuridica\/wp-content\/uploads\/sites\/4\/2017\/07\/01.-Etica-y-Conducta-Profesional-FINAL.pdf\" target=\"_blank\" rel=\"noopener\">Art\u00edculo en PDF<\/a><\/li>\n<\/ul>\n<ul id=\"lcp_instance_0\" class=\"lcp_catlist\">\n<li>\n<h5 class=\"lcp_title\"><a href=\"https:\/\/derecho.uprrp.edu\/revistajuridica\/wp-content\/uploads\/sites\/4\/2017\/07\/Derecho-Penal-Sustantivo-86REVJUR487.pdf\" target=\"_blank\" rel=\"noopener\">Derecho Penal Sustantivo<\/a><\/h5>\n<div class=\"lcp_excerpt\">Iris Y. Rosario Nieves, 86 Rev. Jur. UPR 487 (2017).<\/div>\n<p><a class=\"lcp_morelink\" href=\"https:\/\/derecho.uprrp.edu\/revistajuridica\/wp-content\/uploads\/sites\/4\/2017\/07\/Derecho-Penal-Sustantivo-86REVJUR487.pdf\" target=\"_blank\" rel=\"noopener\">Art\u00edculo en PDF<\/a><\/li>\n<\/ul>\n<ul id=\"lcp_instance_0\" class=\"lcp_catlist\">\n<li>\n<h5 class=\"lcp_title\"><a href=\"https:\/\/derecho.uprrp.edu\/revistajuridica\/wp-content\/uploads\/sites\/4\/2017\/07\/03-Derecho-Probatorio-FINAL.pdf\" target=\"_blank\" rel=\"noopener\">Derecho Probatorio<\/a><\/h5>\n<div class=\"lcp_excerpt\">Vivian Neptune Rivera, 86 Rev. Jur. UPR 531 (2017).<\/div>\n<p><a class=\"lcp_morelink\" href=\"https:\/\/derecho.uprrp.edu\/revistajuridica\/wp-content\/uploads\/sites\/4\/2017\/07\/03-Derecho-Probatorio-FINAL.pdf\" target=\"_blank\" rel=\"noopener\">Art\u00edculo en PDF<\/a><\/li>\n<\/ul>\n<ul id=\"lcp_instance_0\" class=\"lcp_catlist\">\n<li>\n<h5 class=\"lcp_title\"><a href=\"https:\/\/derecho.uprrp.edu\/revistajuridica\/wp-content\/uploads\/sites\/4\/2017\/07\/04.-Decho-Procesal-Penal-86REVJURUPR538.pdf\" target=\"_blank\" rel=\"noopener\">Derecho Procesal Penal<\/a><\/h5>\n<div class=\"lcp_excerpt\">Ernesto L. Chiesa Aponte, 86 Rev. Jur. UPR 538 (2017).<\/div>\n<p><a class=\"lcp_morelink\" href=\"https:\/\/derecho.uprrp.edu\/revistajuridica\/wp-content\/uploads\/sites\/4\/2017\/07\/04.-Decho-Procesal-Penal-86REVJURUPR538.pdf\" target=\"_blank\" rel=\"noopener\">Art\u00edculo en PDF<\/a><\/li>\n<\/ul>\n<ul id=\"lcp_instance_0\" class=\"lcp_catlist\">\n<li>\n<h5 class=\"lcp_title\"><a href=\"https:\/\/derecho.uprrp.edu\/revistajuridica\/wp-content\/uploads\/sites\/4\/2017\/07\/05.-Derecho-Civil-Patrimonial-86REVJURUPR561.pdf\" target=\"_blank\" rel=\"noopener\">Derecho Civil Patrimonial<\/a><\/h5>\n<div class=\"lcp_excerpt\">Michel J. Godreau Robles, 86 Rev. Jur. UPR 561 (2017).<\/div>\n<p><a class=\"lcp_morelink\" href=\"https:\/\/derecho.uprrp.edu\/revistajuridica\/wp-content\/uploads\/sites\/4\/2017\/07\/05.-Derecho-Civil-Patrimonial-86REVJURUPR561.pdf\" target=\"_blank\" rel=\"noopener\">Art\u00edculo en PDF<\/a><\/li>\n<\/ul>\n<ul id=\"lcp_instance_0\" class=\"lcp_catlist\">\n<li>\n<h5 class=\"lcp_title\"><a href=\"https:\/\/derecho.uprrp.edu\/revistajuridica\/wp-content\/uploads\/sites\/4\/2017\/07\/06.-Derecho-Registral-Inmobiliario-FINAL.pdf\" target=\"_blank\" rel=\"noopener\">Derecho Registral Inmobiliario<\/a><\/h5>\n<div class=\"lcp_excerpt\">F\u00e9lix Figueroa Cab\u00e1n &amp; Francisco J. Cardona Reyes, 86 Rev. Jur. UPR 579 (2017).<\/div>\n<p><a class=\"lcp_morelink\" href=\"https:\/\/derecho.uprrp.edu\/revistajuridica\/wp-content\/uploads\/sites\/4\/2017\/07\/06.-Derecho-Registral-Inmobiliario-FINAL.pdf\" target=\"_blank\" rel=\"noopener\">Art\u00edculo en PDF<\/a><\/li>\n<\/ul>\n<ul id=\"lcp_instance_0\" class=\"lcp_catlist\">\n<li>\n<h5 class=\"lcp_title\"><a href=\"https:\/\/derecho.uprrp.edu\/revistajuridica\/wp-content\/uploads\/sites\/4\/2017\/07\/07.-Derecho-de-Seguros-86REVJURUPR593.pdf\" target=\"_blank\" rel=\"noopener\">Derecho de Seguros<\/a><\/h5>\n<div class=\"lcp_excerpt\">Luis M. Villaronga Arostegui, 86 Rev. Jur. UPR 593 (2017).<\/div>\n<p><a class=\"lcp_morelink\" href=\"https:\/\/derecho.uprrp.edu\/revistajuridica\/wp-content\/uploads\/sites\/4\/2017\/07\/07.-Derecho-de-Seguros-86REVJURUPR593.pdf\" target=\"_blank\" rel=\"noopener\">Art\u00edculo en PDF<\/a><\/li>\n<\/ul>\n<ul id=\"lcp_instance_0\" class=\"lcp_catlist\">\n<li>\n<h5 class=\"lcp_title\"><a href=\"https:\/\/derecho.uprrp.edu\/revistajuridica\/wp-content\/uploads\/sites\/4\/2017\/07\/08.-Derecho-Procesal-Civil_86-REV-JUR-UPR-606-FINAL.pdf\" target=\"_blank\" rel=\"noopener\">Derecho Procesal Civil<\/a><\/h5>\n<div class=\"lcp_excerpt\">Glenda Labadie Jackson &amp; Marcia Caridad Laurido Soto, 86 Rev Jur. UPR 606 (2017).<\/div>\n<p><a class=\"lcp_morelink\" href=\"https:\/\/derecho.uprrp.edu\/revistajuridica\/wp-content\/uploads\/sites\/4\/2017\/07\/08.-Derecho-Procesal-Civil_86-REV-JUR-UPR-606-FINAL.pdf\" target=\"_blank\" rel=\"noopener\">Art\u00edculo en PDF<\/a><\/li>\n<\/ul>\n<ul id=\"lcp_instance_0\" class=\"lcp_catlist\">\n<li>\n<h5 class=\"lcp_title\"><a href=\"https:\/\/derecho.uprrp.edu\/revistajuridica\/wp-content\/uploads\/sites\/4\/2017\/07\/09.-Responsabilidad-Civil-Extracontractual_86-REV-JUR-UPR-622-FINAL.pdf\" target=\"_blank\" rel=\"noopener\">Responsabilidad Civil Extracontractual<\/a><\/h5>\n<div class=\"lcp_excerpt\">Glenda Labadie Jackson &amp; Marcia Caridad Laurido Soto, 86 Rev Jur. UPR 622 (2017).<\/div>\n<p><a class=\"lcp_morelink\" href=\"https:\/\/derecho.uprrp.edu\/revistajuridica\/wp-content\/uploads\/sites\/4\/2017\/07\/09.-Responsabilidad-Civil-Extracontractual_86-REV-JUR-UPR-622-FINAL.pdf\" target=\"_blank\" rel=\"noopener\">Art\u00edculo en PDF<\/a><\/li>\n<\/ul>\n<ul id=\"lcp_instance_0\" class=\"lcp_catlist\">\n<li>\n<h5 class=\"lcp_title\"><a href=\"https:\/\/derecho.uprrp.edu\/revistajuridica\/wp-content\/uploads\/sites\/4\/2017\/07\/10.-Herrera-.-.-.-Nota-tA\u00a9cnica-FINAL.pdf\" target=\"_blank\" rel=\"noopener\">Herrera v. SLG Ram\u00edrez-Vinc\u00e9ns, Rodr\u00edguez v. Hospital,Santiago Monta\u00f1ez v. Fresenius Medical, y Amadeo Murga Una nota t\u00e9cnica<\/a><\/h5>\n<div class=\"lcp_excerpt\">Jaime L. del Valle Caballero, 86 Rev. Jur. UPR 635 (2017).<\/div>\n<p><a class=\"lcp_morelink\" href=\"https:\/\/derecho.uprrp.edu\/revistajuridica\/wp-content\/uploads\/sites\/4\/2017\/07\/10.-Herrera-.-.-.-Nota-tA\u00a9cnica-FINAL.pdf\" target=\"_blank\" rel=\"noopener\">Art\u00edculo en PDF<\/a><\/li>\n<\/ul>\n<ul id=\"lcp_instance_0\" class=\"lcp_catlist\">\n<li>\n<h5 class=\"lcp_title\"><a href=\"https:\/\/derecho.uprrp.edu\/revistajuridica\/wp-content\/uploads\/sites\/4\/2017\/07\/11.-Derecho-Laboral-86-REVJURUPR-646.pdf\" target=\"_blank\" rel=\"noopener\">Derecho Laboral<\/a><\/h5>\n<div class=\"lcp_excerpt\">Jaime L. Sanabria Monta\u00f1ez &amp; Anfranz V\u00e1zquez Bragan, 86 Rev. Jur. UPR 646 (2017).<\/div>\n<p><a class=\"lcp_morelink\" href=\"https:\/\/derecho.uprrp.edu\/revistajuridica\/wp-content\/uploads\/sites\/4\/2017\/07\/11.-Derecho-Laboral-86-REVJURUPR-646.pdf\" target=\"_blank\" rel=\"noopener\">Art\u00edculo en PDF<\/a><\/li>\n<\/ul>\n<ul id=\"lcp_instance_0\" class=\"lcp_catlist\">\n<li>\n<h5 class=\"lcp_title\"><a href=\"https:\/\/derecho.uprrp.edu\/revistajuridica\/wp-content\/uploads\/sites\/4\/2017\/07\/12.-DERECHO-CONSTITUCIONAL-86-REVJURUPR-662.pdf\" target=\"_blank\" rel=\"noopener\">Derecho Constitucional<\/a><\/h5>\n<div class=\"lcp_excerpt\">Jorge M. Farinacci Fern\u00f3s, 86 Rev. Jur. UPR 662 (2017)<\/div>\n<p><a class=\"lcp_morelink\" href=\"https:\/\/derecho.uprrp.edu\/revistajuridica\/wp-content\/uploads\/sites\/4\/2017\/07\/12.-DERECHO-CONSTITUCIONAL-86-REVJURUPR-662.pdf\" target=\"_blank\" rel=\"noopener\">Art\u00edculo en PDF<\/a><\/li>\n<\/ul>\n<ul id=\"lcp_instance_0\" class=\"lcp_catlist\">\n<li>\n<h5 class=\"lcp_title\"><a href=\"https:\/\/derecho.uprrp.edu\/revistajuridica\/wp-content\/uploads\/sites\/4\/2017\/07\/13.-Derecho-Administrativo-86REVJURUPR696.pdf\" target=\"_blank\" rel=\"noopener\">Derecho Administrativo<\/a><\/h5>\n<div class=\"lcp_excerpt\">Gerardo A. Flores Garc\u00eda, 86 Rev. Jur. UPR 696 (2017).<\/div>\n<p><a class=\"lcp_morelink\" href=\"https:\/\/derecho.uprrp.edu\/revistajuridica\/wp-content\/uploads\/sites\/4\/2017\/07\/13.-Derecho-Administrativo-86REVJURUPR696.pdf\" target=\"_blank\" rel=\"noopener\">Art\u00edculo en PDF<\/a><\/li>\n<\/ul>\n<ul id=\"lcp_instance_0\" class=\"lcp_catlist\">\n<li>\n<h5 class=\"lcp_title\"><a href=\"https:\/\/derecho.uprrp.edu\/revistajuridica\/wp-content\/uploads\/sites\/4\/2017\/07\/14.-ANALISIS-LEGISLATIVO-EL-IMPACTO-DE-LA-NUEVA-LEY-HIPOTECARIA-EN-LA-FUNCION-NOTARIAL-86-REV-JUR-UPR-715.pdf\" target=\"_blank\" rel=\"noopener\">An\u00e1lisis legislativo: El impacto de la nueva Ley hipotecaria en la funci\u00f3n notarial<\/a><\/h5>\n<div class=\"lcp_excerpt\">Lourdes I. Quintana Llor\u00e9ns, 86 Rev. Jur. UPR 715 (2017).<\/div>\n<p><a class=\"lcp_morelink\" href=\"https:\/\/derecho.uprrp.edu\/revistajuridica\/wp-content\/uploads\/sites\/4\/2017\/07\/14.-ANALISIS-LEGISLATIVO-EL-IMPACTO-DE-LA-NUEVA-LEY-HIPOTECARIA-EN-LA-FUNCION-NOTARIAL-86-REV-JUR-UPR-715.pdf\" target=\"_blank\" rel=\"noopener\">Art\u00edculo en PDF<\/a><\/li>\n<li>\n<h5 class=\"lcp_title\"><a href=\"https:\/\/derecho.uprrp.edu\/revistajuridica\/wp-content\/uploads\/sites\/4\/2017\/07\/15.-Jurisprudencia-del-Tribunal-Supremo-de-los-Estados-Unidos_86-REV-JUR-UPR-754FINAL.pdf\" target=\"_blank\" rel=\"noopener\">Jurisprudencia del Tribunal Supremo de los Estados Unidos<\/a><\/h5>\n<div class=\"lcp_excerpt\">Jorge M. Farinacci Fern\u00f3s, 86 Rev. Jur. UPR 754 (2017).<\/div>\n<p><a class=\"lcp_morelink\" href=\"https:\/\/derecho.uprrp.edu\/revistajuridica\/wp-content\/uploads\/sites\/4\/2017\/07\/15.-Jurisprudencia-del-Tribunal-Supremo-de-los-Estados-Unidos_86-REV-JUR-UPR-754FINAL.pdf\" target=\"_blank\" rel=\"noopener\">Art\u00edculo en PDF<\/a><\/li>\n<\/ul>\n","protected":false},"excerpt":{"rendered":"<p>\u00c9tica y Conducta Profesional Guillermo Figueroa Prieto, 86 Rev. Jur. UPR 431 (2017). Art\u00edculo en PDF Derecho Penal Sustantivo Iris Y. Rosario Nieves, 86 Rev. Jur. UPR 487 (2017). Art\u00edculo en PDF Derecho Probatorio Vivian Neptune Rivera, 86 Rev. Jur. UPR 531 (2017). Art\u00edculo en PDF Derecho Procesal Penal Ernesto L. Chiesa Aponte, 86 Rev.<\/p>\n<div class=\"read-more\"><a href=\"https:\/\/derecho.uprrp.edu\/revistajuridica\/volumenes\/revista-juridica-upr\/volumen-86-numero-2\/\" title=\"Read More\">Read More<\/a><\/div>\n","protected":false},"author":17,"featured_media":0,"parent":616,"menu_order":0,"comment_status":"closed","ping_status":"closed","template":"","meta":{"footnotes":""},"class_list":["post-2277","page","type-page","status-publish"],"_links":{"self":[{"href":"https:\/\/derecho.uprrp.edu\/revistajuridica\/wp-json\/wp\/v2\/pages\/2277","targetHints":{"allow":["GET"]}}],"collection":[{"href":"https:\/\/derecho.uprrp.edu\/revistajuridica\/wp-json\/wp\/v2\/pages"}],"about":[{"href":"https:\/\/derecho.uprrp.edu\/revistajuridica\/wp-json\/wp\/v2\/types\/page"}],"author":[{"embeddable":true,"href":"https:\/\/derecho.uprrp.edu\/revistajuridica\/wp-json\/wp\/v2\/users\/17"}],"replies":[{"embeddable":true,"href":"https:\/\/derecho.uprrp.edu\/revistajuridica\/wp-json\/wp\/v2\/comments?post=2277"}],"version-history":[{"count":4,"href":"https:\/\/derecho.uprrp.edu\/revistajuridica\/wp-json\/wp\/v2\/pages\/2277\/revisions"}],"predecessor-version":[{"id":6406,"href":"https:\/\/derecho.uprrp.edu\/revistajuridica\/wp-json\/wp\/v2\/pages\/2277\/revisions\/6406"}],"up":[{"embeddable":true,"href":"https:\/\/derecho.uprrp.edu\/revistajuridica\/wp-json\/wp\/v2\/pages\/616"}],"wp:attachment":[{"href":"https:\/\/derecho.uprrp.edu\/revistajuridica\/wp-json\/wp\/v2\/media?parent=2277"}],"curies":[{"name":"wp","href":"https:\/\/api.w.org\/{rel}","templated":true}]}}