{"id":2282,"date":"2017-02-28T10:13:38","date_gmt":"2017-02-28T14:13:38","guid":{"rendered":"http:\/\/revistajuridica.uprrp.edu\/?page_id=2282"},"modified":"2022-06-22T22:15:09","modified_gmt":"2022-06-22T22:15:09","slug":"volumen-86-numero-3","status":"publish","type":"page","link":"https:\/\/derecho.uprrp.edu\/revistajuridica\/volumenes\/revista-juridica-upr\/volumen-86-numero-3\/","title":{"rendered":"Volumen 86-N\u00famero 3"},"content":{"rendered":"<ul id=\"lcp_instance_0\" class=\"lcp_catlist\">\n<li>\n<h5 class=\"lcp_title\"><a href=\"https:\/\/derecho.uprrp.edu\/revistajuridica\/wp-content\/uploads\/sites\/4\/2017\/07\/00.-In-memoriam_Charles-Hey-Maestre_-86-REV-JUR-UPR-798-FINAL.pdf\" target=\"_blank\" rel=\"noopener\">A Charles \u201cCharlie\u201d Hey Mestre<\/a><\/h5>\n<div class=\"lcp_excerpt\">A Charles \u201cCharlie\u201d Hey Maestre, 86 Rev. Jur. UPR 798 (2017).<\/div>\n<p><a class=\"lcp_morelink\" href=\"https:\/\/derecho.uprrp.edu\/revistajuridica\/wp-content\/uploads\/sites\/4\/2017\/07\/00.-In-memoriam_Charles-Hey-Maestre_-86-REV-JUR-UPR-798-FINAL.pdf\" target=\"_blank\" rel=\"noopener\">Art\u00edculo en PDF<\/a><\/li>\n<\/ul>\n<ul id=\"lcp_instance_0\" class=\"lcp_catlist\">\n<li>\n<h5 class=\"lcp_title\"><a href=\"https:\/\/derecho.uprrp.edu\/revistajuridica\/wp-content\/uploads\/sites\/4\/2017\/07\/01.-El-acceso-a-la-justicia-en-Puerto-Rico-86REVJURUPR801.pdf\" target=\"_blank\" rel=\"noopener\">El acceso a la justicia en Puerto Rico: Antecedentes, desarrollos y retos<\/a><\/h5>\n<div class=\"lcp_excerpt\">Efr\u00e9n Rivera Ramos, 86 Rev. Jur. UPR 801 (2017).<\/div>\n<p><a class=\"lcp_morelink\" href=\"https:\/\/derecho.uprrp.edu\/revistajuridica\/wp-content\/uploads\/sites\/4\/2017\/07\/01.-El-acceso-a-la-justicia-en-Puerto-Rico-86REVJURUPR801.pdf\" target=\"_blank\" rel=\"noopener\">Art\u00edculo en PDF<\/a><\/li>\n<\/ul>\n<ul id=\"lcp_instance_0\" class=\"lcp_catlist\">\n<li>\n<h5 class=\"lcp_title\"><a href=\"https:\/\/derecho.uprrp.edu\/revistajuridica\/wp-content\/uploads\/sites\/4\/2017\/07\/02.-Access-to-Justice-in-Times-of-Crisis_Fisher_-REV-JUR-UPR-809-FINAL.pdf\" target=\"_blank\" rel=\"noopener\">Access to Justice in Times of Crisis<\/a><\/h5>\n<div class=\"lcp_excerpt\">Fern A. Fisher, 86 Rev. Jur. UPR 809 (2017).<\/div>\n<p><a class=\"lcp_morelink\" href=\"https:\/\/derecho.uprrp.edu\/revistajuridica\/wp-content\/uploads\/sites\/4\/2017\/07\/02.-Access-to-Justice-in-Times-of-Crisis_Fisher_-REV-JUR-UPR-809-FINAL.pdf\" target=\"_blank\" rel=\"noopener\">Art\u00edculo en PDF<\/a><\/li>\n<\/ul>\n<ul id=\"lcp_instance_0\" class=\"lcp_catlist\">\n<li>\n<h5 class=\"lcp_title\"><a href=\"https:\/\/derecho.uprrp.edu\/revistajuridica\/wp-content\/uploads\/sites\/4\/2017\/07\/03.-Acces-to-Justice-in-Puerto-Rico_Rhode-Hernandez-86REVJURUPR818.pdf\" target=\"_blank\" rel=\"noopener\">Access to Justice in Puerto Rico<\/a><\/h5>\n<div class=\"lcp_excerpt\">Deborah L. Rhode &amp; Pablo J. Hern\u00e1ndez, 86 Rev. Jur. UPR 818 (2017).<\/div>\n<p><a class=\"lcp_morelink\" href=\"https:\/\/derecho.uprrp.edu\/revistajuridica\/wp-content\/uploads\/sites\/4\/2017\/07\/03.-Acces-to-Justice-in-Puerto-Rico_Rhode-Hernandez-86REVJURUPR818.pdf\" target=\"_blank\" rel=\"noopener\">Art\u00edculo en PDF<\/a><\/li>\n<\/ul>\n<ul id=\"lcp_instance_0\" class=\"lcp_catlist\">\n<li>\n<h5 class=\"lcp_title\"><a href=\"https:\/\/derecho.uprrp.edu\/revistajuridica\/wp-content\/uploads\/sites\/4\/2017\/07\/04.-\u00bfSe-pueden-armonizar-las-necesidades-de-servicios-legales-de-las-personas-indigentes-86REVJURUPR834-.pdf\" target=\"_blank\" rel=\"noopener\">\u00bfSe pueden armonizar las necesidades de servicios legales de las personas indigentes en Puerto Rico con la obligaci\u00f3n de los abogados y abogadas de Puerto Rico de cumplir con los C\u00e1nones 1 y 18 de \u00c9tica Profesional?<\/a><\/h5>\n<div class=\"lcp_excerpt\">Carlos Rodr\u00edguez Vidal, 86 Rev. Jur. UPR 834 (2017).<\/div>\n<p><a class=\"lcp_morelink\" href=\"https:\/\/derecho.uprrp.edu\/revistajuridica\/wp-content\/uploads\/sites\/4\/2017\/07\/04.-\u00bfSe-pueden-armonizar-las-necesidades-de-servicios-legales-de-las-personas-indigentes-86REVJURUPR834-.pdf\" target=\"_blank\" rel=\"noopener\">Art\u00edculo en PDF<\/a><\/li>\n<\/ul>\n<ul id=\"lcp_instance_0\" class=\"lcp_catlist\">\n<li>\n<h5 class=\"lcp_title\"><a href=\"https:\/\/derecho.uprrp.edu\/revistajuridica\/wp-content\/uploads\/sites\/4\/2017\/07\/05.-El-acceso-a-la-justicia-en-tiempos-de-crisis-86REVJURUPR843.pdf\" target=\"_blank\" rel=\"noopener\">El acceso a la justicia en tiempos de crisis<\/a><\/h5>\n<div class=\"lcp_excerpt\">Alejandro Torres Rivera &amp; Francisco J. Del Valle Sosa, 86 Rev. Jur. UPR 843 (2017).<\/div>\n<p><a class=\"lcp_morelink\" href=\"https:\/\/derecho.uprrp.edu\/revistajuridica\/wp-content\/uploads\/sites\/4\/2017\/07\/05.-El-acceso-a-la-justicia-en-tiempos-de-crisis-86REVJURUPR843.pdf\" target=\"_blank\" rel=\"noopener\">Art\u00edculo en PDF<\/a><\/li>\n<\/ul>\n<ul id=\"lcp_instance_0\" class=\"lcp_catlist\">\n<li>\n<h5 class=\"lcp_title\"><a href=\"https:\/\/derecho.uprrp.edu\/revistajuridica\/wp-content\/uploads\/sites\/4\/2017\/07\/06.-Principios-del-Acceso-a-la-Justicia-para-combatir-las-barreras-en-el-Derecho-Administrativo-86REVJURUPR849.pdf\" target=\"_blank\" rel=\"noopener\">Principios del acceso a la justicia para combatir las barreras en el Derecho Administrativo<\/a><\/h5>\n<div class=\"lcp_excerpt\">Luis F. Estrella Mart\u00ednez, 86 Rev. Jur. UPR 849 (2017).<\/div>\n<p><a class=\"lcp_morelink\" href=\"https:\/\/derecho.uprrp.edu\/revistajuridica\/wp-content\/uploads\/sites\/4\/2017\/07\/06.-Principios-del-Acceso-a-la-Justicia-para-combatir-las-barreras-en-el-Derecho-Administrativo-86REVJURUPR849.pdf\" target=\"_blank\" rel=\"noopener\">Art\u00edculo en PDF<\/a><\/li>\n<\/ul>\n<ul id=\"lcp_instance_0\" class=\"lcp_catlist\">\n<li>\n<h5 class=\"lcp_title\"><a href=\"https:\/\/derecho.uprrp.edu\/revistajuridica\/wp-content\/uploads\/sites\/4\/2017\/07\/07.-El-Litigio-pro-se-en-Puerto-Rico-86REVJURUPR868.pdf\" target=\"_blank\" rel=\"noopener\">El litigio pro se en Puerto Rico: Hacia la b\u00fasqueda de una soluci\u00f3n<\/a><\/h5>\n<div class=\"lcp_excerpt\">Omar Andino Figueroa, 86 Rev. Jur. UPR 868 (2017).<\/div>\n<p><a class=\"lcp_morelink\" href=\"https:\/\/derecho.uprrp.edu\/revistajuridica\/wp-content\/uploads\/sites\/4\/2017\/07\/07.-El-Litigio-pro-se-en-Puerto-Rico-86REVJURUPR868.pdf\" target=\"_blank\" rel=\"noopener\">Art\u00edculo en PDF<\/a><\/li>\n<\/ul>\n<ul id=\"lcp_instance_0\" class=\"lcp_catlist\">\n<li>\n<h5 class=\"lcp_title\"><a href=\"https:\/\/derecho.uprrp.edu\/revistajuridica\/wp-content\/uploads\/sites\/4\/2017\/07\/08.-La-tecnolog\u00a1a-en-la-Rama-Judicial-de-Puerto-Rico-86REVJURUPR909.pdf\" target=\"_blank\" rel=\"noopener\">La tecnolog\u00eda en la Rama Judicial: Un mecanismo para fomentar el acceso a la justicia en Puerto Rico<\/a><\/h5>\n<div class=\"lcp_excerpt\">Juan G. \u00c1lvarez Valent\u00edn, 86 Rev. Jur. UPR 909 (2017).<\/div>\n<p><a class=\"lcp_morelink\" href=\"https:\/\/derecho.uprrp.edu\/revistajuridica\/wp-content\/uploads\/sites\/4\/2017\/07\/08.-La-tecnolog\u00a1a-en-la-Rama-Judicial-de-Puerto-Rico-86REVJURUPR909.pdf\" target=\"_blank\" rel=\"noopener\">Art\u00edculo en PDF<\/a><\/li>\n<\/ul>\n<ul id=\"lcp_instance_0\" class=\"lcp_catlist\">\n<li>\n<h5 class=\"lcp_title\"><a href=\"https:\/\/derecho.uprrp.edu\/revistajuridica\/wp-content\/uploads\/sites\/4\/2017\/07\/09.-LAS-IDEAS-SON-NUESTRAS-Y-DE-NADIE-ALTERATIVAS-A-LA-PROPIEDAD-INTELECTUAL-Y-SU-ACCESO-86-REV-JUR-UPR-945.pdf\" target=\"_blank\" rel=\"noopener\">Las ideas son nuestras y de nadie: Alternativas a la Propiedad Intelectual y su acceso<\/a><\/h5>\n<div class=\"lcp_excerpt\">Coral M. Rodr\u00edguez Vera, 86 Rev. Jur. UPR 945 (2017).<\/div>\n<p><a class=\"lcp_morelink\" href=\"https:\/\/derecho.uprrp.edu\/revistajuridica\/wp-content\/uploads\/sites\/4\/2017\/07\/09.-LAS-IDEAS-SON-NUESTRAS-Y-DE-NADIE-ALTERATIVAS-A-LA-PROPIEDAD-INTELECTUAL-Y-SU-ACCESO-86-REV-JUR-UPR-945.pdf\" target=\"_blank\" rel=\"noopener\">Art\u00edculo en PDF<\/a><\/li>\n<\/ul>\n<ul id=\"lcp_instance_0\" class=\"lcp_catlist\">\n<li>\n<h5 class=\"lcp_title\"><a href=\"https:\/\/derecho.uprrp.edu\/revistajuridica\/wp-content\/uploads\/sites\/4\/2017\/07\/10.-VIVIENDA-PROPIEDAD-Y-JUSTICIA-86-REV-JUR-UPR-969.pdf\" target=\"_blank\" rel=\"noopener\">Vivienda, propiedad y Justicia<\/a><\/h5>\n<div class=\"lcp_excerpt\">Noel A. Matos Rivera, 86 Rev. Jur. UPR 969 (2017).<\/div>\n<p><a class=\"lcp_morelink\" href=\"https:\/\/derecho.uprrp.edu\/revistajuridica\/wp-content\/uploads\/sites\/4\/2017\/07\/10.-VIVIENDA-PROPIEDAD-Y-JUSTICIA-86-REV-JUR-UPR-969.pdf\" target=\"_blank\" rel=\"noopener\">Art\u00edculo en PDF<\/a><\/li>\n<\/ul>\n<ul id=\"lcp_instance_0\" class=\"lcp_catlist\">\n<li>\n<h5 class=\"lcp_title\"><a href=\"https:\/\/derecho.uprrp.edu\/revistajuridica\/wp-content\/uploads\/sites\/4\/2017\/07\/11.-La-diversidad-en-la-educacion-juridica-86-REV-JUR-UPR-987.pdf\" target=\"_blank\" rel=\"noopener\">La diversidad en la educaci\u00f3n jur\u00eddica: Un elemento apremiante del acceso a la justicia<\/a><\/h5>\n<div class=\"lcp_excerpt\">Ernesto Gonz\u00e1lez Rodr\u00edguez &amp; Natalia Vil\u00e1 Palacios, 86 Rev. Jur. UPR 987 (2017).<\/div>\n<p><a class=\"lcp_morelink\" href=\"https:\/\/derecho.uprrp.edu\/revistajuridica\/wp-content\/uploads\/sites\/4\/2017\/07\/11.-La-diversidad-en-la-educacion-juridica-86-REV-JUR-UPR-987.pdf\" target=\"_blank\" rel=\"noopener\">Art\u00edculo en PDF<\/a><\/li>\n<\/ul>\n<ul id=\"lcp_instance_0\" class=\"lcp_catlist\">\n<li>\n<h5 class=\"lcp_title\"><a href=\"https:\/\/derecho.uprrp.edu\/revistajuridica\/wp-content\/uploads\/sites\/4\/2017\/07\/12.-El-requisito-de-caso-o-controversia-86REVJURUPR1029.pdf\" target=\"_blank\" rel=\"noopener\">El requisito de caso o controversia y la doctrina de legitimaci\u00f3n activa como l\u00edmites al acceso a la justicia<\/a><\/h5>\n<div class=\"lcp_excerpt\">Luis Armando Vega Berr\u00edos, 86 Rev. Jur. UPR 1029 (2017).<\/div>\n<p><a class=\"lcp_morelink\" href=\"https:\/\/derecho.uprrp.edu\/revistajuridica\/wp-content\/uploads\/sites\/4\/2017\/07\/12.-El-requisito-de-caso-o-controversia-86REVJURUPR1029.pdf\" target=\"_blank\" rel=\"noopener\">Art\u00edculo en PDF<\/a><\/li>\n<\/ul>\n<ul id=\"lcp_instance_0\" class=\"lcp_catlist\">\n<li>\n<h5 class=\"lcp_title\"><a href=\"https:\/\/derecho.uprrp.edu\/revistajuridica\/wp-content\/uploads\/sites\/4\/2017\/07\/13.-El-acceso-a-los-tribunales_-86-REV-JUR-UPR-1066-FINAL.pdf\" target=\"_blank\" rel=\"noopener\">El acceso a los tribunales, la independencia de la Rama Judicial y el deber constitucional de todos los poderes gubernamentales<\/a><\/h5>\n<div class=\"lcp_excerpt\">Marcia Caridad Laurido Soto, 86 Rev. Jur. UPR 1066 (2017).<\/div>\n<p><a class=\"lcp_morelink\" href=\"https:\/\/derecho.uprrp.edu\/revistajuridica\/wp-content\/uploads\/sites\/4\/2017\/07\/13.-El-acceso-a-los-tribunales_-86-REV-JUR-UPR-1066-FINAL.pdf\" target=\"_blank\" rel=\"noopener\">Art\u00edculo en PDF<\/a><\/li>\n<\/ul>\n","protected":false},"excerpt":{"rendered":"<p>A Charles \u201cCharlie\u201d Hey Mestre A Charles \u201cCharlie\u201d Hey Maestre, 86 Rev. Jur. UPR 798 (2017). Art\u00edculo en PDF El acceso a la justicia en Puerto Rico: Antecedentes, desarrollos y retos Efr\u00e9n Rivera Ramos, 86 Rev. Jur. UPR 801 (2017). Art\u00edculo en PDF Access to Justice in Times of Crisis Fern A. Fisher, 86 Rev.<\/p>\n<div class=\"read-more\"><a href=\"https:\/\/derecho.uprrp.edu\/revistajuridica\/volumenes\/revista-juridica-upr\/volumen-86-numero-3\/\" title=\"Read More\">Read More<\/a><\/div>\n","protected":false},"author":17,"featured_media":0,"parent":616,"menu_order":0,"comment_status":"closed","ping_status":"closed","template":"","meta":{"footnotes":""},"class_list":["post-2282","page","type-page","status-publish"],"_links":{"self":[{"href":"https:\/\/derecho.uprrp.edu\/revistajuridica\/wp-json\/wp\/v2\/pages\/2282","targetHints":{"allow":["GET"]}}],"collection":[{"href":"https:\/\/derecho.uprrp.edu\/revistajuridica\/wp-json\/wp\/v2\/pages"}],"about":[{"href":"https:\/\/derecho.uprrp.edu\/revistajuridica\/wp-json\/wp\/v2\/types\/page"}],"author":[{"embeddable":true,"href":"https:\/\/derecho.uprrp.edu\/revistajuridica\/wp-json\/wp\/v2\/users\/17"}],"replies":[{"embeddable":true,"href":"https:\/\/derecho.uprrp.edu\/revistajuridica\/wp-json\/wp\/v2\/comments?post=2282"}],"version-history":[{"count":2,"href":"https:\/\/derecho.uprrp.edu\/revistajuridica\/wp-json\/wp\/v2\/pages\/2282\/revisions"}],"predecessor-version":[{"id":6297,"href":"https:\/\/derecho.uprrp.edu\/revistajuridica\/wp-json\/wp\/v2\/pages\/2282\/revisions\/6297"}],"up":[{"embeddable":true,"href":"https:\/\/derecho.uprrp.edu\/revistajuridica\/wp-json\/wp\/v2\/pages\/616"}],"wp:attachment":[{"href":"https:\/\/derecho.uprrp.edu\/revistajuridica\/wp-json\/wp\/v2\/media?parent=2282"}],"curies":[{"name":"wp","href":"https:\/\/api.w.org\/{rel}","templated":true}]}}