{"id":2287,"date":"2017-02-28T10:17:57","date_gmt":"2017-02-28T14:17:57","guid":{"rendered":"http:\/\/revistajuridica.uprrp.edu\/?page_id=2287"},"modified":"2022-06-22T22:34:04","modified_gmt":"2022-06-22T22:34:04","slug":"volumen-86-numero-4","status":"publish","type":"page","link":"https:\/\/derecho.uprrp.edu\/revistajuridica\/volumenes\/revista-juridica-upr\/volumen-86-numero-4\/","title":{"rendered":"Volumen 86-N\u00famero 4"},"content":{"rendered":"<ul id=\"lcp_instance_0\" class=\"lcp_catlist\">\n<li>\n<h5 class=\"lcp_title\"><a href=\"https:\/\/derecho.uprrp.edu\/revistajuridica\/wp-content\/uploads\/sites\/4\/2017\/07\/EL-LEGADO-E-IMPLICACIONES-DE-LA-REFORMA-LABORAL-DE-201786REVJUR1087pdf.pdf\" target=\"_blank\" rel=\"noopener\">El legado e implicaciones de la Reforma Laboral de 2017<\/a><\/h5>\n<div class=\"lcp_excerpt\">Emmalind Garc\u00eda Garc\u00eda, 86 Rev. Jur. UPR 1087 (2017).<\/div>\n<p><a class=\"lcp_morelink\" href=\"https:\/\/derecho.uprrp.edu\/revistajuridica\/wp-content\/uploads\/sites\/4\/2017\/07\/EL-LEGADO-E-IMPLICACIONES-DE-LA-REFORMA-LABORAL-DE-201786REVJUR1087pdf.pdf\" target=\"_blank\" rel=\"noopener\">Art\u00edculo en PDF<\/a><\/li>\n<li>\n<h5 class=\"lcp_title\"><a href=\"https:\/\/derecho.uprrp.edu\/revistajuridica\/wp-content\/uploads\/sites\/4\/2017\/07\/EL-DESPIDO-INJUSTIFICADO-TRAS-LA-REFORMA-LABORAL86REVJUR1167.pdf\" target=\"_blank\" rel=\"noopener\">El despido injustificado tras la Reforma Laboral: \u00bfUn cambio de paradigma o una diferencia de apreciaci\u00f3n?<\/a><\/h5>\n<div class=\"lcp_excerpt\">Christian Arvelo Forteza, 86 Rev. Jur. UPR 1167 (2017).<\/div>\n<p><a class=\"lcp_morelink\" href=\"https:\/\/derecho.uprrp.edu\/revistajuridica\/wp-content\/uploads\/sites\/4\/2017\/07\/EL-DESPIDO-INJUSTIFICADO-TRAS-LA-REFORMA-LABORAL86REVJUR1167.pdf\" target=\"_blank\" rel=\"noopener\">Art\u00edculo en PDF<\/a><\/li>\n<\/ul>\n<ul id=\"lcp_instance_0\" class=\"lcp_catlist\"><\/ul>\n<ul id=\"lcp_instance_0\" class=\"lcp_catlist\">\n<li>\n<h5 class=\"lcp_title\"><a href=\"https:\/\/derecho.uprrp.edu\/revistajuridica\/wp-content\/uploads\/sites\/4\/2017\/07\/03.-Employment-Discrimination-86REVJURUPR1191.pdf\" target=\"_blank\" rel=\"noopener\">Employment Discrimination: How Hobby Lobby Enables a RFRA Affirmative Defense Against Title VII\u2019s Protections for LGBT People in the Workplace<\/a><\/h5>\n<div class=\"lcp_excerpt\">Diana Beltr\u00e9 Acevedo, 86 Rev. Jur. UPR 1191 (2017).<\/div>\n<p><a class=\"lcp_morelink\" href=\"https:\/\/derecho.uprrp.edu\/revistajuridica\/wp-content\/uploads\/sites\/4\/2017\/07\/03.-Employment-Discrimination-86REVJURUPR1191.pdf\" target=\"_blank\" rel=\"noopener\">Art\u00edculo en PDF<\/a><\/li>\n<\/ul>\n<ul id=\"lcp_instance_0\" class=\"lcp_catlist\">\n<li>\n<h5 class=\"lcp_title\"><a href=\"https:\/\/derecho.uprrp.edu\/revistajuridica\/wp-content\/uploads\/sites\/4\/2017\/07\/IMPLICACIONES-DE-LA-LIBERTAD-DE-RELIGION-EN-LA-APLICACION-DE-LAS-LEYES-LABORALES-ANTI-DISCRIMEN86REVJUR1224.pdf\" target=\"_blank\" rel=\"noopener\">Implicaciones de la libertad de religi\u00f3n en la aplicaci\u00f3n de las leyes que proh\u00edben el discrimen en el empleo privado<\/a><\/h5>\n<div class=\"lcp_excerpt\">Yobanni D\u00edaz Borrero, 86 Rev. Jur. UPR 1224 (2017).<\/div>\n<p><a class=\"lcp_morelink\" href=\"https:\/\/derecho.uprrp.edu\/revistajuridica\/wp-content\/uploads\/sites\/4\/2017\/07\/IMPLICACIONES-DE-LA-LIBERTAD-DE-RELIGION-EN-LA-APLICACION-DE-LAS-LEYES-LABORALES-ANTI-DISCRIMEN86REVJUR1224.pdf\" target=\"_blank\" rel=\"noopener\">Art\u00edculo en PDF<\/a><\/li>\n<\/ul>\n<ul id=\"lcp_instance_0\" class=\"lcp_catlist\">\n<li>\n<h5 class=\"lcp_title\"><a href=\"https:\/\/derecho.uprrp.edu\/revistajuridica\/wp-content\/uploads\/sites\/4\/2017\/07\/05.-Incumplimiento-de-la-promesa-de-empleo-86REVJURUPR1247.pdf\" target=\"_blank\" rel=\"noopener\">La tutela jur\u00eddica del incumplimiento de la promesa de empleo en el sector privado en Puerto Rico: Un supuesto at\u00edpico de responsabilidad<\/a><\/h5>\n<div class=\"lcp_excerpt\">Reinaldo L. Figueroa Matos, 86 Rev. Jur. UPR 1247 (2017).<\/div>\n<p><a class=\"lcp_morelink\" href=\"https:\/\/derecho.uprrp.edu\/revistajuridica\/wp-content\/uploads\/sites\/4\/2017\/07\/05.-Incumplimiento-de-la-promesa-de-empleo-86REVJURUPR1247.pdf\" target=\"_blank\" rel=\"noopener\">Art\u00edculo en PDF<\/a><\/li>\n<\/ul>\n<ul id=\"lcp_instance_0\" class=\"lcp_catlist\">\n<li>\n<h5 class=\"lcp_title\"><a href=\"https:\/\/derecho.uprrp.edu\/revistajuridica\/wp-content\/uploads\/sites\/4\/2017\/07\/06.-Las-cla\u0301usulas-de-seguridad-sindical_86-REV-JUR-UPR-1283-FINAL.pdf\" target=\"_blank\" rel=\"noopener\">Las cl\u00e1usulas de seguridad sindical y las repercusiones en el contexto jur\u00eddico puertorrique\u00f1o: El caso de Rebecca Friedrichs v. California Teachers Association<\/a><\/h5>\n<div class=\"lcp_excerpt\">Karla Vivianie Monta\u00f1ez Soto, 86 Rev. Jur. UPR 1283 (2017).<\/div>\n<p><a class=\"lcp_morelink\" href=\"https:\/\/derecho.uprrp.edu\/revistajuridica\/wp-content\/uploads\/sites\/4\/2017\/07\/06.-Las-cla\u0301usulas-de-seguridad-sindical_86-REV-JUR-UPR-1283-FINAL.pdf\" target=\"_blank\" rel=\"noopener\">Art\u00edculo en PDF<\/a><\/li>\n<\/ul>\n<ul id=\"lcp_instance_0\" class=\"lcp_catlist\">\n<li>\n<h5 class=\"lcp_title\"><a href=\"https:\/\/derecho.uprrp.edu\/revistajuridica\/wp-content\/uploads\/sites\/4\/2017\/07\/07.-Justicia-Obrera-86REVJURUPR1331.pdf\" target=\"_blank\" rel=\"noopener\">Justicia obrera: El quantum de prueba en los casos de arbitraje obrero-patronal<\/a><\/h5>\n<div class=\"lcp_excerpt\">Luis M. Ben\u00edtez Burgos, 86 Rev. Jur. UPR 1331 (2017).<\/div>\n<p><a class=\"lcp_morelink\" href=\"https:\/\/derecho.uprrp.edu\/revistajuridica\/wp-content\/uploads\/sites\/4\/2017\/07\/07.-Justicia-Obrera-86REVJURUPR1331.pdf\" target=\"_blank\" rel=\"noopener\">Art\u00edculo en PDF<\/a><\/li>\n<\/ul>\n","protected":false},"excerpt":{"rendered":"<p>El legado e implicaciones de la Reforma Laboral de 2017 Emmalind Garc\u00eda Garc\u00eda, 86 Rev. Jur. UPR 1087 (2017). Art\u00edculo en PDF El despido injustificado tras la Reforma Laboral: \u00bfUn cambio de paradigma o una diferencia de apreciaci\u00f3n? Christian Arvelo Forteza, 86 Rev. Jur. UPR 1167 (2017). Art\u00edculo en PDF Employment Discrimination: How Hobby Lobby<\/p>\n<div class=\"read-more\"><a href=\"https:\/\/derecho.uprrp.edu\/revistajuridica\/volumenes\/revista-juridica-upr\/volumen-86-numero-4\/\" title=\"Read More\">Read More<\/a><\/div>\n","protected":false},"author":17,"featured_media":0,"parent":616,"menu_order":0,"comment_status":"closed","ping_status":"closed","template":"","meta":{"footnotes":""},"class_list":["post-2287","page","type-page","status-publish"],"_links":{"self":[{"href":"https:\/\/derecho.uprrp.edu\/revistajuridica\/wp-json\/wp\/v2\/pages\/2287","targetHints":{"allow":["GET"]}}],"collection":[{"href":"https:\/\/derecho.uprrp.edu\/revistajuridica\/wp-json\/wp\/v2\/pages"}],"about":[{"href":"https:\/\/derecho.uprrp.edu\/revistajuridica\/wp-json\/wp\/v2\/types\/page"}],"author":[{"embeddable":true,"href":"https:\/\/derecho.uprrp.edu\/revistajuridica\/wp-json\/wp\/v2\/users\/17"}],"replies":[{"embeddable":true,"href":"https:\/\/derecho.uprrp.edu\/revistajuridica\/wp-json\/wp\/v2\/comments?post=2287"}],"version-history":[{"count":2,"href":"https:\/\/derecho.uprrp.edu\/revistajuridica\/wp-json\/wp\/v2\/pages\/2287\/revisions"}],"predecessor-version":[{"id":6299,"href":"https:\/\/derecho.uprrp.edu\/revistajuridica\/wp-json\/wp\/v2\/pages\/2287\/revisions\/6299"}],"up":[{"embeddable":true,"href":"https:\/\/derecho.uprrp.edu\/revistajuridica\/wp-json\/wp\/v2\/pages\/616"}],"wp:attachment":[{"href":"https:\/\/derecho.uprrp.edu\/revistajuridica\/wp-json\/wp\/v2\/media?parent=2287"}],"curies":[{"name":"wp","href":"https:\/\/api.w.org\/{rel}","templated":true}]}}