{"id":2500,"date":"2017-05-28T13:32:39","date_gmt":"2017-05-28T17:32:39","guid":{"rendered":"http:\/\/revistajuridica.uprrp.edu\/?page_id=2500"},"modified":"2022-06-23T19:18:44","modified_gmt":"2022-06-23T19:18:44","slug":"volumen-83-numero-2","status":"publish","type":"page","link":"https:\/\/derecho.uprrp.edu\/revistajuridica\/volumenes\/revista-juridica-upr\/volumen-83-numero-2\/","title":{"rendered":"Volumen 83-N\u00famero 2"},"content":{"rendered":"<ul id=\"lcp_instance_0\" class=\"lcp_catlist\">\n<li>\n<h5 class=\"lcp_title\"><a href=\"https:\/\/derecho.uprrp.edu\/revistajuridica\/wp-content\/uploads\/sites\/4\/2016\/11\/83-REV-JUR-905.pdf\" target=\"_blank\" rel=\"noopener\">Ana Cristina G\u00f3mez P\u00e9rez &amp; Carlos Bardaj\u00ed Frisa, Derecho de Sucesiones, 83 REV. JUR. UPR 905 (2014).<\/a><\/h5>\n<\/li>\n<li>\n<h5 class=\"lcp_title\"><a href=\"https:\/\/derecho.uprrp.edu\/revistajuridica\/wp-content\/uploads\/sites\/4\/2016\/11\/83-REV-JUR-895.pdf\" target=\"_blank\" rel=\"noopener\">Jos\u00e9 Juli\u00e1n \u00c1lvarez Gonz\u00e1lez, Responsabilidad Civil Extracontractual, 83 REV. JUR. UPR 895 (2014).<\/a><\/h5>\n<\/li>\n<li>\n<h5 class=\"lcp_title\"><a href=\"https:\/\/derecho.uprrp.edu\/revistajuridica\/wp-content\/uploads\/sites\/4\/2016\/11\/83-REV-JUR-881.pdf\" target=\"_blank\" rel=\"noopener\">Ana Cristina G\u00f3mez P\u00e9rez &amp; Vilmarie Negr\u00f3n Marrero, Derecho Registral Inmobiliario, 83 REV. JUR. UPR 881 (2014).<\/a><\/h5>\n<\/li>\n<li>\n<h5 class=\"lcp_title\"><a href=\"https:\/\/derecho.uprrp.edu\/revistajuridica\/wp-content\/uploads\/sites\/4\/2016\/11\/83-REV-JUR-861.pdf\" target=\"_blank\" rel=\"noopener\">F\u00e9lix R. Figueroa Cab\u00e1n &amp; Alexander G. Reynoso V\u00e1zquez, Derechos Reales, 83 REV. JUR. UPR 861 (2014).<\/a><\/h5>\n<\/li>\n<li>\n<h5 class=\"lcp_title\"><a href=\"https:\/\/derecho.uprrp.edu\/revistajuridica\/wp-content\/uploads\/sites\/4\/2016\/11\/83-REV-JUR-833.pdf\" target=\"_blank\" rel=\"noopener\">Ernesto Chiesa Aponte, Derecho Procesal Penal, 83 REV. JUR. UPR 833 (2014).<\/a><\/h5>\n<\/li>\n<li>\n<h5 class=\"lcp_title\"><a href=\"https:\/\/derecho.uprrp.edu\/revistajuridica\/wp-content\/uploads\/sites\/4\/2016\/11\/83-REV-JUR-815.pdf\" target=\"_blank\" rel=\"noopener\">Ana Matanzo Vicens, Derecho Procesal Civil, 83 REV. JUR. UPR 815 (2014).<\/a><\/h5>\n<\/li>\n<li>\n<h5 class=\"lcp_title\"><a href=\"https:\/\/derecho.uprrp.edu\/revistajuridica\/wp-content\/uploads\/sites\/4\/2016\/11\/83-REV-JUR-791.pdf\" target=\"_blank\" rel=\"noopener\">Vivian I. Neptune Rivera, Derecho Probatorio, 83 REV. JUR. UPR 791 (2014).<\/a><\/h5>\n<\/li>\n<li>\n<h5 class=\"lcp_title\"><a href=\"https:\/\/derecho.uprrp.edu\/revistajuridica\/wp-content\/uploads\/sites\/4\/2016\/11\/83-REV-JUR-753.pdf\" target=\"_blank\" rel=\"noopener\">Walter O. Alomar-Jim\u00e9nez &amp; Carla Lewis, Pr\u00e1ctica Apelativa, 83 REV. JUR. UPR 753 (2014).<\/a><\/h5>\n<\/li>\n<li>\n<h5 class=\"lcp_title\"><a href=\"https:\/\/derecho.uprrp.edu\/revistajuridica\/wp-content\/uploads\/sites\/4\/2016\/11\/83-REV-JUR-737.pdf\" target=\"_blank\" rel=\"noopener\">Oscar E. Miranda Miller, Derecho Penal Sustantivo, 83 REV. JUR. UPR 737 (2014).<\/a><\/h5>\n<\/li>\n<li>\n<h5 class=\"lcp_title\"><a href=\"https:\/\/derecho.uprrp.edu\/revistajuridica\/wp-content\/uploads\/sites\/4\/2016\/11\/83-REV-JUR-717.pdf\" target=\"_blank\" rel=\"noopener\">Jos\u00e9 Luis Nieto Mingo &amp; Jos\u00e9 David Rodr\u00edguez Gonz\u00e1lez, Obligaciones y Contratos, 83 REV. JUR. UPR 717 (2014).<\/a><\/h5>\n<\/li>\n<li>\n<h5 class=\"lcp_title\"><a href=\"https:\/\/derecho.uprrp.edu\/revistajuridica\/wp-content\/uploads\/sites\/4\/2016\/11\/83-REV-JUR-699.pdf\" target=\"_blank\" rel=\"noopener\">Jaime L. Sanabria Monta\u00f1ez, Derecho Laboral, 83 REV. JUR. UPR 699 (2014).<\/a><\/h5>\n<\/li>\n<li>\n<h5 class=\"lcp_title\"><a href=\"https:\/\/derecho.uprrp.edu\/revistajuridica\/wp-content\/uploads\/sites\/4\/2016\/11\/83-REV-JUR-681.pdf\" target=\"_blank\" rel=\"noopener\">Glenda Labadie Jackson, Derecho de Familia, 83 REV. JUR. UPR 681 (2014).<\/a><\/h5>\n<\/li>\n<li>\n<h5 class=\"lcp_title\"><a href=\"https:\/\/derecho.uprrp.edu\/revistajuridica\/wp-content\/uploads\/sites\/4\/2016\/11\/83-REV-JUR-655.pdf\" target=\"_blank\" rel=\"noopener\">Efr\u00e9n Rivera Ramos &amp; Arturo L.B. Hern\u00e1ndez Gonz\u00e1lez, Derecho Constitucional, 83 REV. JUR. UPR 655 (2014).<\/a><\/h5>\n<\/li>\n<li>\n<h5 class=\"lcp_title\"><a href=\"https:\/\/derecho.uprrp.edu\/revistajuridica\/wp-content\/uploads\/sites\/4\/2016\/11\/83-REV-JUR-629.pdf\" target=\"_blank\" rel=\"noopener\">William V\u00e1zquez Irizarry, Derecho Administrativo, 83 REV. JUR. UPR 629 (2014).<\/a><\/h5>\n<\/li>\n<\/ul>\n","protected":false},"excerpt":{"rendered":"<p>Ana Cristina G\u00f3mez P\u00e9rez &amp; Carlos Bardaj\u00ed Frisa, Derecho de Sucesiones, 83 REV. JUR. UPR 905 (2014). Jos\u00e9 Juli\u00e1n \u00c1lvarez Gonz\u00e1lez, Responsabilidad Civil Extracontractual, 83 REV. JUR. UPR 895 (2014). Ana Cristina G\u00f3mez P\u00e9rez &amp; Vilmarie Negr\u00f3n Marrero, Derecho Registral Inmobiliario, 83 REV. JUR. UPR 881 (2014). F\u00e9lix R. Figueroa Cab\u00e1n &amp; Alexander G. Reynoso<\/p>\n<div class=\"read-more\"><a href=\"https:\/\/derecho.uprrp.edu\/revistajuridica\/volumenes\/revista-juridica-upr\/volumen-83-numero-2\/\" title=\"Read More\">Read More<\/a><\/div>\n","protected":false},"author":17,"featured_media":0,"parent":616,"menu_order":0,"comment_status":"closed","ping_status":"closed","template":"","meta":{"footnotes":""},"class_list":["post-2500","page","type-page","status-publish"],"_links":{"self":[{"href":"https:\/\/derecho.uprrp.edu\/revistajuridica\/wp-json\/wp\/v2\/pages\/2500","targetHints":{"allow":["GET"]}}],"collection":[{"href":"https:\/\/derecho.uprrp.edu\/revistajuridica\/wp-json\/wp\/v2\/pages"}],"about":[{"href":"https:\/\/derecho.uprrp.edu\/revistajuridica\/wp-json\/wp\/v2\/types\/page"}],"author":[{"embeddable":true,"href":"https:\/\/derecho.uprrp.edu\/revistajuridica\/wp-json\/wp\/v2\/users\/17"}],"replies":[{"embeddable":true,"href":"https:\/\/derecho.uprrp.edu\/revistajuridica\/wp-json\/wp\/v2\/comments?post=2500"}],"version-history":[{"count":2,"href":"https:\/\/derecho.uprrp.edu\/revistajuridica\/wp-json\/wp\/v2\/pages\/2500\/revisions"}],"predecessor-version":[{"id":6323,"href":"https:\/\/derecho.uprrp.edu\/revistajuridica\/wp-json\/wp\/v2\/pages\/2500\/revisions\/6323"}],"up":[{"embeddable":true,"href":"https:\/\/derecho.uprrp.edu\/revistajuridica\/wp-json\/wp\/v2\/pages\/616"}],"wp:attachment":[{"href":"https:\/\/derecho.uprrp.edu\/revistajuridica\/wp-json\/wp\/v2\/media?parent=2500"}],"curies":[{"name":"wp","href":"https:\/\/api.w.org\/{rel}","templated":true}]}}