{"id":2508,"date":"2017-05-28T13:45:06","date_gmt":"2017-05-28T17:45:06","guid":{"rendered":"http:\/\/revistajuridica.uprrp.edu\/?page_id=2508"},"modified":"2022-06-23T19:24:18","modified_gmt":"2022-06-23T19:24:18","slug":"volumen-83-numero-3","status":"publish","type":"page","link":"https:\/\/derecho.uprrp.edu\/revistajuridica\/volumenes\/revista-juridica-upr\/volumen-83-numero-3\/","title":{"rendered":"Volumen 83-N\u00famero 3"},"content":{"rendered":"<ul id=\"lcp_instance_0\" class=\"lcp_catlist\">\n<li>\n<h5 class=\"lcp_title\"><a href=\"https:\/\/derecho.uprrp.edu\/revistajuridica\/wp-content\/uploads\/sites\/4\/2016\/11\/83-REV-JUR-1195.pdf\" target=\"_blank\" rel=\"noopener\">Jos\u00e9 L. Nieto Mingo, Lo cort\u00e9s no quita lo valiente: La visi\u00f3n del juez presidente Federico Hern\u00e1ndez Denton sobre la utilizaci\u00f3n del mecanismo de certificaci\u00f3n interjurisdiccional, 83 REV. JUR. UPR 1195 (2014).<\/a><\/h5>\n<\/li>\n<li>\n<h5 class=\"lcp_title\"><a href=\"https:\/\/derecho.uprrp.edu\/revistajuridica\/wp-content\/uploads\/sites\/4\/2016\/11\/83-REV-JUR-1165.pdf\" target=\"_blank\" rel=\"noopener\">Luis E. Rodr\u00edguez Rivera, Aportaciones del juez presidente Federico Hern\u00e1ndez Denton al desarrollo del Derecho Ambiental puertorrique\u00f1o (1985-2014), 83 REV. JUR. UPR 1165 (2014).<\/a><\/h5>\n<\/li>\n<li>\n<h5 class=\"lcp_title\"><a href=\"https:\/\/derecho.uprrp.edu\/revistajuridica\/wp-content\/uploads\/sites\/4\/2016\/11\/83-REV-JUR-1129.pdf\" target=\"_blank\" rel=\"noopener\">Roberta Marrocco Guglietta &amp; H\u00e9ctor Rodr\u00edguez Mulet, La postura del Juez Presidente, honorable Federico Hern\u00e1ndez Denton, sobre los derechos del consumidor, 83 REV. JUR. UPR 1129 (2014).<\/a><\/h5>\n<\/li>\n<li>\n<h5 class=\"lcp_title\"><a href=\"https:\/\/derecho.uprrp.edu\/revistajuridica\/wp-content\/uploads\/sites\/4\/2016\/11\/83-REV-JUR-1087.pdf\" target=\"_blank\" rel=\"noopener\">Jorge R. Roig, \u00bfCon la misma vara? Los altibajos de la igual protecci\u00f3n de las leyes en las opiniones del juez Federico Hern\u00e1ndez Denton, 83 REV. JUR. UPR 1087 (2014).<\/a><\/h5>\n<\/li>\n<li>\n<h5 class=\"lcp_title\"><a href=\"https:\/\/derecho.uprrp.edu\/revistajuridica\/wp-content\/uploads\/sites\/4\/2016\/11\/83-REV-JUR-1059.pdf\" target=\"_blank\" rel=\"noopener\">Ariel O. Caro P\u00e9rez, \u201cAunque pueda ocasionar la muerte\u201d: Una reflexi\u00f3n sobre el derecho de los pacientes a la autodeterminaci\u00f3n corporal, 83 REV. JUR. UPR 1059 (2014).<\/a><\/h5>\n<\/li>\n<li>\n<h5 class=\"lcp_title\"><a href=\"https:\/\/derecho.uprrp.edu\/revistajuridica\/wp-content\/uploads\/sites\/4\/2016\/11\/83-REV-JUR-1035.pdf\" target=\"_blank\" rel=\"noopener\">Hiram Mel\u00e9ndez Juarbe, El derecho a la intimidad, nuevas tecnolog\u00edas y la jurisprudencia de Hern\u00e1ndez Denton: Lo p\u00fablico de lo p\u00fablico, 83 REV. JUR. UPR 1035 (2014).<\/a><\/h5>\n<\/li>\n<li>\n<h5 class=\"lcp_title\"><a href=\"https:\/\/derecho.uprrp.edu\/revistajuridica\/wp-content\/uploads\/sites\/4\/2016\/11\/83-REV-JUR-1019.pdf\" target=\"_blank\" rel=\"noopener\">Carlos L. Rodr\u00edguez Ramos, La seguridad jur\u00eddica en el Derecho Administrativo y su relaci\u00f3n con el desarrollo econ\u00f3mico: La visi\u00f3n del juez Federico Hern\u00e1ndez Denton, 83 REV. JUR. UPR 1019 (2014).<\/a><\/h5>\n<\/li>\n<li>\n<h5 class=\"lcp_title\"><a href=\"https:\/\/derecho.uprrp.edu\/revistajuridica\/wp-content\/uploads\/sites\/4\/2016\/11\/83-REV-JUR-1013.pdf\" target=\"_blank\" rel=\"noopener\">Waleska Delgado Marrero, El debido proceso de ley desde la \u00f3ptica del juez Federico Hern\u00e1ndez Denton, 83 REV. JUR. UPR 1013 (2014).<\/a><\/h5>\n<\/li>\n<li>\n<h5 class=\"lcp_title\"><a href=\"https:\/\/derecho.uprrp.edu\/revistajuridica\/wp-content\/uploads\/sites\/4\/2016\/11\/83-REV-JUR-953.pdf\" target=\"_blank\" rel=\"noopener\">An\u00edbal Acevedo Vil\u00e1, El juez Federico Hern\u00e1ndez Denton y la separaci\u00f3n de poderes: Balances y desbalances, 83 REV. JUR. UPR 953 (2014).<\/a><\/h5>\n<\/li>\n<li>\n<h5 class=\"lcp_title\"><a href=\"https:\/\/derecho.uprrp.edu\/revistajuridica\/wp-content\/uploads\/sites\/4\/2016\/11\/83-REV-JUR-913.pdf\" target=\"_blank\" rel=\"noopener\">Alfonso Mart\u00ednez Piovanetti, El Derecho municipal de Puerto Rico: La corte Hern\u00e1ndez Denton y la distribuci\u00f3n vertical de poderes gubernamentales, 83 REV. JUR. UPR 913 (2014).<\/a><\/h5>\n<\/li>\n<\/ul>\n","protected":false},"excerpt":{"rendered":"<p>Jos\u00e9 L. Nieto Mingo, Lo cort\u00e9s no quita lo valiente: La visi\u00f3n del juez presidente Federico Hern\u00e1ndez Denton sobre la utilizaci\u00f3n del mecanismo de certificaci\u00f3n interjurisdiccional, 83 REV. JUR. UPR 1195 (2014). Luis E. Rodr\u00edguez Rivera, Aportaciones del juez presidente Federico Hern\u00e1ndez Denton al desarrollo del Derecho Ambiental puertorrique\u00f1o (1985-2014), 83 REV. JUR. UPR 1165<\/p>\n<div class=\"read-more\"><a href=\"https:\/\/derecho.uprrp.edu\/revistajuridica\/volumenes\/revista-juridica-upr\/volumen-83-numero-3\/\" title=\"Read More\">Read More<\/a><\/div>\n","protected":false},"author":17,"featured_media":0,"parent":616,"menu_order":0,"comment_status":"closed","ping_status":"closed","template":"","meta":{"footnotes":""},"class_list":["post-2508","page","type-page","status-publish"],"_links":{"self":[{"href":"https:\/\/derecho.uprrp.edu\/revistajuridica\/wp-json\/wp\/v2\/pages\/2508","targetHints":{"allow":["GET"]}}],"collection":[{"href":"https:\/\/derecho.uprrp.edu\/revistajuridica\/wp-json\/wp\/v2\/pages"}],"about":[{"href":"https:\/\/derecho.uprrp.edu\/revistajuridica\/wp-json\/wp\/v2\/types\/page"}],"author":[{"embeddable":true,"href":"https:\/\/derecho.uprrp.edu\/revistajuridica\/wp-json\/wp\/v2\/users\/17"}],"replies":[{"embeddable":true,"href":"https:\/\/derecho.uprrp.edu\/revistajuridica\/wp-json\/wp\/v2\/comments?post=2508"}],"version-history":[{"count":2,"href":"https:\/\/derecho.uprrp.edu\/revistajuridica\/wp-json\/wp\/v2\/pages\/2508\/revisions"}],"predecessor-version":[{"id":6325,"href":"https:\/\/derecho.uprrp.edu\/revistajuridica\/wp-json\/wp\/v2\/pages\/2508\/revisions\/6325"}],"up":[{"embeddable":true,"href":"https:\/\/derecho.uprrp.edu\/revistajuridica\/wp-json\/wp\/v2\/pages\/616"}],"wp:attachment":[{"href":"https:\/\/derecho.uprrp.edu\/revistajuridica\/wp-json\/wp\/v2\/media?parent=2508"}],"curies":[{"name":"wp","href":"https:\/\/api.w.org\/{rel}","templated":true}]}}