{"id":2513,"date":"2017-05-28T13:49:44","date_gmt":"2017-05-28T17:49:44","guid":{"rendered":"http:\/\/revistajuridica.uprrp.edu\/?page_id=2513"},"modified":"2023-08-28T15:53:15","modified_gmt":"2023-08-28T15:53:15","slug":"volumen-82-numero-1","status":"publish","type":"page","link":"https:\/\/derecho.uprrp.edu\/revistajuridica\/volumenes\/revista-juridica-upr\/volumen-82-numero-1\/","title":{"rendered":"Volumen 82-N\u00famero 1"},"content":{"rendered":"<ul id=\"lcp_instance_0\" class=\"lcp_catlist\">\n<li>\n<h5 class=\"lcp_title\"><a href=\"https:\/\/derecho.uprrp.edu\/revistajuridica\/wp-content\/uploads\/sites\/4\/2016\/12\/10.DiagnostigoGenetico.Marin_.82.1.pdf\" target=\"_blank\" rel=\"noopener\">Myrel Mar\u00edn Cruz, Diagn\u00f3stico gen\u00e9tico preimplantacional: consideraciones jur\u00eddicas del uso de embriones preseleccionados para evitar condiciones gen\u00e9ticas, 82 REV. JUR. UPR 249 (2013).<\/a><\/h5>\n<\/li>\n<li>\n<h5 class=\"lcp_title\"><a href=\"https:\/\/derecho.uprrp.edu\/revistajuridica\/wp-content\/uploads\/sites\/4\/2016\/12\/9.JurisdiccionSobreLaPersona.Passerieu.82.1.pdf\" target=\"_blank\" rel=\"noopener\">Tha\u00efs Passerieu dit Jean-\u00ad\u2010Bernard, Jurisdicci\u00f3n sobre la persona, internet y contactos m\u00ednimos: retos para Puerto Rico en el siglo veintiuno: Trans-\u00ad\u2010Oceanic Life Insurance v. Oracle Corporation, 82 REV. JUR. UPR 225 (2013).<\/a><\/h5>\n<\/li>\n<li>\n<h5 class=\"lcp_title\"><a href=\"https:\/\/derecho.uprrp.edu\/revistajuridica\/wp-content\/uploads\/sites\/4\/2016\/12\/8.ProgramasDeAccionAfirmativa.Santori.82.1.pdf\" target=\"_blank\" rel=\"noopener\">Isa Mabel Santori Rodr\u00edguez, Programas de acci\u00f3n afirmativa en los procesos de admisi\u00f3n universitaria: un acercamiento desde las teor\u00edas de la justicia, 82 REV. JUR. UPR 195 (2013).<\/a><\/h5>\n<\/li>\n<li>\n<h5 class=\"lcp_title\"><a href=\"https:\/\/derecho.uprrp.edu\/revistajuridica\/wp-content\/uploads\/sites\/4\/2016\/12\/7.-ExpresionesEnLinea.Figueroa.82.1.pdf\" target=\"_blank\" rel=\"noopener\">Janirah Figueroa Font\u00e1nez, Expresiones en l\u00ednea versus reglamento escolar: \u00bfcu\u00e1les son los l\u00edmites a la libertad de expresi\u00f3n de los estudiantes en escuelas p\u00fablicas?, 82 REV. JUR. UPR 179 (2013).<\/a><\/h5>\n<\/li>\n<li>\n<h5 class=\"lcp_title\"><a href=\"https:\/\/derecho.uprrp.edu\/revistajuridica\/wp-content\/uploads\/sites\/4\/2016\/12\/6.ContratoTerminoFijo.Molina.82.1.pdf\" target=\"_blank\" rel=\"noopener\">Yarissa Molina Olivera, An\u00e1lisis comparado: el contrato a t\u00e9rmino fijo y la expectativa de continuidad en el empleo, 82 REV. JUR. UPR 141 (2013).<\/a><\/h5>\n<\/li>\n<li>\n<h5 class=\"lcp_title\"><a href=\"https:\/\/derecho.uprrp.edu\/revistajuridica\/wp-content\/uploads\/sites\/4\/2016\/12\/5.FullFaithBonds.Parrilla.82.1.pdf\" target=\"_blank\" rel=\"noopener\">Ram\u00f3n A. Parrilla Carbia, Full Faith Bonds and Revenue Bonds in Puerto Rico, 82 REV. JUR. UPR 121 (2013).<\/a><\/h5>\n<\/li>\n<li>\n<h5 class=\"lcp_title\"><a href=\"https:\/\/derecho.uprrp.edu\/revistajuridica\/wp-content\/uploads\/sites\/4\/2016\/12\/4.EuropeanUnion.Aviles.82.1.pdf\" target=\"_blank\" rel=\"noopener\">Luis An\u00edbal Avil\u00e9s Pag\u00e1n, The Role of the European Union\u2019s Competition Rules in Shaping the Electric Energy Markets in Europe, 82 REV. JUR. UPR 85 (2013).<\/a><\/h5>\n<\/li>\n<li>\n<h5 class=\"lcp_title\"><a href=\"https:\/\/derecho.uprrp.edu\/revistajuridica\/wp-content\/uploads\/sites\/4\/2016\/12\/3.PoderDeInvestigar.Figueroa.82.1.pdf\" target=\"_blank\" rel=\"noopener\">Fernando Figueroa Santiago, El poder de investigar de la Asamblea Legislativa, 82 REV. JUR. UPR 65 (2013).<\/a><\/h5>\n<\/li>\n<li>\n<h5 class=\"lcp_title\"><a href=\"https:\/\/derecho.uprrp.edu\/revistajuridica\/wp-content\/uploads\/sites\/4\/2016\/12\/2.RedistribucionElectoral.Denton.pdf\" target=\"_blank\" rel=\"noopener\">Federico Hern\u00e1ndez Denton &amp; Alfonso Mart\u00ednez Piovanetti, La redistribuci\u00f3n electoral en Puerto Rico: un gran acierto de nuestro ordenamiento constitucional democr\u00e1tico, 82 REV. JUR. UPR 13 (2013).<\/a><\/h5>\n<\/li>\n<li>\n<h5 class=\"lcp_title\"><a href=\"https:\/\/derecho.uprrp.edu\/revistajuridica\/wp-content\/uploads\/sites\/4\/2016\/12\/1.FuerzaDeUnLegado.Gomez_.82.1.pdf\" target=\"_blank\" rel=\"noopener\">Mar\u00eda de los \u00c1ngeles G\u00f3mez Escudero, La fuerza de un legado, 82 REV. JUR. UPR 1 (2013).<\/a><\/h5>\n<\/li>\n<\/ul>\n","protected":false},"excerpt":{"rendered":"<p>Myrel Mar\u00edn Cruz, Diagn\u00f3stico gen\u00e9tico preimplantacional: consideraciones jur\u00eddicas del uso de embriones preseleccionados para evitar condiciones gen\u00e9ticas, 82 REV. JUR. UPR 249 (2013). Tha\u00efs Passerieu dit Jean-\u00ad\u2010Bernard, Jurisdicci\u00f3n sobre la persona, internet y contactos m\u00ednimos: retos para Puerto Rico en el siglo veintiuno: Trans-\u00ad\u2010Oceanic Life Insurance v. Oracle Corporation, 82 REV. JUR. UPR 225 (2013).<\/p>\n<div class=\"read-more\"><a href=\"https:\/\/derecho.uprrp.edu\/revistajuridica\/volumenes\/revista-juridica-upr\/volumen-82-numero-1\/\" title=\"Read More\">Read More<\/a><\/div>\n","protected":false},"author":17,"featured_media":0,"parent":616,"menu_order":0,"comment_status":"closed","ping_status":"closed","template":"","meta":{"footnotes":""},"class_list":["post-2513","page","type-page","status-publish"],"_links":{"self":[{"href":"https:\/\/derecho.uprrp.edu\/revistajuridica\/wp-json\/wp\/v2\/pages\/2513","targetHints":{"allow":["GET"]}}],"collection":[{"href":"https:\/\/derecho.uprrp.edu\/revistajuridica\/wp-json\/wp\/v2\/pages"}],"about":[{"href":"https:\/\/derecho.uprrp.edu\/revistajuridica\/wp-json\/wp\/v2\/types\/page"}],"author":[{"embeddable":true,"href":"https:\/\/derecho.uprrp.edu\/revistajuridica\/wp-json\/wp\/v2\/users\/17"}],"replies":[{"embeddable":true,"href":"https:\/\/derecho.uprrp.edu\/revistajuridica\/wp-json\/wp\/v2\/comments?post=2513"}],"version-history":[{"count":2,"href":"https:\/\/derecho.uprrp.edu\/revistajuridica\/wp-json\/wp\/v2\/pages\/2513\/revisions"}],"predecessor-version":[{"id":6329,"href":"https:\/\/derecho.uprrp.edu\/revistajuridica\/wp-json\/wp\/v2\/pages\/2513\/revisions\/6329"}],"up":[{"embeddable":true,"href":"https:\/\/derecho.uprrp.edu\/revistajuridica\/wp-json\/wp\/v2\/pages\/616"}],"wp:attachment":[{"href":"https:\/\/derecho.uprrp.edu\/revistajuridica\/wp-json\/wp\/v2\/media?parent=2513"}],"curies":[{"name":"wp","href":"https:\/\/api.w.org\/{rel}","templated":true}]}}