{"id":2518,"date":"2017-05-28T13:53:27","date_gmt":"2017-05-28T17:53:27","guid":{"rendered":"http:\/\/revistajuridica.uprrp.edu\/?page_id=2518"},"modified":"2022-06-23T21:11:59","modified_gmt":"2022-06-23T21:11:59","slug":"volumen-82-numero-3","status":"publish","type":"page","link":"https:\/\/derecho.uprrp.edu\/revistajuridica\/volumenes\/revista-juridica-upr\/volumen-82-numero-3\/","title":{"rendered":"Volumen 82-N\u00famero 3"},"content":{"rendered":"<ul id=\"lcp_instance_0\" class=\"lcp_catlist\">\n<li>\n<h5 class=\"lcp_title\"><a href=\"https:\/\/derecho.uprrp.edu\/revistajuridica\/wp-content\/uploads\/sites\/4\/2017\/01\/11.PensarElDerecho.Fontanez.82.3.pdf\" target=\"_blank\" rel=\"noopener\">\u00c9rika Font\u00e1nez Torres, Pensar el Derecho desde el Derecho: Reflexiones como operadora jur\u00eddica, 82 REV. JUR. UPR 887 (2013).<\/a><\/h5>\n<\/li>\n<li>\n<h5 class=\"lcp_title\"><a href=\"https:\/\/derecho.uprrp.edu\/revistajuridica\/wp-content\/uploads\/sites\/4\/2017\/01\/10.Multidimensional.Helfeld.82.3-FINAL.pdf\" target=\"_blank\" rel=\"noopener\">David M. Helfeld, Understanding United States-Puerto Rico Constitutional and Statutory Relations Through Multidimensional Analisis, 82 REV. JUR. UPR 841 (2013).<\/a><\/h5>\n<\/li>\n<li>\n<h5 class=\"lcp_title\"><a href=\"https:\/\/derecho.uprrp.edu\/revistajuridica\/wp-content\/uploads\/sites\/4\/2017\/01\/9.UnMuseoDeHistoria.-Alvarez.-82.3.pdf\" target=\"_blank\" rel=\"noopener\">Jos\u00e9 Juli\u00e1n \u00c1lvarez Gonz\u00e1lez, Hacia un museo de historia del derecho puertorrique\u00f1o, 82 REV. JUR. UPR 779 (2013).<\/a><\/h5>\n<\/li>\n<li>\n<h5 class=\"lcp_title\"><a href=\"https:\/\/derecho.uprrp.edu\/revistajuridica\/wp-content\/uploads\/sites\/4\/2017\/01\/8.EmilioDelToro.Delgado.82.3.pdf\" target=\"_blank\" rel=\"noopener\">Carmelo Delgado Cintr\u00f3n, El juez Emilio del Toro Cuebas, el estudiante Antonio S. Pedreira y los estudiantes de derecho de 1919: Un cap\u00edtulo desconocido de la historia de la Escuela de Derecho, 82 REV. JUR. UPR 743 (2013).<\/a><\/h5>\n<\/li>\n<li>\n<h5 class=\"lcp_title\"><a href=\"https:\/\/derecho.uprrp.edu\/revistajuridica\/wp-content\/uploads\/sites\/4\/2017\/01\/7.LaInfluenciaDeLaRevista.Roman_.82.3.pdf\" target=\"_blank\" rel=\"noopener\">Luis R. Rom\u00e1n Negr\u00f3n, La influencia de la Revista Jur\u00eddica de la Universidad de Puerto Rico en el desarrollo del derecho puertorrique\u00f1o: Lo que es y lo que puede ser, 82 REV. JUR. UPR 725 (2013).<\/a><\/h5>\n<\/li>\n<li>\n<h5 class=\"lcp_title\"><a href=\"https:\/\/derecho.uprrp.edu\/revistajuridica\/wp-content\/uploads\/sites\/4\/2017\/01\/6.LaMujereEnLaAcademia.Neptune.82.3.pdf\" target=\"_blank\" rel=\"noopener\">Vivian I. Neptune Rivera, La mujer en la Academia: Una mirada a la facultad de la Escuela de Derecho, 82 REV. JUR. UPR 713 (2013).<\/a><\/h5>\n<\/li>\n<li>\n<h5 class=\"lcp_title\"><a href=\"https:\/\/derecho.uprrp.edu\/revistajuridica\/wp-content\/uploads\/sites\/4\/2017\/01\/5.DeDirigir.AcevedoVila.82.3.pdf\" target=\"_blank\" rel=\"noopener\">An\u00edbal Acevedo Vil\u00e1, De dirigir, de aprender, de democracia y de abucheos, 82 REV. JUR. UPR 705 (2013).<\/a><\/h5>\n<\/li>\n<li>\n<h5 class=\"lcp_title\"><a href=\"https:\/\/derecho.uprrp.edu\/revistajuridica\/wp-content\/uploads\/sites\/4\/2017\/01\/4.ElAndamiajeLegal.Rivera.82.3.pdf\" target=\"_blank\" rel=\"noopener\">Edgardo Rivera Garc\u00eda, El andamiaje legal de Puerto Rico: Fusi\u00f3n enriquecida del derecho com\u00fan anglosaj\u00f3n y la tradici\u00f3n civilista, 82 REV. JUR. UPR 687 (2013).<\/a><\/h5>\n<\/li>\n<li>\n<h5 class=\"lcp_title\"><a href=\"https:\/\/derecho.uprrp.edu\/revistajuridica\/wp-content\/uploads\/sites\/4\/2017\/01\/3.UnaMiradaalTramitedeRecursos.Feliberti.82.3corregido-por-autor.pdf\" target=\"_blank\" rel=\"noopener\">Roberto Feliberti Cintr\u00f3n, Mensaje de felicitaci\u00f3n del juez asociado Roberto Feliberti Cintr\u00f3n en conmemoraci\u00f3n de los 100 a\u00f1os de fundaci\u00f3n de la Escuela de Derecho de la Universidad de Puerto Rico junto con una mirada al tr\u00e1mite de los recursos presentados ante el Tribunal Supremo de Puerto Rico, 82 REV. JUR. UPR 679 (2013).<\/a><\/h5>\n<\/li>\n<li>\n<h5 class=\"lcp_title\"><a href=\"https:\/\/derecho.uprrp.edu\/revistajuridica\/wp-content\/uploads\/sites\/4\/2017\/01\/2.CienAnos.Pabon_.82.3.pdf\" target=\"_blank\" rel=\"noopener\">Mildred G. Pab\u00f3n Charneco, Cien a\u00f1os de educaci\u00f3n jur\u00eddica en Puerto Rico: El legado de un di\u00e1logo honesto, c\u00edvico y fundamentado en la profesi\u00f3n legal, 82 REV. JUR. UPR 673 (2013).<\/a><\/h5>\n<\/li>\n<li>\n<h5 class=\"lcp_title\"><a href=\"https:\/\/derecho.uprrp.edu\/revistajuridica\/wp-content\/uploads\/sites\/4\/2017\/01\/1.ElRoldelaRevista.EstrellaMartinez.82.3.pdf\" target=\"_blank\" rel=\"noopener\">Luis Estrella Mart\u00ednez, El rol de la Revista Jur\u00eddica a la luz del centenario de la fundaci\u00f3n de la Escuela de Derecho de la Universidad de Puerto Rico, 82 REV. JUR. UPR 667 (2013).<\/a><\/h5>\n<\/li>\n<\/ul>\n","protected":false},"excerpt":{"rendered":"<p>\u00c9rika Font\u00e1nez Torres, Pensar el Derecho desde el Derecho: Reflexiones como operadora jur\u00eddica, 82 REV. JUR. UPR 887 (2013). David M. Helfeld, Understanding United States-Puerto Rico Constitutional and Statutory Relations Through Multidimensional Analisis, 82 REV. JUR. UPR 841 (2013). Jos\u00e9 Juli\u00e1n \u00c1lvarez Gonz\u00e1lez, Hacia un museo de historia del derecho puertorrique\u00f1o, 82 REV. JUR. UPR<\/p>\n<div class=\"read-more\"><a href=\"https:\/\/derecho.uprrp.edu\/revistajuridica\/volumenes\/revista-juridica-upr\/volumen-82-numero-3\/\" title=\"Read More\">Read More<\/a><\/div>\n","protected":false},"author":17,"featured_media":0,"parent":616,"menu_order":0,"comment_status":"closed","ping_status":"closed","template":"","meta":{"footnotes":""},"class_list":["post-2518","page","type-page","status-publish"],"_links":{"self":[{"href":"https:\/\/derecho.uprrp.edu\/revistajuridica\/wp-json\/wp\/v2\/pages\/2518","targetHints":{"allow":["GET"]}}],"collection":[{"href":"https:\/\/derecho.uprrp.edu\/revistajuridica\/wp-json\/wp\/v2\/pages"}],"about":[{"href":"https:\/\/derecho.uprrp.edu\/revistajuridica\/wp-json\/wp\/v2\/types\/page"}],"author":[{"embeddable":true,"href":"https:\/\/derecho.uprrp.edu\/revistajuridica\/wp-json\/wp\/v2\/users\/17"}],"replies":[{"embeddable":true,"href":"https:\/\/derecho.uprrp.edu\/revistajuridica\/wp-json\/wp\/v2\/comments?post=2518"}],"version-history":[{"count":2,"href":"https:\/\/derecho.uprrp.edu\/revistajuridica\/wp-json\/wp\/v2\/pages\/2518\/revisions"}],"predecessor-version":[{"id":6333,"href":"https:\/\/derecho.uprrp.edu\/revistajuridica\/wp-json\/wp\/v2\/pages\/2518\/revisions\/6333"}],"up":[{"embeddable":true,"href":"https:\/\/derecho.uprrp.edu\/revistajuridica\/wp-json\/wp\/v2\/pages\/616"}],"wp:attachment":[{"href":"https:\/\/derecho.uprrp.edu\/revistajuridica\/wp-json\/wp\/v2\/media?parent=2518"}],"curies":[{"name":"wp","href":"https:\/\/api.w.org\/{rel}","templated":true}]}}