{"id":2520,"date":"2017-05-28T13:54:56","date_gmt":"2017-05-28T17:54:56","guid":{"rendered":"http:\/\/revistajuridica.uprrp.edu\/?page_id=2520"},"modified":"2022-06-25T00:34:12","modified_gmt":"2022-06-25T00:34:12","slug":"volumen-82-numero-4","status":"publish","type":"page","link":"https:\/\/derecho.uprrp.edu\/revistajuridica\/volumenes\/revista-juridica-upr\/volumen-82-numero-4\/","title":{"rendered":"Volumen 82-N\u00famero 4"},"content":{"rendered":"<ul id=\"lcp_instance_0\" class=\"lcp_catlist\">\n<li>\n<h5 class=\"lcp_title\"><a href=\"https:\/\/derecho.uprrp.edu\/revistajuridica\/wp-content\/uploads\/sites\/4\/2017\/01\/10.-Vega.pdf\" target=\"_blank\" rel=\"noopener\">Yamilette Vega Motta, El escrutinio que debe aplicar al discrimen por discapacidad, 82 REV. JUR. UPR 1165 (2013).<\/a><\/h5>\n<\/li>\n<li>\n<h5 class=\"lcp_title\"><a href=\"https:\/\/derecho.uprrp.edu\/revistajuridica\/wp-content\/uploads\/sites\/4\/2017\/01\/9.-Carreras.pdf\" target=\"_blank\" rel=\"noopener\">Edwin R. Carreras Rivera, Un an\u00e1lisis cr\u00edtico: La constitucionalidad ileg\u00edtima de la decisi\u00f3n de Pueblo v. Ruiz Mart\u00ednez y el discrimen en contra de las parejas del mismo sexo, 82 REV. JUR. UPR 1137 (2013).<\/a><\/h5>\n<\/li>\n<li>\n<h5 class=\"lcp_title\"><a href=\"https:\/\/derecho.uprrp.edu\/revistajuridica\/wp-content\/uploads\/sites\/4\/2017\/01\/8.ModelosDeRegulacio\u0301n.Vela\u0301zquez.82.4.2.pdf\" target=\"_blank\" rel=\"noopener\">Glenn Vel\u00e1zquez Morales, Modelos de regulaci\u00f3n gubernamental a las organizaciones sin fines de lucro: Una visi\u00f3n comparada, 82 REV. JUR. UPR 1109 (2013).<\/a><\/h5>\n<\/li>\n<li>\n<h5 class=\"lcp_title\"><a href=\"https:\/\/derecho.uprrp.edu\/revistajuridica\/wp-content\/uploads\/sites\/4\/2017\/01\/7.Mediacion.Rivera.82.4.pdf\" target=\"_blank\" rel=\"noopener\">Marylyn Rivera Gonz\u00e1lez, Mediaci\u00f3n en los casos de educaci\u00f3n especial en Puerto Rico, 82 REV. JUR. UPR 1083 (2013).<\/a><\/h5>\n<\/li>\n<li>\n<h5 class=\"lcp_title\"><a href=\"https:\/\/derecho.uprrp.edu\/revistajuridica\/wp-content\/uploads\/sites\/4\/2017\/01\/6.MedicalTreatment.Rodriguez.82.4.pdf\" target=\"_blank\" rel=\"noopener\">Carlos L. Rodr\u00edguez, Scope and Limits of Right to Refuse Medical Treatment: The Case of Jehovah\u2019s Witnesses, 82 REV. JUR. UPR 1067 (2013).<\/a><\/h5>\n<\/li>\n<li>\n<h5 class=\"lcp_title\"><a href=\"https:\/\/derecho.uprrp.edu\/revistajuridica\/wp-content\/uploads\/sites\/4\/2017\/01\/5.GenesDuplicados.Gonzalez.82.4.pdf\" target=\"_blank\" rel=\"noopener\">Xiomara M. Gonz\u00e1lez del Valle, \u00bfCumplen los genes duplicados por el ser humano con el requisito de elegibilidad?, 82 REV. JUR. UPR 1043 (2013).<\/a><\/h5>\n<\/li>\n<li>\n<h5 class=\"lcp_title\"><a href=\"https:\/\/derecho.uprrp.edu\/revistajuridica\/wp-content\/uploads\/sites\/4\/2017\/01\/4.Elecciones.ZayasRosario.82.4.2.pdf\" target=\"_blank\" rel=\"noopener\">Carlo E. Zayas Morales &amp; Ram\u00f3n L. Rosario Cort\u00e9s, Elecciones 2012: Entendiendo el ciclo electoral desde la \u00f3ptica jurisprudencial, 82 REV. JUR. UPR 1005 (2013).<\/a><\/h5>\n<\/li>\n<li>\n<h5 class=\"lcp_title\"><a href=\"https:\/\/derecho.uprrp.edu\/revistajuridica\/wp-content\/uploads\/sites\/4\/2017\/01\/2.Premeditacion.Miranda.82.4.2.pdf\" target=\"_blank\" rel=\"noopener\">Oscar E. Miranda Miller, Premeditaci\u00f3n y grados de asesinato: Propuesta para un camino, 82 REV. JUR. UPR 943 (2013).<\/a><\/h5>\n<\/li>\n<li>\n<h5 class=\"lcp_title\"><a href=\"https:\/\/derecho.uprrp.edu\/revistajuridica\/wp-content\/uploads\/sites\/4\/2017\/01\/1.Administracion.AdamesRosario.82.4.2.pdf\" target=\"_blank\" rel=\"noopener\">Ram\u00f3n L. Rosario Cort\u00e9s &amp; Juan E. Adames Ramos, Administraci\u00f3n de la Rama Judicial en Puerto Rico: \u00bfDelegaci\u00f3n exclusiva o compartida?, 82 REV. JUR. UPR 909 (2013).<\/a><\/h5>\n<\/li>\n<\/ul>\n","protected":false},"excerpt":{"rendered":"<p>Yamilette Vega Motta, El escrutinio que debe aplicar al discrimen por discapacidad, 82 REV. JUR. UPR 1165 (2013). Edwin R. Carreras Rivera, Un an\u00e1lisis cr\u00edtico: La constitucionalidad ileg\u00edtima de la decisi\u00f3n de Pueblo v. Ruiz Mart\u00ednez y el discrimen en contra de las parejas del mismo sexo, 82 REV. JUR. UPR 1137 (2013). Glenn Vel\u00e1zquez<\/p>\n<div class=\"read-more\"><a href=\"https:\/\/derecho.uprrp.edu\/revistajuridica\/volumenes\/revista-juridica-upr\/volumen-82-numero-4\/\" title=\"Read More\">Read More<\/a><\/div>\n","protected":false},"author":17,"featured_media":0,"parent":616,"menu_order":0,"comment_status":"closed","ping_status":"closed","template":"","meta":{"footnotes":""},"class_list":["post-2520","page","type-page","status-publish"],"_links":{"self":[{"href":"https:\/\/derecho.uprrp.edu\/revistajuridica\/wp-json\/wp\/v2\/pages\/2520","targetHints":{"allow":["GET"]}}],"collection":[{"href":"https:\/\/derecho.uprrp.edu\/revistajuridica\/wp-json\/wp\/v2\/pages"}],"about":[{"href":"https:\/\/derecho.uprrp.edu\/revistajuridica\/wp-json\/wp\/v2\/types\/page"}],"author":[{"embeddable":true,"href":"https:\/\/derecho.uprrp.edu\/revistajuridica\/wp-json\/wp\/v2\/users\/17"}],"replies":[{"embeddable":true,"href":"https:\/\/derecho.uprrp.edu\/revistajuridica\/wp-json\/wp\/v2\/comments?post=2520"}],"version-history":[{"count":4,"href":"https:\/\/derecho.uprrp.edu\/revistajuridica\/wp-json\/wp\/v2\/pages\/2520\/revisions"}],"predecessor-version":[{"id":6410,"href":"https:\/\/derecho.uprrp.edu\/revistajuridica\/wp-json\/wp\/v2\/pages\/2520\/revisions\/6410"}],"up":[{"embeddable":true,"href":"https:\/\/derecho.uprrp.edu\/revistajuridica\/wp-json\/wp\/v2\/pages\/616"}],"wp:attachment":[{"href":"https:\/\/derecho.uprrp.edu\/revistajuridica\/wp-json\/wp\/v2\/media?parent=2520"}],"curies":[{"name":"wp","href":"https:\/\/api.w.org\/{rel}","templated":true}]}}