{"id":2522,"date":"2017-05-28T13:56:46","date_gmt":"2017-05-28T17:56:46","guid":{"rendered":"http:\/\/revistajuridica.uprrp.edu\/?page_id=2522"},"modified":"2022-06-23T22:00:33","modified_gmt":"2022-06-23T22:00:33","slug":"volumen-81-numero-1","status":"publish","type":"page","link":"https:\/\/derecho.uprrp.edu\/revistajuridica\/volumenes\/revista-juridica-upr\/volumen-81-numero-1\/","title":{"rendered":"Volumen 81-N\u00famero 1"},"content":{"rendered":"<ul id=\"lcp_instance_0\" class=\"lcp_catlist\">\n<li>\n<h5 class=\"lcp_title\"><a href=\"https:\/\/derecho.uprrp.edu\/revistajuridica\/wp-content\/uploads\/sites\/4\/2017\/02\/14.RPAT_.Amaury.81.1.pdf\" target=\"_blank\" rel=\"noopener\">Amaury A. Boscio Col\u00f3n, Roberto P. Aponte Toro: Tributo a un peregrino, 81 REV. JUR. UPR 313 (2012).<\/a><\/h5>\n<\/li>\n<li>\n<h5 class=\"lcp_title\"><a href=\"https:\/\/derecho.uprrp.edu\/revistajuridica\/wp-content\/uploads\/sites\/4\/2017\/02\/13.RPAT_.Garay_.81.1.pdf\" target=\"_blank\" rel=\"noopener\">Mar\u00eda de los \u00c1ngeles Garay, Semblanza a Roberto P. Aponte Toro, 81 REV. JUR. UPR 311 (2012).<\/a><\/h5>\n<\/li>\n<li>\n<h5 class=\"lcp_title\"><a href=\"https:\/\/derecho.uprrp.edu\/revistajuridica\/wp-content\/uploads\/sites\/4\/2017\/02\/12.ReconocimientoRPAT.Neptune.81.1.pdf\" target=\"_blank\" rel=\"noopener\">Vivian I. Neptune Rivera, Reconocimiento a Roberto Aponte Toro, 81 REV. JUR. UPR 307 (2012).<\/a><\/h5>\n<\/li>\n<li>\n<h5 class=\"lcp_title\"><a href=\"https:\/\/derecho.uprrp.edu\/revistajuridica\/wp-content\/uploads\/sites\/4\/2017\/02\/11.AnaGomez.Hipotecario.81.1.pdf\" target=\"_blank\" rel=\"noopener\">Ana Cristina G\u00f3mez P\u00e9rez &amp; Yedaris M. Figueroa Collazo, El registro y la inscripci\u00f3n de la comunidad de bienes, 81 REV. JUR. UPR 299 (2012).<\/a><\/h5>\n<\/li>\n<li>\n<h5 class=\"lcp_title\"><a href=\"https:\/\/derecho.uprrp.edu\/revistajuridica\/wp-content\/uploads\/sites\/4\/2017\/02\/10.CodigoCivil.Carlos.81.1.pdf\" target=\"_blank\" rel=\"noopener\">Carlos Mart\u00ednez-Rivera, Grupos de presi\u00f3n religiosos y su influencia sobre la reforma del C\u00f3digo Civil de Puerto Rico, 81 REV. JUR. UPR 263 (2012).<\/a><\/h5>\n<\/li>\n<li>\n<h5 class=\"lcp_title\"><a href=\"https:\/\/derecho.uprrp.edu\/revistajuridica\/wp-content\/uploads\/sites\/4\/2017\/02\/9.Rightofpublicity.Toro_.81.1.pdf\" target=\"_blank\" rel=\"noopener\">Rafael Toro Arsuaga, Freedom of Speech vs. the Right of Publicity in Today\u2019s Gaming World, 81 REV. JUR. UPR 245 (2012).<\/a><\/h5>\n<\/li>\n<li>\n<h5 class=\"lcp_title\"><a href=\"https:\/\/derecho.uprrp.edu\/revistajuridica\/wp-content\/uploads\/sites\/4\/2017\/02\/8.Haiti_.Picart.81.1.pdf\" target=\"_blank\" rel=\"noopener\">Ninoshka G. Picart P\u00e9rez, Haiti: In the Pursuit of Peace, Justice, and Healing, 81 REV. JUR. UPR 227 (2012).<\/a><\/h5>\n<\/li>\n<li>\n<h5 class=\"lcp_title\"><a href=\"https:\/\/derecho.uprrp.edu\/revistajuridica\/wp-content\/uploads\/sites\/4\/2017\/02\/7.Cambiodesexoyanejos.Paola_.81.1.pdf\" target=\"_blank\" rel=\"noopener\">Paola K. Garc\u00eda Rivera, El cambio de sexo en Puerto Rico desde la perspectiva de la Jurisprudencia Terap\u00e9utica: Casos Ex parte Andino Torres y Ex parte Delgado Hern\u00e1ndez, 81 REV. JUR. UPR 195 (2012).<\/a><\/h5>\n<\/li>\n<li>\n<h5 class=\"lcp_title\"><a href=\"https:\/\/derecho.uprrp.edu\/revistajuridica\/wp-content\/uploads\/sites\/4\/2017\/02\/6.Transexualidad.Julian.81.1.pdf\" target=\"_blank\" rel=\"noopener\">Juli\u00e1n D\u00edaz Morales, Transexualidad: Tab\u00fa jur\u00eddico, 81 REV. JUR. UPR 173 (2012).<\/a><\/h5>\n<\/li>\n<li>\n<h5 class=\"lcp_title\"><a href=\"https:\/\/derecho.uprrp.edu\/revistajuridica\/wp-content\/uploads\/sites\/4\/2017\/02\/5.Energia.LuisAviles.81.1.pdf\" target=\"_blank\" rel=\"noopener\">Luis An\u00edbal Avil\u00e9s Pag\u00e1n, La cartera de energ\u00eda renovable de Puerto Rico: \u00bfDemasiado poco, demasiado tarde?, 81 REV. JUR. UPR 135 (2012).<\/a><\/h5>\n<\/li>\n<li>\n<h5 class=\"lcp_title\"><a href=\"https:\/\/derecho.uprrp.edu\/revistajuridica\/wp-content\/uploads\/sites\/4\/2017\/02\/4.Medioambiente.Verdiales.81.1.pdf\" target=\"_blank\" rel=\"noopener\">Alexandra Verdiales Costa, El derecho a un medio ambiente adecuado y el acceso a los tribunales, 81 REV. JUR. UPR 113 (2012).<\/a><\/h5>\n<\/li>\n<li>\n<h5 class=\"lcp_title\"><a href=\"https:\/\/derecho.uprrp.edu\/revistajuridica\/wp-content\/uploads\/sites\/4\/2017\/02\/3.AsambleaLegislativa.Angel_.81.1.pdf\" target=\"_blank\" rel=\"noopener\">\u00c1ngel R. Rivera de la Cruz, La expulsi\u00f3n de los miembros de la Asamblea Legislativa del Estado Libre Asociado de Puerto Rico: El est\u00e1ndar de prueba necesario y las garant\u00edas procesales, 81 REV. JUR. UPR 65 (2012).<\/a><\/h5>\n<\/li>\n<li>\n<h5 class=\"lcp_title\"><a href=\"https:\/\/derecho.uprrp.edu\/revistajuridica\/wp-content\/uploads\/sites\/4\/2017\/02\/2.Protesta.Ariadna.81.1.pdf\" target=\"_blank\" rel=\"noopener\">Ariadna M. Godreau-Aubert, Protesta peligrosa y democracia en riesgo: Disentir en el marco de la representatividad, 81 REV. JUR. UPR 41 (2012).<\/a><\/h5>\n<\/li>\n<li>\n<h5 class=\"lcp_title\"><a href=\"https:\/\/derecho.uprrp.edu\/revistajuridica\/wp-content\/uploads\/sites\/4\/2017\/02\/1.CodigoEtica.FigueroaPrieto.81.1.pdf\" target=\"_blank\" rel=\"noopener\">Guillermo Figueroa Prieto, Propuestas para la reglamentaci\u00f3n profesional en Puerto Rico, 81 REV. JUR. UPR 1 (2012).<\/a><\/h5>\n<\/li>\n<\/ul>\n","protected":false},"excerpt":{"rendered":"<p>Amaury A. Boscio Col\u00f3n, Roberto P. Aponte Toro: Tributo a un peregrino, 81 REV. JUR. UPR 313 (2012). Mar\u00eda de los \u00c1ngeles Garay, Semblanza a Roberto P. Aponte Toro, 81 REV. JUR. UPR 311 (2012). Vivian I. Neptune Rivera, Reconocimiento a Roberto Aponte Toro, 81 REV. JUR. UPR 307 (2012). Ana Cristina G\u00f3mez P\u00e9rez &amp;<\/p>\n<div class=\"read-more\"><a href=\"https:\/\/derecho.uprrp.edu\/revistajuridica\/volumenes\/revista-juridica-upr\/volumen-81-numero-1\/\" title=\"Read More\">Read More<\/a><\/div>\n","protected":false},"author":17,"featured_media":0,"parent":616,"menu_order":0,"comment_status":"closed","ping_status":"closed","template":"","meta":{"footnotes":""},"class_list":["post-2522","page","type-page","status-publish"],"_links":{"self":[{"href":"https:\/\/derecho.uprrp.edu\/revistajuridica\/wp-json\/wp\/v2\/pages\/2522","targetHints":{"allow":["GET"]}}],"collection":[{"href":"https:\/\/derecho.uprrp.edu\/revistajuridica\/wp-json\/wp\/v2\/pages"}],"about":[{"href":"https:\/\/derecho.uprrp.edu\/revistajuridica\/wp-json\/wp\/v2\/types\/page"}],"author":[{"embeddable":true,"href":"https:\/\/derecho.uprrp.edu\/revistajuridica\/wp-json\/wp\/v2\/users\/17"}],"replies":[{"embeddable":true,"href":"https:\/\/derecho.uprrp.edu\/revistajuridica\/wp-json\/wp\/v2\/comments?post=2522"}],"version-history":[{"count":2,"href":"https:\/\/derecho.uprrp.edu\/revistajuridica\/wp-json\/wp\/v2\/pages\/2522\/revisions"}],"predecessor-version":[{"id":6337,"href":"https:\/\/derecho.uprrp.edu\/revistajuridica\/wp-json\/wp\/v2\/pages\/2522\/revisions\/6337"}],"up":[{"embeddable":true,"href":"https:\/\/derecho.uprrp.edu\/revistajuridica\/wp-json\/wp\/v2\/pages\/616"}],"wp:attachment":[{"href":"https:\/\/derecho.uprrp.edu\/revistajuridica\/wp-json\/wp\/v2\/media?parent=2522"}],"curies":[{"name":"wp","href":"https:\/\/api.w.org\/{rel}","templated":true}]}}