{"id":2525,"date":"2017-05-28T13:58:09","date_gmt":"2017-05-28T17:58:09","guid":{"rendered":"http:\/\/revistajuridica.uprrp.edu\/?page_id=2525"},"modified":"2022-06-27T13:05:51","modified_gmt":"2022-06-27T13:05:51","slug":"volumen-81-numero-2","status":"publish","type":"page","link":"https:\/\/derecho.uprrp.edu\/revistajuridica\/volumenes\/revista-juridica-upr\/volumen-81-numero-2\/","title":{"rendered":"Volumen 81-N\u00famero 2"},"content":{"rendered":"<ul id=\"lcp_instance_0\" class=\"lcp_catlist\">\n<li>\n<h5 class=\"lcp_title\"><a href=\"https:\/\/derecho.uprrp.edu\/revistajuridica\/wp-content\/uploads\/sites\/4\/2017\/02\/15.Guerrero.Notarial.81.2.pdf\" target=\"_blank\" rel=\"noopener\">Bel\u00e9n Guerrero &amp; Ariadna M. Godreau-Aubert, Derecho Notarial, 81 REV. JUR. UPR 761 (2012).<\/a><\/h5>\n<\/li>\n<li>\n<h5 class=\"lcp_title\"><a href=\"https:\/\/derecho.uprrp.edu\/revistajuridica\/wp-content\/uploads\/sites\/4\/2017\/02\/14.FigueroaPrieto.Etica_.81.2.pdf\" target=\"_blank\" rel=\"noopener\">Guillermo Figueroa Prieto, Conducta Profesional, 81 REV. JUR. UPR 699 (2012).<\/a><\/h5>\n<\/li>\n<li>\n<h5 class=\"lcp_title\"><a href=\"https:\/\/derecho.uprrp.edu\/revistajuridica\/wp-content\/uploads\/sites\/4\/2017\/02\/13.FigueroaCaban.Hipotecario.81.2.pdf\" target=\"_blank\" rel=\"noopener\">F\u00e9lix R. Figueroa Cab\u00e1n, Derecho Registral Inmobiliario, 81 REV. JUR. UPR 685 (2012).<\/a><\/h5>\n<\/li>\n<li>\n<h5 class=\"lcp_title\"><a href=\"https:\/\/derecho.uprrp.edu\/revistajuridica\/wp-content\/uploads\/sites\/4\/2017\/02\/12.JJ_.Torts_.81.2.2.pdf\" target=\"_blank\" rel=\"noopener\">Jos\u00e9 Juli\u00e1n \u00c1lvarez Gonz\u00e1lez &amp; Luis Miguel Pellot Juli\u00e1, Responsabilidad Civil Extracontractual, 81 REV. JUR. UPR 661 (2012).<\/a><\/h5>\n<\/li>\n<li>\n<h5 class=\"lcp_title\"><a href=\"https:\/\/derecho.uprrp.edu\/revistajuridica\/wp-content\/uploads\/sites\/4\/2017\/02\/11.Godreau.Contratos.81.2.2.pdf\" target=\"_blank\" rel=\"noopener\">Michel J. Godreau Robles, Obligaciones y Contratos, 81 REV. JUR. UPR 645 (2012).<\/a><\/h5>\n<\/li>\n<li>\n<h5 class=\"lcp_title\"><a href=\"https:\/\/derecho.uprrp.edu\/revistajuridica\/wp-content\/uploads\/sites\/4\/2017\/02\/10.Arguelles.Reales.81.2.pdf\" target=\"_blank\" rel=\"noopener\">Luis Mu\u00f1iz Arg\u00fcelles &amp; Mar\u00eda C. Molinelli Gonz\u00e1lez, Derechos Reales, 81 REV. JUR. UPR 621 (2012).<\/a><\/h5>\n<\/li>\n<li>\n<h5 class=\"lcp_title\"><a href=\"https:\/\/derecho.uprrp.edu\/revistajuridica\/wp-content\/uploads\/sites\/4\/2017\/02\/9.Brau_.Civil_.81.2.pdf\" target=\"_blank\" rel=\"noopener\">German Brau Ram\u00edrez, Derecho Procesal Civil, 81 REV. JUR. UPR 581 (2012).<\/a><\/h5>\n<\/li>\n<li>\n<h5 class=\"lcp_title\"><a href=\"https:\/\/derecho.uprrp.edu\/revistajuridica\/wp-content\/uploads\/sites\/4\/2017\/02\/8.Flores.Administrativo.81.2.pdf\" target=\"_blank\" rel=\"noopener\">Gerardo A. Flores, Derecho Administrativo, 81 REV. JUR. UPR 539 (2012).<\/a><\/h5>\n<\/li>\n<li>\n<h5 class=\"lcp_title\"><a href=\"https:\/\/derecho.uprrp.edu\/revistajuridica\/wp-content\/uploads\/sites\/4\/2017\/02\/7.DiazOlivo.Tributario.81.2.pdf\" target=\"_blank\" rel=\"noopener\">Carlos D\u00edaz Olivo, Derecho Tributario, 81 REV. JUR. UPR 523 (2012).<\/a><\/h5>\n<\/li>\n<li>\n<h5 class=\"lcp_title\"><a href=\"https:\/\/derecho.uprrp.edu\/revistajuridica\/wp-content\/uploads\/sites\/4\/2017\/02\/6.Berkan.Federal.81.2.pdf\" target=\"_blank\" rel=\"noopener\">Judith Berkan, Civil Rights and Restraints on Judicial Excess \u2013 Recent Trends in the First Circuit on Cases from the U.S. District Court for the District of Puerto Rico, 81 REV. JUR. UPR 489 (2012).<\/a><\/h5>\n<\/li>\n<li>\n<h5 class=\"lcp_title\"><a href=\"https:\/\/derecho.uprrp.edu\/revistajuridica\/wp-content\/uploads\/sites\/4\/2017\/02\/5.Sanabria.Laboral.81.2.pdf\" target=\"_blank\" rel=\"noopener\">Jaime L. Sanabria Monta\u00f1ez &amp; Fernando Figueroa Santiago, Derecho Laboral y de Empleo, 81 REV. JUR. UPR 419 (2012).<\/a><\/h5>\n<\/li>\n<li>\n<h5 class=\"lcp_title\"><a href=\"https:\/\/derecho.uprrp.edu\/revistajuridica\/wp-content\/uploads\/sites\/4\/2017\/02\/4.Neptune.Evidencia.81.2.pdf\" target=\"_blank\" rel=\"noopener\">Vivian I. Neptune Rivera &amp; Jennifer L\u00f3pez Molina, Derecho Probatorio, 81 REV. JUR. UPR 397 (2012).<\/a><\/h5>\n<\/li>\n<li>\n<h5 class=\"lcp_title\"><a href=\"https:\/\/derecho.uprrp.edu\/revistajuridica\/wp-content\/uploads\/sites\/4\/2017\/02\/3.Chiesa.ProcesalPenal.81.2.pdf\" target=\"_blank\" rel=\"noopener\">Ernesto L. Chiesa Aponte, Derecho Procesal Penal, 81 REV. JUR. UPR 373 (2012).<\/a><\/h5>\n<\/li>\n<li>\n<h5 class=\"lcp_title\"><a href=\"https:\/\/derecho.uprrp.edu\/revistajuridica\/wp-content\/uploads\/sites\/4\/2017\/02\/2.Chiesa.PenalSustantivo.81.2.pdf\" target=\"_blank\" rel=\"noopener\">Luis E. Chiesa, Derecho Penal Sustantivo, 81 REV. JUR. UPR 343 (2012).<\/a><\/h5>\n<\/li>\n<li>\n<h5 class=\"lcp_title\"><a href=\"https:\/\/derecho.uprrp.edu\/revistajuridica\/wp-content\/uploads\/sites\/4\/2017\/02\/1.EfrenRivera.Constitucional.81.2.pdf\" target=\"_blank\" rel=\"noopener\">Efr\u00e9n Rivera Ramos &amp; Alexandra Verdiales Costa, Derecho Constitucional, 81 REV. JUR. UPR 317 (2012).<\/a><\/h5>\n<\/li>\n<\/ul>\n","protected":false},"excerpt":{"rendered":"<p>Bel\u00e9n Guerrero &amp; Ariadna M. Godreau-Aubert, Derecho Notarial, 81 REV. JUR. UPR 761 (2012). Guillermo Figueroa Prieto, Conducta Profesional, 81 REV. JUR. UPR 699 (2012). F\u00e9lix R. Figueroa Cab\u00e1n, Derecho Registral Inmobiliario, 81 REV. JUR. UPR 685 (2012). Jos\u00e9 Juli\u00e1n \u00c1lvarez Gonz\u00e1lez &amp; Luis Miguel Pellot Juli\u00e1, Responsabilidad Civil Extracontractual, 81 REV. JUR. UPR 661<\/p>\n<div class=\"read-more\"><a href=\"https:\/\/derecho.uprrp.edu\/revistajuridica\/volumenes\/revista-juridica-upr\/volumen-81-numero-2\/\" title=\"Read More\">Read More<\/a><\/div>\n","protected":false},"author":17,"featured_media":0,"parent":616,"menu_order":0,"comment_status":"closed","ping_status":"closed","template":"","meta":{"footnotes":""},"class_list":["post-2525","page","type-page","status-publish"],"_links":{"self":[{"href":"https:\/\/derecho.uprrp.edu\/revistajuridica\/wp-json\/wp\/v2\/pages\/2525","targetHints":{"allow":["GET"]}}],"collection":[{"href":"https:\/\/derecho.uprrp.edu\/revistajuridica\/wp-json\/wp\/v2\/pages"}],"about":[{"href":"https:\/\/derecho.uprrp.edu\/revistajuridica\/wp-json\/wp\/v2\/types\/page"}],"author":[{"embeddable":true,"href":"https:\/\/derecho.uprrp.edu\/revistajuridica\/wp-json\/wp\/v2\/users\/17"}],"replies":[{"embeddable":true,"href":"https:\/\/derecho.uprrp.edu\/revistajuridica\/wp-json\/wp\/v2\/comments?post=2525"}],"version-history":[{"count":7,"href":"https:\/\/derecho.uprrp.edu\/revistajuridica\/wp-json\/wp\/v2\/pages\/2525\/revisions"}],"predecessor-version":[{"id":6415,"href":"https:\/\/derecho.uprrp.edu\/revistajuridica\/wp-json\/wp\/v2\/pages\/2525\/revisions\/6415"}],"up":[{"embeddable":true,"href":"https:\/\/derecho.uprrp.edu\/revistajuridica\/wp-json\/wp\/v2\/pages\/616"}],"wp:attachment":[{"href":"https:\/\/derecho.uprrp.edu\/revistajuridica\/wp-json\/wp\/v2\/media?parent=2525"}],"curies":[{"name":"wp","href":"https:\/\/api.w.org\/{rel}","templated":true}]}}