{"id":2527,"date":"2017-05-28T14:00:16","date_gmt":"2017-05-28T18:00:16","guid":{"rendered":"http:\/\/revistajuridica.uprrp.edu\/?page_id=2527"},"modified":"2022-06-27T13:15:05","modified_gmt":"2022-06-27T13:15:05","slug":"volumen-81-numero-3","status":"publish","type":"page","link":"https:\/\/derecho.uprrp.edu\/revistajuridica\/volumenes\/revista-juridica-upr\/volumen-81-numero-3\/","title":{"rendered":"Volumen 81-N\u00famero 3"},"content":{"rendered":"<ul id=\"lcp_instance_0\" class=\"lcp_catlist\">\n<li>\n<h5 class=\"lcp_title\"><a href=\"https:\/\/derecho.uprrp.edu\/revistajuridica\/wp-content\/uploads\/sites\/4\/2017\/03\/9.Sprawuj.Sie_.Christina.81.3.pdf\" target=\"_blank\" rel=\"noopener\">Christina A. Zawisza, Sprawuj Si\u0119 (Do Good): Using the Experience of Holocaust Rescuers to Teach Public Service Value, 81 REV. JUR. UPR 1051 (2012).<\/a><\/h5>\n<\/li>\n<li>\n<h5 class=\"lcp_title\"><a href=\"https:\/\/derecho.uprrp.edu\/revistajuridica\/wp-content\/uploads\/sites\/4\/2017\/03\/8.Pobreza.AdiMartinez.81.3.pdf\" target=\"_blank\" rel=\"noopener\">Adi G. Mart\u00ednez Rom\u00e1n, Lucha contra la pobreza en Puerto Rico y desarrollo sostenible: La participaci\u00f3n ciudadana como herramienta para la consecuci\u00f3n de los derechos fundamentales, 81 REV. JUR. UPR 1027 (2012).<\/a><\/h5>\n<\/li>\n<li>\n<h5 class=\"lcp_title\"><a href=\"https:\/\/derecho.uprrp.edu\/revistajuridica\/wp-content\/uploads\/sites\/4\/2017\/03\/7.Discrimen.Salarial.Edan_.Rivera.81.pdf\" target=\"_blank\" rel=\"noopener\">Edan G. Rivera Rodr\u00edguez, Discrimen Salarial: \u00bfY c\u00f3mo me entero?, 81 REV. JUR. UPR 1007 (2012).<\/a><\/h5>\n<\/li>\n<li>\n<h5 class=\"lcp_title\"><a href=\"https:\/\/derecho.uprrp.edu\/revistajuridica\/wp-content\/uploads\/sites\/4\/2017\/03\/6.Vivienda.Tzeitel.81.3.pdf\" target=\"_blank\" rel=\"noopener\">Tzeitel Andino Caballero, Puerto Rico: Un singular caso de la negaci\u00f3n de los derechos civiles en la vivienda, 81 REV. JUR. UPR 963 (2012).<\/a><\/h5>\n<\/li>\n<li>\n<h5 class=\"lcp_title\"><a href=\"https:\/\/derecho.uprrp.edu\/revistajuridica\/wp-content\/uploads\/sites\/4\/2017\/03\/5.Declaraciones.Angel_.81.3.pdf\" target=\"_blank\" rel=\"noopener\">\u00c1ngel R. Rivera de la Cruz, El uso de las declaraciones explicativas por parte del Poder Ejecutivo: Su aplicabilidad, efectos y los conflictos constitucionales que \u00e9stas generan, 81 REV. JUR. UPR 915 (2012).<\/a><\/h5>\n<\/li>\n<li>\n<h5 class=\"lcp_title\"><a href=\"https:\/\/derecho.uprrp.edu\/revistajuridica\/wp-content\/uploads\/sites\/4\/2017\/03\/4.FloresFlores.Rebollo.81.3.pdf\" target=\"_blank\" rel=\"noopener\">Guillermo Rebollo Gil, Genealog\u00eda y exceso: Interpretaci\u00f3n judicial y tratamiento de g\u00e9nero en Pueblo v. Flores y P\u00e9rez v. Feliciano, 81 REV. JUR. UPR 895 (2012).<\/a><\/h5>\n<\/li>\n<li>\n<h5 class=\"lcp_title\"><a href=\"https:\/\/derecho.uprrp.edu\/revistajuridica\/wp-content\/uploads\/sites\/4\/2017\/03\/3.Custodia.Compartida.Angueira.81.3revisado-HMA.pdf\" target=\"_blank\" rel=\"noopener\">Hiram M. Angueira, La custodia compartida como pol\u00edtica p\u00fablica en Puerto Rico: \u00bfEl principio del fin a la violaci\u00f3n de derechos constitucionales de los padres en las salas de familia?, 81 REV. JUR. UPR 861 (2012).<\/a><\/h5>\n<\/li>\n<li>\n<h5 class=\"lcp_title\"><a href=\"https:\/\/derecho.uprrp.edu\/revistajuridica\/wp-content\/uploads\/sites\/4\/2017\/03\/2.Ley216.AnaCristina.81.3.pdf\" target=\"_blank\" rel=\"noopener\">Ana Cristina G\u00f3mez P\u00e9rez, El efecto de la Ley N\u00famero 216 de 2010 sobre el tr\u00e1fico econ\u00f3mico inmobiliario en Puerto Rico, 81 REV. JUR. UPR 845 (2012).<\/a><\/h5>\n<\/li>\n<li>\n<h5 class=\"lcp_title\"><a href=\"https:\/\/derecho.uprrp.edu\/revistajuridica\/wp-content\/uploads\/sites\/4\/2017\/03\/1.Electoral.Zayas_.81.3.pdf\" target=\"_blank\" rel=\"noopener\">Ram\u00f3n L. Rosario Cort\u00e9s &amp; Carlo E. Zayas Morales, La reforma electoral de 2011: Un intento genuino para atender situaciones electorales a nivel local y para atemperar nuestro Derecho Electoral a Citizens United v. Federal Election Commission, 81 REV. JUR. UPR 789 (2012).<\/a><\/h5>\n<\/li>\n<\/ul>\n","protected":false},"excerpt":{"rendered":"<p>Christina A. Zawisza, Sprawuj Si\u0119 (Do Good): Using the Experience of Holocaust Rescuers to Teach Public Service Value, 81 REV. JUR. UPR 1051 (2012). Adi G. Mart\u00ednez Rom\u00e1n, Lucha contra la pobreza en Puerto Rico y desarrollo sostenible: La participaci\u00f3n ciudadana como herramienta para la consecuci\u00f3n de los derechos fundamentales, 81 REV. JUR. UPR 1027<\/p>\n<div class=\"read-more\"><a href=\"https:\/\/derecho.uprrp.edu\/revistajuridica\/volumenes\/revista-juridica-upr\/volumen-81-numero-3\/\" title=\"Read More\">Read More<\/a><\/div>\n","protected":false},"author":17,"featured_media":0,"parent":616,"menu_order":0,"comment_status":"closed","ping_status":"closed","template":"","meta":{"footnotes":""},"class_list":["post-2527","page","type-page","status-publish"],"_links":{"self":[{"href":"https:\/\/derecho.uprrp.edu\/revistajuridica\/wp-json\/wp\/v2\/pages\/2527","targetHints":{"allow":["GET"]}}],"collection":[{"href":"https:\/\/derecho.uprrp.edu\/revistajuridica\/wp-json\/wp\/v2\/pages"}],"about":[{"href":"https:\/\/derecho.uprrp.edu\/revistajuridica\/wp-json\/wp\/v2\/types\/page"}],"author":[{"embeddable":true,"href":"https:\/\/derecho.uprrp.edu\/revistajuridica\/wp-json\/wp\/v2\/users\/17"}],"replies":[{"embeddable":true,"href":"https:\/\/derecho.uprrp.edu\/revistajuridica\/wp-json\/wp\/v2\/comments?post=2527"}],"version-history":[{"count":3,"href":"https:\/\/derecho.uprrp.edu\/revistajuridica\/wp-json\/wp\/v2\/pages\/2527\/revisions"}],"predecessor-version":[{"id":6416,"href":"https:\/\/derecho.uprrp.edu\/revistajuridica\/wp-json\/wp\/v2\/pages\/2527\/revisions\/6416"}],"up":[{"embeddable":true,"href":"https:\/\/derecho.uprrp.edu\/revistajuridica\/wp-json\/wp\/v2\/pages\/616"}],"wp:attachment":[{"href":"https:\/\/derecho.uprrp.edu\/revistajuridica\/wp-json\/wp\/v2\/media?parent=2527"}],"curies":[{"name":"wp","href":"https:\/\/api.w.org\/{rel}","templated":true}]}}