{"id":2530,"date":"2017-05-28T14:01:43","date_gmt":"2017-05-28T18:01:43","guid":{"rendered":"http:\/\/revistajuridica.uprrp.edu\/?page_id=2530"},"modified":"2022-06-27T13:17:50","modified_gmt":"2022-06-27T13:17:50","slug":"volumen-81-numero-4","status":"publish","type":"page","link":"https:\/\/derecho.uprrp.edu\/revistajuridica\/volumenes\/revista-juridica-upr\/volumen-81-numero-4\/","title":{"rendered":"Volumen 81-N\u00famero 4"},"content":{"rendered":"<ul id=\"lcp_instance_0\" class=\"lcp_catlist\">\n<li>\n<h5 class=\"lcp_title\"><a href=\"https:\/\/derecho.uprrp.edu\/revistajuridica\/wp-content\/uploads\/sites\/4\/2017\/03\/12.TriasMonge.Rivera.81.4.pdf\" target=\"_blank\" rel=\"noopener\">Luis Rafael Rivera, El cielo extraviado de Jos\u00e9 Tr\u00edas Monge, 81 REV. JUR. UPR 1247 (2012).<\/a><\/h5>\n<\/li>\n<li>\n<h5 class=\"lcp_title\"><a href=\"https:\/\/derecho.uprrp.edu\/revistajuridica\/wp-content\/uploads\/sites\/4\/2017\/03\/11.ZMT_.Godreau.81.4.pdf\" target=\"_blank\" rel=\"noopener\">Michel J. Godreau Robles, Mareas, playas, manglares y bienes de dominio p\u00fablico: La zona mar\u00edtimo terrestre y la protecci\u00f3n del ambiente post Buono v. V\u00e9lez Arocho, 81 REV. JUR. UPR 1215 (2012).<\/a><\/h5>\n<\/li>\n<li>\n<h5 class=\"lcp_title\"><a href=\"https:\/\/derecho.uprrp.edu\/revistajuridica\/wp-content\/uploads\/sites\/4\/2017\/03\/10.Energy.Sebastian.81.4.pdf\" target=\"_blank\" rel=\"noopener\">Sebasti\u00e1n J. S\u00e1nchez Rivera, Renewable Energy Initiative for Puerto Rico, 81 REV. JUR. UPR 1183 (2012).<\/a><\/h5>\n<\/li>\n<li>\n<h5 class=\"lcp_title\"><a href=\"https:\/\/derecho.uprrp.edu\/revistajuridica\/wp-content\/uploads\/sites\/4\/2017\/03\/9.Marquez.PREPA_.81.4.pdf\" target=\"_blank\" rel=\"noopener\">Jorge M\u00e1rquez San Mart\u00edn, Puerto Rico Electric Power Authority\u2019s Partial Displacement as an Energy Producer in Favor of Privately Owned Renewable Energy Generating Facilities: Effects and Repercussions on the Authority\u2019s Ability to Comply with its Present and Future Debt Obligations, 81 REV. JUR. UPR 1167 (2012).<\/a><\/h5>\n<\/li>\n<li>\n<h5 class=\"lcp_title\"><a href=\"https:\/\/derecho.uprrp.edu\/revistajuridica\/wp-content\/uploads\/sites\/4\/2017\/03\/8.Nadal_.Drugwar.81.4.pdf\" target=\"_blank\" rel=\"noopener\">Juan Nadal Ferrer\u00eda, The Colossal Cost of Subsidizing Failure: How the Drug War Impacts Puerto Rico\u2019s Budget, 81 REV. JUR. UPR 1139 (2012).<\/a><\/h5>\n<\/li>\n<li>\n<h5 class=\"lcp_title\"><a href=\"https:\/\/derecho.uprrp.edu\/revistajuridica\/wp-content\/uploads\/sites\/4\/2017\/03\/7.Conferencia.FHD_.81.4.pdf\" target=\"_blank\" rel=\"noopener\">Federico Hern\u00e1ndez Denton, Acceso a la justicia y Estado de Derecho, 81 REV. JUR. UPR 1129 (2012).<\/a><\/h5>\n<\/li>\n<li>\n<h5 class=\"lcp_title\"><a href=\"https:\/\/derecho.uprrp.edu\/revistajuridica\/wp-content\/uploads\/sites\/4\/2017\/03\/6.Conferencia.Efren_.81.4.pdf\" target=\"_blank\" rel=\"noopener\">Efr\u00e9n Rivera Ramos, El Estado de Derecho: Aproximaci\u00f3n al concepto, 81 REV. JUR. UPR 1113 (2012).<\/a><\/h5>\n<\/li>\n<li>\n<h5 class=\"lcp_title\"><a href=\"https:\/\/derecho.uprrp.edu\/revistajuridica\/wp-content\/uploads\/sites\/4\/2017\/03\/5.Presentacion.Vidal_.81.4.pdf\" target=\"_blank\" rel=\"noopener\">Carlos A. Rodr\u00edguez Vidal, Introducci\u00f3n y bienvenida sobre el Estado de Derecho, 81 REV. JUR. UPR 1107 (2012).<\/a><\/h5>\n<\/li>\n<li>\n<h5 class=\"lcp_title\"><a href=\"https:\/\/derecho.uprrp.edu\/revistajuridica\/wp-content\/uploads\/sites\/4\/2017\/03\/4.Universidadesperanza.Garcia.81.4.pdf\" target=\"_blank\" rel=\"noopener\">Magali Garc\u00eda Ramis, La Universidad y la esperanza, 81 REV. JUR. UPR 1101 (2012).<\/a><\/h5>\n<\/li>\n<li>\n<h5 class=\"lcp_title\"><a href=\"https:\/\/derecho.uprrp.edu\/revistajuridica\/wp-content\/uploads\/sites\/4\/2017\/03\/3.Universidaddesafios.Ramon_.81.4.pdf\" target=\"_blank\" rel=\"noopener\">Jos\u00e9 Ram\u00f3n Gonz\u00e1lez, La Universidad ante los desaf\u00edos de su segundo siglo, 81 REV. JUR. UPR 1097 (2012).<\/a><\/h5>\n<\/li>\n<li>\n<h5 class=\"lcp_title\"><a href=\"https:\/\/derecho.uprrp.edu\/revistajuridica\/wp-content\/uploads\/sites\/4\/2017\/03\/2.Efren_.AGP_.81.4.pdf\" target=\"_blank\" rel=\"noopener\">Efr\u00e9n Rivera Ramos, Comentarios sobre un libro oportuno: La Universidad y el pa\u00eds: Escenarios del siglo XXI de Antonio Garc\u00eda Padilla, 81 REV. JUR. UPR 1089 (2012).<\/a><\/h5>\n<\/li>\n<li>\n<h5 class=\"lcp_title\"><a href=\"https:\/\/derecho.uprrp.edu\/revistajuridica\/wp-content\/uploads\/sites\/4\/2017\/03\/1.Gala80.Escalera.81.4.pdf\" target=\"_blank\" rel=\"noopener\">Rafael Escalera Rodr\u00edguez, Mirando al futuro a los 80, 81 REV. JUR. UPR 1081 (2012).<\/a><\/h5>\n<\/li>\n<\/ul>\n","protected":false},"excerpt":{"rendered":"<p>Luis Rafael Rivera, El cielo extraviado de Jos\u00e9 Tr\u00edas Monge, 81 REV. JUR. UPR 1247 (2012). Michel J. Godreau Robles, Mareas, playas, manglares y bienes de dominio p\u00fablico: La zona mar\u00edtimo terrestre y la protecci\u00f3n del ambiente post Buono v. V\u00e9lez Arocho, 81 REV. JUR. UPR 1215 (2012). Sebasti\u00e1n J. S\u00e1nchez Rivera, Renewable Energy Initiative<\/p>\n<div class=\"read-more\"><a href=\"https:\/\/derecho.uprrp.edu\/revistajuridica\/volumenes\/revista-juridica-upr\/volumen-81-numero-4\/\" title=\"Read More\">Read More<\/a><\/div>\n","protected":false},"author":17,"featured_media":0,"parent":616,"menu_order":0,"comment_status":"closed","ping_status":"closed","template":"","meta":{"footnotes":""},"class_list":["post-2530","page","type-page","status-publish"],"_links":{"self":[{"href":"https:\/\/derecho.uprrp.edu\/revistajuridica\/wp-json\/wp\/v2\/pages\/2530","targetHints":{"allow":["GET"]}}],"collection":[{"href":"https:\/\/derecho.uprrp.edu\/revistajuridica\/wp-json\/wp\/v2\/pages"}],"about":[{"href":"https:\/\/derecho.uprrp.edu\/revistajuridica\/wp-json\/wp\/v2\/types\/page"}],"author":[{"embeddable":true,"href":"https:\/\/derecho.uprrp.edu\/revistajuridica\/wp-json\/wp\/v2\/users\/17"}],"replies":[{"embeddable":true,"href":"https:\/\/derecho.uprrp.edu\/revistajuridica\/wp-json\/wp\/v2\/comments?post=2530"}],"version-history":[{"count":3,"href":"https:\/\/derecho.uprrp.edu\/revistajuridica\/wp-json\/wp\/v2\/pages\/2530\/revisions"}],"predecessor-version":[{"id":6417,"href":"https:\/\/derecho.uprrp.edu\/revistajuridica\/wp-json\/wp\/v2\/pages\/2530\/revisions\/6417"}],"up":[{"embeddable":true,"href":"https:\/\/derecho.uprrp.edu\/revistajuridica\/wp-json\/wp\/v2\/pages\/616"}],"wp:attachment":[{"href":"https:\/\/derecho.uprrp.edu\/revistajuridica\/wp-json\/wp\/v2\/media?parent=2530"}],"curies":[{"name":"wp","href":"https:\/\/api.w.org\/{rel}","templated":true}]}}