{"id":2532,"date":"2017-05-28T14:03:20","date_gmt":"2017-05-28T18:03:20","guid":{"rendered":"http:\/\/revistajuridica.uprrp.edu\/?page_id=2532"},"modified":"2022-06-23T22:31:02","modified_gmt":"2022-06-23T22:31:02","slug":"volumen-80-numero-1","status":"publish","type":"page","link":"https:\/\/derecho.uprrp.edu\/revistajuridica\/volumenes\/revista-juridica-upr\/volumen-80-numero-1\/","title":{"rendered":"Volumen 80-N\u00famero 1"},"content":{"rendered":"<ul id=\"lcp_instance_0\" class=\"lcp_catlist\">\n<li>\n<h5 class=\"lcp_title\"><a href=\"https:\/\/derecho.uprrp.edu\/revistajuridica\/wp-content\/uploads\/sites\/4\/2017\/03\/08.ClarkeEdwards.80.1.pdf\" target=\"_blank\" rel=\"noopener\">Clarke T. Edwards, The Impact of a No-Fault Tort Reform on Physician Decision-Making: A Look at Virginia\u2019s Birth Injury Program, 80 REV. JUR. UPR 285 (2011).<\/a><\/h5>\n<\/li>\n<li>\n<h5 class=\"lcp_title\"><a href=\"https:\/\/derecho.uprrp.edu\/revistajuridica\/wp-content\/uploads\/sites\/4\/2017\/03\/07.EllenorStone.80.1r-1.pdf\" target=\"_blank\" rel=\"noopener\">Ellenor J.H. Stone, The State Knows Best: A Comparison and Analysis of the Differing Treatment of Organ Donors and Pregnant Women, 80 REV. JUR. UPR 253 (2011).<\/a><\/h5>\n<\/li>\n<li>\n<h5 class=\"lcp_title\"><a href=\"https:\/\/derecho.uprrp.edu\/revistajuridica\/wp-content\/uploads\/sites\/4\/2017\/03\/06.Rodriguez.Carlos.Paola_.80.1r-1.pdf\" target=\"_blank\" rel=\"noopener\">Carlos Saavedra Guti\u00e9rrez &amp; Paola K. Garc\u00eda Rivera, La uniformidad en el Derecho: An\u00e1lisis de la metodolog\u00eda adjudicativa de la juez asociada Anabelle Rodr\u00edguez Rodr\u00edguez, 80 REV. JUR. UPR 203 (2011).<\/a><\/h5>\n<\/li>\n<li>\n<h5 class=\"lcp_title\"><a href=\"https:\/\/derecho.uprrp.edu\/revistajuridica\/wp-content\/uploads\/sites\/4\/2017\/03\/05.RiveraPerez.Annie_.Laura_.80.1r-1.pdf\" target=\"_blank\" rel=\"noopener\">Laura Otero &amp; Annie Rivera, El juez Efra\u00edn Rivera P\u00e9rez y el imperio de la ley, 80 REV. JUR. UPR 145 (2011).<\/a><\/h5>\n<\/li>\n<li>\n<h5 class=\"lcp_title\"><a href=\"https:\/\/derecho.uprrp.edu\/revistajuridica\/wp-content\/uploads\/sites\/4\/2017\/03\/04.RebolloLopez.Andres.Alejo_.80.1r-1.pdf\" target=\"_blank\" rel=\"noopener\">Andr\u00e9s Gonz\u00e1lez Berdec\u00eda &amp; Alejandro Su\u00e1rez Vicenty, An\u00e1lisis y perfil adjudicativo de los jueces y de las juezas del Tribunal Supremo de Puerto Rico: Francisco Rebollo L\u00f3pez, 80 REV. JUR. UPR 107 (2011).<\/a><\/h5>\n<\/li>\n<li>\n<h5 class=\"lcp_title\"><a href=\"https:\/\/derecho.uprrp.edu\/revistajuridica\/wp-content\/uploads\/sites\/4\/2017\/03\/03.FusterBerlingeri.JoseAlvarado.80.1.pdf\" target=\"_blank\" rel=\"noopener\">Jos\u00e9 A. Alvarado V\u00e1zquez, La preponderancia de los valores judiciales en el perfil adjudicativo del juez Jaime B. Fuster Berlingeri, 80 REV. JUR. UPR 65 (2011).<\/a><\/h5>\n<\/li>\n<li>\n<h5 class=\"lcp_title\"><a href=\"https:\/\/derecho.uprrp.edu\/revistajuridica\/wp-content\/uploads\/sites\/4\/2017\/03\/02.FiolMatta.Michelle.Ricardo.80.1r-1.pdf\" target=\"_blank\" rel=\"noopener\">Ricardo Ortiz Morales &amp; Michelle R. Robles Torres, Figuras jur\u00eddicas en contexto: An\u00e1lisis del discurso de la jueza Fiol Matta en la adjudicaci\u00f3n de controversias ante el Tribunal Supremo de Puerto Rico, 80 REV. JUR. UPR 11 (2011).<\/a><\/h5>\n<\/li>\n<li>\n<h5 class=\"lcp_title\"><a href=\"https:\/\/derecho.uprrp.edu\/revistajuridica\/wp-content\/uploads\/sites\/4\/2017\/03\/01.Introduccion.Erika_.80.1r-1.pdf\" target=\"_blank\" rel=\"noopener\">\u00c9rika Font\u00e1nez Torres, Antesala: Observando a los jueces y juezas como operadores del Derecho, 80 REV. JUR. UPR 1 (2011).<\/a><\/h5>\n<\/li>\n<\/ul>\n","protected":false},"excerpt":{"rendered":"<p>Clarke T. Edwards, The Impact of a No-Fault Tort Reform on Physician Decision-Making: A Look at Virginia\u2019s Birth Injury Program, 80 REV. JUR. UPR 285 (2011). Ellenor J.H. Stone, The State Knows Best: A Comparison and Analysis of the Differing Treatment of Organ Donors and Pregnant Women, 80 REV. JUR. UPR 253 (2011). Carlos Saavedra<\/p>\n<div class=\"read-more\"><a href=\"https:\/\/derecho.uprrp.edu\/revistajuridica\/volumenes\/revista-juridica-upr\/volumen-80-numero-1\/\" title=\"Read More\">Read More<\/a><\/div>\n","protected":false},"author":17,"featured_media":0,"parent":616,"menu_order":0,"comment_status":"closed","ping_status":"closed","template":"","meta":{"footnotes":""},"class_list":["post-2532","page","type-page","status-publish"],"_links":{"self":[{"href":"https:\/\/derecho.uprrp.edu\/revistajuridica\/wp-json\/wp\/v2\/pages\/2532","targetHints":{"allow":["GET"]}}],"collection":[{"href":"https:\/\/derecho.uprrp.edu\/revistajuridica\/wp-json\/wp\/v2\/pages"}],"about":[{"href":"https:\/\/derecho.uprrp.edu\/revistajuridica\/wp-json\/wp\/v2\/types\/page"}],"author":[{"embeddable":true,"href":"https:\/\/derecho.uprrp.edu\/revistajuridica\/wp-json\/wp\/v2\/users\/17"}],"replies":[{"embeddable":true,"href":"https:\/\/derecho.uprrp.edu\/revistajuridica\/wp-json\/wp\/v2\/comments?post=2532"}],"version-history":[{"count":2,"href":"https:\/\/derecho.uprrp.edu\/revistajuridica\/wp-json\/wp\/v2\/pages\/2532\/revisions"}],"predecessor-version":[{"id":6345,"href":"https:\/\/derecho.uprrp.edu\/revistajuridica\/wp-json\/wp\/v2\/pages\/2532\/revisions\/6345"}],"up":[{"embeddable":true,"href":"https:\/\/derecho.uprrp.edu\/revistajuridica\/wp-json\/wp\/v2\/pages\/616"}],"wp:attachment":[{"href":"https:\/\/derecho.uprrp.edu\/revistajuridica\/wp-json\/wp\/v2\/media?parent=2532"}],"curies":[{"name":"wp","href":"https:\/\/api.w.org\/{rel}","templated":true}]}}