{"id":2534,"date":"2017-05-28T14:05:10","date_gmt":"2017-05-28T18:05:10","guid":{"rendered":"http:\/\/revistajuridica.uprrp.edu\/?page_id=2534"},"modified":"2022-06-27T13:27:11","modified_gmt":"2022-06-27T13:27:11","slug":"volumen-80-numero-2","status":"publish","type":"page","link":"https:\/\/derecho.uprrp.edu\/revistajuridica\/volumenes\/revista-juridica-upr\/volumen-80-numero-2\/","title":{"rendered":"Volumen 80-N\u00famero 2"},"content":{"rendered":"<ul id=\"lcp_instance_0\" class=\"lcp_catlist\">\n<li>\n<h5 class=\"lcp_title\"><a href=\"https:\/\/derecho.uprrp.edu\/revistajuridica\/wp-content\/uploads\/sites\/4\/2019\/02\/11.CarlosBaralt.KnowledgeBasedEconomy.80.2.pdf\" target=\"_blank\" rel=\"noopener\">Carlos R. Baralt Su\u00e1rez, Promoting Knowledge-Based Economy Activities through Personal Income Tax Incentives, 80 REV. JUR. UPR 583 (2011)<\/a><\/h5>\n<\/li>\n<li>\n<h5 class=\"lcp_title\"><a href=\"https:\/\/derecho.uprrp.edu\/revistajuridica\/wp-content\/uploads\/sites\/4\/2019\/02\/10.Tzeitel.Educacion.80.2.pdf\" target=\"_blank\" rel=\"noopener\">Tzeitel Andino Caballero, Innovando una educaci\u00f3n cincuentona, 80 REV. JUR UPR 529 (2011)<\/a><\/h5>\n<\/li>\n<li>\n<h5 class=\"lcp_title\"><a href=\"https:\/\/derecho.uprrp.edu\/revistajuridica\/wp-content\/uploads\/sites\/4\/2019\/02\/09.AlexisTejeda.FondosFederales.80.2.pdf\" target=\"_blank\" rel=\"noopener\">Alexis Zabdier Tejeda Marte, Los fondos federales en Puerto Rico: un affair con los Estados Unidos, 80 REV. JUR. UPR 493 (2011)<\/a><\/h5>\n<\/li>\n<li>\n<h5 class=\"lcp_title\"><a href=\"https:\/\/derecho.uprrp.edu\/revistajuridica\/wp-content\/uploads\/sites\/4\/2019\/02\/08.BarbaraSabat.ResidentCommissioner.80.2.pdf\" target=\"_blank\" rel=\"noopener\">B\u00e1rbara M. Sabat Lafontaine, Washington Politics Puerto Rican Style: the Role of the Resident Commissioner in USA-Puerto Rico Relations, 80 REV. JUR. UPR 461 (2011)<\/a><\/h5>\n<\/li>\n<li>\n<h5 class=\"lcp_title\"><a href=\"https:\/\/derecho.uprrp.edu\/revistajuridica\/wp-content\/uploads\/sites\/4\/2019\/02\/07.JuanPabloCarro.DeconstructingSovereignty.80.2.pdf\" target=\"_blank\" rel=\"noopener\">Juan Pablo Carro, Deconstructing Sovereignty: the Validity of the Status-Driven Mindset as Seen through Soberan\u00edas exitosas: seis modelos para el desarrollo econ\u00f3mico de Puerto Rico by \u00c1ngel Collado Schwarz, 80 REV. JUR. UPR 439 (2011)<\/a><\/h5>\n<\/li>\n<li>\n<h5 class=\"lcp_title\"><a href=\"https:\/\/derecho.uprrp.edu\/revistajuridica\/wp-content\/uploads\/sites\/4\/2019\/02\/06.Helfeld.Introduction.80.2.pdf\" target=\"_blank\" rel=\"noopener\">David M. Helfeld, The Distribution of Constitutional and Statutory Powers between Puerto Rico and the United States, 80 REV. JUR. UPR 423 (2011)<\/a><\/h5>\n<\/li>\n<li>\n<h5 class=\"lcp_title\"><a href=\"https:\/\/derecho.uprrp.edu\/revistajuridica\/wp-content\/uploads\/sites\/4\/2019\/02\/05.AndresAlejo.Kolthoff.80.2.pdf\" target=\"_blank\" rel=\"noopener\">Andr\u00e9s Gonz\u00e1lez Berdec\u00eda &amp; Alejandro Su\u00e1rez Vicenty, An\u00e1lisis y perfil adjudicativo de los Jueces y de las Juezas del Tribunal Supremo de Puerto Rico: Erick V. Kolthoff Caraballo, 80 REV. JUR. UPR 407 (2011)<\/a><\/h5>\n<\/li>\n<li>\n<h5 class=\"lcp_title\"><a href=\"https:\/\/derecho.uprrp.edu\/revistajuridica\/wp-content\/uploads\/sites\/4\/2019\/02\/04.Farinacci.PabonCharneco.80.2.pdf\" target=\"_blank\" rel=\"noopener\">Jorge Farinacci Fern\u00f3s, Mildred Pab\u00f3n Charneco y su metodolog\u00eda adjudicativa: texto legal y valores jur\u00eddicos, 80 REV. JUR. UPR 377 (2011)<\/a><\/h5>\n<\/li>\n<li>\n<h5 class=\"lcp_title\"><a href=\"https:\/\/derecho.uprrp.edu\/revistajuridica\/wp-content\/uploads\/sites\/4\/2019\/02\/03.MarianaRafaToro.MartinezTorresCorrada.80.2-1.pdf\" target=\"_blank\" rel=\"noopener\">Mariana Iriarte Mastronardo &amp; Rafael Toro, An\u00e1lisis de metodolog\u00eda de adjudicaci\u00f3n: ex juez asociado Baltasar Corrada del R\u00edo y el juez asociado Rafael Mart\u00ednez Torres, 80 REV. JUR. UPR 329 (2011)<\/a><\/h5>\n<\/li>\n<li>\n<h5 class=\"lcp_title\"><a href=\"https:\/\/derecho.uprrp.edu\/revistajuridica\/wp-content\/uploads\/sites\/4\/2022\/06\/80-Rev.-Jur.-321-2011.pdf\" target=\"_blank\" rel=\"noopener\">Rafael E. Gonz\u00e1lez Ramos, P. del S. 1568, \u00bfQu\u00e9 vino primero, la soluci\u00f3n o el problema?: An\u00e1lisis y propuestas para la no criminalizaci\u00f3n de la reproducci\u00f3n asistida y la subrogaci\u00f3n de vientres dentro de la jurisdicci\u00f3n del Estado Libre Asociado de Puerto Rico, 80 REV. JUR. UPR 321 (2011)<\/a><\/h5>\n<\/li>\n<li>\n<h5 class=\"lcp_title\"><a href=\"https:\/\/derecho.uprrp.edu\/revistajuridica\/wp-content\/uploads\/sites\/4\/2017\/03\/01.LuceLopezBaralt.MensajeInvestidura.80.2.pdf\" target=\"_blank\" rel=\"noopener\">Luce L\u00f3pez-Baralt, Entre las leyes y las letras: Una historia de amor, 80 REV. JUR. UPR 311 (2011).<\/a><\/h5>\n<\/li>\n<\/ul>\n","protected":false},"excerpt":{"rendered":"<p>Carlos R. Baralt Su\u00e1rez, Promoting Knowledge-Based Economy Activities through Personal Income Tax Incentives, 80 REV. JUR. UPR 583 (2011) Tzeitel Andino Caballero, Innovando una educaci\u00f3n cincuentona, 80 REV. JUR UPR 529 (2011) Alexis Zabdier Tejeda Marte, Los fondos federales en Puerto Rico: un affair con los Estados Unidos, 80 REV. JUR. UPR 493 (2011) B\u00e1rbara<\/p>\n<div class=\"read-more\"><a href=\"https:\/\/derecho.uprrp.edu\/revistajuridica\/volumenes\/revista-juridica-upr\/volumen-80-numero-2\/\" title=\"Read More\">Read More<\/a><\/div>\n","protected":false},"author":17,"featured_media":0,"parent":616,"menu_order":0,"comment_status":"closed","ping_status":"closed","template":"","meta":{"footnotes":""},"class_list":["post-2534","page","type-page","status-publish"],"_links":{"self":[{"href":"https:\/\/derecho.uprrp.edu\/revistajuridica\/wp-json\/wp\/v2\/pages\/2534","targetHints":{"allow":["GET"]}}],"collection":[{"href":"https:\/\/derecho.uprrp.edu\/revistajuridica\/wp-json\/wp\/v2\/pages"}],"about":[{"href":"https:\/\/derecho.uprrp.edu\/revistajuridica\/wp-json\/wp\/v2\/types\/page"}],"author":[{"embeddable":true,"href":"https:\/\/derecho.uprrp.edu\/revistajuridica\/wp-json\/wp\/v2\/users\/17"}],"replies":[{"embeddable":true,"href":"https:\/\/derecho.uprrp.edu\/revistajuridica\/wp-json\/wp\/v2\/comments?post=2534"}],"version-history":[{"count":4,"href":"https:\/\/derecho.uprrp.edu\/revistajuridica\/wp-json\/wp\/v2\/pages\/2534\/revisions"}],"predecessor-version":[{"id":6419,"href":"https:\/\/derecho.uprrp.edu\/revistajuridica\/wp-json\/wp\/v2\/pages\/2534\/revisions\/6419"}],"up":[{"embeddable":true,"href":"https:\/\/derecho.uprrp.edu\/revistajuridica\/wp-json\/wp\/v2\/pages\/616"}],"wp:attachment":[{"href":"https:\/\/derecho.uprrp.edu\/revistajuridica\/wp-json\/wp\/v2\/media?parent=2534"}],"curies":[{"name":"wp","href":"https:\/\/api.w.org\/{rel}","templated":true}]}}