{"id":2673,"date":"2017-07-05T19:15:23","date_gmt":"2017-07-05T23:15:23","guid":{"rendered":"http:\/\/revistajuridica.uprrp.edu\/?page_id=2673"},"modified":"2017-07-05T19:15:23","modified_gmt":"2017-07-05T23:15:23","slug":"volumen-87-numero-1","status":"publish","type":"page","link":"https:\/\/derecho.uprrp.edu\/revistajuridica\/volumen-87-numero-1\/","title":{"rendered":"Volumen 87-N\u00famero 1"},"content":{"rendered":"<ul class=\"lcp_catlist\" id=\"lcp_instance_0\"><li><h5 class=\"lcp_title\"><a href=\"https:\/\/derecho.uprrp.edu\/revistajuridica\/2021\/09\/21\/jurisprudencia-o-prudencia-judicial-el-analisis-y-la-valoracion-economica-del-lu-cro-cesante-y-del-menoscabo-del-potencial-de-generar-ingresos-de-un-menor-en-puerto-rico-un-analisis-critico\/\">\u00bfJurisprudencia o prudencia judicial?: El an\u00e1lisis y la valoraci\u00f3n econ\u00f3mica del lucro cesante y del menoscabo del potencial de generar ingresos de un menor en Puerto Rico: Un an\u00e1lisis cr\u00edtico de la jurisprudencia y la metodolog\u00eda econ\u00f3mica<\/a><\/h5><div class=\"lcp_excerpt\">\nAutor: Jaime L. del Valle Caballero\n\n\n\t\t\t\t\t\tArt\u00edculo en PDF\n\t\t\t\t\t\n<\/div><a href=\"https:\/\/derecho.uprrp.edu\/revistajuridica\/2021\/09\/21\/jurisprudencia-o-prudencia-judicial-el-analisis-y-la-valoracion-economica-del-lu-cro-cesante-y-del-menoscabo-del-potencial-de-generar-ingresos-de-un-menor-en-puerto-rico-un-analisis-critico\/\" class=\"lcp_morelink\">Leer m\u00e1s<\/a><\/li><li><h5 class=\"lcp_title\"><a href=\"https:\/\/derecho.uprrp.edu\/revistajuridica\/2021\/09\/21\/el-codigo-civil-de-puerto-rico-de-2020-cambios-en-la-sucesion-testada\/\">El C\u00f3digo Civil de Puerto Rico de 2020: Cambios en la sucesi\u00f3n testada<\/a><\/h5><div class=\"lcp_excerpt\">\nAutora: Lyssa C. Gerena Casanova\n\n\t\t\t\n\t\t\t\t\t\tArt\u00edculo en PDF\n\t\t\t\t\t\n<\/div><a href=\"https:\/\/derecho.uprrp.edu\/revistajuridica\/2021\/09\/21\/el-codigo-civil-de-puerto-rico-de-2020-cambios-en-la-sucesion-testada\/\" class=\"lcp_morelink\">Leer m\u00e1s<\/a><\/li><li><h5 class=\"lcp_title\"><a href=\"https:\/\/derecho.uprrp.edu\/revistajuridica\/2021\/09\/21\/hasta-que-la-muerte-nos-separe-el-sindrome-de-la-mujer-maltratada\/\">Hasta que la muerte nos separe: El s\u00edndrome de la mujer maltratada<\/a><\/h5><div class=\"lcp_excerpt\">\nAutora: Carole A. Rigual Robles\n\n\t\t\t\n\t\t\t\t\t\tArt\u00edculo en PDF\n\t\t\t\t\t\n<\/div><a href=\"https:\/\/derecho.uprrp.edu\/revistajuridica\/2021\/09\/21\/hasta-que-la-muerte-nos-separe-el-sindrome-de-la-mujer-maltratada\/\" class=\"lcp_morelink\">Leer m\u00e1s<\/a><\/li><li><h5 class=\"lcp_title\"><a href=\"https:\/\/derecho.uprrp.edu\/revistajuridica\/2021\/09\/21\/derecho-a-la-vivienda-el-fenomeno-tras-el-fenomeno\/\">Derecho a la vivienda: El fen\u00f3meno tras el fen\u00f3meno<\/a><\/h5><div class=\"lcp_excerpt\">\nAutora: Claudia B. Alonso Ramos\n\n\t\t\t\n\t\t\t\t\t\tArt\u00edculo en PDF\n\t\t\t\t\t\n<\/div><a href=\"https:\/\/derecho.uprrp.edu\/revistajuridica\/2021\/09\/21\/derecho-a-la-vivienda-el-fenomeno-tras-el-fenomeno\/\" class=\"lcp_morelink\">Leer m\u00e1s<\/a><\/li><li><h5 class=\"lcp_title\"><a href=\"https:\/\/derecho.uprrp.edu\/revistajuridica\/2021\/09\/21\/los-derechos-morales-en-puerto-rico\/\">Los Derechos Morales en Puerto Rico<\/a><\/h5><div class=\"lcp_excerpt\">\nAutor: Hiram A. Mel\u00e9ndez Juarbe\n\u00a0\n\n\t\t\t\n\t\t\t\t\t\tArt\u00edculo en PDF\n\t\t\t\t\t\n<\/div><a href=\"https:\/\/derecho.uprrp.edu\/revistajuridica\/2021\/09\/21\/los-derechos-morales-en-puerto-rico\/\" class=\"lcp_morelink\">Leer m\u00e1s<\/a><\/li><li><h5 class=\"lcp_title\"><a href=\"https:\/\/derecho.uprrp.edu\/revistajuridica\/2021\/09\/21\/who-owns-a-tattoo-lesson-from-solid-oak-sketches-llc-v-2k-games-inc-and-take-two-interactive-software-inc\/\">Who Owns a Tattoo? Lesson From Solid Oak Sketches, Llc V. 2K Games, Inc. and Take-Two Interactive Software, Inc.<\/a><\/h5><div class=\"lcp_excerpt\">\nAutor: Gilberto J. Oliveras Maldonado\n\n\t\t\t\n\t\t\t\t\t\tArt\u00edculo en PDF\n\t\t\t\t\t\n<\/div><a href=\"https:\/\/derecho.uprrp.edu\/revistajuridica\/2021\/09\/21\/who-owns-a-tattoo-lesson-from-solid-oak-sketches-llc-v-2k-games-inc-and-take-two-interactive-software-inc\/\" class=\"lcp_morelink\">Leer m\u00e1s<\/a><\/li><li><h5 class=\"lcp_title\"><a href=\"https:\/\/derecho.uprrp.edu\/revistajuridica\/2021\/09\/21\/artificial-intelligence-law-applications-risks-opportunities\/\">Artificial Intelligence Law: Applications, Risks &amp; Opportunities<\/a><\/h5><div class=\"lcp_excerpt\">\nAutor: Pablo J. Olmo Rodr\u00edguez\n\n\t\t\t\n\t\t\t\t\t\tArt\u00edculo en PDF\n\t\t\t\t\t\n<\/div><a href=\"https:\/\/derecho.uprrp.edu\/revistajuridica\/2021\/09\/21\/artificial-intelligence-law-applications-risks-opportunities\/\" class=\"lcp_morelink\">Leer m\u00e1s<\/a><\/li><li><h5 class=\"lcp_title\"><a href=\"https:\/\/derecho.uprrp.edu\/revistajuridica\/2021\/09\/21\/el-abogado-en-la-literatura\/\">El abogado en la literatura<\/a><\/h5><div class=\"lcp_excerpt\">\nAutor: Carmelo Delgado Cintr\u00f3n\n\n\t\t\t\n\t\t\t\t\t\tArt\u00edculo en PDF\n\t\t\t\t\t\n<\/div><a href=\"https:\/\/derecho.uprrp.edu\/revistajuridica\/2021\/09\/21\/el-abogado-en-la-literatura\/\" class=\"lcp_morelink\">Leer m\u00e1s<\/a><\/li><li><h5 class=\"lcp_title\"><a href=\"https:\/\/derecho.uprrp.edu\/revistajuridica\/2021\/09\/21\/diversidad-en-la-profesion-legal-puertorriquena-la-participacion-laboral-de-las-personas-negras-provenientes-de-sectores-desventajados-en-la-practica-legal\/\">Diversidad en la profesi\u00f3n legal puertorrique\u00f1a: La participaci\u00f3n laboral de las personas negras provenientes de sectores desventajados en la pr\u00e1ctica legal<\/a><\/h5><div class=\"lcp_excerpt\">\nAutor: Abiezer A. Santiago V\u00e1squez\n\n\n\t\t\t\t\t\tArt\u00edculo en PDF\n\t\t\t\t\t\n<\/div><a href=\"https:\/\/derecho.uprrp.edu\/revistajuridica\/2021\/09\/21\/diversidad-en-la-profesion-legal-puertorriquena-la-participacion-laboral-de-las-personas-negras-provenientes-de-sectores-desventajados-en-la-practica-legal\/\" class=\"lcp_morelink\">Leer m\u00e1s<\/a><\/li><\/ul>","protected":false},"excerpt":{"rendered":"","protected":false},"author":17,"featured_media":0,"parent":0,"menu_order":0,"comment_status":"closed","ping_status":"closed","template":"","meta":{"footnotes":""},"class_list":["post-2673","page","type-page","status-publish"],"_links":{"self":[{"href":"https:\/\/derecho.uprrp.edu\/revistajuridica\/wp-json\/wp\/v2\/pages\/2673","targetHints":{"allow":["GET"]}}],"collection":[{"href":"https:\/\/derecho.uprrp.edu\/revistajuridica\/wp-json\/wp\/v2\/pages"}],"about":[{"href":"https:\/\/derecho.uprrp.edu\/revistajuridica\/wp-json\/wp\/v2\/types\/page"}],"author":[{"embeddable":true,"href":"https:\/\/derecho.uprrp.edu\/revistajuridica\/wp-json\/wp\/v2\/users\/17"}],"replies":[{"embeddable":true,"href":"https:\/\/derecho.uprrp.edu\/revistajuridica\/wp-json\/wp\/v2\/comments?post=2673"}],"version-history":[{"count":0,"href":"https:\/\/derecho.uprrp.edu\/revistajuridica\/wp-json\/wp\/v2\/pages\/2673\/revisions"}],"wp:attachment":[{"href":"https:\/\/derecho.uprrp.edu\/revistajuridica\/wp-json\/wp\/v2\/media?parent=2673"}],"curies":[{"name":"wp","href":"https:\/\/api.w.org\/{rel}","templated":true}]}}