{"id":2679,"date":"2017-07-05T19:24:29","date_gmt":"2017-07-05T23:24:29","guid":{"rendered":"http:\/\/revistajuridica.uprrp.edu\/?page_id=2679"},"modified":"2022-06-22T21:00:18","modified_gmt":"2022-06-22T21:00:18","slug":"volumen-87-numero-2","status":"publish","type":"page","link":"https:\/\/derecho.uprrp.edu\/revistajuridica\/volumen-87-numero-2\/","title":{"rendered":"Volumen 87-N\u00famero 2"},"content":{"rendered":"<ul id=\"lcp_instance_0\" class=\"lcp_catlist\">\n<li>\n<h5 class=\"lcp_title\"><a href=\"https:\/\/derecho.uprrp.edu\/revistajuridica\/wp-content\/uploads\/sites\/4\/2018\/06\/01-Administrativo-1.pdf\" target=\"_blank\" rel=\"noopener\">Derecho Administrativo<\/a><\/h5>\n<div class=\"lcp_excerpt\">Hon. Gerardo A. Flores, 87 Rev. Jur. UPR 303 (2018).<\/div>\n<p><a class=\"lcp_morelink\" href=\"https:\/\/derecho.uprrp.edu\/revistajuridica\/wp-content\/uploads\/sites\/4\/2018\/06\/01-Administrativo-1.pdf\" target=\"_blank\" rel=\"noopener\">Art\u00edculo en PDF<\/a><\/li>\n<\/ul>\n<ul id=\"lcp_instance_0\" class=\"lcp_catlist\">\n<li>\n<h5 class=\"lcp_title\"><a href=\"https:\/\/derecho.uprrp.edu\/revistajuridica\/wp-content\/uploads\/sites\/4\/2018\/06\/02-Constitucional-1.pdf\" target=\"_blank\" rel=\"noopener\">Derecho Constitucional<\/a><\/h5>\n<div class=\"lcp_excerpt\">Jorge M. Farinacci Fern\u00f3s, 87 Rev. Jur. UPR 324 (2018).<\/div>\n<p><a class=\"lcp_morelink\" href=\"https:\/\/derecho.uprrp.edu\/revistajuridica\/wp-content\/uploads\/sites\/4\/2018\/06\/02-Constitucional-1.pdf\" target=\"_blank\" rel=\"noopener\">Art\u00edculo en PDF<\/a><\/li>\n<\/ul>\n<ul id=\"lcp_instance_0\" class=\"lcp_catlist\">\n<li>\n<h5 class=\"lcp_title\"><a href=\"https:\/\/derecho.uprrp.edu\/revistajuridica\/wp-content\/uploads\/sites\/4\/2018\/06\/03-Laboral-1.pdf\" target=\"_blank\" rel=\"noopener\">Derecho Laboral<\/a><\/h5>\n<div class=\"lcp_excerpt\">Efra\u00edn Rivera Vega, 87 Rev. Jur. 373 (2018).<\/div>\n<p><a class=\"lcp_morelink\" href=\"https:\/\/derecho.uprrp.edu\/revistajuridica\/wp-content\/uploads\/sites\/4\/2018\/06\/03-Laboral-1.pdf\" target=\"_blank\" rel=\"noopener\">Art\u00edculo en PDF<\/a><\/li>\n<\/ul>\n<ul id=\"lcp_instance_0\" class=\"lcp_catlist\">\n<li>\n<h5 class=\"lcp_title\"><a href=\"https:\/\/derecho.uprrp.edu\/revistajuridica\/wp-content\/uploads\/sites\/4\/2018\/06\/04-Penal-1.pdf\" target=\"_blank\" rel=\"noopener\">Derecho Penal Sustantivo<\/a><\/h5>\n<div class=\"lcp_excerpt\">Iris Y. Rosario Nieves, 87 Rev. Jur. UPR 388 (2018).<\/div>\n<p><a class=\"lcp_morelink\" href=\"https:\/\/derecho.uprrp.edu\/revistajuridica\/wp-content\/uploads\/sites\/4\/2018\/06\/04-Penal-1.pdf\" target=\"_blank\" rel=\"noopener\">Art\u00edculo en PDF<\/a><\/li>\n<\/ul>\n<ul id=\"lcp_instance_0\" class=\"lcp_catlist\">\n<li>\n<h5 class=\"lcp_title\"><a href=\"https:\/\/derecho.uprrp.edu\/revistajuridica\/wp-content\/uploads\/sites\/4\/2018\/06\/05-Evidencia-1.pdf\" target=\"_blank\" rel=\"noopener\">Derecho Probatorio<\/a><\/h5>\n<div class=\"lcp_excerpt\">Vivian I. Neptune Rivera &amp; Kariline D\u00edaz Negr\u00f3n, 87 Rev. Jur. UPR 418 (2018).<\/div>\n<p><a class=\"lcp_morelink\" href=\"https:\/\/derecho.uprrp.edu\/revistajuridica\/wp-content\/uploads\/sites\/4\/2018\/06\/05-Evidencia-1.pdf\" target=\"_blank\" rel=\"noopener\">Art\u00edculo en PDF<\/a><\/li>\n<\/ul>\n<ul id=\"lcp_instance_0\" class=\"lcp_catlist\">\n<li>\n<h5 class=\"lcp_title\"><a href=\"https:\/\/derecho.uprrp.edu\/revistajuridica\/wp-content\/uploads\/sites\/4\/2018\/06\/06-Procesal-Civil-1.pdf\" target=\"_blank\" rel=\"noopener\">Derecho Procesal Civil<\/a><\/h5>\n<div class=\"lcp_excerpt\">Gabriela Moros Luces, 87 Rev. Jur. 434 (2018).<\/div>\n<p><a class=\"lcp_morelink\" href=\"https:\/\/derecho.uprrp.edu\/revistajuridica\/wp-content\/uploads\/sites\/4\/2018\/06\/06-Procesal-Civil-1.pdf\" target=\"_blank\" rel=\"noopener\">Art\u00edculo en PDF<\/a><\/li>\n<\/ul>\n<ul id=\"lcp_instance_0\" class=\"lcp_catlist\">\n<li>\n<h5 class=\"lcp_title\"><a href=\"https:\/\/derecho.uprrp.edu\/revistajuridica\/wp-content\/uploads\/sites\/4\/2018\/06\/07-Procesal-Penal-1.pdf\" target=\"_blank\" rel=\"noopener\">Derecho Procesal Penal<\/a><\/h5>\n<div class=\"lcp_excerpt\">Ernesto L. Chiesa Aponte, 87 Rev. Jur. UPR 456 (2018).<\/div>\n<p><a class=\"lcp_morelink\" href=\"https:\/\/derecho.uprrp.edu\/revistajuridica\/wp-content\/uploads\/sites\/4\/2018\/06\/07-Procesal-Penal-1.pdf\" target=\"_blank\" rel=\"noopener\">Art\u00edculo en PDF<\/a><\/li>\n<\/ul>\n<ul id=\"lcp_instance_0\" class=\"lcp_catlist\">\n<li>\n<h5 class=\"lcp_title\"><a href=\"https:\/\/derecho.uprrp.edu\/revistajuridica\/wp-content\/uploads\/sites\/4\/2018\/06\/08-Reales-1.pdf\" target=\"_blank\" rel=\"noopener\">Derechos Reales<\/a><\/h5>\n<div class=\"lcp_excerpt\">Luis Mu\u00f1iz Arg\u00fcelles &amp; Victoria M. Rivera Llor\u00e9ns, 87 Rev. Jur. UPR 482 (2018).<\/div>\n<p><a class=\"lcp_morelink\" href=\"https:\/\/derecho.uprrp.edu\/revistajuridica\/wp-content\/uploads\/sites\/4\/2018\/06\/08-Reales-1.pdf\" target=\"_blank\" rel=\"noopener\">Art\u00edculo en PDF<\/a><\/li>\n<\/ul>\n<ul id=\"lcp_instance_0\" class=\"lcp_catlist\">\n<li>\n<h5 class=\"lcp_title\"><a href=\"https:\/\/derecho.uprrp.edu\/revistajuridica\/wp-content\/uploads\/sites\/4\/2018\/06\/09-Hipotecario-1.pdf\" target=\"_blank\" rel=\"noopener\">Derecho Registral Inmobiliario<\/a><\/h5>\n<div class=\"lcp_excerpt\">Ismael Molina Serrano, 87 Rev. Jur. UPR 497 (2018).<\/div>\n<p><a class=\"lcp_morelink\" href=\"https:\/\/derecho.uprrp.edu\/revistajuridica\/wp-content\/uploads\/sites\/4\/2018\/06\/09-Hipotecario-1.pdf\" target=\"_blank\" rel=\"noopener\">Art\u00edculo en PDF<\/a><\/li>\n<\/ul>\n<ul id=\"lcp_instance_0\" class=\"lcp_catlist\">\n<li>\n<h5 class=\"lcp_title\"><a href=\"https:\/\/derecho.uprrp.edu\/revistajuridica\/wp-content\/uploads\/sites\/4\/2018\/06\/10-Etica-1.pdf\" target=\"_blank\" rel=\"noopener\">\u00c9tica Profesional<\/a><\/h5>\n<div class=\"lcp_excerpt\">Guillermo Figueroa Prieto, 87 Rev. Jur. UPR 522 (2018).<\/div>\n<p><a class=\"lcp_morelink\" href=\"https:\/\/derecho.uprrp.edu\/revistajuridica\/wp-content\/uploads\/sites\/4\/2018\/06\/10-Etica-1.pdf\" target=\"_blank\" rel=\"noopener\">Leer m\u00e1s<\/a><\/li>\n<\/ul>\n<ul id=\"lcp_instance_0\" class=\"lcp_catlist\">\n<li>\n<h5 class=\"lcp_title\"><a href=\"https:\/\/derecho.uprrp.edu\/revistajuridica\/wp-content\/uploads\/sites\/4\/2018\/06\/11-Obligaciones-y-contratos-1.pdf\" target=\"_blank\" rel=\"noopener\">Obligaciones y Contratos<\/a><\/h5>\n<div class=\"lcp_excerpt\">Juan J. Hern\u00e1ndez L\u00f3pez de Victoria, 87 Rev. Jur. UPR 575 (2018).<\/div>\n<p><a class=\"lcp_morelink\" href=\"https:\/\/derecho.uprrp.edu\/revistajuridica\/wp-content\/uploads\/sites\/4\/2018\/06\/11-Obligaciones-y-contratos-1.pdf\" target=\"_blank\" rel=\"noopener\">Art\u00edculo en PDF<\/a><\/li>\n<\/ul>\n<ul id=\"lcp_instance_0\" class=\"lcp_catlist\">\n<li>\n<h5 class=\"lcp_title\"><a href=\"https:\/\/derecho.uprrp.edu\/revistajuridica\/wp-content\/uploads\/sites\/4\/2018\/06\/12-Danos.pdf\" target=\"_blank\" rel=\"noopener\">Responsabilidad Civil Extracontractual<\/a><\/h5>\n<div class=\"lcp_excerpt\">Jos\u00e9 Juli\u00e1n \u00c1lvarez Gonz\u00e1lez &amp; Jos\u00e9 Javier Col\u00f3n Garc\u00eda, 87 Rev. Jur. UPR 601 (2018).<\/div>\n<p><a class=\"lcp_morelink\" href=\"https:\/\/derecho.uprrp.edu\/revistajuridica\/wp-content\/uploads\/sites\/4\/2018\/06\/12-Danos.pdf\" target=\"_blank\" rel=\"noopener\">Art\u00edculo en PDF<\/a><\/li>\n<\/ul>\n<ul id=\"lcp_instance_0\" class=\"lcp_catlist\">\n<li>\n<h5 class=\"lcp_title\"><a href=\"https:\/\/derecho.uprrp.edu\/revistajuridica\/wp-content\/uploads\/sites\/4\/2018\/06\/13-Mercantil-1.pdf\" target=\"_blank\" rel=\"noopener\">Derecho Mercantil: Transportes y seguros<\/a><\/h5>\n<div class=\"lcp_excerpt\">Antonio Garc\u00eda Padilla &amp; Luis M. Villaronga Arostegui, 87 Rev. Jur. UPR 625 (2018).<\/div>\n<p><a class=\"lcp_morelink\" href=\"https:\/\/derecho.uprrp.edu\/revistajuridica\/wp-content\/uploads\/sites\/4\/2018\/06\/13-Mercantil-1.pdf\" target=\"_blank\" rel=\"noopener\">Art\u00edculo en PDF<\/a><\/li>\n<\/ul>\n<ul id=\"lcp_instance_0\" class=\"lcp_catlist\">\n<li>\n<h5 class=\"lcp_title\"><a href=\"https:\/\/derecho.uprrp.edu\/revistajuridica\/wp-content\/uploads\/sites\/4\/2018\/06\/14-Sucesion-Rosado.pdf\" target=\"_blank\" rel=\"noopener\">Los derechos morales de autor en Sucesi\u00f3n Acevedo v. Morales<\/a><\/h5>\n<div class=\"lcp_excerpt\">Grecia D\u00edaz S\u00e1nchez, 87 Rev. Jur. UPR 631 (2018).<\/div>\n<p><a class=\"lcp_morelink\" href=\"https:\/\/derecho.uprrp.edu\/revistajuridica\/wp-content\/uploads\/sites\/4\/2018\/06\/14-Sucesion-Rosado.pdf\" target=\"_blank\" rel=\"noopener\">Art\u00edculo en PDF<\/a><\/li>\n<\/ul>\n","protected":false},"excerpt":{"rendered":"<p>Derecho Administrativo Hon. Gerardo A. Flores, 87 Rev. Jur. UPR 303 (2018). Art\u00edculo en PDF Derecho Constitucional Jorge M. Farinacci Fern\u00f3s, 87 Rev. Jur. UPR 324 (2018). Art\u00edculo en PDF Derecho Laboral Efra\u00edn Rivera Vega, 87 Rev. Jur. 373 (2018). Art\u00edculo en PDF Derecho Penal Sustantivo Iris Y. Rosario Nieves, 87 Rev. Jur. UPR 388<\/p>\n<div class=\"read-more\"><a href=\"https:\/\/derecho.uprrp.edu\/revistajuridica\/volumen-87-numero-2\/\" title=\"Read More\">Read More<\/a><\/div>\n","protected":false},"author":17,"featured_media":0,"parent":0,"menu_order":0,"comment_status":"closed","ping_status":"closed","template":"","meta":{"footnotes":""},"class_list":["post-2679","page","type-page","status-publish"],"_links":{"self":[{"href":"https:\/\/derecho.uprrp.edu\/revistajuridica\/wp-json\/wp\/v2\/pages\/2679","targetHints":{"allow":["GET"]}}],"collection":[{"href":"https:\/\/derecho.uprrp.edu\/revistajuridica\/wp-json\/wp\/v2\/pages"}],"about":[{"href":"https:\/\/derecho.uprrp.edu\/revistajuridica\/wp-json\/wp\/v2\/types\/page"}],"author":[{"embeddable":true,"href":"https:\/\/derecho.uprrp.edu\/revistajuridica\/wp-json\/wp\/v2\/users\/17"}],"replies":[{"embeddable":true,"href":"https:\/\/derecho.uprrp.edu\/revistajuridica\/wp-json\/wp\/v2\/comments?post=2679"}],"version-history":[{"count":2,"href":"https:\/\/derecho.uprrp.edu\/revistajuridica\/wp-json\/wp\/v2\/pages\/2679\/revisions"}],"predecessor-version":[{"id":6287,"href":"https:\/\/derecho.uprrp.edu\/revistajuridica\/wp-json\/wp\/v2\/pages\/2679\/revisions\/6287"}],"wp:attachment":[{"href":"https:\/\/derecho.uprrp.edu\/revistajuridica\/wp-json\/wp\/v2\/media?parent=2679"}],"curies":[{"name":"wp","href":"https:\/\/api.w.org\/{rel}","templated":true}]}}