{"id":2681,"date":"2017-07-05T19:25:14","date_gmt":"2017-07-05T23:25:14","guid":{"rendered":"http:\/\/revistajuridica.uprrp.edu\/?page_id=2681"},"modified":"2022-06-22T21:23:53","modified_gmt":"2022-06-22T21:23:53","slug":"volumen-87-numero-4","status":"publish","type":"page","link":"https:\/\/derecho.uprrp.edu\/revistajuridica\/volumen-87-numero-4\/","title":{"rendered":"Volumen 87-N\u00famero 4"},"content":{"rendered":"<ul id=\"lcp_instance_0\" class=\"lcp_catlist\">\n<li>\n<h5 class=\"lcp_title\"><a href=\"https:\/\/derecho.uprrp.edu\/revistajuridica\/wp-content\/uploads\/sites\/4\/2018\/06\/01-Nota-Penitenciario-1.pdf\" target=\"_blank\" rel=\"noopener\">El pesado libro de la justicia<\/a><\/h5>\n<div class=\"lcp_excerpt\">Benjam\u00edn Torres Gotay, 87 Rev. Jur. UPR 1106 (2018).<\/div>\n<p><a class=\"lcp_morelink\" href=\"https:\/\/derecho.uprrp.edu\/revistajuridica\/wp-content\/uploads\/sites\/4\/2018\/06\/01-Nota-Penitenciario-1.pdf\" target=\"_blank\" rel=\"noopener\">Art\u00edculo en PDF<\/a><\/li>\n<\/ul>\n<ul id=\"lcp_instance_0\" class=\"lcp_catlist\">\n<li>\n<h5 class=\"lcp_title\"><a href=\"https:\/\/derecho.uprrp.edu\/revistajuridica\/wp-content\/uploads\/sites\/4\/2018\/06\/02-Rehabilitacion.pdf\" target=\"_blank\" rel=\"noopener\">La rehabilitaci\u00f3n de la persona convicta como derecho humano: Su tensi\u00f3n con el ordenamiento penitenciario de Puerto Rico<\/a><\/h5>\n<div class=\"lcp_excerpt\">Luis A. Zambrana Gonz\u00e1lez, 87 Rev. Jur. UPR 1117 (2018).<\/div>\n<p><a class=\"lcp_morelink\" href=\"https:\/\/derecho.uprrp.edu\/revistajuridica\/wp-content\/uploads\/sites\/4\/2018\/06\/02-Rehabilitacion.pdf\" target=\"_blank\" rel=\"noopener\">Art\u00edculo en PDF<\/a><\/li>\n<\/ul>\n<ul id=\"lcp_instance_0\" class=\"lcp_catlist\">\n<li>\n<h5 class=\"lcp_title\"><a href=\"https:\/\/derecho.uprrp.edu\/revistajuridica\/wp-content\/uploads\/sites\/4\/2018\/06\/03-Human-Dignity-1.pdf\" target=\"_blank\" rel=\"noopener\">Human Dignity and Proportionate Punishment: The Jurisprudence of Germany and South Africa, and its Implications for Puerto Rico<\/a><\/h5>\n<div class=\"lcp_excerpt\">Jos\u00e9 David Rodr\u00edguez Gonz\u00e1lez, 87 Rev. Jur. 1179 (2018).<\/div>\n<p><a class=\"lcp_morelink\" href=\"https:\/\/derecho.uprrp.edu\/revistajuridica\/wp-content\/uploads\/sites\/4\/2018\/06\/03-Human-Dignity-1.pdf\" target=\"_blank\" rel=\"noopener\">Art\u00edculo en PDF<\/a><\/li>\n<\/ul>\n<ul id=\"lcp_instance_0\" class=\"lcp_catlist\">\n<li>\n<h5 class=\"lcp_title\"><a href=\"https:\/\/derecho.uprrp.edu\/revistajuridica\/wp-content\/uploads\/sites\/4\/2018\/06\/04-Traslados-1.pdf\" target=\"_blank\" rel=\"noopener\">El traslado de confinados y confinadas de Puerto Rico a Estados Unidos como ejemplo de la nuda vida en el estado de excepci\u00f3n<\/a><\/h5>\n<div class=\"lcp_excerpt\">Iris Y. Rosario Nieves, 87 Rev. Jur. UPR 1221 (2018).<\/div>\n<p><a class=\"lcp_morelink\" href=\"https:\/\/derecho.uprrp.edu\/revistajuridica\/wp-content\/uploads\/sites\/4\/2018\/06\/04-Traslados-1.pdf\" target=\"_blank\" rel=\"noopener\">Art\u00edculo en PDF<\/a><\/li>\n<\/ul>\n<ul id=\"lcp_instance_0\" class=\"lcp_catlist\">\n<li>\n<h5 class=\"lcp_title\"><a href=\"https:\/\/derecho.uprrp.edu\/revistajuridica\/wp-content\/uploads\/sites\/4\/2018\/06\/05-LEP-1.pdf\" target=\"_blank\" rel=\"noopener\">La libertad de expresi\u00f3n en las prisiones: La correspondencia de los confinados y confinadas<\/a><\/h5>\n<div class=\"lcp_excerpt\">Fabiola E. Sosa Baco, 87 Rev. Jur. UPR 1246 (2018).<\/div>\n<p><a class=\"lcp_morelink\" href=\"https:\/\/derecho.uprrp.edu\/revistajuridica\/wp-content\/uploads\/sites\/4\/2018\/06\/05-LEP-1.pdf\" target=\"_blank\" rel=\"noopener\">Art\u00edculo en PDF<\/a><\/li>\n<\/ul>\n<ul id=\"lcp_instance_0\" class=\"lcp_catlist\">\n<li>\n<h5 class=\"lcp_title\"><a href=\"https:\/\/derecho.uprrp.edu\/revistajuridica\/wp-content\/uploads\/sites\/4\/2018\/06\/06-Menores-1.pdf\" target=\"_blank\" rel=\"noopener\">Hacia un acercamiento terap\u00e9utico: An\u00e1lisis de los servicios rehabilitativos provistos a los menores institucionalizados en facilidades carcelarias<\/a><\/h5>\n<div class=\"lcp_excerpt\">Kelvin Merced, 87 Rev. Jur. UPR 1281 (2018).<\/div>\n<p><a class=\"lcp_morelink\" href=\"https:\/\/derecho.uprrp.edu\/revistajuridica\/wp-content\/uploads\/sites\/4\/2018\/06\/06-Menores-1.pdf\" target=\"_blank\" rel=\"noopener\">Art\u00edculo en PDF<\/a><\/li>\n<\/ul>\n<ul id=\"lcp_instance_0\" class=\"lcp_catlist\">\n<li>\n<h5 class=\"lcp_title\"><a href=\"https:\/\/derecho.uprrp.edu\/revistajuridica\/wp-content\/uploads\/sites\/4\/2018\/06\/07-Nota-Tecnologia.pdf\" target=\"_blank\" rel=\"noopener\">Vac\u00edos jur\u00eddicos: Derecho y tecnolog\u00eda<\/a><\/h5>\n<div class=\"lcp_excerpt\">Hiram Mel\u00e9ndez Juarbe, 87 Rev. Jur. UPR 1316 (2018).<\/div>\n<p><a class=\"lcp_morelink\" href=\"https:\/\/derecho.uprrp.edu\/revistajuridica\/wp-content\/uploads\/sites\/4\/2018\/06\/07-Nota-Tecnologia.pdf\" target=\"_blank\" rel=\"noopener\">Art\u00edculo en PDF<\/a><\/li>\n<\/ul>\n<ul id=\"lcp_instance_0\" class=\"lcp_catlist\">\n<li>\n<h5 class=\"lcp_title\"><a href=\"https:\/\/derecho.uprrp.edu\/revistajuridica\/wp-content\/uploads\/sites\/4\/2018\/06\/08-Etica-Judicial.pdf\" target=\"_blank\" rel=\"noopener\">\u00c9tica judicial y el uso de las redes sociales<\/a><\/h5>\n<div class=\"lcp_excerpt\">Gabriela M. Moros Luces, 87 Rev. Jur. UPR 1320 (2018).<\/div>\n<p><a class=\"lcp_morelink\" href=\"https:\/\/derecho.uprrp.edu\/revistajuridica\/wp-content\/uploads\/sites\/4\/2018\/06\/08-Etica-Judicial.pdf\" target=\"_blank\" rel=\"noopener\">Art\u00edculo en PDF<\/a><\/li>\n<\/ul>\n<ul id=\"lcp_instance_0\" class=\"lcp_catlist\">\n<li>\n<h5 class=\"lcp_title\"><a href=\"https:\/\/derecho.uprrp.edu\/revistajuridica\/wp-content\/uploads\/sites\/4\/2018\/06\/09-Privacy-of-Images-1.pdf\" target=\"_blank\" rel=\"noopener\">Threading the Needle for a Worthy Cause: Enforcing the Constitutional Right to Privacy through Prior Restraint of Private Images<\/a><\/h5>\n<div class=\"lcp_excerpt\">Victor Rodr\u00edguez-Reyes, 87 Rev. Jur. UPR 1355 (2018).<\/div>\n<p><a class=\"lcp_morelink\" href=\"https:\/\/derecho.uprrp.edu\/revistajuridica\/wp-content\/uploads\/sites\/4\/2018\/06\/09-Privacy-of-Images-1.pdf\" target=\"_blank\" rel=\"noopener\">Art\u00edculo en PDF<\/a><\/li>\n<\/ul>\n<ul id=\"lcp_instance_0\" class=\"lcp_catlist\">\n<li>\n<h5 class=\"lcp_title\"><a href=\"https:\/\/derecho.uprrp.edu\/revistajuridica\/wp-content\/uploads\/sites\/4\/2018\/06\/11-Fake-news-1.pdf\" target=\"_blank\" rel=\"noopener\">Fake News and the Systemic Lie in the Marketplace of Ideas: A Judicial Problem?<\/a><\/h5>\n<div class=\"lcp_excerpt\">Juan Carlos Escudero de Jes\u00fas, 87 Rev. Jur. UPR 1394 (2018).<\/div>\n<p><a class=\"lcp_morelink\" href=\"https:\/\/derecho.uprrp.edu\/revistajuridica\/wp-content\/uploads\/sites\/4\/2018\/06\/11-Fake-news-1.pdf\" target=\"_blank\" rel=\"noopener\">Art\u00edculo en PDF<\/a><\/li>\n<\/ul>\n<ul id=\"lcp_instance_0\" class=\"lcp_catlist\">\n<li>\n<h5 class=\"lcp_title\"><a href=\"https:\/\/derecho.uprrp.edu\/revistajuridica\/wp-content\/uploads\/sites\/4\/2018\/06\/10-Government-Social-Media-1.pdf\" target=\"_blank\" rel=\"noopener\">Government-Sponsored Social Media Accounts: The New Designated Public Forum<\/a><\/h5>\n<div class=\"lcp_excerpt\">Gabriela P\u00e9rez V\u00e9lez, 87 Rev. Jur. UPR 1375 (2018).<\/div>\n<p><a class=\"lcp_morelink\" href=\"https:\/\/derecho.uprrp.edu\/revistajuridica\/wp-content\/uploads\/sites\/4\/2018\/06\/10-Government-Social-Media-1.pdf\" target=\"_blank\" rel=\"noopener\">Art\u00edculo en PDF<\/a><\/li>\n<\/ul>\n<ul id=\"lcp_instance_0\" class=\"lcp_catlist\">\n<li>\n<h5 class=\"lcp_title\"><a href=\"https:\/\/derecho.uprrp.edu\/revistajuridica\/wp-content\/uploads\/sites\/4\/2018\/06\/12-Presentacion-Libro-Neptune.pdf\" target=\"_blank\" rel=\"noopener\">Presentaci\u00f3n del libro La Evidencia Electr\u00f3nica, de la Licenciada Vivian I. Neptune Rivera, Decana de la Escuela de Derecho de la Universidad de Puerto Rico<\/a><\/h5>\n<div class=\"lcp_excerpt\">Hon. Luis Rivera Rom\u00e1n, 87 Rev. Jur. UPR 1417 (2018).<\/div>\n<p><a class=\"lcp_morelink\" href=\"https:\/\/derecho.uprrp.edu\/revistajuridica\/wp-content\/uploads\/sites\/4\/2018\/06\/12-Presentacion-Libro-Neptune.pdf\" target=\"_blank\" rel=\"noopener\">Art\u00edculo en PDF<\/a><\/li>\n<\/ul>\n","protected":false},"excerpt":{"rendered":"<p>El pesado libro de la justicia Benjam\u00edn Torres Gotay, 87 Rev. Jur. UPR 1106 (2018). Art\u00edculo en PDF La rehabilitaci\u00f3n de la persona convicta como derecho humano: Su tensi\u00f3n con el ordenamiento penitenciario de Puerto Rico Luis A. Zambrana Gonz\u00e1lez, 87 Rev. Jur. UPR 1117 (2018). Art\u00edculo en PDF Human Dignity and Proportionate Punishment: The<\/p>\n<div class=\"read-more\"><a href=\"https:\/\/derecho.uprrp.edu\/revistajuridica\/volumen-87-numero-4\/\" title=\"Read More\">Read More<\/a><\/div>\n","protected":false},"author":17,"featured_media":0,"parent":0,"menu_order":0,"comment_status":"closed","ping_status":"closed","template":"","meta":{"footnotes":""},"class_list":["post-2681","page","type-page","status-publish"],"_links":{"self":[{"href":"https:\/\/derecho.uprrp.edu\/revistajuridica\/wp-json\/wp\/v2\/pages\/2681","targetHints":{"allow":["GET"]}}],"collection":[{"href":"https:\/\/derecho.uprrp.edu\/revistajuridica\/wp-json\/wp\/v2\/pages"}],"about":[{"href":"https:\/\/derecho.uprrp.edu\/revistajuridica\/wp-json\/wp\/v2\/types\/page"}],"author":[{"embeddable":true,"href":"https:\/\/derecho.uprrp.edu\/revistajuridica\/wp-json\/wp\/v2\/users\/17"}],"replies":[{"embeddable":true,"href":"https:\/\/derecho.uprrp.edu\/revistajuridica\/wp-json\/wp\/v2\/comments?post=2681"}],"version-history":[{"count":2,"href":"https:\/\/derecho.uprrp.edu\/revistajuridica\/wp-json\/wp\/v2\/pages\/2681\/revisions"}],"predecessor-version":[{"id":6291,"href":"https:\/\/derecho.uprrp.edu\/revistajuridica\/wp-json\/wp\/v2\/pages\/2681\/revisions\/6291"}],"wp:attachment":[{"href":"https:\/\/derecho.uprrp.edu\/revistajuridica\/wp-json\/wp\/v2\/media?parent=2681"}],"curies":[{"name":"wp","href":"https:\/\/api.w.org\/{rel}","templated":true}]}}