{"id":4267,"date":"2019-02-27T22:34:50","date_gmt":"2019-02-28T02:34:50","guid":{"rendered":"http:\/\/revistajuridica.uprrp.edu\/?page_id=4267"},"modified":"2022-06-22T18:08:06","modified_gmt":"2022-06-22T18:08:06","slug":"volumen-88-numero-1","status":"publish","type":"page","link":"https:\/\/derecho.uprrp.edu\/revistajuridica\/volumen-88-numero-1\/","title":{"rendered":"Volumen 88-N\u00famero 1"},"content":{"rendered":"<ul id=\"lcp_instance_0\" class=\"lcp_catlist\">\n<li>\n<h5 class=\"lcp_title\"><a href=\"https:\/\/derecho.uprrp.edu\/revistajuridica\/wp-content\/uploads\/sites\/4\/2019\/02\/Derecho-Administrativo-1.pdf\" target=\"_blank\" rel=\"noopener\">Derecho Administrativo<\/a><\/h5>\n<div class=\"lcp_excerpt\">Emmalind Garc\u00eda Garc\u00eda, Derecho Administrativo, 88 Rev. Jur. UPR 1 (2019).<\/div>\n<p><a class=\"lcp_morelink\" href=\"https:\/\/derecho.uprrp.edu\/revistajuridica\/wp-content\/uploads\/sites\/4\/2019\/02\/Derecho-Administrativo-1.pdf\" target=\"_blank\" rel=\"noopener\">Art\u00edculo en PDF<\/a><\/li>\n<\/ul>\n<ul id=\"lcp_instance_0\" class=\"lcp_catlist\">\n<li>\n<h5 class=\"lcp_title\"><a href=\"https:\/\/derecho.uprrp.edu\/revistajuridica\/wp-content\/uploads\/sites\/4\/2019\/02\/Derecho-Apelativo.pdf\" target=\"_blank\" rel=\"noopener\">Derecho Apelativo<\/a><\/h5>\n<div class=\"lcp_excerpt\">F\u00e9lix Figueroa Cab\u00e1n, Derecho Apelativo, 88 Rev. Jur. UPR 26 (2019).<\/div>\n<p><a class=\"lcp_morelink\" href=\"https:\/\/derecho.uprrp.edu\/revistajuridica\/wp-content\/uploads\/sites\/4\/2019\/02\/Derecho-Apelativo.pdf\" target=\"_blank\" rel=\"noopener\">Art\u00edculo en PDF<\/a><\/li>\n<\/ul>\n<ul id=\"lcp_instance_0\" class=\"lcp_catlist\">\n<li>\n<h5 class=\"lcp_title\"><a href=\"https:\/\/derecho.uprrp.edu\/revistajuridica\/wp-content\/uploads\/sites\/4\/2019\/06\/Derecho-Constitucional-88RevJurUPR39.pdf\" target=\"_blank\" rel=\"noopener\">Derecho Constitucional<\/a><\/h5>\n<div class=\"lcp_excerpt\">Efr\u00e9n Rivera Ramos &amp; Gabriela M. Moros Luces, Derecho Constitucional, 88 Rev. Jur. UPR 39 (2019).<\/div>\n<p><a class=\"lcp_morelink\" href=\"https:\/\/derecho.uprrp.edu\/revistajuridica\/wp-content\/uploads\/sites\/4\/2019\/06\/Derecho-Constitucional-88RevJurUPR39.pdf\" target=\"_blank\" rel=\"noopener\">Art\u00edculo en PDF<\/a><\/li>\n<\/ul>\n<ul id=\"lcp_instance_0\" class=\"lcp_catlist\">\n<li>\n<h5 class=\"lcp_title\"><a href=\"https:\/\/derecho.uprrp.edu\/revistajuridica\/wp-content\/uploads\/sites\/4\/2019\/06\/Derecho-de-Familia-88RevJurUPR92.pdf\" target=\"_blank\" rel=\"noopener\">Derecho de Familia<\/a><\/h5>\n<div class=\"lcp_excerpt\">Glenda Labadie Jackson, Derecho de Familia, 88 Rev. Jur. UPR 92 (2019).<\/div>\n<p><a class=\"lcp_morelink\" href=\"https:\/\/derecho.uprrp.edu\/revistajuridica\/wp-content\/uploads\/sites\/4\/2019\/06\/Derecho-de-Familia-88RevJurUPR92.pdf\" target=\"_blank\" rel=\"noopener\">Art\u00edculo en PDF<\/a><\/li>\n<\/ul>\n<ul id=\"lcp_instance_0\" class=\"lcp_catlist\">\n<li>\n<h5 class=\"lcp_title\"><a href=\"https:\/\/derecho.uprrp.edu\/revistajuridica\/wp-content\/uploads\/sites\/4\/2019\/03\/Derecho-Laboral.pdf\" target=\"_blank\" rel=\"noopener\">Derecho Laboral<\/a><\/h5>\n<div class=\"lcp_excerpt\">Efra\u00edn Rivera Vega &amp; Jos\u00e9 R. L\u00f3pez Aceves, Derecho Laboral, 88 Rev. Jur. UPR 106 (2019).<\/div>\n<p><a class=\"lcp_morelink\" href=\"https:\/\/derecho.uprrp.edu\/revistajuridica\/wp-content\/uploads\/sites\/4\/2019\/03\/Derecho-Laboral.pdf\" target=\"_blank\" rel=\"noopener\">Art\u00edculo en PDF<\/a><\/li>\n<\/ul>\n<ul id=\"lcp_instance_0\" class=\"lcp_catlist\">\n<li>\n<h5 class=\"lcp_title\"><a href=\"https:\/\/derecho.uprrp.edu\/revistajuridica\/wp-content\/uploads\/sites\/4\/2019\/03\/Derecho-Patrimonial.pdf\" target=\"_blank\" rel=\"noopener\">Derecho Patrimonial<\/a><\/h5>\n<div class=\"lcp_excerpt\">Margarita Garc\u00eda C\u00e1rdenas, Derecho Patrimonial, 88 Rev. Jur. UPR 126 (2019).<\/div>\n<p><a class=\"lcp_morelink\" href=\"https:\/\/derecho.uprrp.edu\/revistajuridica\/wp-content\/uploads\/sites\/4\/2019\/03\/Derecho-Patrimonial.pdf\" target=\"_blank\" rel=\"noopener\">Art\u00edculo en PDF<\/a><\/li>\n<\/ul>\n<ul id=\"lcp_instance_0\" class=\"lcp_catlist\">\n<li>\n<h5 class=\"lcp_title\"><a href=\"https:\/\/derecho.uprrp.edu\/revistajuridica\/wp-content\/uploads\/sites\/4\/2019\/03\/Derecho-Penal-Sustantivo-.pdf\" target=\"_blank\" rel=\"noopener\">Derecho Penal Sustantivo<\/a><\/h5>\n<div class=\"lcp_excerpt\">Luis E. Chiesa Aponte, Derecho Penal Sustantivo, 88 Rev. Jur. UPR 149 (2019).<\/div>\n<p><a class=\"lcp_morelink\" href=\"https:\/\/derecho.uprrp.edu\/revistajuridica\/wp-content\/uploads\/sites\/4\/2019\/03\/Derecho-Penal-Sustantivo-.pdf\" target=\"_blank\" rel=\"noopener\">Art\u00edculo en PDF<\/a><\/li>\n<\/ul>\n<ul id=\"lcp_instance_0\" class=\"lcp_catlist\">\n<li>\n<h5 class=\"lcp_title\"><a href=\"https:\/\/derecho.uprrp.edu\/revistajuridica\/wp-content\/uploads\/sites\/4\/2019\/03\/Derecho-Probatorio.pdf\" target=\"_blank\" rel=\"noopener\">Derecho Probatorio<\/a><\/h5>\n<div class=\"lcp_excerpt\">Vivian I. Neptune Rivera &amp; Angelic Rivera Ramos, Derecho Probatorio, 88 Rev. Jur. UPR 172 (2019).<\/div>\n<p><a class=\"lcp_morelink\" href=\"https:\/\/derecho.uprrp.edu\/revistajuridica\/wp-content\/uploads\/sites\/4\/2019\/03\/Derecho-Probatorio.pdf\" target=\"_blank\" rel=\"noopener\">Art\u00edculo en PDF<\/a><\/li>\n<\/ul>\n<ul id=\"lcp_instance_0\" class=\"lcp_catlist\">\n<li>\n<h5 class=\"lcp_title\"><a href=\"https:\/\/derecho.uprrp.edu\/revistajuridica\/wp-content\/uploads\/sites\/4\/2019\/03\/Derecho-Procesal-Civil-1.pdf\" target=\"_blank\" rel=\"noopener\">Derecho Procesal Civil<\/a><\/h5>\n<div class=\"lcp_excerpt\">Nilda M. Navarro Cabrer, Derecho Procesal Civil , 88 Rev. Jur. UPR 198 (2019).<\/div>\n<p><a class=\"lcp_morelink\" href=\"https:\/\/derecho.uprrp.edu\/revistajuridica\/wp-content\/uploads\/sites\/4\/2019\/03\/Derecho-Procesal-Civil-1.pdf\" target=\"_blank\" rel=\"noopener\">Art\u00edculo en PDF<\/a><\/li>\n<\/ul>\n<ul id=\"lcp_instance_0\" class=\"lcp_catlist\">\n<li>\n<h5 class=\"lcp_title\"><a href=\"https:\/\/derecho.uprrp.edu\/revistajuridica\/wp-content\/uploads\/sites\/4\/2019\/03\/Derecho-Procesal-Penal-.pdf\" target=\"_blank\" rel=\"noopener\">Derecho Procesal Penal<\/a><\/h5>\n<div class=\"lcp_excerpt\">Ernesto L. Chiesa Aponte, Derecho Procesal Penal, 88 Rev. Jur. UPR 222 (2019).<\/div>\n<p><a class=\"lcp_morelink\" href=\"https:\/\/derecho.uprrp.edu\/revistajuridica\/wp-content\/uploads\/sites\/4\/2019\/03\/Derecho-Procesal-Penal-.pdf\" target=\"_blank\" rel=\"noopener\">Art\u00edculo en PDF<\/a><\/li>\n<\/ul>\n<ul id=\"lcp_instance_0\" class=\"lcp_catlist\">\n<li>\n<h5 class=\"lcp_title\"><a href=\"https:\/\/derecho.uprrp.edu\/revistajuridica\/wp-content\/uploads\/sites\/4\/2019\/03\/Derecho-Tributario.pdf\" target=\"_blank\" rel=\"noopener\">Derecho Tributario<\/a><\/h5>\n<div class=\"lcp_excerpt\">Carlos E. D\u00edaz Olivo &amp; Natalia C. Rodr\u00edguez Alegr\u00eda, Derecho Tributario, 88 Rev. Jur. UPR 253 (2019).<\/div>\n<p><a class=\"lcp_morelink\" href=\"https:\/\/derecho.uprrp.edu\/revistajuridica\/wp-content\/uploads\/sites\/4\/2019\/03\/Derecho-Tributario.pdf\" target=\"_blank\" rel=\"noopener\">Art\u00edculo en PDF<\/a><\/li>\n<\/ul>\n<ul id=\"lcp_instance_0\" class=\"lcp_catlist\">\n<li>\n<h5 class=\"lcp_title\"><a href=\"https:\/\/derecho.uprrp.edu\/revistajuridica\/wp-content\/uploads\/sites\/4\/2019\/03\/tica-Profesional.pdf\" target=\"_blank\" rel=\"noopener\">\u00c9tica Profesional<\/a><\/h5>\n<div class=\"lcp_excerpt\">Guillermo Figueroa Prieto, \u00c9tica Profesional, 88 Rev. Jur. UPR 262 (2019).<\/div>\n<p><a class=\"lcp_morelink\" href=\"https:\/\/derecho.uprrp.edu\/revistajuridica\/wp-content\/uploads\/sites\/4\/2019\/03\/tica-Profesional.pdf\" target=\"_blank\" rel=\"noopener\">Art\u00edculo en PDF<\/a><\/li>\n<\/ul>\n<ul id=\"lcp_instance_0\" class=\"lcp_catlist\">\n<li>\n<h5 class=\"lcp_title\"><a href=\"https:\/\/derecho.uprrp.edu\/revistajuridica\/wp-content\/uploads\/sites\/4\/2019\/03\/Responsabilidad-Civil-Extracontractual.pdf\" target=\"_blank\" rel=\"noopener\">Responsabilidad Civil Extracontractual: \u00bfQuo Vadis?<\/a><\/h5>\n<div class=\"lcp_excerpt\">Eugene F. Hestres V\u00e9lez, La Responsabilidad Civil Extracontractual: \u00bfQuo Vadis?, 88 Rev. Jur. UPR 307 (2019).<\/div>\n<p><a class=\"lcp_morelink\" href=\"https:\/\/derecho.uprrp.edu\/revistajuridica\/wp-content\/uploads\/sites\/4\/2019\/03\/Responsabilidad-Civil-Extracontractual.pdf\" target=\"_blank\" rel=\"noopener\">Art\u00edculo en PDF<\/a><\/li>\n<\/ul>\n<ul id=\"lcp_instance_0\" class=\"lcp_catlist\">\n<li>\n<h5 class=\"lcp_title\"><a href=\"https:\/\/derecho.uprrp.edu\/revistajuridica\/wp-content\/uploads\/sites\/4\/2019\/03\/Derecho-Corporativo.pdf\" target=\"_blank\" rel=\"noopener\">Derecho Corporativo<\/a><\/h5>\n<div class=\"lcp_excerpt\">Antonio Escudero Viera, Derecho Corporativo, 88 Rev. Jur. UPR 334 (2019).<\/div>\n<p><a class=\"lcp_morelink\" href=\"https:\/\/derecho.uprrp.edu\/revistajuridica\/wp-content\/uploads\/sites\/4\/2019\/03\/Derecho-Corporativo.pdf\" target=\"_blank\" rel=\"noopener\">Art\u00edculo en PDF<\/a><\/li>\n<\/ul>\n","protected":false},"excerpt":{"rendered":"<p>Derecho Administrativo Emmalind Garc\u00eda Garc\u00eda, Derecho Administrativo, 88 Rev. Jur. UPR 1 (2019). Art\u00edculo en PDF Derecho Apelativo F\u00e9lix Figueroa Cab\u00e1n, Derecho Apelativo, 88 Rev. Jur. UPR 26 (2019). Art\u00edculo en PDF Derecho Constitucional Efr\u00e9n Rivera Ramos &amp; Gabriela M. Moros Luces, Derecho Constitucional, 88 Rev. Jur. UPR 39 (2019). Art\u00edculo en PDF Derecho de<\/p>\n<div class=\"read-more\"><a href=\"https:\/\/derecho.uprrp.edu\/revistajuridica\/volumen-88-numero-1\/\" title=\"Read More\">Read More<\/a><\/div>\n","protected":false},"author":17,"featured_media":0,"parent":0,"menu_order":0,"comment_status":"closed","ping_status":"closed","template":"","meta":{"footnotes":""},"class_list":["post-4267","page","type-page","status-publish"],"_links":{"self":[{"href":"https:\/\/derecho.uprrp.edu\/revistajuridica\/wp-json\/wp\/v2\/pages\/4267","targetHints":{"allow":["GET"]}}],"collection":[{"href":"https:\/\/derecho.uprrp.edu\/revistajuridica\/wp-json\/wp\/v2\/pages"}],"about":[{"href":"https:\/\/derecho.uprrp.edu\/revistajuridica\/wp-json\/wp\/v2\/types\/page"}],"author":[{"embeddable":true,"href":"https:\/\/derecho.uprrp.edu\/revistajuridica\/wp-json\/wp\/v2\/users\/17"}],"replies":[{"embeddable":true,"href":"https:\/\/derecho.uprrp.edu\/revistajuridica\/wp-json\/wp\/v2\/comments?post=4267"}],"version-history":[{"count":2,"href":"https:\/\/derecho.uprrp.edu\/revistajuridica\/wp-json\/wp\/v2\/pages\/4267\/revisions"}],"predecessor-version":[{"id":6277,"href":"https:\/\/derecho.uprrp.edu\/revistajuridica\/wp-json\/wp\/v2\/pages\/4267\/revisions\/6277"}],"wp:attachment":[{"href":"https:\/\/derecho.uprrp.edu\/revistajuridica\/wp-json\/wp\/v2\/media?parent=4267"}],"curies":[{"name":"wp","href":"https:\/\/api.w.org\/{rel}","templated":true}]}}