{"id":4513,"date":"2019-03-22T09:43:57","date_gmt":"2019-03-22T13:43:57","guid":{"rendered":"http:\/\/revistajuridica.uprrp.edu\/?page_id=4513"},"modified":"2022-06-23T22:54:16","modified_gmt":"2022-06-23T22:54:16","slug":"volumen-80-numero-4","status":"publish","type":"page","link":"https:\/\/derecho.uprrp.edu\/revistajuridica\/volumen-80-numero-4\/","title":{"rendered":"VOLUMEN 80-N\u00daMERO 4"},"content":{"rendered":"<ul id=\"lcp_instance_0\" class=\"lcp_catlist\">\n<li>\n<h5 class=\"lcp_title\"><a href=\"https:\/\/derecho.uprrp.edu\/revistajuridica\/wp-content\/uploads\/sites\/4\/2019\/03\/4.SalvadorCasellas.FederalCourts.80.4.pdf\" target=\"_blank\" rel=\"noopener\">Salvador E. Casellas, Commonwealth Status and the Federal Courts, 80 REV. JUR. UPR 945 (2011).<\/a><\/h5>\n<\/li>\n<li>\n<h5 class=\"lcp_title\"><a href=\"https:\/\/derecho.uprrp.edu\/revistajuridica\/wp-content\/uploads\/sites\/4\/2019\/03\/5.CarlosSaavedra.Incorporacion.80.4.pdf\" target=\"_blank\" rel=\"noopener\">Carlos Saavedra Guti\u00e9rrez, Incorporaci\u00f3n de jure o incorporaci\u00f3n de facto: dos propuestas para erradicar fantasmas constitucionales, 80 REV. JUR. UPR 967 (2011).<\/a><\/h5>\n<\/li>\n<li>\n<h5 class=\"lcp_title\"><a href=\"https:\/\/derecho.uprrp.edu\/revistajuridica\/wp-content\/uploads\/sites\/4\/2019\/03\/6.GuerraPujols.LifeLoveLaw.80.4.pdf\" target=\"_blank\" rel=\"noopener\">F. E. Guerra-Pujol, Life, Love, and Law: An Epistolary Exchange, 80 REV. JUR. UPR 995 (2011).<\/a><\/h5>\n<\/li>\n<li>\n<h5 class=\"lcp_title\"><a href=\"https:\/\/derecho.uprrp.edu\/revistajuridica\/wp-content\/uploads\/sites\/4\/2019\/03\/7.MichaelKing.Courts.80.4.pdf\" target=\"_blank\" rel=\"noopener\">Michael S. King, Should Problem-Solving Courts be Solution-Focused Courts?, 80 REV. JUR. UPR 1005 (2011).<\/a><\/h5>\n<\/li>\n<li>\n<h5 class=\"lcp_title\"><a href=\"https:\/\/derecho.uprrp.edu\/revistajuridica\/wp-content\/uploads\/sites\/4\/2019\/03\/8.AnibalNunez.Descolegiacion.80.4.pdf\" target=\"_blank\" rel=\"noopener\">An\u00edbal J. N\u00fa\u00f1ez Gonz\u00e1lez, Las leyes de descolegiaci\u00f3n y la prohibici\u00f3n constitucional de proyectos para condenar, 80 REV. JUR. UPR 1039 (2011).<\/a><\/h5>\n<\/li>\n<li>\n<h5 class=\"lcp_title\"><a href=\"https:\/\/derecho.uprrp.edu\/revistajuridica\/wp-content\/uploads\/sites\/4\/2019\/03\/3.LuisRafaelRivera.SerranoGeyls.80.4.pdf\" target=\"_blank\" rel=\"noopener\">Luis Rafael Rivera, Ra\u00fal Serrano Geyls: el investigador que no se extravi\u00f3 en el camino, 80 REV. JUR. UPR 913 (2011).<\/a><\/h5>\n<\/li>\n<li>\n<h5 class=\"lcp_title\"><a href=\"https:\/\/derecho.uprrp.edu\/revistajuridica\/wp-content\/uploads\/sites\/4\/2019\/03\/2.LianaFiolMatta.SerranoGeyls.80.4.pdf\" target=\"_blank\" rel=\"noopener\">Liana Fiol Matta, En el vac\u00edo no hay Derecho: lecciones del juez Ra\u00fal Serrano Geyls desde el Tribunal Supremo, 80 REV. JUR. UPR 899 (2011).<\/a><\/h5>\n<\/li>\n<li>\n<h5 class=\"lcp_title\"><a href=\"https:\/\/derecho.uprrp.edu\/revistajuridica\/wp-content\/uploads\/sites\/4\/2019\/03\/1.EfrenRiveraRamos.SerranoGeyls.80.4.pdf\" target=\"_blank\" rel=\"noopener\">Efr\u00e9n Rivera Ramos, Don Ra\u00fal, el profesor: un testimonio personal, 80 REV. JUR. UPR 895 (2011).<\/a><\/h5>\n<\/li>\n<\/ul>\n","protected":false},"excerpt":{"rendered":"<p>Salvador E. Casellas, Commonwealth Status and the Federal Courts, 80 REV. JUR. UPR 945 (2011). Carlos Saavedra Guti\u00e9rrez, Incorporaci\u00f3n de jure o incorporaci\u00f3n de facto: dos propuestas para erradicar fantasmas constitucionales, 80 REV. JUR. UPR 967 (2011). F. E. Guerra-Pujol, Life, Love, and Law: An Epistolary Exchange, 80 REV. JUR. UPR 995 (2011). Michael S.<\/p>\n<div class=\"read-more\"><a href=\"https:\/\/derecho.uprrp.edu\/revistajuridica\/volumen-80-numero-4\/\" title=\"Read More\">Read More<\/a><\/div>\n","protected":false},"author":17,"featured_media":0,"parent":0,"menu_order":0,"comment_status":"closed","ping_status":"closed","template":"","meta":{"footnotes":""},"class_list":["post-4513","page","type-page","status-publish"],"_links":{"self":[{"href":"https:\/\/derecho.uprrp.edu\/revistajuridica\/wp-json\/wp\/v2\/pages\/4513","targetHints":{"allow":["GET"]}}],"collection":[{"href":"https:\/\/derecho.uprrp.edu\/revistajuridica\/wp-json\/wp\/v2\/pages"}],"about":[{"href":"https:\/\/derecho.uprrp.edu\/revistajuridica\/wp-json\/wp\/v2\/types\/page"}],"author":[{"embeddable":true,"href":"https:\/\/derecho.uprrp.edu\/revistajuridica\/wp-json\/wp\/v2\/users\/17"}],"replies":[{"embeddable":true,"href":"https:\/\/derecho.uprrp.edu\/revistajuridica\/wp-json\/wp\/v2\/comments?post=4513"}],"version-history":[{"count":2,"href":"https:\/\/derecho.uprrp.edu\/revistajuridica\/wp-json\/wp\/v2\/pages\/4513\/revisions"}],"predecessor-version":[{"id":6350,"href":"https:\/\/derecho.uprrp.edu\/revistajuridica\/wp-json\/wp\/v2\/pages\/4513\/revisions\/6350"}],"wp:attachment":[{"href":"https:\/\/derecho.uprrp.edu\/revistajuridica\/wp-json\/wp\/v2\/media?parent=4513"}],"curies":[{"name":"wp","href":"https:\/\/api.w.org\/{rel}","templated":true}]}}