{"id":4553,"date":"2019-04-03T14:44:11","date_gmt":"2019-04-03T18:44:11","guid":{"rendered":"http:\/\/revistajuridica.uprrp.edu\/?page_id=4553"},"modified":"2024-06-24T12:51:46","modified_gmt":"2024-06-24T16:51:46","slug":"solicitud-de-talleres-de-capacitacion","status":"publish","type":"page","link":"https:\/\/derecho.uprrp.edu\/revistajuridica\/solicitud-de-talleres-de-capacitacion\/","title":{"rendered":"Solicitud de talleres de capacitaci\u00f3n"},"content":{"rendered":"\r\n<div class=\"wp-block-image\">\r\n<figure class=\"aligncenter is-resized\"><img loading=\"lazy\" decoding=\"async\" class=\"wp-image-4554\" src=\"http:\/\/revistajuridica.uprrp.edu\/wp-content\/uploads\/2019\/04\/Logo-del-comit\u00e9-Transparente-1024x821.png\" alt=\"\" width=\"206\" height=\"165\" \/><\/figure>\r\n<\/div>\r\n\r\n\r\n\r\n<p>El Comit\u00e9 de Capacitaci\u00f3n de la Revista Jur\u00eddica ofrece talleres de:<\/p>\r\n\r\n\r\n\r\n<p><em>Citaci\u00f3n\u00a0legal, citaci\u00f3n\u00a0acad\u00e9mica, investigaci\u00f3n y redacci\u00f3n<\/em><\/p>\r\n\r\n\r\n\r\n<p>Cont\u00e1ctenos a trav\u00e9s de <em>revistajuridica.derecho@upr.edu<\/em> para coordinar un taller.<\/p>\r\n\r\n\r\n\r\n<p>&nbsp;<\/p>\r\n","protected":false},"excerpt":{"rendered":"<p>El Comit\u00e9 de Capacitaci\u00f3n de la Revista Jur\u00eddica ofrece talleres de: Citaci\u00f3n\u00a0legal, citaci\u00f3n\u00a0acad\u00e9mica, investigaci\u00f3n y redacci\u00f3n Cont\u00e1ctenos a trav\u00e9s de revistajuridica.derecho@upr.edu para coordinar un taller. &nbsp;<\/p>\n","protected":false},"author":17,"featured_media":0,"parent":0,"menu_order":0,"comment_status":"closed","ping_status":"closed","template":"","meta":{"footnotes":""},"class_list":["post-4553","page","type-page","status-publish"],"_links":{"self":[{"href":"https:\/\/derecho.uprrp.edu\/revistajuridica\/wp-json\/wp\/v2\/pages\/4553","targetHints":{"allow":["GET"]}}],"collection":[{"href":"https:\/\/derecho.uprrp.edu\/revistajuridica\/wp-json\/wp\/v2\/pages"}],"about":[{"href":"https:\/\/derecho.uprrp.edu\/revistajuridica\/wp-json\/wp\/v2\/types\/page"}],"author":[{"embeddable":true,"href":"https:\/\/derecho.uprrp.edu\/revistajuridica\/wp-json\/wp\/v2\/users\/17"}],"replies":[{"embeddable":true,"href":"https:\/\/derecho.uprrp.edu\/revistajuridica\/wp-json\/wp\/v2\/comments?post=4553"}],"version-history":[{"count":2,"href":"https:\/\/derecho.uprrp.edu\/revistajuridica\/wp-json\/wp\/v2\/pages\/4553\/revisions"}],"predecessor-version":[{"id":7379,"href":"https:\/\/derecho.uprrp.edu\/revistajuridica\/wp-json\/wp\/v2\/pages\/4553\/revisions\/7379"}],"wp:attachment":[{"href":"https:\/\/derecho.uprrp.edu\/revistajuridica\/wp-json\/wp\/v2\/media?parent=4553"}],"curies":[{"name":"wp","href":"https:\/\/api.w.org\/{rel}","templated":true}]}}