{"id":4636,"date":"2019-04-04T15:35:01","date_gmt":"2019-04-04T19:35:01","guid":{"rendered":"http:\/\/revistajuridica.uprrp.edu\/?page_id=4636"},"modified":"2022-06-27T13:38:44","modified_gmt":"2022-06-27T13:38:44","slug":"volumen-79-numero-2","status":"publish","type":"page","link":"https:\/\/derecho.uprrp.edu\/revistajuridica\/volumen-79-numero-2\/","title":{"rendered":"VOLUMEN 79-N\u00daMERO 2"},"content":{"rendered":"<ul id=\"lcp_instance_0\" class=\"lcp_catlist\">\n<li>\n<h5 class=\"lcp_title\"><a href=\"https:\/\/derecho.uprrp.edu\/revistajuridica\/wp-content\/uploads\/sites\/4\/2019\/04\/01GarciaPadilla.20annos.vol79.2v2.pdf\" target=\"_blank\" rel=\"noopener\">Antonio Garc\u00eda Padilla, Perspectivas y desaf\u00edos: el vig\u00e9simo aniversario del simposio anual de evaluaci\u00f3n del t\u00e9rmino de trabajos del Tribunal Supremo de Puerto Rico, 79 REV. JUR. UPR 425 (2010).<\/a><\/h5>\n<\/li>\n<li>\n<h5 class=\"lcp_title\"><a href=\"https:\/\/derecho.uprrp.edu\/revistajuridica\/wp-content\/uploads\/sites\/4\/2019\/04\/02Muniz.Contratos.-vol79.2.pdf\" target=\"_blank\" rel=\"noopener\">Luis Mu\u00f1iz Arg\u00fcelles &amp; Jos\u00e9 A. Alvarado V\u00e1zquez, Obligaciones y Contratos, 79 REV. JUR. UPR 445 (2010).<\/a><\/h5>\n<\/li>\n<li>\n<h5 class=\"lcp_title\"><a href=\"https:\/\/derecho.uprrp.edu\/revistajuridica\/wp-content\/uploads\/sites\/4\/2019\/04\/03Alvarez.Torts_.vol79.2.pdf\" target=\"_blank\" rel=\"noopener\">Jos\u00e9 Juli\u00e1n \u00c1lvarez Gonz\u00e1lez &amp; Alba G. Reyes Santos, Responsabilidad Civil Extracontractual, 79 REV. JUR. UPR 461 (2010).<\/a><\/h5>\n<\/li>\n<li>\n<h5 class=\"lcp_title\"><a href=\"https:\/\/derecho.uprrp.edu\/revistajuridica\/wp-content\/uploads\/sites\/4\/2019\/04\/04Erika.Reales.vol_.79.2.pdf\" target=\"_blank\" rel=\"noopener\">\u00c9rika Font\u00e1nez Torres &amp; Mariana Mu\u00f1iz Lara, Derechos Reales, 79 Rev. Jur. UPR 471 (2010).<\/a><\/h5>\n<\/li>\n<li>\n<h5 class=\"lcp_title\"><a href=\"https:\/\/derecho.uprrp.edu\/revistajuridica\/wp-content\/uploads\/sites\/4\/2019\/04\/05Gomez.Hipotecario.vol79.2.pdf\" target=\"_blank\" rel=\"noopener\">Ana Cristina G\u00f3mez P\u00e9rez, Derecho Registral Inmobiliario, 79 REV. JUR. UPR 521 (2010).<\/a><\/h5>\n<\/li>\n<li>\n<h5 class=\"lcp_title\"><a href=\"https:\/\/derecho.uprrp.edu\/revistajuridica\/wp-content\/uploads\/sites\/4\/2019\/04\/06Guerrero.Sucesiones.vol_.79.2.pdf\" target=\"_blank\" rel=\"noopener\">Bel\u00e9n Guerrero Calder\u00f3n, Derecho de Sucesiones, 79 REV. JUR. UPR 529 (2010).<\/a><\/h5>\n<\/li>\n<li>\n<h5 class=\"lcp_title\"><a href=\"https:\/\/derecho.uprrp.edu\/revistajuridica\/wp-content\/uploads\/sites\/4\/2019\/04\/07Gomez.Familia.vol79.2.pdf\" target=\"_blank\" rel=\"noopener\">Ana Cristina G\u00f3mez P\u00e9rez, Derecho de Familia, 79 REV. JUR. UPR 539 (2010).<\/a><\/h5>\n<\/li>\n<li>\n<h5 class=\"lcp_title\"><a href=\"https:\/\/derecho.uprrp.edu\/revistajuridica\/wp-content\/uploads\/sites\/4\/2019\/04\/08Guerrero.Notarial.vol79.2.pdf\" target=\"_blank\" rel=\"noopener\">Bel\u00e9n Guerrero Calder\u00f3n, Derecho Notarial, 79 REV. JUR. UPR 551 (2010).<\/a><\/h5>\n<\/li>\n<li>\n<h5 class=\"lcp_title\"><a href=\"https:\/\/derecho.uprrp.edu\/revistajuridica\/wp-content\/uploads\/sites\/4\/2019\/04\/09Matanzo.Civil_.vol79.2.pdf\" target=\"_blank\" rel=\"noopener\">Ana Matanzo Vicens, Derecho Procesal Civil, 79 REV. JUR. UPR 575 (2010).<\/a><\/h5>\n<\/li>\n<li>\n<h5 class=\"lcp_title\"><a href=\"https:\/\/derecho.uprrp.edu\/revistajuridica\/wp-content\/uploads\/sites\/4\/2019\/04\/10Neptune.Probatorio.vol79.2.pdf\" target=\"_blank\" rel=\"noopener\">Vivian I. Neptune Rivera, Derecho Probatorio, 79 REV. JUR. UPR 593 (2010).<\/a><\/h5>\n<\/li>\n<li>\n<h5 class=\"lcp_title\"><a href=\"https:\/\/derecho.uprrp.edu\/revistajuridica\/wp-content\/uploads\/sites\/4\/2019\/04\/11Alvarez.Constitucional.vol79.2.pdf\" target=\"_blank\" rel=\"noopener\">Jos\u00e9 Juli\u00e1n \u00c1lvarez Gonz\u00e1lez &amp; Carlos Baralt Su\u00e1rez, Derecho Constitucional, 79 REV. JUR. UPR 609 (2010).<\/a><\/h5>\n<\/li>\n<li>\n<h5 class=\"lcp_title\"><a href=\"https:\/\/derecho.uprrp.edu\/revistajuridica\/wp-content\/uploads\/sites\/4\/2019\/04\/12Vazquez.Administrativo.vol79.2.pdf\" target=\"_blank\" rel=\"noopener\">William V\u00e1zquez Irizarry, Derecho Administrativo, 79 REV. JUR. UPR 647 (2010).<\/a><\/h5>\n<\/li>\n<li>\n<h5 class=\"lcp_title\"><a href=\"https:\/\/derecho.uprrp.edu\/revistajuridica\/wp-content\/uploads\/sites\/4\/2019\/04\/13Fernandez.Laboral.vol79.2.pdf\" target=\"_blank\" rel=\"noopener\">Demetrio Fern\u00e1ndez Qui\u00f1ones, Derecho Laboral, 79 REV. JUR. UPR 695 (2010).<\/a><\/h5>\n<\/li>\n<li>\n<h5 class=\"lcp_title\"><a href=\"https:\/\/derecho.uprrp.edu\/revistajuridica\/wp-content\/uploads\/sites\/4\/2019\/04\/14FigueroaPrieto.Etica_.vol_.79.2.pdf\" target=\"_blank\" rel=\"noopener\">Guillermo Figueroa Prieto, Conducta Profesional, 79 REV. JUR. UPR 713 (2010).<\/a><\/h5>\n<\/li>\n<li>\n<h5 class=\"lcp_title\"><a href=\"https:\/\/derecho.uprrp.edu\/revistajuridica\/wp-content\/uploads\/sites\/4\/2019\/04\/15Oton.AE_.vol79.2.pdf\" target=\"_blank\" rel=\"noopener\">Patricia Ot\u00f3n Olivieri, An\u00e1lisis estad\u00edstico, 79 REV. JUR. UPR 751 (2010).<\/a><\/h5>\n<\/li>\n<\/ul>\n","protected":false},"excerpt":{"rendered":"<p>Antonio Garc\u00eda Padilla, Perspectivas y desaf\u00edos: el vig\u00e9simo aniversario del simposio anual de evaluaci\u00f3n del t\u00e9rmino de trabajos del Tribunal Supremo de Puerto Rico, 79 REV. JUR. UPR 425 (2010). Luis Mu\u00f1iz Arg\u00fcelles &amp; Jos\u00e9 A. Alvarado V\u00e1zquez, Obligaciones y Contratos, 79 REV. JUR. UPR 445 (2010). Jos\u00e9 Juli\u00e1n \u00c1lvarez Gonz\u00e1lez &amp; Alba G. Reyes<\/p>\n<div class=\"read-more\"><a href=\"https:\/\/derecho.uprrp.edu\/revistajuridica\/volumen-79-numero-2\/\" title=\"Read More\">Read More<\/a><\/div>\n","protected":false},"author":17,"featured_media":0,"parent":0,"menu_order":0,"comment_status":"closed","ping_status":"closed","template":"","meta":{"footnotes":""},"class_list":["post-4636","page","type-page","status-publish"],"_links":{"self":[{"href":"https:\/\/derecho.uprrp.edu\/revistajuridica\/wp-json\/wp\/v2\/pages\/4636","targetHints":{"allow":["GET"]}}],"collection":[{"href":"https:\/\/derecho.uprrp.edu\/revistajuridica\/wp-json\/wp\/v2\/pages"}],"about":[{"href":"https:\/\/derecho.uprrp.edu\/revistajuridica\/wp-json\/wp\/v2\/types\/page"}],"author":[{"embeddable":true,"href":"https:\/\/derecho.uprrp.edu\/revistajuridica\/wp-json\/wp\/v2\/users\/17"}],"replies":[{"embeddable":true,"href":"https:\/\/derecho.uprrp.edu\/revistajuridica\/wp-json\/wp\/v2\/comments?post=4636"}],"version-history":[{"count":4,"href":"https:\/\/derecho.uprrp.edu\/revistajuridica\/wp-json\/wp\/v2\/pages\/4636\/revisions"}],"predecessor-version":[{"id":6421,"href":"https:\/\/derecho.uprrp.edu\/revistajuridica\/wp-json\/wp\/v2\/pages\/4636\/revisions\/6421"}],"wp:attachment":[{"href":"https:\/\/derecho.uprrp.edu\/revistajuridica\/wp-json\/wp\/v2\/media?parent=4636"}],"curies":[{"name":"wp","href":"https:\/\/api.w.org\/{rel}","templated":true}]}}