{"id":4671,"date":"2019-04-04T16:48:11","date_gmt":"2019-04-04T20:48:11","guid":{"rendered":"http:\/\/revistajuridica.uprrp.edu\/?page_id=4671"},"modified":"2022-06-23T23:26:14","modified_gmt":"2022-06-23T23:26:14","slug":"volumen-79-numero-3","status":"publish","type":"page","link":"https:\/\/derecho.uprrp.edu\/revistajuridica\/volumen-79-numero-3\/","title":{"rendered":"VOLUMEN 79-N\u00daMERO 3"},"content":{"rendered":"<ul id=\"lcp_instance_0\" class=\"lcp_catlist\">\n<li>\n<h5 class=\"lcp_title\"><a href=\"https:\/\/derecho.uprrp.edu\/revistajuridica\/wp-content\/uploads\/sites\/4\/2019\/04\/01.Irisel.dedicatoria.vol_.79.3.pdf\" target=\"_blank\" rel=\"noopener\">Irisel Collazo Nazario, Mar\u00eda Genoveva Rodr\u00edguez Jim\u00e9nez: denuncia, igualdad y feminismo, 79 REV. JUR. UPR 783 (2010).<\/a><\/h5>\n<\/li>\n<li>\n<h5 class=\"lcp_title\"><a href=\"https:\/\/derecho.uprrp.edu\/revistajuridica\/wp-content\/uploads\/sites\/4\/2019\/04\/02.Abarca.DerechosHumanos.vol_.79.3.pdf\" target=\"_blank\" rel=\"noopener\">Marco A. Abarca, Discurso y pol\u00edtica de g\u00e9nero en el Derecho Internacional, 79 REV. JUR. UPR 797 (2010).<\/a><\/h5>\n<\/li>\n<li>\n<h5 class=\"lcp_title\"><a href=\"https:\/\/derecho.uprrp.edu\/revistajuridica\/wp-content\/uploads\/sites\/4\/2019\/04\/03.Oton_.AgendaInconclusa.vol_.79.3.pdf\" target=\"_blank\" rel=\"noopener\">Patricia Ot\u00f3n Olivieri, Agenda inconclusa: derechos sexuales y reproductivos desde la perspectiva de salud, REV. JUR. UPR 851 (2010).<\/a><\/h5>\n<\/li>\n<li>\n<h5 class=\"lcp_title\"><a href=\"https:\/\/derecho.uprrp.edu\/revistajuridica\/wp-content\/uploads\/sites\/4\/2019\/04\/04.RiveraTorres.Lactancia.vol_.79.3.pdf\" target=\"_blank\" rel=\"noopener\">Ver\u00f3nica Rivera Torres, Aproximaciones legales-feministas a las interrogantes pol\u00edticas en torno a la lactancia materna, 79 REV. JUR. UPR 879 (2010).<\/a><\/h5>\n<\/li>\n<li>\n<h5 class=\"lcp_title\"><a href=\"https:\/\/derecho.uprrp.edu\/revistajuridica\/wp-content\/uploads\/sites\/4\/2019\/04\/05.Romey_.inmateprofile.vol_.79.3.pdf\" target=\"_blank\" rel=\"noopener\">Carol M. Romey, Psychological Profile of Inmate Sample at the Vega Alta Penal Institution for Women, 79 REV. JUR. UPR 893 (2010).<\/a><\/h5>\n<\/li>\n<li>\n<h5 class=\"lcp_title\"><a href=\"https:\/\/derecho.uprrp.edu\/revistajuridica\/wp-content\/uploads\/sites\/4\/2019\/04\/06.Erika_.Patrimonial.vol_.79.3.pdf\" target=\"_blank\" rel=\"noopener\">\u00c9rika Font\u00e1nez Torres, La pol\u00edtica jur\u00eddica de la propiedad en Puerto Rico: un abordaje cr\u00edtico feminista en busca de igualdad y equidad para las mujeres, 79 REV. JUR. UPR 915 (2010).<\/a><\/h5>\n<\/li>\n<li>\n<h5 class=\"lcp_title\"><a href=\"https:\/\/derecho.uprrp.edu\/revistajuridica\/wp-content\/uploads\/sites\/4\/2019\/04\/07.Fiol_.vol79.3.pdf\" target=\"_blank\" rel=\"noopener\">Liana Fiol Matta, Mujeres en la Judicatura: balance al proceso de adjudicaci\u00f3n, 79 REV. JUR. UPR 957 (2010).<\/a><\/h5>\n<\/li>\n<li>\n<h5 class=\"lcp_title\"><a href=\"https:\/\/derecho.uprrp.edu\/revistajuridica\/wp-content\/uploads\/sites\/4\/2019\/04\/08.Ostolaza.PoliticaSexual.vol_.79.3.pdf\" target=\"_blank\" rel=\"noopener\">Margarita Ostolaza Bey, Pol\u00edtica sexual y agenda feminista, 79 REV. JUR. UPR 981 (2010).<\/a><\/h5>\n<\/li>\n<li>\n<h5 class=\"lcp_title\"><a href=\"https:\/\/derecho.uprrp.edu\/revistajuridica\/wp-content\/uploads\/sites\/4\/2019\/04\/09.Reyes_.DiscrimenAcademia.vol_.79.3.pdf\" target=\"_blank\" rel=\"noopener\">Yanira Reyes Gil, Mujeres ense\u00f1ando Derecho: estratificaci\u00f3n y discriminen por g\u00e9nero en la academia, 79 REV. JUR. UPR 1009 (2010).<\/a><\/h5>\n<\/li>\n<li>\n<h5 class=\"lcp_title\"><a href=\"https:\/\/derecho.uprrp.edu\/revistajuridica\/wp-content\/uploads\/sites\/4\/2019\/04\/10.Tabla_.Leyes-de-Mujeres.vol_.79.3.pdf\" target=\"_blank\" rel=\"noopener\">Algunas leyes de Puerto Rico relacionadas con las mujeres, 79 REV. JUR. UPR 1021 (2010).<\/a><\/h5>\n<\/li>\n<\/ul>\n","protected":false},"excerpt":{"rendered":"<p>Irisel Collazo Nazario, Mar\u00eda Genoveva Rodr\u00edguez Jim\u00e9nez: denuncia, igualdad y feminismo, 79 REV. JUR. UPR 783 (2010). Marco A. Abarca, Discurso y pol\u00edtica de g\u00e9nero en el Derecho Internacional, 79 REV. JUR. UPR 797 (2010). Patricia Ot\u00f3n Olivieri, Agenda inconclusa: derechos sexuales y reproductivos desde la perspectiva de salud, REV. JUR. UPR 851 (2010). Ver\u00f3nica<\/p>\n<div class=\"read-more\"><a href=\"https:\/\/derecho.uprrp.edu\/revistajuridica\/volumen-79-numero-3\/\" title=\"Read More\">Read More<\/a><\/div>\n","protected":false},"author":17,"featured_media":0,"parent":0,"menu_order":0,"comment_status":"closed","ping_status":"closed","template":"","meta":{"footnotes":""},"class_list":["post-4671","page","type-page","status-publish"],"_links":{"self":[{"href":"https:\/\/derecho.uprrp.edu\/revistajuridica\/wp-json\/wp\/v2\/pages\/4671","targetHints":{"allow":["GET"]}}],"collection":[{"href":"https:\/\/derecho.uprrp.edu\/revistajuridica\/wp-json\/wp\/v2\/pages"}],"about":[{"href":"https:\/\/derecho.uprrp.edu\/revistajuridica\/wp-json\/wp\/v2\/types\/page"}],"author":[{"embeddable":true,"href":"https:\/\/derecho.uprrp.edu\/revistajuridica\/wp-json\/wp\/v2\/users\/17"}],"replies":[{"embeddable":true,"href":"https:\/\/derecho.uprrp.edu\/revistajuridica\/wp-json\/wp\/v2\/comments?post=4671"}],"version-history":[{"count":2,"href":"https:\/\/derecho.uprrp.edu\/revistajuridica\/wp-json\/wp\/v2\/pages\/4671\/revisions"}],"predecessor-version":[{"id":6360,"href":"https:\/\/derecho.uprrp.edu\/revistajuridica\/wp-json\/wp\/v2\/pages\/4671\/revisions\/6360"}],"wp:attachment":[{"href":"https:\/\/derecho.uprrp.edu\/revistajuridica\/wp-json\/wp\/v2\/media?parent=4671"}],"curies":[{"name":"wp","href":"https:\/\/api.w.org\/{rel}","templated":true}]}}