{"id":4713,"date":"2019-04-04T20:51:36","date_gmt":"2019-04-05T00:51:36","guid":{"rendered":"http:\/\/revistajuridica.uprrp.edu\/?page_id=4713"},"modified":"2022-06-23T23:32:27","modified_gmt":"2022-06-23T23:32:27","slug":"volumen-79-numero-4","status":"publish","type":"page","link":"https:\/\/derecho.uprrp.edu\/revistajuridica\/volumen-79-numero-4\/","title":{"rendered":"VOLUMEN 79-N\u00daMERO 4"},"content":{"rendered":"<ul id=\"lcp_instance_0\" class=\"lcp_catlist\">\n<li>\n<h5 class=\"lcp_title\"><a href=\"https:\/\/derecho.uprrp.edu\/revistajuridica\/wp-content\/uploads\/sites\/4\/2019\/04\/01.-Ainsworth.tax-fraud.vol_.79.4.pdf\" target=\"_blank\" rel=\"noopener\">Richard T. Ainsworth, Tax Fraud in the Sales Tax: Zappers \u2013 What Are They? How Can Puerto Rico Block Them?, 79 REV JUR. UPR 1039 (2010).<\/a><\/h5>\n<\/li>\n<li>\n<h5 class=\"lcp_title\"><a href=\"https:\/\/derecho.uprrp.edu\/revistajuridica\/wp-content\/uploads\/sites\/4\/2019\/04\/02.-Feuillade.Exequatur.vol_.79.4.pdf\" target=\"_blank\" rel=\"noopener\">Milton C. Feuillade, El exequ\u00e1tur en las Reglas de Procedimiento Civil para el Tribunal General de Justicia de Puerto Rico, 79 REV. JUR. UPR 1067 (2010).<\/a><\/h5>\n<\/li>\n<li>\n<h5 class=\"lcp_title\"><a href=\"https:\/\/derecho.uprrp.edu\/revistajuridica\/wp-content\/uploads\/sites\/4\/2019\/04\/03.-Bernabe.Solidaridad.vol_.79.4.pdf\" target=\"_blank\" rel=\"noopener\">Alberto Bernabe-Riefkohl, Col\u00f3n v. Cooperativa de Seguros M\u00faltiples y el aparente conflicto entre las doctrina de la solidaridad y la inmunidad, 79 REV. JUR. UPR 1091 (2010).<\/a><\/h5>\n<\/li>\n<li>\n<h5 class=\"lcp_title\"><a href=\"https:\/\/derecho.uprrp.edu\/revistajuridica\/wp-content\/uploads\/sites\/4\/2019\/04\/04.-Manalich.Delito.vol_.79.4.pdf\" target=\"_blank\" rel=\"noopener\">Juan Pablo Ma\u00f1alich R., El concepto del delito bajo el C\u00f3digo Penal de Puerto Rico, 79 REV. JUR. UPR 1115 (2010).<\/a><\/h5>\n<\/li>\n<li>\n<h5 class=\"lcp_title\"><a href=\"https:\/\/derecho.uprrp.edu\/revistajuridica\/wp-content\/uploads\/sites\/4\/2019\/04\/05.-DoraNevarez.CodigoPenal.vol_.79.4.pdf\" target=\"_blank\" rel=\"noopener\">Dora Nevares Mu\u00f1iz, Las penas en el nuevo C\u00f3digo Penal: a cinco a\u00f1os de su vigencia, 79 REV. JUR. UPR 1129 (2010).<\/a><\/h5>\n<\/li>\n<li>\n<h5 class=\"lcp_title\"><a href=\"https:\/\/derecho.uprrp.edu\/revistajuridica\/wp-content\/uploads\/sites\/4\/2019\/04\/06.-Chiesa.Cooperadores.vol_.79.4.pdf\" target=\"_blank\" rel=\"noopener\">Luis E. Chiesa, Autores y cooperadores, 79 REV. JUR. UPR 1163 (2010).<\/a><\/h5>\n<\/li>\n<li>\n<h5 class=\"lcp_title\"><a href=\"https:\/\/derecho.uprrp.edu\/revistajuridica\/wp-content\/uploads\/sites\/4\/2019\/04\/07.-Veronica.DerechoAmbiental.vol_.79.4.pdf\" target=\"_blank\" rel=\"noopener\">Ver\u00f3nica Gonz\u00e1lez Rodr\u00edguez, Derecho penal ambiental: instrumento indispensable para la tutela del medioambiente, 79 REV. JUR. UPR 1189 (2010).<\/a><\/h5>\n<\/li>\n<li>\n<h5 class=\"lcp_title\"><a href=\"https:\/\/derecho.uprrp.edu\/revistajuridica\/wp-content\/uploads\/sites\/4\/2019\/04\/08.-DiazLebron.ADAA_.vol_.79.4.pdf\" target=\"_blank\" rel=\"noopener\">Juli\u00e1n D\u00edaz Morales &amp; Alexis J. Lebr\u00f3n Brayfield, The ADA Amendments Act and its Impact on Employment Discrimination Claims: a Necessary Change?, 79 REV. JUR. UPR 1211 (2010).<\/a><\/h5>\n<\/li>\n<li>\n<h5 class=\"lcp_title\"><a href=\"https:\/\/derecho.uprrp.edu\/revistajuridica\/wp-content\/uploads\/sites\/4\/2019\/04\/09.-Lorey.Intersex.vol_.79.4.pdf\" target=\"_blank\" rel=\"noopener\">Frances Lorey Gonz\u00e1lez Nieves, The Unarticulated Premise Underlying the Medical and Legal Management of Intersex People in Puerto Rico: Some Constitutional and Gender Issues, 79 REV JUR. UPR 1233 (2010).<\/a><\/h5>\n<\/li>\n<li>\n<h5 class=\"lcp_title\"><a href=\"https:\/\/derecho.uprrp.edu\/revistajuridica\/wp-content\/uploads\/sites\/4\/2019\/04\/10.-LopezLebron.DiscrimenNonProfits.vol_.79.4.pdf\" target=\"_blank\" rel=\"noopener\">Caroline L\u00f3pez Beauchamp &amp; Alexis J. Lebr\u00f3n Brayfield, Discrimen por orientaci\u00f3n sexual en las organizaciones sin fines de lucro, 79 REV. JUR. UPR 1247 (2010).<\/a><\/h5>\n<\/li>\n<li>\n<h5 class=\"lcp_title\"><a href=\"https:\/\/derecho.uprrp.edu\/revistajuridica\/wp-content\/uploads\/sites\/4\/2019\/04\/11.-MyrtaMorales.DiscrimenPobreza.vol_.79.4.pdf\" target=\"_blank\" rel=\"noopener\">Myrta Morales-Cruz, La experiencia de ense\u00f1ar un curso de derecho y pobreza en Puerto Rico: ensayo sobre el discrimen contra las personas de escasos recursos econ\u00f3micos, 79 REV. JUR. UPR 1267 (2010).<\/a><\/h5>\n<\/li>\n<\/ul>\n","protected":false},"excerpt":{"rendered":"<p>Richard T. Ainsworth, Tax Fraud in the Sales Tax: Zappers \u2013 What Are They? How Can Puerto Rico Block Them?, 79 REV JUR. UPR 1039 (2010). Milton C. Feuillade, El exequ\u00e1tur en las Reglas de Procedimiento Civil para el Tribunal General de Justicia de Puerto Rico, 79 REV. JUR. UPR 1067 (2010). Alberto Bernabe-Riefkohl, Col\u00f3n<\/p>\n<div class=\"read-more\"><a href=\"https:\/\/derecho.uprrp.edu\/revistajuridica\/volumen-79-numero-4\/\" title=\"Read More\">Read More<\/a><\/div>\n","protected":false},"author":17,"featured_media":0,"parent":0,"menu_order":0,"comment_status":"closed","ping_status":"closed","template":"","meta":{"footnotes":""},"class_list":["post-4713","page","type-page","status-publish"],"_links":{"self":[{"href":"https:\/\/derecho.uprrp.edu\/revistajuridica\/wp-json\/wp\/v2\/pages\/4713","targetHints":{"allow":["GET"]}}],"collection":[{"href":"https:\/\/derecho.uprrp.edu\/revistajuridica\/wp-json\/wp\/v2\/pages"}],"about":[{"href":"https:\/\/derecho.uprrp.edu\/revistajuridica\/wp-json\/wp\/v2\/types\/page"}],"author":[{"embeddable":true,"href":"https:\/\/derecho.uprrp.edu\/revistajuridica\/wp-json\/wp\/v2\/users\/17"}],"replies":[{"embeddable":true,"href":"https:\/\/derecho.uprrp.edu\/revistajuridica\/wp-json\/wp\/v2\/comments?post=4713"}],"version-history":[{"count":2,"href":"https:\/\/derecho.uprrp.edu\/revistajuridica\/wp-json\/wp\/v2\/pages\/4713\/revisions"}],"predecessor-version":[{"id":6362,"href":"https:\/\/derecho.uprrp.edu\/revistajuridica\/wp-json\/wp\/v2\/pages\/4713\/revisions\/6362"}],"wp:attachment":[{"href":"https:\/\/derecho.uprrp.edu\/revistajuridica\/wp-json\/wp\/v2\/media?parent=4713"}],"curies":[{"name":"wp","href":"https:\/\/api.w.org\/{rel}","templated":true}]}}