{"id":4735,"date":"2019-05-20T22:58:03","date_gmt":"2019-05-21T02:58:03","guid":{"rendered":"http:\/\/revistajuridica.uprrp.edu\/?page_id=4735"},"modified":"2022-06-24T20:41:59","modified_gmt":"2022-06-24T20:41:59","slug":"volumen-88-numero-3","status":"publish","type":"page","link":"https:\/\/derecho.uprrp.edu\/revistajuridica\/volumen-88-numero-3\/","title":{"rendered":"VOLUMEN 88-N\u00daMERO 3"},"content":{"rendered":"<ul id=\"lcp_instance_0\" class=\"lcp_catlist\">\n<li>\n<h5 class=\"lcp_title\"><a href=\"https:\/\/derecho.uprrp.edu\/revistajuridica\/wp-content\/uploads\/sites\/4\/2019\/06\/1-MACROS-Retorica-ideologia-y-evidencia-en-las-reformas-gubernamentales.pdf\" target=\"_blank\" rel=\"noopener\">Ret\u00f3rica, ideolog\u00eda y evidencia en las reformas gubernamentales<\/a><\/h5>\n<div class=\"lcp_excerpt\">Yolanda Cordero Nieves, Ret\u00f3rica, ideolog\u00eda y evidencia en las reformas gubernamentales, 88 Rev. Jur. UPR 614 (2019).<\/div>\n<p><a class=\"lcp_morelink\" href=\"https:\/\/derecho.uprrp.edu\/revistajuridica\/wp-content\/uploads\/sites\/4\/2019\/06\/1-MACROS-Retorica-ideologia-y-evidencia-en-las-reformas-gubernamentales.pdf\" target=\"_blank\" rel=\"noopener\">Art\u00edculo en PDF<\/a><\/li>\n<\/ul>\n<ul id=\"lcp_instance_0\" class=\"lcp_catlist\">\n<li>\n<h5 class=\"lcp_title\"><a href=\"https:\/\/derecho.uprrp.edu\/revistajuridica\/wp-content\/uploads\/sites\/4\/2019\/05\/Una-reforma-en-el-andamiaje-publico-democracia-deuda-y-la-Ley-del-nuevo-Gobierno.pdf\" target=\"_blank\" rel=\"noopener\">Una reforma en el andamiaje p\u00fablico: democracia, deuda y la Ley del nuevo Gobierno<\/a><\/h5>\n<div class=\"lcp_excerpt\">Mariana del Alba L\u00f3pez Rosado, Una reforma en el andamiaje p\u00fablico: democracia, deuda y la Ley del nuevo Gobierno, 88 Rev. Jur. UPR 642 (2019).<\/div>\n<p><a class=\"lcp_morelink\" href=\"https:\/\/derecho.uprrp.edu\/revistajuridica\/wp-content\/uploads\/sites\/4\/2019\/05\/Una-reforma-en-el-andamiaje-publico-democracia-deuda-y-la-Ley-del-nuevo-Gobierno.pdf\" target=\"_blank\" rel=\"noopener\">Art\u00edculo en PDF<\/a><\/li>\n<\/ul>\n<ul id=\"lcp_instance_0\" class=\"lcp_catlist\">\n<li>\n<h5 class=\"lcp_title\"><a href=\"https:\/\/derecho.uprrp.edu\/revistajuridica\/wp-content\/uploads\/sites\/4\/2019\/05\/Los-limites-a-limites-a-la-reorganizacion-gubernamental-mediante-ordenes-ejecutivas-Un-analisis-del-Proyecto-del-Senado-653-del-2017.pdf\" target=\"_blank\" rel=\"noopener\">Los l\u00edmites a la reorganizaci\u00f3n gubernamental mediante \u00f3rdenes ejecutivas: Un an\u00e1lisis del Proyecto del Senado 653 del 2017<\/a><\/h5>\n<div class=\"lcp_excerpt\">Grecia D\u00edaz S\u00e1nchez, Los l\u00edmites a l\u00edmites a la reorganizaci\u00f3n gubernamental mediante \u00f3rdenes ejecutivas: Un an\u00e1lisis del Proyecto del Senado 653 del 2017, 88 Rev. Jur. UPR 702 (2019).<\/div>\n<p><a class=\"lcp_morelink\" href=\"https:\/\/derecho.uprrp.edu\/revistajuridica\/wp-content\/uploads\/sites\/4\/2019\/05\/Los-limites-a-limites-a-la-reorganizacion-gubernamental-mediante-ordenes-ejecutivas-Un-analisis-del-Proyecto-del-Senado-653-del-2017.pdf\" target=\"_blank\" rel=\"noopener\">Art\u00edculo en PDF<\/a><\/li>\n<\/ul>\n<ul id=\"lcp_instance_0\" class=\"lcp_catlist\">\n<li>\n<h5 class=\"lcp_title\"><a href=\"https:\/\/derecho.uprrp.edu\/revistajuridica\/wp-content\/uploads\/sites\/4\/2019\/05\/Los-departamentos-sombrillas-en-Puerto-Rico.pdf\" target=\"_blank\" rel=\"noopener\">Los departamentos sombrillas en Puerto Rico<\/a><\/h5>\n<div class=\"lcp_excerpt\">Christian Arvelo Forteza, Los departamentos sombrillas en Puerto Rico, 88 Rev. Jur. UPR 720 (2019).<\/div>\n<p><a class=\"lcp_morelink\" href=\"https:\/\/derecho.uprrp.edu\/revistajuridica\/wp-content\/uploads\/sites\/4\/2019\/05\/Los-departamentos-sombrillas-en-Puerto-Rico.pdf\" target=\"_blank\" rel=\"noopener\">Art\u00edculo en PDF<\/a><\/li>\n<\/ul>\n<ul id=\"lcp_instance_0\" class=\"lcp_catlist\">\n<li>\n<h5 class=\"lcp_title\"><a href=\"https:\/\/derecho.uprrp.edu\/revistajuridica\/wp-content\/uploads\/sites\/4\/2019\/05\/El-Departamento-de-Seguridad-Publica-realidades-y-desafios.pdf\" target=\"_blank\" rel=\"noopener\">El Departamento de Seguridad P\u00fablica: realidades y desaf\u00edos<\/a><\/h5>\n<div class=\"lcp_excerpt\">Ram\u00f3n L. Rosario Cort\u00e9s, El Departamento de Seguridad P\u00fablica: realidades y desaf\u00edos, 88 Rev. Jur. UPR 754 (2019).<\/div>\n<p><a class=\"lcp_morelink\" href=\"https:\/\/derecho.uprrp.edu\/revistajuridica\/wp-content\/uploads\/sites\/4\/2019\/05\/El-Departamento-de-Seguridad-Publica-realidades-y-desafios.pdf\" target=\"_blank\" rel=\"noopener\">Art\u00edculo en PDF<\/a><\/li>\n<\/ul>\n<ul id=\"lcp_instance_0\" class=\"lcp_catlist\">\n<li>\n<h5 class=\"lcp_title\"><a href=\"https:\/\/derecho.uprrp.edu\/revistajuridica\/wp-content\/uploads\/sites\/4\/2019\/06\/6-MACROS-La-fiscalizacion-en-las-organizaciones-sin-fines-de-lucro.pdf\" target=\"_blank\" rel=\"noopener\">La fiscalizaci\u00f3n en las organizaciones sin fines de lucro<\/a><\/h5>\n<div class=\"lcp_excerpt\">Heike M. Tzieply, La fiscalizaci\u00f3n en las organizaciones sin fines de lucro, 88 Rev. Jur. UPR 770 (2019).<\/div>\n<p><a class=\"lcp_morelink\" href=\"https:\/\/derecho.uprrp.edu\/revistajuridica\/wp-content\/uploads\/sites\/4\/2019\/06\/6-MACROS-La-fiscalizacion-en-las-organizaciones-sin-fines-de-lucro.pdf\" target=\"_blank\" rel=\"noopener\">Art\u00edculo en PDF<\/a><\/li>\n<\/ul>\n<ul id=\"lcp_instance_0\" class=\"lcp_catlist\">\n<li>\n<h5 class=\"lcp_title\"><a href=\"https:\/\/derecho.uprrp.edu\/revistajuridica\/wp-content\/uploads\/sites\/4\/2019\/05\/Consideraciones-en-torno-a-las-culturas-que-plantean-la-dificultad-de-proyectos-y-legislaciones-educativa.pdf\" target=\"_blank\" rel=\"noopener\">Consideraciones en torno a las culturas que plantean la dificultad de proyectos y legislaciones educativas<\/a><\/h5>\n<div class=\"lcp_excerpt\">Rafael Aragunde, Consideraciones en torno a las culturas que plantean la dificultad de proyectos y legislaciones educativas, 88 Rev. Jur. UPR 806 (2019).<\/div>\n<p><a class=\"lcp_morelink\" href=\"https:\/\/derecho.uprrp.edu\/revistajuridica\/wp-content\/uploads\/sites\/4\/2019\/05\/Consideraciones-en-torno-a-las-culturas-que-plantean-la-dificultad-de-proyectos-y-legislaciones-educativa.pdf\" target=\"_blank\" rel=\"noopener\">Art\u00edculo en PDF<\/a><\/li>\n<\/ul>\n<ul id=\"lcp_instance_0\" class=\"lcp_catlist\">\n<li>\n<h5 class=\"lcp_title\"><a href=\"https:\/\/derecho.uprrp.edu\/revistajuridica\/wp-content\/uploads\/sites\/4\/2019\/05\/La-reorganizacion-del-Departamento-de-Educacion-tras-la-aprobacion-de-la-Ley-de-reforma-educativa.pdf\" target=\"_blank\" rel=\"noopener\">La reorganizaci\u00f3n del Departamento de Educaci\u00f3n tras la aprobaci\u00f3n de la Ley de reforma educativa<\/a><\/h5>\n<div class=\"lcp_excerpt\">Ana Helvia Quintero, La reorganizaci\u00f3n del Departamento de Educaci\u00f3n tras la aprobaci\u00f3n de la Ley de reforma educativa, 88 Rev. Jur. UPR 826 (2019).<\/div>\n<p><a class=\"lcp_morelink\" href=\"https:\/\/derecho.uprrp.edu\/revistajuridica\/wp-content\/uploads\/sites\/4\/2019\/05\/La-reorganizacion-del-Departamento-de-Educacion-tras-la-aprobacion-de-la-Ley-de-reforma-educativa.pdf\" target=\"_blank\" rel=\"noopener\">Art\u00edculo en PDF<\/a><\/li>\n<\/ul>\n<ul id=\"lcp_instance_0\" class=\"lcp_catlist\">\n<li>\n<h5 class=\"lcp_title\"><a href=\"https:\/\/derecho.uprrp.edu\/revistajuridica\/wp-content\/uploads\/sites\/4\/2019\/05\/Analisis-constitucional-sobre-la-implementacion-de-vales-educativos-en-Puerto-Rico.pdf\" target=\"_blank\" rel=\"noopener\">An\u00e1lisis constitucional sobre la implementaci\u00f3n de vales educativos en Puerto Rico<\/a><\/h5>\n<div class=\"lcp_excerpt\">Laura D\u00edaz Gonz\u00e1lez, An\u00e1lisis constitucional sobre la implementaci\u00f3n de vales educativos en Puerto Rico, 88 Rev. Jur. UPR 836 (2019).<\/div>\n<p><a class=\"lcp_morelink\" href=\"https:\/\/derecho.uprrp.edu\/revistajuridica\/wp-content\/uploads\/sites\/4\/2019\/05\/Analisis-constitucional-sobre-la-implementacion-de-vales-educativos-en-Puerto-Rico.pdf\" target=\"_blank\" rel=\"noopener\">Art\u00edculo en PDF<\/a><\/li>\n<\/ul>\n<ul id=\"lcp_instance_0\" class=\"lcp_catlist\">\n<li>\n<h5 class=\"lcp_title\"><a href=\"https:\/\/derecho.uprrp.edu\/revistajuridica\/wp-content\/uploads\/sites\/4\/2019\/05\/Puerto-Rico-Sostenimiento-de-escuelas-que-no-sean-las-del-Estado-escuelas-charter-escuelas-publicas-y-su-ordenamiento-juridico.pdf\" target=\"_blank\" rel=\"noopener\">Puerto Rico: Sostenimiento de escuelas que no sean las del Estado, escuelas \u201ccharter\u201d, escuelas p\u00fablicas y su ordenamiento jur\u00eddico<\/a><\/h5>\n<div class=\"lcp_excerpt\">Melissa L\u00f3pez D\u00edaz, Puerto Rico: Sostenimiento de escuelas que no sean las del Estado, escuelas \u201ccharter\u201d, escuelas p\u00fablicas y su ordenamiento jur\u00eddico, 88 Rev. Jur. UPR 868 (2019).<\/div>\n<p><a class=\"lcp_morelink\" href=\"https:\/\/derecho.uprrp.edu\/revistajuridica\/wp-content\/uploads\/sites\/4\/2019\/05\/Puerto-Rico-Sostenimiento-de-escuelas-que-no-sean-las-del-Estado-escuelas-charter-escuelas-publicas-y-su-ordenamiento-juridico.pdf\" target=\"_blank\" rel=\"noopener\">Art\u00edculo en PDF<\/a><\/li>\n<\/ul>\n<ul id=\"lcp_instance_0\" class=\"lcp_catlist\">\n<li>\n<h5 class=\"lcp_title\"><a href=\"https:\/\/derecho.uprrp.edu\/revistajuridica\/wp-content\/uploads\/sites\/4\/2019\/05\/Exit-Voice-and-Charter-Schools.pdf\" target=\"_blank\" rel=\"noopener\">Exit, Voice, and Charter Schools<\/a><\/h5>\n<div class=\"lcp_excerpt\">Samuel E. Abrams, Exit, Voice, and Charter Schools, 88 Rev. Jur. UPR 894 (2019).<\/div>\n<p><a class=\"lcp_morelink\" href=\"https:\/\/derecho.uprrp.edu\/revistajuridica\/wp-content\/uploads\/sites\/4\/2019\/05\/Exit-Voice-and-Charter-Schools.pdf\" target=\"_blank\" rel=\"noopener\">Art\u00edculo en PDF<\/a><\/li>\n<\/ul>\n<ul id=\"lcp_instance_0\" class=\"lcp_catlist\">\n<li>\n<h5 class=\"lcp_title\"><a href=\"https:\/\/derecho.uprrp.edu\/revistajuridica\/wp-content\/uploads\/sites\/4\/2019\/06\/12-MACRO.El-empleado-paciente-de-cannabis-medicinal-en-PR.pdf\" target=\"_blank\" rel=\"noopener\">El empleado-paciente de cannabis medicinal en Puerto Rico<\/a><\/h5>\n<div class=\"lcp_excerpt\">Jerry Negr\u00f3n Mar\u00edn, El empleado-paciente de cannabis medicinal en Puerto Rico, 88 Rev. Jur. UPR 920 (2019).<\/div>\n<p><a class=\"lcp_morelink\" href=\"https:\/\/derecho.uprrp.edu\/revistajuridica\/wp-content\/uploads\/sites\/4\/2019\/06\/12-MACRO.El-empleado-paciente-de-cannabis-medicinal-en-PR.pdf\" target=\"_blank\" rel=\"noopener\">Art\u00edculo en PDF<\/a><\/li>\n<\/ul>\n<ul id=\"lcp_instance_0\" class=\"lcp_catlist\">\n<li>\n<h5 class=\"lcp_title\"><a href=\"https:\/\/derecho.uprrp.edu\/revistajuridica\/wp-content\/uploads\/sites\/4\/2019\/05\/Una-mirada-a-la-industria-del-cannabis-medicinal-en-Puerto-Rico.pdf\" target=\"_blank\" rel=\"noopener\">Una mirada a la reci\u00e9n instituida industria del cannabis medicinal en Puerto Rico<\/a><\/h5>\n<div class=\"lcp_excerpt\">Natalia Rodr\u00edguez Burgos, Una mirada a la reci\u00e9n instituida industria del cannabis medicinal en Puerto Rico, 88 Rev. Jur. UPR 960 (2019).<\/div>\n<p><a class=\"lcp_morelink\" href=\"https:\/\/derecho.uprrp.edu\/revistajuridica\/wp-content\/uploads\/sites\/4\/2019\/05\/Una-mirada-a-la-industria-del-cannabis-medicinal-en-Puerto-Rico.pdf\" target=\"_blank\" rel=\"noopener\">Art\u00edculo en PDF<\/a><\/li>\n<\/ul>\n","protected":false},"excerpt":{"rendered":"<p>Ret\u00f3rica, ideolog\u00eda y evidencia en las reformas gubernamentales Yolanda Cordero Nieves, Ret\u00f3rica, ideolog\u00eda y evidencia en las reformas gubernamentales, 88 Rev. Jur. UPR 614 (2019). Art\u00edculo en PDF Una reforma en el andamiaje p\u00fablico: democracia, deuda y la Ley del nuevo Gobierno Mariana del Alba L\u00f3pez Rosado, Una reforma en el andamiaje p\u00fablico: democracia, deuda<\/p>\n<div class=\"read-more\"><a href=\"https:\/\/derecho.uprrp.edu\/revistajuridica\/volumen-88-numero-3\/\" title=\"Read More\">Read More<\/a><\/div>\n","protected":false},"author":17,"featured_media":0,"parent":0,"menu_order":0,"comment_status":"closed","ping_status":"closed","template":"","meta":{"footnotes":""},"class_list":["post-4735","page","type-page","status-publish"],"_links":{"self":[{"href":"https:\/\/derecho.uprrp.edu\/revistajuridica\/wp-json\/wp\/v2\/pages\/4735","targetHints":{"allow":["GET"]}}],"collection":[{"href":"https:\/\/derecho.uprrp.edu\/revistajuridica\/wp-json\/wp\/v2\/pages"}],"about":[{"href":"https:\/\/derecho.uprrp.edu\/revistajuridica\/wp-json\/wp\/v2\/types\/page"}],"author":[{"embeddable":true,"href":"https:\/\/derecho.uprrp.edu\/revistajuridica\/wp-json\/wp\/v2\/users\/17"}],"replies":[{"embeddable":true,"href":"https:\/\/derecho.uprrp.edu\/revistajuridica\/wp-json\/wp\/v2\/comments?post=4735"}],"version-history":[{"count":3,"href":"https:\/\/derecho.uprrp.edu\/revistajuridica\/wp-json\/wp\/v2\/pages\/4735\/revisions"}],"predecessor-version":[{"id":6401,"href":"https:\/\/derecho.uprrp.edu\/revistajuridica\/wp-json\/wp\/v2\/pages\/4735\/revisions\/6401"}],"wp:attachment":[{"href":"https:\/\/derecho.uprrp.edu\/revistajuridica\/wp-json\/wp\/v2\/media?parent=4735"}],"curies":[{"name":"wp","href":"https:\/\/api.w.org\/{rel}","templated":true}]}}