{"id":4757,"date":"2019-05-21T01:26:55","date_gmt":"2019-05-21T05:26:55","guid":{"rendered":"http:\/\/revistajuridica.uprrp.edu\/?page_id=4757"},"modified":"2022-06-24T20:35:13","modified_gmt":"2022-06-24T20:35:13","slug":"volumen-88-numero-2","status":"publish","type":"page","link":"https:\/\/derecho.uprrp.edu\/revistajuridica\/volumen-88-numero-2\/","title":{"rendered":"VOLUMEN 88-N\u00daMERO 2"},"content":{"rendered":"<ul id=\"lcp_instance_0\" class=\"lcp_catlist\">\n<li>\n<h5 class=\"lcp_title\"><a href=\"https:\/\/derecho.uprrp.edu\/revistajuridica\/wp-content\/uploads\/sites\/4\/2019\/05\/Alberto-Bernabe-Comentarios-sobre-la-propuesta-revisioen-del-Coedigo-Civil.pdf\" target=\"_blank\" rel=\"noopener\">Comentarios sobre la propuesta revisi\u00f3n del C\u00f3digo Civil: Responsabilidad Civil Extracontractual<\/a><\/h5>\n<div class=\"lcp_excerpt\">Alberto Bernabe, Comentarios sobre la propuesta revisi\u00f3n del C\u00f3digo Civil: Responsabilidad Civil Extracontractual, 88 Rev. Jur. UPR 342 (2019).<\/div>\n<p><a class=\"lcp_morelink\" href=\"https:\/\/derecho.uprrp.edu\/revistajuridica\/wp-content\/uploads\/sites\/4\/2019\/05\/Alberto-Bernabe-Comentarios-sobre-la-propuesta-revisioen-del-Coedigo-Civil.pdf\" target=\"_blank\" rel=\"noopener\">Art\u00edculo en PDF<\/a><\/li>\n<\/ul>\n<ul id=\"lcp_instance_0\" class=\"lcp_catlist\">\n<li>\n<h5 class=\"lcp_title\"><a href=\"https:\/\/derecho.uprrp.edu\/revistajuridica\/wp-content\/uploads\/sites\/4\/2019\/06\/El-Codigo-de-mejores-practicas.pdf\" target=\"_blank\" rel=\"noopener\">El c\u00f3digo de mejores pr\u00e1cticas del fair use en la comunidad acad\u00e9mica<\/a><\/h5>\n<div class=\"lcp_excerpt\">Jos\u00e9 R. L\u00f3pez Aceves, El c\u00f3digo de mejores pr\u00e1cticas del fair use en la comunidad acad\u00e9mica, 88 Rev. Jur. UPR 380 (2019).<\/div>\n<p><a class=\"lcp_morelink\" href=\"https:\/\/derecho.uprrp.edu\/revistajuridica\/wp-content\/uploads\/sites\/4\/2019\/06\/El-Codigo-de-mejores-practicas.pdf\" target=\"_blank\" rel=\"noopener\">Art\u00edculo en PDF<\/a><\/li>\n<\/ul>\n<ul id=\"lcp_instance_0\" class=\"lcp_catlist\">\n<li>\n<h5 class=\"lcp_title\"><a href=\"https:\/\/derecho.uprrp.edu\/revistajuridica\/wp-content\/uploads\/sites\/4\/2019\/06\/Proteccion-laboral-en-Puerto-Rico-para-personas-con-condiciones-de-salud-1.pdf\" target=\"_blank\" rel=\"noopener\">Protecci\u00f3n laboral en Puerto Rico para personas con condiciones de salud mental: \u00bfpr\u00e1ctica o ideolog\u00eda?<\/a><\/h5>\n<div class=\"lcp_excerpt\">Myrel Mar\u00edn Cruz, Protecci\u00f3n laboral en Puerto Rico para personas con condiciones de salud mental: \u00bfPr\u00e1ctica o ideolog\u00eda?, 88 Rev. Jur. UPR 420<\/div>\n<p><a class=\"lcp_morelink\" href=\"https:\/\/derecho.uprrp.edu\/revistajuridica\/wp-content\/uploads\/sites\/4\/2019\/06\/Proteccion-laboral-en-Puerto-Rico-para-personas-con-condiciones-de-salud-1.pdf\" target=\"_blank\" rel=\"noopener\">Art\u00edculo en PDF<\/a><\/li>\n<\/ul>\n<ul id=\"lcp_instance_0\" class=\"lcp_catlist\">\n<li>\n<h5 class=\"lcp_title\"><a href=\"https:\/\/derecho.uprrp.edu\/revistajuridica\/wp-content\/uploads\/sites\/4\/2019\/06\/El-fraude-de-paternidad.pdf\" target=\"_blank\" rel=\"noopener\">El fraude de paternidad y la acci\u00f3n en da\u00f1os y perjuicios<\/a><\/h5>\n<div class=\"lcp_excerpt\">Imari Mart\u00ednez Ramos, El fraude de paternidad y la acci\u00f3n en da\u00f1os y perjuicios, 88 Rev. Jur. UPR 448 (2019).<\/div>\n<p><a class=\"lcp_morelink\" href=\"https:\/\/derecho.uprrp.edu\/revistajuridica\/wp-content\/uploads\/sites\/4\/2019\/06\/El-fraude-de-paternidad.pdf\" target=\"_blank\" rel=\"noopener\">Art\u00edculo en PDF<\/a><\/li>\n<\/ul>\n<ul id=\"lcp_instance_0\" class=\"lcp_catlist\">\n<li>\n<h5 class=\"lcp_title\"><a href=\"https:\/\/derecho.uprrp.edu\/revistajuridica\/wp-content\/uploads\/sites\/4\/2019\/06\/The-New-Puerto-Rico-Inter-Vivos-Trust.pdf\" target=\"_blank\" rel=\"noopener\">The Four-Legged Bird that Barks and has a Tail: The \u201cNew\u201d Puerto Rico Inter Vivos Trust, Another Type of Business Organization?<\/a><\/h5>\n<div class=\"lcp_excerpt\">Alberto J. E. A\u00f1eses Negr\u00f3n, The Four-Legged Bird that Barks and has a Tail: The \u201cNew\u201d Puerto Rico Inter Vivos Trust, Another Type of Business Organization?, 88 Rev. Jur. UPR 498 (2019).<\/div>\n<p><a class=\"lcp_morelink\" href=\"https:\/\/derecho.uprrp.edu\/revistajuridica\/wp-content\/uploads\/sites\/4\/2019\/06\/The-New-Puerto-Rico-Inter-Vivos-Trust.pdf\" target=\"_blank\" rel=\"noopener\">Art\u00edculo en PDF<\/a><\/li>\n<\/ul>\n<ul id=\"lcp_instance_0\" class=\"lcp_catlist\">\n<li>\n<h5 class=\"lcp_title\"><a href=\"https:\/\/derecho.uprrp.edu\/revistajuridica\/wp-content\/uploads\/sites\/4\/2019\/06\/Procede-el-descuento-del-beneficio-por-desempleo-a-un-back-pay.pdf\" target=\"_blank\" rel=\"noopener\">\u00bfProcede el descuento del beneficio por desempleo a un back pay?<\/a><\/h5>\n<div class=\"lcp_excerpt\">Ilsa M. Torres Canales, \u00bfProcede el descuento del beneficio por desempleo a un back pay?, 88 Rev. Jur. UPR 586 (2019).<\/div>\n<p><a class=\"lcp_morelink\" href=\"https:\/\/derecho.uprrp.edu\/revistajuridica\/wp-content\/uploads\/sites\/4\/2019\/06\/Procede-el-descuento-del-beneficio-por-desempleo-a-un-back-pay.pdf\" target=\"_blank\" rel=\"noopener\">Art\u00edculo en PDF<\/a><\/li>\n<\/ul>\n<ul id=\"lcp_instance_0\" class=\"lcp_catlist\">\n<li>\n<h5 class=\"lcp_title\"><a href=\"https:\/\/derecho.uprrp.edu\/revistajuridica\/wp-content\/uploads\/sites\/4\/2019\/06\/Incapacidad-mental-por-quiste-aracnoideo.pdf\" target=\"_blank\" rel=\"noopener\">Incapacidad mental por quiste aracnoideo: Lesi\u00f3n cerebral en el l\u00f3bulo frontal como causa de inimputabilidad<\/a><\/h5>\n<div class=\"lcp_excerpt\">Paola M. Rivera Hern\u00e1ndez, Incapacidad mental por quiste aracnoideo: Lesi\u00f3n cerebral en el l\u00f3bulo frontal como causa de inimputabilidad, 88 Rev. Jur. UPR 600 (2019).<\/div>\n<p><a class=\"lcp_morelink\" href=\"https:\/\/derecho.uprrp.edu\/revistajuridica\/wp-content\/uploads\/sites\/4\/2019\/06\/Incapacidad-mental-por-quiste-aracnoideo.pdf\" target=\"_blank\" rel=\"noopener\">Art\u00edculo en PDF<\/a><\/li>\n<\/ul>\n<ul id=\"lcp_instance_0\" class=\"lcp_catlist\">\n<li>\n<h5 class=\"lcp_title\"><a href=\"https:\/\/derecho.uprrp.edu\/revistajuridica\/wp-content\/uploads\/sites\/4\/2019\/06\/La-doctrina-de-rebus-sic-stantibus.pdf\" target=\"_blank\" rel=\"noopener\">An\u00e1lisis de la doctrina rebus sic stantibus a la luz de las decisiones de los tribunales y la modificaci\u00f3n de los contratos en ciclos econ\u00f3micos<\/a><\/h5>\n<div class=\"lcp_excerpt\">Nicolemarie Pe\u00f1a Cartagena, An\u00e1lisis de la doctrina rebus sic stantibus a la luz de las decisiones de los tribunales y la modificaci\u00f3n de los contratos en ciclos econ\u00f3micos, 88 Rev. Jur. UPR 540 (2019).<\/div>\n<p><a class=\"lcp_morelink\" href=\"https:\/\/derecho.uprrp.edu\/revistajuridica\/wp-content\/uploads\/sites\/4\/2019\/06\/La-doctrina-de-rebus-sic-stantibus.pdf\" target=\"_blank\" rel=\"noopener\">Art\u00edculo en PDF<\/a><\/li>\n<\/ul>\n<ul id=\"lcp_instance_0\" class=\"lcp_catlist\">\n<li>\n<h5 class=\"lcp_title\"><a href=\"https:\/\/derecho.uprrp.edu\/revistajuridica\/wp-content\/uploads\/sites\/4\/2019\/06\/Donaciones-y-ventas-reciprocas-entre-conyuges.pdf\" target=\"_blank\" rel=\"noopener\">El estado de derecho an\u00f3malo en la libre transferibilidad de bienes: la situaci\u00f3n de donaciones y las ventas rec\u00edprocas entre los c\u00f3nyuges<\/a><\/h5>\n<div class=\"lcp_excerpt\">Jos\u00e9 C. Camacho V\u00e1zquez, El estado de derecho an\u00f3malo en la libre transferibilidad de bienes: la situaci\u00f3n de donaciones y las ventas rec\u00edprocas entre los c\u00f3nyuges, 88 Rev. Jur. UPR 474 (2019).<\/div>\n<p><a class=\"lcp_morelink\" href=\"https:\/\/derecho.uprrp.edu\/revistajuridica\/wp-content\/uploads\/sites\/4\/2019\/06\/Donaciones-y-ventas-reciprocas-entre-conyuges.pdf\" target=\"_blank\" rel=\"noopener\">Art\u00edculo en PDF<\/a><\/li>\n<\/ul>\n","protected":false},"excerpt":{"rendered":"<p>Comentarios sobre la propuesta revisi\u00f3n del C\u00f3digo Civil: Responsabilidad Civil Extracontractual Alberto Bernabe, Comentarios sobre la propuesta revisi\u00f3n del C\u00f3digo Civil: Responsabilidad Civil Extracontractual, 88 Rev. Jur. UPR 342 (2019). Art\u00edculo en PDF El c\u00f3digo de mejores pr\u00e1cticas del fair use en la comunidad acad\u00e9mica Jos\u00e9 R. L\u00f3pez Aceves, El c\u00f3digo de mejores pr\u00e1cticas del<\/p>\n<div class=\"read-more\"><a href=\"https:\/\/derecho.uprrp.edu\/revistajuridica\/volumen-88-numero-2\/\" title=\"Read More\">Read More<\/a><\/div>\n","protected":false},"author":17,"featured_media":0,"parent":0,"menu_order":0,"comment_status":"closed","ping_status":"closed","template":"","meta":{"footnotes":""},"class_list":["post-4757","page","type-page","status-publish"],"_links":{"self":[{"href":"https:\/\/derecho.uprrp.edu\/revistajuridica\/wp-json\/wp\/v2\/pages\/4757","targetHints":{"allow":["GET"]}}],"collection":[{"href":"https:\/\/derecho.uprrp.edu\/revistajuridica\/wp-json\/wp\/v2\/pages"}],"about":[{"href":"https:\/\/derecho.uprrp.edu\/revistajuridica\/wp-json\/wp\/v2\/types\/page"}],"author":[{"embeddable":true,"href":"https:\/\/derecho.uprrp.edu\/revistajuridica\/wp-json\/wp\/v2\/users\/17"}],"replies":[{"embeddable":true,"href":"https:\/\/derecho.uprrp.edu\/revistajuridica\/wp-json\/wp\/v2\/comments?post=4757"}],"version-history":[{"count":3,"href":"https:\/\/derecho.uprrp.edu\/revistajuridica\/wp-json\/wp\/v2\/pages\/4757\/revisions"}],"predecessor-version":[{"id":6400,"href":"https:\/\/derecho.uprrp.edu\/revistajuridica\/wp-json\/wp\/v2\/pages\/4757\/revisions\/6400"}],"wp:attachment":[{"href":"https:\/\/derecho.uprrp.edu\/revistajuridica\/wp-json\/wp\/v2\/media?parent=4757"}],"curies":[{"name":"wp","href":"https:\/\/api.w.org\/{rel}","templated":true}]}}