{"id":4994,"date":"2019-05-22T17:00:47","date_gmt":"2019-05-22T21:00:47","guid":{"rendered":"http:\/\/revistajuridica.uprrp.edu\/?page_id=4994"},"modified":"2022-06-24T20:55:36","modified_gmt":"2022-06-24T20:55:36","slug":"volumen-88-numero-4","status":"publish","type":"page","link":"https:\/\/derecho.uprrp.edu\/revistajuridica\/volumen-88-numero-4\/","title":{"rendered":"VOLUMEN 88-N\u00daMERO 4"},"content":{"rendered":"<ul id=\"lcp_instance_0\" class=\"lcp_catlist\">\n<li>\n<h5 class=\"lcp_title\"><a href=\"https:\/\/derecho.uprrp.edu\/revistajuridica\/wp-content\/uploads\/sites\/4\/2019\/06\/La-Justicia-Juvenil-en-Puerto-Rico.pdf\" target=\"_blank\" rel=\"noopener\">La justicia juvenil en Puerto Rico: \u00bfUna falacia jur\u00eddica?<\/a><\/h5>\n<div class=\"lcp_excerpt\">M\u00f3nica A. Pati\u00f1o Mej\u00eda, La justicia juvenil en Puerto Rico: \u00bfUna falacia jur\u00eddica?, 88 Rev. Jur. UPR 994 (2019).<\/div>\n<p><a class=\"lcp_morelink\" href=\"https:\/\/derecho.uprrp.edu\/revistajuridica\/wp-content\/uploads\/sites\/4\/2019\/06\/La-Justicia-Juvenil-en-Puerto-Rico.pdf\" target=\"_blank\" rel=\"noopener\">Art\u00edculo en PDF<\/a><\/li>\n<\/ul>\n<ul id=\"lcp_instance_0\" class=\"lcp_catlist\">\n<li>\n<h5 class=\"lcp_title\"><a href=\"https:\/\/derecho.uprrp.edu\/revistajuridica\/wp-content\/uploads\/sites\/4\/2019\/06\/En-defensa-del-establecimiento-de-una-Edad-minima-de-responsabilidad-penal.pdf\" target=\"_blank\" rel=\"noopener\">En defensa del establecimiento de una edad m\u00ednima de responsabilidad penal<\/a><\/h5>\n<div class=\"lcp_excerpt\">Athelyn Jim\u00e9nez Emmanuelli, En defensa del establecimiento de una edad m\u00ednima de responsabilidad penal, 88 Rev. Jur. UPR 1042 (2019).<\/div>\n<p><a class=\"lcp_morelink\" href=\"https:\/\/derecho.uprrp.edu\/revistajuridica\/wp-content\/uploads\/sites\/4\/2019\/06\/En-defensa-del-establecimiento-de-una-Edad-minima-de-responsabilidad-penal.pdf\" target=\"_blank\" rel=\"noopener\">Art\u00edculo en PDF<\/a><\/li>\n<\/ul>\n<ul id=\"lcp_instance_0\" class=\"lcp_catlist\">\n<li>\n<h5 class=\"lcp_title\"><a href=\"https:\/\/derecho.uprrp.edu\/revistajuridica\/wp-content\/uploads\/sites\/4\/2019\/06\/Teenage-Brain-Development-Its-Impact-on-Criminal-Activity-and-Trial-Sentencing.pdf\" target=\"_blank\" rel=\"noopener\">Teenage Brain Development: Its Impact on Criminal Activity and Trial Sentencing<\/a><\/h5>\n<div class=\"lcp_excerpt\">Gretchen M. Col\u00f3n-Fuentes, Teenage Brain Development: Its Impact on Criminal Activity and Trial Sentencing, 88 Rev. Jur. UPR 1062 (2019).<\/div>\n<p><a class=\"lcp_morelink\" href=\"https:\/\/derecho.uprrp.edu\/revistajuridica\/wp-content\/uploads\/sites\/4\/2019\/06\/Teenage-Brain-Development-Its-Impact-on-Criminal-Activity-and-Trial-Sentencing.pdf\" target=\"_blank\" rel=\"noopener\">Art\u00edculo en PDF<\/a><\/li>\n<\/ul>\n<ul id=\"lcp_instance_0\" class=\"lcp_catlist\">\n<li>\n<h5 class=\"lcp_title\"><a href=\"https:\/\/derecho.uprrp.edu\/revistajuridica\/wp-content\/uploads\/sites\/4\/2019\/06\/La-minoria-de-edad-y-la-capacidad-progresiva-en-el-ambito-civil.pdf\" target=\"_blank\" rel=\"noopener\">La minor\u00eda de edad y la capacidad progresiva en el \u00e1mbito civil<\/a><\/h5>\n<div class=\"lcp_excerpt\">Hedy I. Nieves Crespo, La minor\u00eda de edad y la capacidad progresiva en el \u00e1mbito civil, 88 Rev. Jur. UPR. 1102 (2019).<\/div>\n<p><a class=\"lcp_morelink\" href=\"https:\/\/derecho.uprrp.edu\/revistajuridica\/wp-content\/uploads\/sites\/4\/2019\/06\/La-minoria-de-edad-y-la-capacidad-progresiva-en-el-ambito-civil.pdf\" target=\"_blank\" rel=\"noopener\">Art\u00edculo en PDF<\/a><\/li>\n<\/ul>\n<ul id=\"lcp_instance_0\" class=\"lcp_catlist\">\n<li>\n<h5 class=\"lcp_title\"><a href=\"https:\/\/derecho.uprrp.edu\/revistajuridica\/wp-content\/uploads\/sites\/4\/2019\/06\/Las-renuncias-discrecionales-de-la-jurisdiccion-del-Tribunal-de-Menores.pdf\" target=\"_blank\" rel=\"noopener\">Las renuncias discrecionales de la jurisdicci\u00f3n del Tribunal de Menores ante el desarrollo cerebral a temprana edad<\/a><\/h5>\n<div class=\"lcp_excerpt\">Juli\u00e1n M Caraballo Clemente, Las renuncias discrecionales de la jurisdicci\u00f3n del Tribunal de Menores ante el desarrollo cerebral a temprana edad, 88 Rev. Jur. UPR 1082 (2019).<\/div>\n<p><a class=\"lcp_morelink\" href=\"https:\/\/derecho.uprrp.edu\/revistajuridica\/wp-content\/uploads\/sites\/4\/2019\/06\/Las-renuncias-discrecionales-de-la-jurisdiccion-del-Tribunal-de-Menores.pdf\" target=\"_blank\" rel=\"noopener\">Art\u00edculo en PDF<\/a><\/li>\n<\/ul>\n<ul id=\"lcp_instance_0\" class=\"lcp_catlist\">\n<li>\n<h5 class=\"lcp_title\"><a href=\"https:\/\/derecho.uprrp.edu\/revistajuridica\/wp-content\/uploads\/sites\/4\/2019\/06\/Mi-hijo-mi-derecho.pdf\" target=\"_blank\" rel=\"noopener\">\u00bfMi hijo, mi derecho? Los derechos de los padres en contraposici\u00f3n con los derechos de los menores en cuanto a las terapias de conversi\u00f3n<\/a><\/h5>\n<div class=\"lcp_excerpt\">Alayra Figueroa Gonz\u00e1lez, \u00bfMi hijo, mi derecho? Los derechos de los padress en contraposici\u00f3n con los derechos de los menores en cuanto a las terapias de conversi\u00f3n, 88 Rev. Jur. UPR 1146 (2019).<\/div>\n<p><a class=\"lcp_morelink\" href=\"https:\/\/derecho.uprrp.edu\/revistajuridica\/wp-content\/uploads\/sites\/4\/2019\/06\/Mi-hijo-mi-derecho.pdf\" target=\"_blank\" rel=\"noopener\">Art\u00edculo en PDF<\/a><\/li>\n<\/ul>\n<ul id=\"lcp_instance_0\" class=\"lcp_catlist\">\n<li>\n<h5 class=\"lcp_title\"><a href=\"https:\/\/derecho.uprrp.edu\/revistajuridica\/wp-content\/uploads\/sites\/4\/2019\/06\/Neurociencia-y-la-capacidad-de-consentimiento-sexual-del-menor-victima.pdf\" target=\"_blank\" rel=\"noopener\">Neurociencia y la capacidad de consentimiento sexual del menor v\u00edctima<\/a><\/h5>\n<div class=\"lcp_excerpt\">Michelle Ramos Morales, Neurociencia y la capacidad de consentimiento sexual del menor v\u00edctima, 88 Rev. Jur. UPR 1170 (2019).<\/div>\n<p><a class=\"lcp_morelink\" href=\"https:\/\/derecho.uprrp.edu\/revistajuridica\/wp-content\/uploads\/sites\/4\/2019\/06\/Neurociencia-y-la-capacidad-de-consentimiento-sexual-del-menor-victima.pdf\" target=\"_blank\" rel=\"noopener\">Art\u00edculo en PDF<\/a><\/li>\n<\/ul>\n<ul id=\"lcp_instance_0\" class=\"lcp_catlist\">\n<li>\n<h5 class=\"lcp_title\"><a href=\"https:\/\/derecho.uprrp.edu\/revistajuridica\/wp-content\/uploads\/sites\/4\/2019\/06\/El-lado-oculto-del-desarrollo-en-Puerto-Rico-Un-desafio-de-justicia.pdf\" target=\"_blank\" rel=\"noopener\">El lado oculto del desarrollo en Puerto Rico: Un desaf\u00edo de justicia<\/a><\/h5>\n<div class=\"lcp_excerpt\">C\u00e9sar A. Rey- Hern\u00e1ndez, El lado oculto del desarrollo en Puerto Rico: Un desaf\u00edo de justicia, 88 Rev. Jur. UPR 1204 (2019).<\/div>\n<p><a class=\"lcp_morelink\" href=\"https:\/\/derecho.uprrp.edu\/revistajuridica\/wp-content\/uploads\/sites\/4\/2019\/06\/El-lado-oculto-del-desarrollo-en-Puerto-Rico-Un-desafio-de-justicia.pdf\" target=\"_blank\" rel=\"noopener\">Art\u00edculo en PDF<\/a><\/li>\n<\/ul>\n<ul id=\"lcp_instance_0\" class=\"lcp_catlist\">\n<li>\n<h5 class=\"lcp_title\"><a href=\"https:\/\/derecho.uprrp.edu\/revistajuridica\/wp-content\/uploads\/sites\/4\/2019\/06\/La-trata-humana-como-delito-y-la-explotacion-sexual-infantil.pdf\" target=\"_blank\" rel=\"noopener\">La trata humana como delito y la explotaci\u00f3n sexual infantil<\/a><\/h5>\n<div class=\"lcp_excerpt\">Gabriela Jos\u00e9 Cintr\u00f3n Col\u00f3n, La trata humana como delito y la explotaci\u00f3n sexual infantil, 88 Rev. Jur. UPR 1212 (2019).<\/div>\n<p><a class=\"lcp_morelink\" href=\"https:\/\/derecho.uprrp.edu\/revistajuridica\/wp-content\/uploads\/sites\/4\/2019\/06\/La-trata-humana-como-delito-y-la-explotacion-sexual-infantil.pdf\" target=\"_blank\" rel=\"noopener\">Art\u00edculo en PDF<\/a><\/li>\n<\/ul>\n<ul id=\"lcp_instance_0\" class=\"lcp_catlist\">\n<li>\n<h5 class=\"lcp_title\"><a href=\"https:\/\/derecho.uprrp.edu\/revistajuridica\/wp-content\/uploads\/sites\/4\/2019\/06\/Manipulacion-y-reclutamiento-voluntario-en-la-trata-de-adolescentes.pdf\" target=\"_blank\" rel=\"noopener\">Manipulaci\u00f3n y reclutamiento voluntario en la trata de adolescentes<\/a><\/h5>\n<div class=\"lcp_excerpt\">Jean-Carlo Andr\u00e9s P\u00e9rez Nieves, Manipulaci\u00f3n y reclutamiento voluntario en la trata de adolescentes, 88 Rev. Jur. UPR 1241 (2019).<\/div>\n<p><a class=\"lcp_morelink\" href=\"https:\/\/derecho.uprrp.edu\/revistajuridica\/wp-content\/uploads\/sites\/4\/2019\/06\/Manipulacion-y-reclutamiento-voluntario-en-la-trata-de-adolescentes.pdf\" target=\"_blank\" rel=\"noopener\">Art\u00edculo en PDF<\/a><\/li>\n<\/ul>\n","protected":false},"excerpt":{"rendered":"<p>La justicia juvenil en Puerto Rico: \u00bfUna falacia jur\u00eddica? M\u00f3nica A. Pati\u00f1o Mej\u00eda, La justicia juvenil en Puerto Rico: \u00bfUna falacia jur\u00eddica?, 88 Rev. Jur. UPR 994 (2019). Art\u00edculo en PDF En defensa del establecimiento de una edad m\u00ednima de responsabilidad penal Athelyn Jim\u00e9nez Emmanuelli, En defensa del establecimiento de una edad m\u00ednima de responsabilidad<\/p>\n<div class=\"read-more\"><a href=\"https:\/\/derecho.uprrp.edu\/revistajuridica\/volumen-88-numero-4\/\" title=\"Read More\">Read More<\/a><\/div>\n","protected":false},"author":17,"featured_media":0,"parent":0,"menu_order":0,"comment_status":"closed","ping_status":"closed","template":"","meta":{"footnotes":""},"class_list":["post-4994","page","type-page","status-publish"],"_links":{"self":[{"href":"https:\/\/derecho.uprrp.edu\/revistajuridica\/wp-json\/wp\/v2\/pages\/4994","targetHints":{"allow":["GET"]}}],"collection":[{"href":"https:\/\/derecho.uprrp.edu\/revistajuridica\/wp-json\/wp\/v2\/pages"}],"about":[{"href":"https:\/\/derecho.uprrp.edu\/revistajuridica\/wp-json\/wp\/v2\/types\/page"}],"author":[{"embeddable":true,"href":"https:\/\/derecho.uprrp.edu\/revistajuridica\/wp-json\/wp\/v2\/users\/17"}],"replies":[{"embeddable":true,"href":"https:\/\/derecho.uprrp.edu\/revistajuridica\/wp-json\/wp\/v2\/comments?post=4994"}],"version-history":[{"count":3,"href":"https:\/\/derecho.uprrp.edu\/revistajuridica\/wp-json\/wp\/v2\/pages\/4994\/revisions"}],"predecessor-version":[{"id":6402,"href":"https:\/\/derecho.uprrp.edu\/revistajuridica\/wp-json\/wp\/v2\/pages\/4994\/revisions\/6402"}],"wp:attachment":[{"href":"https:\/\/derecho.uprrp.edu\/revistajuridica\/wp-json\/wp\/v2\/media?parent=4994"}],"curies":[{"name":"wp","href":"https:\/\/api.w.org\/{rel}","templated":true}]}}