{"id":530,"date":"2016-05-03T20:35:29","date_gmt":"2016-05-03T20:35:29","guid":{"rendered":"http:\/\/revistajuridica.uprrp.edu\/wp\/?page_id=530"},"modified":"2025-07-02T16:31:52","modified_gmt":"2025-07-02T20:31:52","slug":"como-publicar","status":"publish","type":"page","link":"https:\/\/derecho.uprrp.edu\/revistajuridica\/como-publicar\/","title":{"rendered":"C\u00f3mo publicar"},"content":{"rendered":"<p>La Revista Jur\u00eddica de la Universidad de Puerto Rico es la revista jur\u00eddica de mayor envergadura en nuestro ordenamiento. Esta es administrada y editada por estudiantes de la Escuela de Derecho. El prop\u00f3sito de este espacio es servir como \u00a0punto de partida para la discusi\u00f3n p\u00fablica de asuntos jur\u00eddicos en Puerto Rico.<\/p>\n<p>Publicamos un nutrido n\u00famero de trabajos de diversa \u00edndole de autores con distintos trasfondos acad\u00e9micos. De conformidad con nuestro objetivo de estimular la discusi\u00f3n y propender al desarrollo del Derecho puertorrique\u00f1o, la Revista Jur\u00eddica considera trabajos escritos por estudiantes, acad\u00e9micos, profesionales, miembros de la judicatura y personas cuyos estudios no se limitan estrictamente al campo del Derecho. Los trabajos de calidad publicable deben cumplir con las normas contenidas del\u00a0 <a href=\"https:\/\/derecho.uprrp.edu\/revistajuridica\/wp-content\/uploads\/sites\/4\/2024\/06\/Manual-de-Citacion-Uniforme-Segunda-Edicion-2024.pdf\">Manual de Citaci\u00f3n Uniforme (2da. edici\u00f3n 2024) <\/a>\u00a0y citar conforme al sistema de citaci\u00f3n\u00a0The Bluebook: A Uniform System of Citation (21th ed.). El contenido del escrito debe guardar relaci\u00f3n con temas jur\u00eddicos y su extensi\u00f3n debe comprender como m\u00ednimo 8,500 palabras.<\/p>\n<p><strong>Si desea que consideremos alg\u00fan escrito para publicar en la Revista Jur\u00eddica, el mismo debe estar redactado en ingl\u00e9s o en espa\u00f1ol y deber\u00e1 ser enviarlo en formato Word al correo electr\u00f3nico de la Revista, <a href=\"mailto:revistajuridica.derecho@upr.edu\">revistajuridica.derecho@upr.edu<\/a>.<\/strong><\/p>\n","protected":false},"excerpt":{"rendered":"<p>La Revista Jur\u00eddica de la Universidad de Puerto Rico es la revista jur\u00eddica de mayor envergadura en nuestro ordenamiento. Esta es administrada y editada por estudiantes de la Escuela de Derecho. El prop\u00f3sito de este espacio es servir como \u00a0punto de partida para la discusi\u00f3n p\u00fablica de asuntos jur\u00eddicos en Puerto Rico. Publicamos un nutrido<\/p>\n<div class=\"read-more\"><a href=\"https:\/\/derecho.uprrp.edu\/revistajuridica\/como-publicar\/\" title=\"Read More\">Read More<\/a><\/div>\n","protected":false},"author":10401,"featured_media":0,"parent":0,"menu_order":0,"comment_status":"closed","ping_status":"closed","template":"","meta":{"footnotes":""},"class_list":["post-530","page","type-page","status-publish"],"_links":{"self":[{"href":"https:\/\/derecho.uprrp.edu\/revistajuridica\/wp-json\/wp\/v2\/pages\/530","targetHints":{"allow":["GET"]}}],"collection":[{"href":"https:\/\/derecho.uprrp.edu\/revistajuridica\/wp-json\/wp\/v2\/pages"}],"about":[{"href":"https:\/\/derecho.uprrp.edu\/revistajuridica\/wp-json\/wp\/v2\/types\/page"}],"author":[{"embeddable":true,"href":"https:\/\/derecho.uprrp.edu\/revistajuridica\/wp-json\/wp\/v2\/users\/10401"}],"replies":[{"embeddable":true,"href":"https:\/\/derecho.uprrp.edu\/revistajuridica\/wp-json\/wp\/v2\/comments?post=530"}],"version-history":[{"count":9,"href":"https:\/\/derecho.uprrp.edu\/revistajuridica\/wp-json\/wp\/v2\/pages\/530\/revisions"}],"predecessor-version":[{"id":7669,"href":"https:\/\/derecho.uprrp.edu\/revistajuridica\/wp-json\/wp\/v2\/pages\/530\/revisions\/7669"}],"wp:attachment":[{"href":"https:\/\/derecho.uprrp.edu\/revistajuridica\/wp-json\/wp\/v2\/media?parent=530"}],"curies":[{"name":"wp","href":"https:\/\/api.w.org\/{rel}","templated":true}]}}