{"id":5430,"date":"2020-11-27T00:00:54","date_gmt":"2020-11-27T04:00:54","guid":{"rendered":"http:\/\/revistajuridica.uprrp.edu\/?page_id=5430"},"modified":"2022-06-24T19:27:21","modified_gmt":"2022-06-24T19:27:21","slug":"volumen-89-numero-1","status":"publish","type":"page","link":"https:\/\/derecho.uprrp.edu\/revistajuridica\/volumen-89-numero-1\/","title":{"rendered":"VOLUMEN 89-N\u00daMERO 1"},"content":{"rendered":"<ul id=\"lcp_instance_0\" class=\"lcp_catlist\">\n<li>\n<h5 class=\"lcp_title\"><a href=\"https:\/\/derecho.uprrp.edu\/revistajuridica\/wp-content\/uploads\/sites\/4\/2020\/11\/2-RICKYRENUNCIA.pdf\" target=\"_blank\" rel=\"noopener\">#RickyRenuncia: Responsabilidad ciudadana y el estado de situaci\u00f3n en Puerto Rico<\/a><\/h5>\n<div class=\"lcp_excerpt\">Omaya Sosa Pascual, #RickyRenuncia: Responsabilidad ciudadana y el estado de situaci\u00f3n en Puerto Rico, 89 Rev. Jur. UPR 3 (2020).<\/div>\n<p><a class=\"lcp_morelink\" href=\"https:\/\/derecho.uprrp.edu\/revistajuridica\/wp-content\/uploads\/sites\/4\/2020\/11\/2-RICKYRENUNCIA.pdf\" target=\"_blank\" rel=\"noopener\">Art\u00edculo en PDF<\/a><\/li>\n<\/ul>\n<ul id=\"lcp_instance_0\" class=\"lcp_catlist\">\n<li>\n<h5 class=\"lcp_title\"><a href=\"https:\/\/derecho.uprrp.edu\/revistajuridica\/wp-content\/uploads\/sites\/4\/2020\/11\/3-ABRIENDO-PASO-A-LA-DISCUSION.pdf\" target=\"_blank\" rel=\"noopener\">Abriendo paso a la discusi\u00f3n: ecofeminismo como modelo sostenible de gobierno<\/a><\/h5>\n<div class=\"lcp_excerpt\">Edwin Amaury Marrero P\u00e9rez, Abriendo paso a la discusi\u00f3n: ecofeminismo como modelo sostenible de gobierno, 89 Rev. Jur. UPR 11 (2020).<\/div>\n<p><a class=\"lcp_morelink\" href=\"https:\/\/derecho.uprrp.edu\/revistajuridica\/wp-content\/uploads\/sites\/4\/2020\/11\/3-ABRIENDO-PASO-A-LA-DISCUSION.pdf\" target=\"_blank\" rel=\"noopener\">Art\u00edculo en PDF<\/a><\/li>\n<\/ul>\n<ul id=\"lcp_instance_0\" class=\"lcp_catlist\">\n<li>\n<h5 class=\"lcp_title\"><a href=\"https:\/\/derecho.uprrp.edu\/revistajuridica\/wp-content\/uploads\/sites\/4\/2020\/11\/1-Discurso.pdf\" target=\"_blank\" rel=\"noopener\">Discurso de las Directoras<\/a><\/h5>\n<div class=\"lcp_excerpt\">Mildred M. Mel\u00e9ndez Otero, Natalia Rodr\u00edguez Burgos &amp; Roc\u00edo del Mar Rom\u00e1n Aguil\u00fa, Discurso de las Directoras, 89 Rev. Jur. UPR 1 (2020).<\/div>\n<p><a class=\"lcp_morelink\" href=\"https:\/\/derecho.uprrp.edu\/revistajuridica\/wp-content\/uploads\/sites\/4\/2020\/11\/1-Discurso.pdf\" target=\"_blank\" rel=\"noopener\">Art\u00edculo en PDF<\/a><\/li>\n<\/ul>\n<ul id=\"lcp_instance_0\" class=\"lcp_catlist\">\n<li>\n<h5 class=\"lcp_title\"><a href=\"https:\/\/derecho.uprrp.edu\/revistajuridica\/wp-content\/uploads\/sites\/4\/2020\/11\/7-Por-la-criminalizacion.pdf\" target=\"_blank\" rel=\"noopener\">Por la criminalizaci\u00f3n de la difusi\u00f3n no consentida de im\u00e1genes privadas y la sextorsi\u00f3n: un enfoque feminista<\/a><\/h5>\n<div class=\"lcp_excerpt\">Joel Andrews Cosme Morales &amp; Luis Antonio Rosario V\u00e9lez, Por la criminalizaci\u00f3n de la difusi\u00f3n no consentida de im\u00e1genes privadas y la sextorsi\u00f3n: un enfoque feminista, 89 Rev. Jur. UPR 137 (2020).<\/div>\n<p><a class=\"lcp_morelink\" href=\"https:\/\/derecho.uprrp.edu\/revistajuridica\/wp-content\/uploads\/sites\/4\/2020\/11\/7-Por-la-criminalizacion.pdf\" target=\"_blank\" rel=\"noopener\">Art\u00edculo en PDF<\/a><\/li>\n<\/ul>\n<ul id=\"lcp_instance_0\" class=\"lcp_catlist\">\n<li>\n<h5 class=\"lcp_title\"><a href=\"https:\/\/derecho.uprrp.edu\/revistajuridica\/wp-content\/uploads\/sites\/4\/2020\/11\/10-UN-PROBLEMA-SIN-FRONTERAS.pdf\" target=\"_blank\" rel=\"noopener\">Un problema sin fronteras: una vista comparativa del trato de feminicidio en Puerto Rico y otros pa\u00edses hispanos<\/a><\/h5>\n<div class=\"lcp_excerpt\">Adriana N\u00fa\u00f1ez Ort\u00edz, Un problema sin fronteras: una vista comparativa del trato de feminicidio en Puerto Rico y otros pa\u00edses hispanos, 89 Rev. Jur. UPR 299 (2020).<\/div>\n<p><a class=\"lcp_morelink\" href=\"https:\/\/derecho.uprrp.edu\/revistajuridica\/wp-content\/uploads\/sites\/4\/2020\/11\/10-UN-PROBLEMA-SIN-FRONTERAS.pdf\" target=\"_blank\" rel=\"noopener\">Art\u00edculo en PDF<\/a><\/li>\n<\/ul>\n<ul id=\"lcp_instance_0\" class=\"lcp_catlist\">\n<li>\n<h5 class=\"lcp_title\"><a href=\"https:\/\/derecho.uprrp.edu\/revistajuridica\/wp-content\/uploads\/sites\/4\/2020\/11\/5-LA-VIOLENCIA-DE-GENERO.pdf\" target=\"_blank\" rel=\"noopener\">La violencia de g\u00e9nero: \u00bfPor qu\u00e9 es necesario un estado de emergencia?<\/a><\/h5>\n<div class=\"lcp_excerpt\">Annie Lorenna Ram\u00edrez Hern\u00e1ndez, La violencia de g\u00e9nero: \u00bfPor qu\u00e9 es necesario un estado de emergencia?, 89 Rev. Jur. UPR 71 (2020).<\/div>\n<p><a class=\"lcp_morelink\" href=\"https:\/\/derecho.uprrp.edu\/revistajuridica\/wp-content\/uploads\/sites\/4\/2020\/11\/5-LA-VIOLENCIA-DE-GENERO.pdf\" target=\"_blank\" rel=\"noopener\">Art\u00edculo en PDF<\/a><\/li>\n<\/ul>\n<ul id=\"lcp_instance_0\" class=\"lcp_catlist\">\n<li>\n<h5 class=\"lcp_title\"><a href=\"https:\/\/derecho.uprrp.edu\/revistajuridica\/wp-content\/uploads\/sites\/4\/2020\/11\/6-LOS-FEMINISMOS.pdf\" target=\"_blank\" rel=\"noopener\">Los feminismos y los derechos sexuales: mirada al derecho internacional<\/a><\/h5>\n<div class=\"lcp_excerpt\">Annelly Hern\u00e1ndez Santos, Los feminismos y los derechos sexuales: mirada al derecho internacional, 89 Rev. Jur. UPR 107 (2020).<\/div>\n<p><a class=\"lcp_morelink\" href=\"https:\/\/derecho.uprrp.edu\/revistajuridica\/wp-content\/uploads\/sites\/4\/2020\/11\/6-LOS-FEMINISMOS.pdf\" target=\"_blank\" rel=\"noopener\">Art\u00edculo en PDF<\/a><\/li>\n<\/ul>\n<ul id=\"lcp_instance_0\" class=\"lcp_catlist\">\n<li>\n<h5 class=\"lcp_title\"><a href=\"https:\/\/derecho.uprrp.edu\/revistajuridica\/wp-content\/uploads\/sites\/4\/2020\/11\/8-El-Acoso-Laboral.pdf\" target=\"_blank\" rel=\"noopener\">El acoso laboral como una causa de acci\u00f3n independiente en las reclamaciones laborales: proyectos de ley, trayectoria, vetos y resistencias<\/a><\/h5>\n<div class=\"lcp_excerpt\">Yesenia Qui\u00f1ones Nieves, Propuesta: El acoso laboral como una causa de acci\u00f3n independiente en las reclamaciones laborales: proyectos de ley, trayectoria, vetos y resistencias, 89 Rev. Jur. UPR 199 (2020).<\/div>\n<p><a class=\"lcp_morelink\" href=\"https:\/\/derecho.uprrp.edu\/revistajuridica\/wp-content\/uploads\/sites\/4\/2020\/11\/8-El-Acoso-Laboral.pdf\" target=\"_blank\" rel=\"noopener\">Art\u00edculo en PDF<\/a><\/li>\n<\/ul>\n<ul id=\"lcp_instance_0\" class=\"lcp_catlist\">\n<li>\n<h5 class=\"lcp_title\"><a href=\"https:\/\/derecho.uprrp.edu\/revistajuridica\/wp-content\/uploads\/sites\/4\/2020\/11\/11-VISIBILIZANDO-A-LAS-MUJERES.pdf\" target=\"_blank\" rel=\"noopener\">Visibilizando a las mujeres en la pesca: hacia un an\u00e1lisis transversal de su presencia en la pol\u00edtica p\u00fablica<\/a><\/h5>\n<div class=\"lcp_excerpt\">Lorena I. V\u00e9lez, Visibilizando a las mujeres en la pesca: hacia un an\u00e1lisis transversal de su presencia en la pol\u00edtica p\u00fablica, 89 Rev. Jur. UPR 333 (2020).<\/div>\n<p><a class=\"lcp_morelink\" href=\"https:\/\/derecho.uprrp.edu\/revistajuridica\/wp-content\/uploads\/sites\/4\/2020\/11\/11-VISIBILIZANDO-A-LAS-MUJERES.pdf\" target=\"_blank\" rel=\"noopener\">Art\u00edculo en PDF<\/a><\/li>\n<\/ul>\n<ul id=\"lcp_instance_0\" class=\"lcp_catlist\">\n<li>\n<h5 class=\"lcp_title\"><a href=\"https:\/\/derecho.uprrp.edu\/revistajuridica\/wp-content\/uploads\/sites\/4\/2020\/11\/9-REPRODUCTIVE-RIGHTS.pdf\" target=\"_blank\" rel=\"noopener\">Reproductive Rights<\/a><\/h5>\n<div class=\"lcp_excerpt\">Paola A. Guzm\u00e1n Alejandro, Reproductive Rights, 89 Rev. Jur. UPR 249 (2020).<\/div>\n<p><a class=\"lcp_morelink\" href=\"https:\/\/derecho.uprrp.edu\/revistajuridica\/wp-content\/uploads\/sites\/4\/2020\/11\/9-REPRODUCTIVE-RIGHTS.pdf\" target=\"_blank\" rel=\"noopener\">Art\u00edculo en PDF<\/a><\/li>\n<\/ul>\n<ul id=\"lcp_instance_0\" class=\"lcp_catlist\">\n<li>\n<h5 class=\"lcp_title\"><a href=\"https:\/\/derecho.uprrp.edu\/revistajuridica\/wp-content\/uploads\/sites\/4\/2020\/11\/4-LA-PROSTITUCION.pdf\" target=\"_blank\" rel=\"noopener\">La prostituci\u00f3n, el comercio sexual y la trata humana: v\u00ednculos y teor\u00edas<\/a><\/h5>\n<div class=\"lcp_excerpt\">Natasha Ramos Ayala, La prostituci\u00f3n, el comercio sexual y la trata humana: v\u00ednculos y teor\u00edas, 89 Rev. Jur. UPR 43 (2020).<\/div>\n<p><a class=\"lcp_morelink\" href=\"https:\/\/derecho.uprrp.edu\/revistajuridica\/wp-content\/uploads\/sites\/4\/2020\/11\/4-LA-PROSTITUCION.pdf\" target=\"_blank\" rel=\"noopener\">Art\u00edculo en PDF<\/a><\/li>\n<\/ul>\n","protected":false},"excerpt":{"rendered":"<p>#RickyRenuncia: Responsabilidad ciudadana y el estado de situaci\u00f3n en Puerto Rico Omaya Sosa Pascual, #RickyRenuncia: Responsabilidad ciudadana y el estado de situaci\u00f3n en Puerto Rico, 89 Rev. Jur. UPR 3 (2020). Art\u00edculo en PDF Abriendo paso a la discusi\u00f3n: ecofeminismo como modelo sostenible de gobierno Edwin Amaury Marrero P\u00e9rez, Abriendo paso a la discusi\u00f3n: ecofeminismo<\/p>\n<div class=\"read-more\"><a href=\"https:\/\/derecho.uprrp.edu\/revistajuridica\/volumen-89-numero-1\/\" title=\"Read More\">Read More<\/a><\/div>\n","protected":false},"author":17,"featured_media":0,"parent":0,"menu_order":0,"comment_status":"closed","ping_status":"closed","template":"","meta":{"footnotes":""},"class_list":["post-5430","page","type-page","status-publish"],"_links":{"self":[{"href":"https:\/\/derecho.uprrp.edu\/revistajuridica\/wp-json\/wp\/v2\/pages\/5430","targetHints":{"allow":["GET"]}}],"collection":[{"href":"https:\/\/derecho.uprrp.edu\/revistajuridica\/wp-json\/wp\/v2\/pages"}],"about":[{"href":"https:\/\/derecho.uprrp.edu\/revistajuridica\/wp-json\/wp\/v2\/types\/page"}],"author":[{"embeddable":true,"href":"https:\/\/derecho.uprrp.edu\/revistajuridica\/wp-json\/wp\/v2\/users\/17"}],"replies":[{"embeddable":true,"href":"https:\/\/derecho.uprrp.edu\/revistajuridica\/wp-json\/wp\/v2\/comments?post=5430"}],"version-history":[{"count":5,"href":"https:\/\/derecho.uprrp.edu\/revistajuridica\/wp-json\/wp\/v2\/pages\/5430\/revisions"}],"predecessor-version":[{"id":6702,"href":"https:\/\/derecho.uprrp.edu\/revistajuridica\/wp-json\/wp\/v2\/pages\/5430\/revisions\/6702"}],"wp:attachment":[{"href":"https:\/\/derecho.uprrp.edu\/revistajuridica\/wp-json\/wp\/v2\/media?parent=5430"}],"curies":[{"name":"wp","href":"https:\/\/api.w.org\/{rel}","templated":true}]}}