{"id":5433,"date":"2020-11-27T00:00:45","date_gmt":"2020-11-27T04:00:45","guid":{"rendered":"http:\/\/revistajuridica.uprrp.edu\/?page_id=5433"},"modified":"2022-06-24T14:45:58","modified_gmt":"2022-06-24T14:45:58","slug":"volumen-89-numero-2","status":"publish","type":"page","link":"https:\/\/derecho.uprrp.edu\/revistajuridica\/volumen-89-numero-2\/","title":{"rendered":"VOLUMEN 89-N\u00daMERO 2"},"content":{"rendered":"<ul id=\"lcp_instance_0\" class=\"lcp_catlist\">\n<li>\n<h5 class=\"lcp_title\"><a href=\"https:\/\/derecho.uprrp.edu\/revistajuridica\/wp-content\/uploads\/sites\/4\/2020\/11\/11-Derecho-Reales.pdf\" target=\"_blank\" rel=\"noopener\">Derecho Reales<\/a><\/h5>\n<div class=\"lcp_excerpt\">Jos\u00e9 M. Marxuach, Derecho Reales, 89 Rev. Jur. UPR 567 (2020).<\/div>\n<p><a class=\"lcp_morelink\" href=\"https:\/\/derecho.uprrp.edu\/revistajuridica\/wp-content\/uploads\/sites\/4\/2020\/11\/11-Derecho-Reales.pdf\" target=\"_blank\" rel=\"noopener\">Art\u00edculo en PDF<\/a><\/li>\n<\/ul>\n<ul id=\"lcp_instance_0\" class=\"lcp_catlist\">\n<li>\n<h5 class=\"lcp_title\"><a href=\"https:\/\/derecho.uprrp.edu\/revistajuridica\/wp-content\/uploads\/sites\/4\/2020\/11\/9-Derecho-Probatorio.pdf\" target=\"_blank\" rel=\"noopener\">Derecho Probatorio<\/a><\/h5>\n<div class=\"lcp_excerpt\">Vivian I. Neptune Rivera &amp; An\u00edbal A. Rom\u00e1n Medina, An\u00e1lisis de las Opiniones del Tribunal Supremo de Puerto Rico en materia de Derecho Probatorio durante el t\u00e9rmino 2018-2019, 89 Rev. Jur. UPR 535 (2020).<\/div>\n<p><a class=\"lcp_morelink\" href=\"https:\/\/derecho.uprrp.edu\/revistajuridica\/wp-content\/uploads\/sites\/4\/2020\/11\/9-Derecho-Probatorio.pdf\" target=\"_blank\" rel=\"noopener\">Art\u00edculo en PDF<\/a><\/li>\n<\/ul>\n<ul id=\"lcp_instance_0\" class=\"lcp_catlist\">\n<li>\n<h5 class=\"lcp_title\"><a href=\"https:\/\/derecho.uprrp.edu\/revistajuridica\/wp-content\/uploads\/sites\/4\/2020\/11\/8-Derecho-Procesal-Penal.pdf\" target=\"_blank\" rel=\"noopener\">Derecho Procesal Penal<\/a><\/h5>\n<div class=\"lcp_excerpt\">Ernesto L. Chiesa, Derecho Procesal Penal, 89 Rev. Jur. UPR 511 (2020).<\/div>\n<p><a class=\"lcp_morelink\" href=\"https:\/\/derecho.uprrp.edu\/revistajuridica\/wp-content\/uploads\/sites\/4\/2020\/11\/8-Derecho-Procesal-Penal.pdf\" target=\"_blank\" rel=\"noopener\">Art\u00edculo en PDF<\/a><\/li>\n<\/ul>\n<ul id=\"lcp_instance_0\" class=\"lcp_catlist\">\n<li>\n<h5 class=\"lcp_title\"><a href=\"https:\/\/derecho.uprrp.edu\/revistajuridica\/wp-content\/uploads\/sites\/4\/2020\/11\/7-Derecho-Penal-Sustantivo.pdf\" target=\"_blank\" rel=\"noopener\">Derecho Penal Sustantivo<\/a><\/h5>\n<div class=\"lcp_excerpt\">Oscar Miranda Miller, Derecho Penal Sustantivo, 89 Rev. Jur. UPR 499 (2020).<\/div>\n<p><a class=\"lcp_morelink\" href=\"https:\/\/derecho.uprrp.edu\/revistajuridica\/wp-content\/uploads\/sites\/4\/2020\/11\/7-Derecho-Penal-Sustantivo.pdf\" target=\"_blank\" rel=\"noopener\">Art\u00edculo en PDF<\/a><\/li>\n<\/ul>\n<ul id=\"lcp_instance_0\" class=\"lcp_catlist\">\n<li>\n<h5 class=\"lcp_title\"><a href=\"https:\/\/derecho.uprrp.edu\/revistajuridica\/wp-content\/uploads\/sites\/4\/2020\/11\/13-LEGITIMACION-ACTIVA.pdf\" target=\"_blank\" rel=\"noopener\">Legitimaci\u00f3n activa de los acreedores para solicitar la Liquidaci\u00f3n de la Comunidad Postganancial: reflexiones del caso Island Holdings v. Sucn. Hern\u00e1ndez Ram\u00edrez<\/a><\/h5>\n<div class=\"lcp_excerpt\">Ana C. G\u00f3mez P\u00e9rez &amp; Jynamarie Kuilan Santana, Legitimaci\u00f3n activa de los acreedores para solicitar la Liquidaci\u00f3n de la Comunidad Postganancial: reflexiones del caso Island Holdings v. Sucn. Hern\u00e1ndez Ram\u00edrez, 89 Rev. Jur. UPR 599 (2020).<\/div>\n<p><a class=\"lcp_morelink\" href=\"https:\/\/derecho.uprrp.edu\/revistajuridica\/wp-content\/uploads\/sites\/4\/2020\/11\/13-LEGITIMACION-ACTIVA.pdf\" target=\"_blank\" rel=\"noopener\">Art\u00edculo en PDF<\/a><\/li>\n<\/ul>\n<ul id=\"lcp_instance_0\" class=\"lcp_catlist\">\n<li>\n<h5 class=\"lcp_title\"><a href=\"https:\/\/derecho.uprrp.edu\/revistajuridica\/wp-content\/uploads\/sites\/4\/2020\/11\/1-DERECHO-APELATIVO.pdf\" target=\"_blank\" rel=\"noopener\">Derecho Apelativo<\/a><\/h5>\n<div class=\"lcp_excerpt\">Margarita Mercado Echegaray, Derecho Apelativo, 89 Rev. Jur. UPR 355 (2020).<\/div>\n<p><a class=\"lcp_morelink\" href=\"https:\/\/derecho.uprrp.edu\/revistajuridica\/wp-content\/uploads\/sites\/4\/2020\/11\/1-DERECHO-APELATIVO.pdf\" target=\"_blank\" rel=\"noopener\">Art\u00edculo en PDF<\/a><\/li>\n<\/ul>\n<ul id=\"lcp_instance_0\" class=\"lcp_catlist\">\n<li>\n<h5 class=\"lcp_title\"><a href=\"https:\/\/derecho.uprrp.edu\/revistajuridica\/wp-content\/uploads\/sites\/4\/2020\/11\/4-Analisis-del-Termino-2018-2019.pdf\" target=\"_blank\" rel=\"noopener\">Derecho Hipotecario<\/a><\/h5>\n<div class=\"lcp_excerpt\">F\u00e9lix R. Figueroa Cab\u00e1n, An\u00e1lisis del t\u00e9rmino 2018-2019: Derecho Hipotecario, 89 Rev. Jur. UPR 445 (2020).<\/div>\n<p><a class=\"lcp_morelink\" href=\"https:\/\/derecho.uprrp.edu\/revistajuridica\/wp-content\/uploads\/sites\/4\/2020\/11\/4-Analisis-del-Termino-2018-2019.pdf\" target=\"_blank\" rel=\"noopener\">Art\u00edculo en PDF<\/a><\/li>\n<\/ul>\n<ul id=\"lcp_instance_0\" class=\"lcp_catlist\">\n<li>\n<h5 class=\"lcp_title\"><a href=\"https:\/\/derecho.uprrp.edu\/revistajuridica\/wp-content\/uploads\/sites\/4\/2020\/11\/10-Derecho-Procesal-Civil.pdf\" target=\"_blank\" rel=\"noopener\">Derecho Procesal Civil<\/a><\/h5>\n<div class=\"lcp_excerpt\">Walter O. Alomar Jim\u00e9nez, Derecho Procesal Civil, 89 Rev. Jur. UPR 549 (2020).<\/div>\n<p><a class=\"lcp_morelink\" href=\"https:\/\/derecho.uprrp.edu\/revistajuridica\/wp-content\/uploads\/sites\/4\/2020\/11\/10-Derecho-Procesal-Civil.pdf\" target=\"_blank\" rel=\"noopener\">Art\u00edculo en PDF<\/a><\/li>\n<\/ul>\n<ul id=\"lcp_instance_0\" class=\"lcp_catlist\">\n<li>\n<h5 class=\"lcp_title\"><a href=\"https:\/\/derecho.uprrp.edu\/revistajuridica\/wp-content\/uploads\/sites\/4\/2020\/11\/5-DERECHO-LABORAL.pdf\" target=\"_blank\" rel=\"noopener\">Derecho Laboral<\/a><\/h5>\n<div class=\"lcp_excerpt\">Emmalind Garc\u00eda Garc\u00eda, Derecho Laboral, 89 Rev. Jur. UPR 457 (2020).<\/div>\n<p><a class=\"lcp_morelink\" href=\"https:\/\/derecho.uprrp.edu\/revistajuridica\/wp-content\/uploads\/sites\/4\/2020\/11\/5-DERECHO-LABORAL.pdf\" target=\"_blank\" rel=\"noopener\">Art\u00edculo en PDF<\/a><\/li>\n<\/ul>\n<ul id=\"lcp_instance_0\" class=\"lcp_catlist\">\n<li>\n<h5 class=\"lcp_title\"><a href=\"https:\/\/derecho.uprrp.edu\/revistajuridica\/wp-content\/uploads\/sites\/4\/2020\/11\/2-ETICA-PROFESIONAL.pdf\" target=\"_blank\" rel=\"noopener\">\u00c9tica Profesional<\/a><\/h5>\n<div class=\"lcp_excerpt\">Guillermo Figueroa Prieto, \u00c9tica Profesional, 89 Rev. Jur. UPR 367 (2020).<\/div>\n<p><a class=\"lcp_morelink\" href=\"https:\/\/derecho.uprrp.edu\/revistajuridica\/wp-content\/uploads\/sites\/4\/2020\/11\/2-ETICA-PROFESIONAL.pdf\" target=\"_blank\" rel=\"noopener\">Art\u00edculo en PDF<\/a><\/li>\n<\/ul>\n<ul id=\"lcp_instance_0\" class=\"lcp_catlist\">\n<li>\n<h5 class=\"lcp_title\"><a href=\"https:\/\/derecho.uprrp.edu\/revistajuridica\/wp-content\/uploads\/sites\/4\/2020\/11\/6-Obligaciones-y-Contratos.pdf\" target=\"_blank\" rel=\"noopener\">Obligaciones y Contratos<\/a><\/h5>\n<div class=\"lcp_excerpt\">Juan Jos\u00e9 Hern\u00e1ndez L\u00f3pez de Victoria, An\u00e1lisis del t\u00e9rmino judicial del Tribunal Supremo de Puerto Rico 2018-2019: Obligaciones y Contratos, 89 Rev. Jur. UPR 483 (2020).<\/div>\n<p><a class=\"lcp_morelink\" href=\"https:\/\/derecho.uprrp.edu\/revistajuridica\/wp-content\/uploads\/sites\/4\/2020\/11\/6-Obligaciones-y-Contratos.pdf\" target=\"_blank\" rel=\"noopener\">Art\u00edculo en PDF<\/a><\/li>\n<\/ul>\n<ul id=\"lcp_instance_0\" class=\"lcp_catlist\">\n<li>\n<h5 class=\"lcp_title\"><a href=\"https:\/\/derecho.uprrp.edu\/revistajuridica\/wp-content\/uploads\/sites\/4\/2020\/11\/12-RESPONSABILIDAD-CIVIL.pdf\" target=\"_blank\" rel=\"noopener\">Responsabilidad Civil Extracontractual<\/a><\/h5>\n<div class=\"lcp_excerpt\">Eugene F. Hestres V\u00e9lez, Responsabilidad Civil Extracontractual, 89 Rev. Jur. UPR 587 (2020).<\/div>\n<p><a class=\"lcp_morelink\" href=\"https:\/\/derecho.uprrp.edu\/revistajuridica\/wp-content\/uploads\/sites\/4\/2020\/11\/12-RESPONSABILIDAD-CIVIL.pdf\" target=\"_blank\" rel=\"noopener\">Art\u00edculo en PDF<\/a><\/li>\n<\/ul>\n<ul id=\"lcp_instance_0\" class=\"lcp_catlist\">\n<li>\n<h5 class=\"lcp_title\"><a href=\"https:\/\/derecho.uprrp.edu\/revistajuridica\/wp-content\/uploads\/sites\/4\/2020\/11\/3-DERECHO-DE-FAMILIA.pdf\" target=\"_blank\" rel=\"noopener\">Derecho de Familia<\/a><\/h5>\n<div class=\"lcp_excerpt\">Roc\u00edo De F\u00e9lix D\u00e1vila, Derecho Familia, 89 Rev. Jur. UPR 429 (2020).<\/div>\n<p><a class=\"lcp_morelink\" href=\"https:\/\/derecho.uprrp.edu\/revistajuridica\/wp-content\/uploads\/sites\/4\/2020\/11\/3-DERECHO-DE-FAMILIA.pdf\" target=\"_blank\" rel=\"noopener\">Art\u00edculo en PDF<\/a><\/li>\n<\/ul>\n","protected":false},"excerpt":{"rendered":"<p>Derecho Reales Jos\u00e9 M. Marxuach, Derecho Reales, 89 Rev. Jur. UPR 567 (2020). Art\u00edculo en PDF Derecho Probatorio Vivian I. Neptune Rivera &amp; An\u00edbal A. Rom\u00e1n Medina, An\u00e1lisis de las Opiniones del Tribunal Supremo de Puerto Rico en materia de Derecho Probatorio durante el t\u00e9rmino 2018-2019, 89 Rev. Jur. UPR 535 (2020). Art\u00edculo en PDF<\/p>\n<div class=\"read-more\"><a href=\"https:\/\/derecho.uprrp.edu\/revistajuridica\/volumen-89-numero-2\/\" title=\"Read More\">Read More<\/a><\/div>\n","protected":false},"author":17,"featured_media":0,"parent":0,"menu_order":0,"comment_status":"closed","ping_status":"closed","template":"","meta":{"footnotes":""},"class_list":["post-5433","page","type-page","status-publish"],"_links":{"self":[{"href":"https:\/\/derecho.uprrp.edu\/revistajuridica\/wp-json\/wp\/v2\/pages\/5433","targetHints":{"allow":["GET"]}}],"collection":[{"href":"https:\/\/derecho.uprrp.edu\/revistajuridica\/wp-json\/wp\/v2\/pages"}],"about":[{"href":"https:\/\/derecho.uprrp.edu\/revistajuridica\/wp-json\/wp\/v2\/types\/page"}],"author":[{"embeddable":true,"href":"https:\/\/derecho.uprrp.edu\/revistajuridica\/wp-json\/wp\/v2\/users\/17"}],"replies":[{"embeddable":true,"href":"https:\/\/derecho.uprrp.edu\/revistajuridica\/wp-json\/wp\/v2\/comments?post=5433"}],"version-history":[{"count":3,"href":"https:\/\/derecho.uprrp.edu\/revistajuridica\/wp-json\/wp\/v2\/pages\/5433\/revisions"}],"predecessor-version":[{"id":6372,"href":"https:\/\/derecho.uprrp.edu\/revistajuridica\/wp-json\/wp\/v2\/pages\/5433\/revisions\/6372"}],"wp:attachment":[{"href":"https:\/\/derecho.uprrp.edu\/revistajuridica\/wp-json\/wp\/v2\/media?parent=5433"}],"curies":[{"name":"wp","href":"https:\/\/api.w.org\/{rel}","templated":true}]}}