{"id":5435,"date":"2020-11-27T00:00:50","date_gmt":"2020-11-27T04:00:50","guid":{"rendered":"http:\/\/revistajuridica.uprrp.edu\/?page_id=5435"},"modified":"2022-06-24T14:48:15","modified_gmt":"2022-06-24T14:48:15","slug":"volumen-89-numero-3","status":"publish","type":"page","link":"https:\/\/derecho.uprrp.edu\/revistajuridica\/volumen-89-numero-3\/","title":{"rendered":"VOLUMEN 89-N\u00daMERO 3"},"content":{"rendered":"<ul id=\"lcp_instance_0\" class=\"lcp_catlist\">\n<li>\n<h5 class=\"lcp_title\"><a href=\"https:\/\/derecho.uprrp.edu\/revistajuridica\/wp-content\/uploads\/sites\/4\/2020\/11\/2-APUNTES-PARA-LA-INTERPRETACION.pdf\" target=\"_blank\" rel=\"noopener\">Apuntes para la interpretaci\u00f3n del contrato de empleo bajo la ley de transformaci\u00f3n y flexibilidad laboral de 2017: \u00bfDesplazamiento del C\u00f3digo Civil?<\/a><\/h5>\n<div class=\"lcp_excerpt\">Joshua Rodr\u00edguez Rivera, Apuntes para la interpretaci\u00f3n del contrato de empleo bajo la ley de transformaci\u00f3n y flexibilidad laboral de 2017: \u00bfDesplazamiento del C\u00f3digo Civil?, 89 Rev. Jur. UPR 643 (2020).<\/div>\n<p><a class=\"lcp_morelink\" href=\"https:\/\/derecho.uprrp.edu\/revistajuridica\/wp-content\/uploads\/sites\/4\/2020\/11\/2-APUNTES-PARA-LA-INTERPRETACION.pdf\" target=\"_blank\" rel=\"noopener\">Art\u00edculo en PDF<\/a><\/li>\n<\/ul>\n<ul id=\"lcp_instance_0\" class=\"lcp_catlist\">\n<li>\n<h5 class=\"lcp_title\"><a href=\"https:\/\/derecho.uprrp.edu\/revistajuridica\/wp-content\/uploads\/sites\/4\/2020\/11\/3-Cuando-la-libertad-religiosa.pdf\" target=\"_blank\" rel=\"noopener\">Cuando la libertad Religiosa entra en conflicto con las leyes antidiscrimen \u00bfA qui\u00e9n debe proteger el Estado?<\/a><\/h5>\n<div class=\"lcp_excerpt\">Jos\u00e9 Ram\u00f3n L\u00f3pez Aceves, Cuando la libertad religiosa entra en conflicto con las leyes antidiscrimen \u00bfA qui\u00e9n debe proteger el Estado?, 89 Rev. Jur. UPR 687 (2020).<\/div>\n<p><a class=\"lcp_morelink\" href=\"https:\/\/derecho.uprrp.edu\/revistajuridica\/wp-content\/uploads\/sites\/4\/2020\/11\/3-Cuando-la-libertad-religiosa.pdf\" target=\"_blank\" rel=\"noopener\">Art\u00edculo en PDF<\/a><\/li>\n<\/ul>\n<ul id=\"lcp_instance_0\" class=\"lcp_catlist\">\n<li>\n<h5 class=\"lcp_title\"><a href=\"https:\/\/derecho.uprrp.edu\/revistajuridica\/wp-content\/uploads\/sites\/4\/2020\/11\/6-La-Sociedad-Eterna.pdf\" target=\"_blank\" rel=\"noopener\">La Sociedad Eterna: Las Visiones pol\u00edticas y jur\u00eddicas de Edmund Burke y Hannah Arendt<\/a><\/h5>\n<div class=\"lcp_excerpt\">Rodney A. R\u00edos Rodr\u00edguez, La sociedad eterna: Las visiones pol\u00edticas y jur\u00eddicas de Edmund Burke y Hannah Arendt, 89 Rev. Jur. UPR 775 (2020).<\/div>\n<p><a class=\"lcp_morelink\" href=\"https:\/\/derecho.uprrp.edu\/revistajuridica\/wp-content\/uploads\/sites\/4\/2020\/11\/6-La-Sociedad-Eterna.pdf\" target=\"_blank\" rel=\"noopener\">Art\u00edculo en PDF<\/a><\/li>\n<\/ul>\n<ul id=\"lcp_instance_0\" class=\"lcp_catlist\">\n<li>\n<h5 class=\"lcp_title\"><a href=\"https:\/\/derecho.uprrp.edu\/revistajuridica\/wp-content\/uploads\/sites\/4\/2020\/11\/8-Lex-Sportiva.pdf\" target=\"_blank\" rel=\"noopener\">Lex Sportiva<\/a><\/h5>\n<div class=\"lcp_excerpt\">Gilberto J. Oliveras Maldonado, Lex Sportiva, 89 Rev. Jur. UPR 829 (2020).<\/div>\n<p><a class=\"lcp_morelink\" href=\"https:\/\/derecho.uprrp.edu\/revistajuridica\/wp-content\/uploads\/sites\/4\/2020\/11\/8-Lex-Sportiva.pdf\" target=\"_blank\" rel=\"noopener\">Art\u00edculo en PDF<\/a><\/li>\n<\/ul>\n<ul id=\"lcp_instance_0\" class=\"lcp_catlist\">\n<li>\n<h5 class=\"lcp_title\"><a href=\"https:\/\/derecho.uprrp.edu\/revistajuridica\/wp-content\/uploads\/sites\/4\/2020\/11\/4-La-cobertura-electronica.pdf\" target=\"_blank\" rel=\"noopener\">El Dilema Constitucional que representa la cobertura electr\u00f3nica de los procesos judiciales en el Tribunal de Primera Instancia<\/a><\/h5>\n<div class=\"lcp_excerpt\">Sarah C. Rivera Blanco, El dilema constitucional que representa la cobertura electr\u00f3nica de los procesos judiciales en el Tribunal de Primera Instancia, 89 Rev. Jur. UPR 709 (2020).<\/div>\n<p><a class=\"lcp_morelink\" href=\"https:\/\/derecho.uprrp.edu\/revistajuridica\/wp-content\/uploads\/sites\/4\/2020\/11\/4-La-cobertura-electronica.pdf\" target=\"_blank\" rel=\"noopener\">Art\u00edculo en PDF<\/a><\/li>\n<\/ul>\n<ul id=\"lcp_instance_0\" class=\"lcp_catlist\">\n<li>\n<h5 class=\"lcp_title\"><a href=\"https:\/\/derecho.uprrp.edu\/revistajuridica\/wp-content\/uploads\/sites\/4\/2020\/11\/5-Erase-Una-Vez.pdf\" target=\"_blank\" rel=\"noopener\">\u00c9rase una vez un rat\u00f3n con Doble Protecci\u00f3n Intelectual<\/a><\/h5>\n<div class=\"lcp_excerpt\">Jos\u00e9 Ram\u00f3n L\u00f3pez Aceves, \u00c9rase una vez un rat\u00f3n con doble protecci\u00f3n intelectual, 89 Rev. Jur. UPR 751 (2020).<\/div>\n<p><a class=\"lcp_morelink\" href=\"https:\/\/derecho.uprrp.edu\/revistajuridica\/wp-content\/uploads\/sites\/4\/2020\/11\/5-Erase-Una-Vez.pdf\" target=\"_blank\" rel=\"noopener\">Art\u00edculo en PDF<\/a><\/li>\n<\/ul>\n<ul id=\"lcp_instance_0\" class=\"lcp_catlist\">\n<li>\n<h5 class=\"lcp_title\"><a href=\"https:\/\/derecho.uprrp.edu\/revistajuridica\/wp-content\/uploads\/sites\/4\/2020\/11\/9-PUERTO-RICAN-ENVIRONMENTAL-RULE.pdf\" target=\"_blank\" rel=\"noopener\">Puerto Rican Environmental Rule of Law Under Promesa<\/a><\/h5>\n<div class=\"lcp_excerpt\">Jhoset A. Burgos, Puerto Rican Environmental Rule of Law Under Promesa, 89 Rev. Jur. UPR 851 (2020).<\/div>\n<p><a class=\"lcp_morelink\" href=\"https:\/\/derecho.uprrp.edu\/revistajuridica\/wp-content\/uploads\/sites\/4\/2020\/11\/9-PUERTO-RICAN-ENVIRONMENTAL-RULE.pdf\" target=\"_blank\" rel=\"noopener\">Art\u00edculo en PDF<\/a><\/li>\n<\/ul>\n<ul id=\"lcp_instance_0\" class=\"lcp_catlist\">\n<li>\n<h5 class=\"lcp_title\"><a href=\"https:\/\/derecho.uprrp.edu\/revistajuridica\/wp-content\/uploads\/sites\/4\/2020\/11\/7-LEGISLACION-DESACUERDOS.pdf\" target=\"_blank\" rel=\"noopener\">Legislaci\u00f3n, Desacuerdo y Control Judicial: Una aproximaci\u00f3n cr\u00edtica a la obra de Jeremy Waldron<\/a><\/h5>\n<div class=\"lcp_excerpt\">Juan Pablo Carrillo Ramos, Legislaci\u00f3n, desacuerdos y control judicial: Una aproximaci\u00f3n cr\u00edtica a la obra de Jeremy Waldron, 89 Rev. Jur. UPR 805 (2020).<\/div>\n<p><a class=\"lcp_morelink\" href=\"https:\/\/derecho.uprrp.edu\/revistajuridica\/wp-content\/uploads\/sites\/4\/2020\/11\/7-LEGISLACION-DESACUERDOS.pdf\" target=\"_blank\" rel=\"noopener\">Art\u00edculo en PDF<\/a><\/li>\n<\/ul>\n<ul id=\"lcp_instance_0\" class=\"lcp_catlist\">\n<li>\n<h5 class=\"lcp_title\"><a href=\"https:\/\/derecho.uprrp.edu\/revistajuridica\/wp-content\/uploads\/sites\/4\/2020\/11\/1-Analisis-del-Derecho.pdf\" target=\"_blank\" rel=\"noopener\">An\u00e1lisis del Derecho a la intimidad en Puerto Rico a la luz del Derecho al Olvido Digital: \u00bfRealidad o Ficci\u00f3n?<\/a><\/h5>\n<div class=\"lcp_excerpt\">Pol Gumm\u00e0 Benito, An\u00e1lisis del derecho a la intimidad en Puerto Rico a la luz del derecho al olvido digital: \u00bfRealidad o Ficci\u00f3n?, 89 Rev. Jur. UPR 607 (2020).<\/div>\n<p><a class=\"lcp_morelink\" href=\"https:\/\/derecho.uprrp.edu\/revistajuridica\/wp-content\/uploads\/sites\/4\/2020\/11\/1-Analisis-del-Derecho.pdf\" target=\"_blank\" rel=\"noopener\">Art\u00edculo en PDF<\/a><\/li>\n<\/ul>\n","protected":false},"excerpt":{"rendered":"<p>Apuntes para la interpretaci\u00f3n del contrato de empleo bajo la ley de transformaci\u00f3n y flexibilidad laboral de 2017: \u00bfDesplazamiento del C\u00f3digo Civil? Joshua Rodr\u00edguez Rivera, Apuntes para la interpretaci\u00f3n del contrato de empleo bajo la ley de transformaci\u00f3n y flexibilidad laboral de 2017: \u00bfDesplazamiento del C\u00f3digo Civil?, 89 Rev. Jur. UPR 643 (2020). Art\u00edculo en<\/p>\n<div class=\"read-more\"><a href=\"https:\/\/derecho.uprrp.edu\/revistajuridica\/volumen-89-numero-3\/\" title=\"Read More\">Read More<\/a><\/div>\n","protected":false},"author":17,"featured_media":0,"parent":0,"menu_order":0,"comment_status":"closed","ping_status":"closed","template":"","meta":{"footnotes":""},"class_list":["post-5435","page","type-page","status-publish"],"_links":{"self":[{"href":"https:\/\/derecho.uprrp.edu\/revistajuridica\/wp-json\/wp\/v2\/pages\/5435","targetHints":{"allow":["GET"]}}],"collection":[{"href":"https:\/\/derecho.uprrp.edu\/revistajuridica\/wp-json\/wp\/v2\/pages"}],"about":[{"href":"https:\/\/derecho.uprrp.edu\/revistajuridica\/wp-json\/wp\/v2\/types\/page"}],"author":[{"embeddable":true,"href":"https:\/\/derecho.uprrp.edu\/revistajuridica\/wp-json\/wp\/v2\/users\/17"}],"replies":[{"embeddable":true,"href":"https:\/\/derecho.uprrp.edu\/revistajuridica\/wp-json\/wp\/v2\/comments?post=5435"}],"version-history":[{"count":3,"href":"https:\/\/derecho.uprrp.edu\/revistajuridica\/wp-json\/wp\/v2\/pages\/5435\/revisions"}],"predecessor-version":[{"id":6373,"href":"https:\/\/derecho.uprrp.edu\/revistajuridica\/wp-json\/wp\/v2\/pages\/5435\/revisions\/6373"}],"wp:attachment":[{"href":"https:\/\/derecho.uprrp.edu\/revistajuridica\/wp-json\/wp\/v2\/media?parent=5435"}],"curies":[{"name":"wp","href":"https:\/\/api.w.org\/{rel}","templated":true}]}}