{"id":545,"date":"2016-05-03T21:15:58","date_gmt":"2016-05-03T21:15:58","guid":{"rendered":"http:\/\/revistajuridica.uprrp.edu\/wp\/?page_id=545"},"modified":"2016-05-03T21:15:58","modified_gmt":"2016-05-03T21:15:58","slug":"competencia-de-debate","status":"publish","type":"page","link":"https:\/\/derecho.uprrp.edu\/revistajuridica\/nosotros\/competencia-de-debate\/","title":{"rendered":"Competencia de Debate Miguel Vel\u00e1zquez Rivera"},"content":{"rendered":"<p>Durante veinte a\u00f1os consecutivos, la Revista Jur\u00eddica de la Universidad de Puerto Rico ha celebrado la prestigiosa Competencia de Debate Miguel Vel\u00e1zquez Rivera. La misma tiene como objetivo propiciar el desarrollo de m\u00faltiples destrezas de discusi\u00f3n y argumentaci\u00f3n oral y promover el aprendizaje y la camarader\u00eda entre estudiantes de las diferentes escuelas de Derecho del Puerto Rico. Adem\u00e1s, la competencia sirve a los prop\u00f3sitos de fomentar el an\u00e1lisis cr\u00edtico de diversas controversias de inter\u00e9s en el campo jur\u00eddico. Para informaci\u00f3n adicional sobre la edici\u00f3n de este a\u00f1o de la Competencia de Debate puede visitar la secci\u00f3n de Convocatorias.<\/p>\n<p>Los equipos campeones en los pasados a\u00f1os han sido los siguientes:<\/p>\n<p><strong>1994 \u2013 Universidad de Puerto Rico<\/strong><\/p>\n<p>Ram\u00f3n E. Kury<br \/>\nJos\u00e9 W. V\u00e1zquez<\/p>\n<p><strong>1995 \u2013 Universidad de Puerto Rico<\/strong><\/p>\n<p>Karen Rivera<br \/>\nGuimazoa Miranda<\/p>\n<p><strong>1996 \u2013 Universidad de Puerto Rico<\/strong><\/p>\n<p>Luis F. Estrella<br \/>\nMelissa Reyes<\/p>\n<p><strong>1997- Universidad Interamericana de Puerto Rico<\/strong><\/p>\n<p>Brenda Aponte Rosario<br \/>\nEda Mariel Ayala<\/p>\n<p><strong>1998 \u2013 Universidad Interamericana de Puerto Rico<\/strong><\/p>\n<p>Iris Fern\u00e1ndez<br \/>\nLuis Villares<\/p>\n<p><strong>1999 \u2013 Universidad de Puerto Rico<\/strong><\/p>\n<p>Ricardo Alfonso<br \/>\nJaime Lamboy<\/p>\n<p><strong>2000 \u2013 Universidad de Puerto Rico<\/strong><\/p>\n<p>Jaime A. Lamboy<br \/>\nYasmin R. V\u00e1zquez<\/p>\n<p><strong>2001 \u2013 Facultad de Derecho Eugenio Mar\u00eda de Hostos<\/strong><\/p>\n<p>Roxana Soto<br \/>\nJos\u00e9 P\u00e9rez<\/p>\n<p><strong>2002- Universidad de Puerto Rico<\/strong><\/p>\n<p>Nylca Mu\u00f1oz<br \/>\nJaime L. Sanabria<\/p>\n<p><strong>2003 \u2013 Universidad de Puerto Rico<\/strong><\/p>\n<p>Eduardo Arosemena Mu\u00f1oz<br \/>\nFrancisco Gonz\u00e1lez Magaz<\/p>\n<p><strong>2004 \u2013 Universidad de Puerto Rico<\/strong><\/p>\n<p>An\u00edbal Rosario Lebr\u00f3n<br \/>\nHans Perl Matanzo<\/p>\n<p>2005 \u2013<\/p>\n<p><strong>2006 \u2013 Facultad de Derecho Eugenio Mar\u00eda de Hostos<\/strong><\/p>\n<p>Mar\u00eda Caballero Garc\u00eda<br \/>\nIvelise Rivera Padilla<\/p>\n<p><strong>2007 \u2013 Universidad de Puerto Rico<\/strong><\/p>\n<p>Tiaralis Figueroa<br \/>\nMiguel Hern\u00e1ndez<\/p>\n<p><strong>2008 \u2013 Pontificia Universidad Cat\u00f3lica de Ponce<\/strong><\/p>\n<p>Leticia Maldonado<br \/>\nRafael Reyes<\/p>\n<p><strong>2009 \u2013 Facultad de Derecho Eugenio Mar\u00eda de Hostos<\/strong><\/p>\n<p>Carla Rodr\u00edguez<br \/>\nEddie Gonz\u00e1lez<\/p>\n<p>2010 \u2013<\/p>\n<p><strong>2011 \u2013\u00a0Universidad Interamericana de Puerto Rico<\/strong><\/p>\n<p>Norman Gonz\u00e1lez Bracero<br \/>\nJos\u00e9 Aleczer Rivera Jim\u00e9nez<\/p>\n<p><strong>2012 \u2013 Facultad de Derecho Eugenio Mar\u00eda de Hostos<\/strong><\/p>\n<p>Adam J. Cruz Cuevas<br \/>\nJulio D. R\u00edos Ortiz<\/p>\n<p><strong>2013 \u2013 Universidad de Puerto Rico<\/strong><\/p>\n<p>Sebasti\u00e1n M. Torres Rodr\u00edguez<br \/>\nRafael Gonz\u00e1lez Ramos<\/p>\n<p><strong>2014 \u2013 Universidad Interamericana de Puerto Rico<\/strong><\/p>\n<p>Joan Hern\u00e1ndez Marrero<br \/>\nH\u00e9ctor Rom\u00e1n Maldonado<\/p>\n<p>2015-<\/p>\n<p><strong>2016 \u2013 Pontificia Universidad Cat\u00f3lica de Puerto Rico<\/strong><\/p>\n<p><strong>2016 \u2013\u00a0Universidad de Puerto Rico<\/strong><\/p>\n<p><span style=\"font-size: 14px\">Grecia D\u00edaz S\u00e1nchez<br \/>\nErnesto Gonz\u00e1lez Rodr\u00edguez<\/span><\/p>\n<p><strong>2017- Universidad Interamericana de Puerto Rico<\/strong><\/p>\n<p>Nydea K. Rodr\u00edguez Villanueva<\/p>\n<p>Glorimar Irene Abel<\/p>\n<p><strong>2018- Universidad de Puerto Rico<\/strong><\/p>\n<p>Orlandy Cabrera Valent\u00edn<\/p>\n<p>Sol A. V\u00e1zquez<\/p>\n","protected":false},"excerpt":{"rendered":"<p>Durante veinte a\u00f1os consecutivos, la Revista Jur\u00eddica de la Universidad de Puerto Rico ha celebrado la prestigiosa Competencia de Debate Miguel Vel\u00e1zquez Rivera. La misma tiene como objetivo propiciar el desarrollo de m\u00faltiples destrezas de discusi\u00f3n y argumentaci\u00f3n oral y promover el aprendizaje y la camarader\u00eda entre estudiantes de las diferentes escuelas de Derecho del<\/p>\n<div class=\"read-more\"><a href=\"https:\/\/derecho.uprrp.edu\/revistajuridica\/nosotros\/competencia-de-debate\/\" title=\"Read More\">Read More<\/a><\/div>\n","protected":false},"author":17,"featured_media":0,"parent":539,"menu_order":0,"comment_status":"closed","ping_status":"closed","template":"page-blocks.php","meta":{"footnotes":""},"class_list":["post-545","page","type-page","status-publish"],"_links":{"self":[{"href":"https:\/\/derecho.uprrp.edu\/revistajuridica\/wp-json\/wp\/v2\/pages\/545","targetHints":{"allow":["GET"]}}],"collection":[{"href":"https:\/\/derecho.uprrp.edu\/revistajuridica\/wp-json\/wp\/v2\/pages"}],"about":[{"href":"https:\/\/derecho.uprrp.edu\/revistajuridica\/wp-json\/wp\/v2\/types\/page"}],"author":[{"embeddable":true,"href":"https:\/\/derecho.uprrp.edu\/revistajuridica\/wp-json\/wp\/v2\/users\/17"}],"replies":[{"embeddable":true,"href":"https:\/\/derecho.uprrp.edu\/revistajuridica\/wp-json\/wp\/v2\/comments?post=545"}],"version-history":[{"count":1,"href":"https:\/\/derecho.uprrp.edu\/revistajuridica\/wp-json\/wp\/v2\/pages\/545\/revisions"}],"predecessor-version":[{"id":6969,"href":"https:\/\/derecho.uprrp.edu\/revistajuridica\/wp-json\/wp\/v2\/pages\/545\/revisions\/6969"}],"up":[{"embeddable":true,"href":"https:\/\/derecho.uprrp.edu\/revistajuridica\/wp-json\/wp\/v2\/pages\/539"}],"wp:attachment":[{"href":"https:\/\/derecho.uprrp.edu\/revistajuridica\/wp-json\/wp\/v2\/media?parent=545"}],"curies":[{"name":"wp","href":"https:\/\/api.w.org\/{rel}","templated":true}]}}