{"id":549,"date":"2024-05-20T00:00:18","date_gmt":"2024-05-20T00:00:18","guid":{"rendered":"http:\/\/revistajuridica.uprrp.edu\/wp\/?page_id=549"},"modified":"2024-07-30T15:01:38","modified_gmt":"2024-07-30T19:01:38","slug":"manual-de-citacion-uniforme","status":"publish","type":"page","link":"https:\/\/derecho.uprrp.edu\/revistajuridica\/manual-de-citacion-uniforme\/","title":{"rendered":"Manual de Citaci\u00f3n Uniforme"},"content":{"rendered":"<p>La Revista Jur\u00eddica de la Universidad de Puerto Rico, la Revista Jur\u00eddica de la Universidad Interamericana de Puerto Rico y la Revista de Derecho Puertorrique\u00f1o de la Pontificia Universidad Cat\u00f3lica de Puerto Rico se enorgullecen en presentar a la comunidad jur\u00eddica y acad\u00e9mica el <em><a style=\"font-family: 'Open Sans', Arial, sans-serif;font-size: 14px;color: #000000\" href=\"https:\/\/derecho.uprrp.edu\/revistajuridica\/wp-content\/uploads\/sites\/4\/2024\/05\/FINAL-MCU-2da-Edicion-Edicion-Definitiva-1.pdf\">Manual de Citaci\u00f3n Uniforme: Un sistema uniforme de citaci\u00f3n para fuentes jur\u00eddicas puertorrique\u00f1as<\/a>.<\/em><\/p>\n<p><em>El Manual <\/em>es un esfuerzo conjunto de las tres revistas jur\u00eddicas de las principales instituciones educativas de Derecho en Puerto Rico. El mismo responde a la urgencia de producir un cuerpo normativo y un est\u00e1ndar uniforme para el proceso de citaci\u00f3n y edici\u00f3n de escritos acad\u00e9micos.<\/p>\n<p>El documento es una gu\u00eda completa para el arduo proceso de edici\u00f3n de escritos para publicaci\u00f3n en revistas jur\u00eddicas, que le servir\u00e1 igual a estudiantes, profesores, jueces y miembros de la comunidad jur\u00eddica en general. El <em>Manual<\/em> agrupa normas correspondientes de <em>The Bluebook: A Uniform System of Citation<\/em> y de la <em>Real Academia Espa\u00f1ola <\/em>para atender las necesidades peculiares del ordenamiento jur\u00eddico puertorrique\u00f1o con sus fuentes de derecho aut\u00f3ctonas y los escritos acad\u00e9micos que lo nutren.<\/p>\n<p>El <em>Manual de Citaci\u00f3n Uniforme<\/em> es gratuito y est\u00e1 disponible en formato digital para todo el que desee obtenerlo.<\/p>\n<p><a href=\"https:\/\/derecho.uprrp.edu\/revistajuridica\/wp-content\/uploads\/sites\/4\/2024\/05\/FINAL-MCU-2da-Edicion-Edicion-Definitiva-1.pdf\"><img loading=\"lazy\" decoding=\"async\" class=\"wp-image-6919 aligncenter\" src=\"https:\/\/derecho.uprrp.edu\/revistajuridica\/wp-content\/uploads\/sites\/4\/2024\/05\/Portada-Manual-de-Citacion-Uniforme-231x300.png\" alt=\"\" width=\"330\" height=\"429\" srcset=\"https:\/\/derecho.uprrp.edu\/revistajuridica\/wp-content\/uploads\/sites\/4\/2024\/05\/Portada-Manual-de-Citacion-Uniforme-231x300.png 231w, https:\/\/derecho.uprrp.edu\/revistajuridica\/wp-content\/uploads\/sites\/4\/2024\/05\/Portada-Manual-de-Citacion-Uniforme-790x1024.png 790w, https:\/\/derecho.uprrp.edu\/revistajuridica\/wp-content\/uploads\/sites\/4\/2024\/05\/Portada-Manual-de-Citacion-Uniforme.png 890w\" sizes=\"auto, (max-width: 330px) 100vw, 330px\" \/><\/a><\/p>\n","protected":false},"excerpt":{"rendered":"<p>La Revista Jur\u00eddica de la Universidad de Puerto Rico, la Revista Jur\u00eddica de la Universidad Interamericana de Puerto Rico y la Revista de Derecho Puertorrique\u00f1o de la Pontificia Universidad Cat\u00f3lica de Puerto Rico se enorgullecen en presentar a la comunidad jur\u00eddica y acad\u00e9mica el Manual de Citaci\u00f3n Uniforme: Un sistema uniforme de citaci\u00f3n para fuentes<\/p>\n<div class=\"read-more\"><a href=\"https:\/\/derecho.uprrp.edu\/revistajuridica\/manual-de-citacion-uniforme\/\" title=\"Read More\">Read More<\/a><\/div>\n","protected":false},"author":17,"featured_media":0,"parent":0,"menu_order":0,"comment_status":"closed","ping_status":"closed","template":"","meta":{"footnotes":""},"class_list":["post-549","page","type-page","status-publish"],"_links":{"self":[{"href":"https:\/\/derecho.uprrp.edu\/revistajuridica\/wp-json\/wp\/v2\/pages\/549","targetHints":{"allow":["GET"]}}],"collection":[{"href":"https:\/\/derecho.uprrp.edu\/revistajuridica\/wp-json\/wp\/v2\/pages"}],"about":[{"href":"https:\/\/derecho.uprrp.edu\/revistajuridica\/wp-json\/wp\/v2\/types\/page"}],"author":[{"embeddable":true,"href":"https:\/\/derecho.uprrp.edu\/revistajuridica\/wp-json\/wp\/v2\/users\/17"}],"replies":[{"embeddable":true,"href":"https:\/\/derecho.uprrp.edu\/revistajuridica\/wp-json\/wp\/v2\/comments?post=549"}],"version-history":[{"count":5,"href":"https:\/\/derecho.uprrp.edu\/revistajuridica\/wp-json\/wp\/v2\/pages\/549\/revisions"}],"predecessor-version":[{"id":6922,"href":"https:\/\/derecho.uprrp.edu\/revistajuridica\/wp-json\/wp\/v2\/pages\/549\/revisions\/6922"}],"wp:attachment":[{"href":"https:\/\/derecho.uprrp.edu\/revistajuridica\/wp-json\/wp\/v2\/media?parent=549"}],"curies":[{"name":"wp","href":"https:\/\/api.w.org\/{rel}","templated":true}]}}