{"id":562,"date":"2016-05-03T21:37:03","date_gmt":"2016-05-03T21:37:03","guid":{"rendered":"http:\/\/revistajuridica.uprrp.edu\/wp\/?page_id=562"},"modified":"2025-06-21T01:09:48","modified_gmt":"2025-06-21T05:09:48","slug":"contactenos","status":"publish","type":"page","link":"https:\/\/derecho.uprrp.edu\/revistajuridica\/contactenos\/","title":{"rendered":"Cont\u00e1ctenos"},"content":{"rendered":"<p><strong>E-mail:<\/strong><\/p>\n<p>revistajuridica.derecho@upr.edu<\/p>\n<p><strong>Tel\u00e9fono:<\/strong><\/p>\n<p>(787) 999-9665<\/p>\n<p><strong>Direcci\u00f3n:<\/strong><\/p>\n<div id=\"u_jsonp_4_l\" class=\"ellipsis _50f3\" data-hover=\"tooltip\">\n<div class=\"gmail_default\">Escuela de Derecho, Universidad de Puerto Rico<\/div>\n<div class=\"gmail_default\">Attn: Revista Jur\u00eddica de la UPR<\/div>\n<div class=\"gmail_default\"><span style=\"font-weight: 400\">7 Avenida Universidad Ste 701<\/span><\/div>\n<div><span style=\"font-weight: 400\">San Juan, P.R. 00925-2527<\/span><\/div>\n<\/div>\n<div><\/div>\n<div><strong>Visita nuestras redes sociales:<\/strong><\/div>\n<div><\/div>\n<div style=\"text-align: left\"><a href=\"https:\/\/www.facebook.com\/revistajuridicaupr\/\" target=\"_blank\" rel=\"noopener noreferrer\"><img loading=\"lazy\" decoding=\"async\" class=\"alignnone wp-image-5400\" src=\"http:\/\/revistajuridica.uprrp.edu\/wp-content\/uploads\/2020\/08\/Facebook-300x300.png\" alt=\"\" width=\"100\" height=\"100\" srcset=\"https:\/\/derecho.uprrp.edu\/revistajuridica\/wp-content\/uploads\/sites\/4\/2020\/08\/Facebook-300x300.png 300w, https:\/\/derecho.uprrp.edu\/revistajuridica\/wp-content\/uploads\/sites\/4\/2020\/08\/Facebook-150x150.png 150w, https:\/\/derecho.uprrp.edu\/revistajuridica\/wp-content\/uploads\/sites\/4\/2020\/08\/Facebook-768x768.png 768w, https:\/\/derecho.uprrp.edu\/revistajuridica\/wp-content\/uploads\/sites\/4\/2020\/08\/Facebook.png 1024w\" sizes=\"auto, (max-width: 100px) 100vw, 100px\" \/><\/a> <a href=\"https:\/\/instagram.com\/revjurupr?igshid=12d51e9cbpihl\" target=\"_blank\" rel=\"noopener noreferrer\"><img loading=\"lazy\" decoding=\"async\" class=\"alignnone wp-image-5401\" src=\"http:\/\/revistajuridica.uprrp.edu\/wp-content\/uploads\/2020\/08\/Instagram.png\" alt=\"\" width=\"100\" height=\"100\" srcset=\"https:\/\/derecho.uprrp.edu\/revistajuridica\/wp-content\/uploads\/sites\/4\/2020\/08\/Instagram.png 300w, https:\/\/derecho.uprrp.edu\/revistajuridica\/wp-content\/uploads\/sites\/4\/2020\/08\/Instagram-150x150.png 150w\" sizes=\"auto, (max-width: 100px) 100vw, 100px\" \/><\/a>\u00a0 \u00a0 \u00a0 \u00a0\u00a0<img loading=\"lazy\" decoding=\"async\" class=\"alignnone wp-image-5402\" src=\"http:\/\/revistajuridica.uprrp.edu\/wp-content\/uploads\/2020\/08\/Twitter.png\" alt=\"\" width=\"100\" height=\"100\" srcset=\"https:\/\/derecho.uprrp.edu\/revistajuridica\/wp-content\/uploads\/sites\/4\/2020\/08\/Twitter.png 256w, https:\/\/derecho.uprrp.edu\/revistajuridica\/wp-content\/uploads\/sites\/4\/2020\/08\/Twitter-150x150.png 150w\" sizes=\"auto, (max-width: 100px) 100vw, 100px\" \/>\u00a0 \u00a0 \u00a0 \u00a0<a href=\"https:\/\/www.linkedin.com\/company\/revista-juridica-universidad-de-puerto-rico\/\" target=\"_blank\" rel=\"noopener noreferrer\"><img loading=\"lazy\" decoding=\"async\" class=\"alignnone wp-image-5399\" src=\"http:\/\/revistajuridica.uprrp.edu\/wp-content\/uploads\/2020\/08\/LinkedIn-300x300.png\" alt=\"\" width=\"100\" height=\"100\" srcset=\"https:\/\/derecho.uprrp.edu\/revistajuridica\/wp-content\/uploads\/sites\/4\/2020\/08\/LinkedIn-300x300.png 300w, https:\/\/derecho.uprrp.edu\/revistajuridica\/wp-content\/uploads\/sites\/4\/2020\/08\/LinkedIn-150x150.png 150w, https:\/\/derecho.uprrp.edu\/revistajuridica\/wp-content\/uploads\/sites\/4\/2020\/08\/LinkedIn-768x768.png 768w, https:\/\/derecho.uprrp.edu\/revistajuridica\/wp-content\/uploads\/sites\/4\/2020\/08\/LinkedIn.png 1024w\" sizes=\"auto, (max-width: 100px) 100vw, 100px\" \/><\/a><\/div>\n","protected":false},"excerpt":{"rendered":"<p>E-mail: revistajuridica.derecho@upr.edu Tel\u00e9fono: (787) 999-9665 Direcci\u00f3n: Escuela de Derecho, Universidad de Puerto Rico Attn: Revista Jur\u00eddica de la UPR 7 Avenida Universidad Ste 701 San Juan, P.R. 00925-2527 Visita nuestras redes sociales: \u00a0 \u00a0 \u00a0 \u00a0\u00a0\u00a0 \u00a0 \u00a0 \u00a0<\/p>\n","protected":false},"author":17,"featured_media":0,"parent":0,"menu_order":0,"comment_status":"closed","ping_status":"closed","template":"","meta":{"footnotes":""},"class_list":["post-562","page","type-page","status-publish"],"_links":{"self":[{"href":"https:\/\/derecho.uprrp.edu\/revistajuridica\/wp-json\/wp\/v2\/pages\/562","targetHints":{"allow":["GET"]}}],"collection":[{"href":"https:\/\/derecho.uprrp.edu\/revistajuridica\/wp-json\/wp\/v2\/pages"}],"about":[{"href":"https:\/\/derecho.uprrp.edu\/revistajuridica\/wp-json\/wp\/v2\/types\/page"}],"author":[{"embeddable":true,"href":"https:\/\/derecho.uprrp.edu\/revistajuridica\/wp-json\/wp\/v2\/users\/17"}],"replies":[{"embeddable":true,"href":"https:\/\/derecho.uprrp.edu\/revistajuridica\/wp-json\/wp\/v2\/comments?post=562"}],"version-history":[{"count":4,"href":"https:\/\/derecho.uprrp.edu\/revistajuridica\/wp-json\/wp\/v2\/pages\/562\/revisions"}],"predecessor-version":[{"id":7642,"href":"https:\/\/derecho.uprrp.edu\/revistajuridica\/wp-json\/wp\/v2\/pages\/562\/revisions\/7642"}],"wp:attachment":[{"href":"https:\/\/derecho.uprrp.edu\/revistajuridica\/wp-json\/wp\/v2\/media?parent=562"}],"curies":[{"name":"wp","href":"https:\/\/api.w.org\/{rel}","templated":true}]}}