{"id":616,"date":"2016-05-12T20:45:22","date_gmt":"2016-05-12T20:45:22","guid":{"rendered":"http:\/\/revistajuridica.uprrp.edu\/wp\/?page_id=616"},"modified":"2026-03-28T23:45:35","modified_gmt":"2026-03-29T03:45:35","slug":"revista-juridica-upr","status":"publish","type":"page","link":"https:\/\/derecho.uprrp.edu\/revistajuridica\/volumenes\/revista-juridica-upr\/","title":{"rendered":"Copia Digital &#8211; Revista Jur\u00eddica Universidad de Puerto Rico"},"content":{"rendered":"<p>Acceda a los vol\u00famenes m\u00e1s recientes publicados por la Revista Jur\u00eddica. Los subt\u00edtulos tienen un hiperenlace que los lleva a los art\u00edculos publicados en el n\u00famero correspondiente.<\/p>\n<h4><strong>Volumen 94<\/strong><\/h4>\n<ul>\n<li><a href=\"https:\/\/derecho.uprrp.edu\/revistajuridica\/__trashed\/\">94.1: An\u00e1lisis del T\u00e9rmino 2023-2024<\/a><\/li>\n<li><a href=\"https:\/\/derecho.uprrp.edu\/revistajuridica\/volumen-94-numero-2-libertad-de-expresion-en-el-siglo-xxi\/\">94.2: Libertad de expresi\u00f3n en el siglo XXI<\/a><\/li>\n<li><a href=\"https:\/\/derecho.uprrp.edu\/revistajuridica\/volumen-94-numero-3-el-deterioro-de-los-servicios-esenciales-el-derecho-como-un-fenomeno-social\/\">94.3: El deterioro de los servicios esenciales: El derecho como un fen\u00f3meno social<\/a><\/li>\n<li><a href=\"https:\/\/derecho.uprrp.edu\/revistajuridica\/volumen-94-numero-4-tema-libre\/\">94.4: Tema libre<\/a><\/li>\n<\/ul>\n<h4 style=\"font-family: Roboto, sans-serif\">Volumen 93<\/h4>\n<ul style=\"font-size: 15px;font-family: Roboto, sans-serif;color: #7a7a7a;font-weight: 400\">\n<li style=\"font-size: 15px\"><a href=\"https:\/\/derecho.uprrp.edu\/revistajuridica\/volumen-93-numero-1-analisis-del-termino-2022-2023\/\">93.1: An\u00e1lisis del T\u00e9rmino 2022-2023<\/a><\/li>\n<li style=\"font-size: 15px\"><a href=\"https:\/\/derecho.uprrp.edu\/revistajuridica\/volumen-93-numero-2-cambio-climatico-efectos-de-la-crisis-climatica-en-puerto-rico-y-el-mundo\/\">93.2: Cambio Clim\u00e1tico: Efectos de la crisis clim\u00e1tica en Puerto Rico y el Mundo<\/a><\/li>\n<li><a href=\"https:\/\/derecho.uprrp.edu\/revistajuridica\/volumen-93-numero-3-retos-contemporaneos-de-la-etica-profesional\/\">93.3: Retos contempor\u00e1neos de la \u00e9tica profesional<\/a><\/li>\n<li><a href=\"https:\/\/derecho.uprrp.edu\/revistajuridica\/volumen-93-numero-4-tema-libre\/\">92.4: Tema Libre<\/a><\/li>\n<\/ul>\n<h4 style=\"font-family: Roboto, sans-serif\">Volumen 92<\/h4>\n<ul style=\"font-size: 15px;font-family: Roboto, sans-serif;color: #7a7a7a;font-weight: 400\">\n<li style=\"font-size: 15px\"><a href=\"https:\/\/derecho.uprrp.edu\/revistajuridica\/2024\/06\/18\/volumen-92-numero-1-tema-libre\/\">92.1: Tema Libre<\/a><\/li>\n<li style=\"font-size: 15px\"><a href=\"https:\/\/derecho.uprrp.edu\/revistajuridica\/volumen-92-numero-2-congreso-de-derecho-administrativo\/\">92.2: Congreso de Derecho Administrativo 2022<\/a><\/li>\n<li><a href=\"https:\/\/derecho.uprrp.edu\/revistajuridica\/volumen-92-numero-3-analisis-del-termino\/\">92.3: An\u00e1lisis del T\u00e9rmino 2021-2022<\/a><\/li>\n<li><a href=\"https:\/\/derecho.uprrp.edu\/revistajuridica\/volumen-92-numero-4-puerto-rico-ante-el-mundo-tecnologia-y-comercio\/\">92.4: Puerto Rico ante el mundo: Tecnolog\u00eda y comercio<\/a><\/li>\n<\/ul>\n<h4 style=\"font-family: Roboto, sans-serif\">Volumen 91<\/h4>\n<ul style=\"font-size: 15px;font-family: Roboto, sans-serif;color: #7a7a7a;font-weight: 400\">\n<li style=\"font-size: 15px\"><a href=\"https:\/\/derecho.uprrp.edu\/revistajuridica\/volumen-91-numero-1-tema-libre\/\">91.1: Tema Libre\u00a0<\/a><\/li>\n<li style=\"font-size: 15px\"><a href=\"https:\/\/derecho.uprrp.edu\/revistajuridica\/volumen-91-numero-2-analisis-del-termino-2020-2021\/\">91.2:\u00a0 An\u00e1lisis del T\u00e9rmino 2020-2021<\/a><\/li>\n<li style=\"font-size: 15px\"><a href=\"https:\/\/derecho.uprrp.edu\/revistajuridica\/volumen-91-numero-3-100-anos-de-balzac-reflexiones-contemporaneas-en-torno-a-la-ciudadania\/\">91.3: 100 a\u00f1os de Balzac: Reflexiones contempor\u00e1neas en torno a la ciudadan\u00eda<\/a><\/li>\n<li style=\"font-size: 15px\"><a href=\"https:\/\/derecho.uprrp.edu\/revistajuridica\/volumen-91-numero-4-transformaciones-del-derecho-en-tiempos-de-pandemia\/\">91.4:\u00a0 Transformaciones del derecho en tiempos de pandemia<\/a><\/li>\n<\/ul>\n<h4>Volumen 90<\/h4>\n<ul>\n<li><a href=\"https:\/\/derecho.uprrp.edu\/revistajuridica\/volumen-90-numero-1\/volumen-90-numero-1-retos-de-la-democracia-puertorriquena\/\">90.1: Retos de la democracia puertorrique\u00f1a<\/a><\/li>\n<li><a href=\"https:\/\/derecho.uprrp.edu\/revistajuridica\/volumen-90-numero-2-analisis-del-termino-2019-2020-2\/\">90.2: An\u00e1lisis del T\u00e9rmino 2019-2020<\/a><\/li>\n<li><a href=\"https:\/\/derecho.uprrp.edu\/revistajuridica\/volumen-90-numero-3-tema-libre-1\/\">90.3: Tema Libre<\/a><\/li>\n<\/ul>\n<h4>Volumen 89<\/h4>\n<ul>\n<li><a href=\"https:\/\/derecho.uprrp.edu\/revistajuridica\/volumen-89-numero-1\/\">89.1: Feminismo y Perspectiva de G\u00e9nero: un an\u00e1lisis transversal necesario<\/a><\/li>\n<li><a href=\"https:\/\/derecho.uprrp.edu\/revistajuridica\/volumen-89-numero-2\/\">89.2: An\u00e1lisis del T\u00e9rmino 2018-2019<\/a><\/li>\n<li><a href=\"https:\/\/derecho.uprrp.edu\/revistajuridica\/volumen-89-numero-3\/\">89.3: Tema Libre<\/a><\/li>\n<\/ul>\n<h4>Volumen 88<\/h4>\n<ul>\n<li><a href=\"https:\/\/derecho.uprrp.edu\/revistajuridica\/volumen-88-numero-1\/\">88.1: An\u00e1lisis del T\u00e9rmino\u00a02017-2018<\/a><\/li>\n<li><a href=\"https:\/\/derecho.uprrp.edu\/revistajuridica\/volumen-88-numero-2\/\">88.2: Tema Libre<\/a><\/li>\n<li><a href=\"https:\/\/derecho.uprrp.edu\/revistajuridica\/volumen-88-numero-3\/\">88.3: Andamiaje y revitalizaci\u00f3n de Puerto Rico<\/a><\/li>\n<li><a href=\"https:\/\/derecho.uprrp.edu\/revistajuridica\/volumen-88-numero-4\/\">88.4: Derecho de Menores: Vulnerabilidad y el cerebro inmaduro<\/a><\/li>\n<\/ul>\n<h4><\/h4>\n<h4>Volumen 87<\/h4>\n<ul>\n<li><a href=\"https:\/\/derecho.uprrp.edu\/revistajuridica\/volumen-87-numero-1\/\">87.1: Tema Libre\u00a0<\/a><\/li>\n<li><a href=\"https:\/\/derecho.uprrp.edu\/revistajuridica\/volumen-87-numero-2\/\">87.2: An\u00e1lisis del T\u00e9rmino\u00a02016-2017<\/a><\/li>\n<li><a href=\"https:\/\/derecho.uprrp.edu\/revistajuridica\/volumen-87-numero-3\/\">87.3: Derecho y desastre: Puerto Rico ante la crisis fiscal y humanitaria<\/a><\/li>\n<li><a href=\"https:\/\/derecho.uprrp.edu\/revistajuridica\/volumen-87-numero-4\/\">87.4: Vac\u00edos jur\u00eddicos: Derecho Penitenciario; Derecho de Internet y Nuevas Tecnolog\u00edas<\/a><\/li>\n<\/ul>\n<h4><\/h4>\n<h4>Volumen 86<\/h4>\n<ul>\n<li><a href=\"https:\/\/derecho.uprrp.edu\/revistajuridica\/volumenes\/revista-juridica-upr\/volumen-86-numero-1\/\" target=\"_blank\" rel=\"noopener noreferrer\">86.1: Tema Libre\u00a0<\/a><\/li>\n<li><a href=\"https:\/\/derecho.uprrp.edu\/revistajuridica\/volumenes\/revista-juridica-upr\/volumen-86-numero-2\/\" target=\"_blank\" rel=\"noopener noreferrer\">86.2: An\u00e1lisis del T\u00e9rmino\u00a02015-2016<\/a><\/li>\n<li><a href=\"https:\/\/derecho.uprrp.edu\/revistajuridica\/volumenes\/revista-juridica-upr\/volumen-86-numero-3\/\" target=\"_blank\" rel=\"noopener noreferrer\">86.3: Acceso a la Justicia<\/a><\/li>\n<li><a href=\"https:\/\/derecho.uprrp.edu\/revistajuridica\/volumenes\/revista-juridica-upr\/volumen-86-numero-4\/\" target=\"_blank\" rel=\"noopener noreferrer\">86.4: Derecho Laboral y Legislaci\u00f3n social protectora del trabajo<\/a><\/li>\n<\/ul>\n<h4><\/h4>\n<h4>Volumen 85<\/h4>\n<ul>\n<li><a href=\"https:\/\/derecho.uprrp.edu\/revistajuridica\/volumenes\/revista-juridica-upr\/volumen-85-num-1-2\/\">N\u00famero 1<\/a><\/li>\n<li><a href=\"https:\/\/derecho.uprrp.edu\/revistajuridica\/volumenes\/revista-juridica-upr\/volumen-85-num-2-2\/\">N\u00famero 2<\/a><\/li>\n<li><a href=\"https:\/\/derecho.uprrp.edu\/revistajuridica\/volumenes\/revista-juridica-upr\/volumen-85-num-3\/\">N\u00famero 3<\/a><\/li>\n<li><a href=\"https:\/\/derecho.uprrp.edu\/revistajuridica\/volumenes\/revista-juridica-upr\/volumen-85-num-4\/\">N\u00famero 4<\/a><\/li>\n<\/ul>\n<h4><\/h4>\n<h4>Volumen 84<\/h4>\n<ul>\n<li><a href=\"https:\/\/derecho.uprrp.edu\/revistajuridica\/volumenes\/revista-juridica-upr\/volumen-84-numero-1\/\">N\u00famero 1<\/a><\/li>\n<li><a href=\"https:\/\/derecho.uprrp.edu\/revistajuridica\/volumenes\/revista-juridica-upr\/volumen-84-numero-2\/\">N\u00famero 2<\/a><\/li>\n<li><a href=\"https:\/\/derecho.uprrp.edu\/revistajuridica\/volumenes\/revista-juridica-upr\/volumen-84-numero-3\/\">N\u00famero 3<\/a><\/li>\n<li><a href=\"https:\/\/derecho.uprrp.edu\/revistajuridica\/volumenes\/revista-juridica-upr\/volumen-84-num-4\/\">N\u00famero 4<\/a><\/li>\n<li><a href=\"https:\/\/derecho.uprrp.edu\/revistajuridica\/volumenes\/revista-juridica-upr\/volumen-84-revista-digital\/\" target=\"_blank\" rel=\"noopener\">Revista Digital<\/a><\/li>\n<\/ul>\n<h4><\/h4>\n<h4>Volumen 83<\/h4>\n<ul>\n<li><a href=\"https:\/\/derecho.uprrp.edu\/revistajuridica\/volumenes\/revista-juridica-upr\/volumen-83-numero-1\/\">N\u00famero 1<\/a><\/li>\n<li><a href=\"https:\/\/derecho.uprrp.edu\/revistajuridica\/volumenes\/revista-juridica-upr\/volumen-83-numero-2\/\">N\u00famero\u00a02<\/a><\/li>\n<li><a href=\"https:\/\/derecho.uprrp.edu\/revistajuridica\/volumenes\/revista-juridica-upr\/volumen-83-numero-3\/\">N\u00famero 3<\/a><\/li>\n<li><a href=\"https:\/\/derecho.uprrp.edu\/revistajuridica\/volumenes\/revista-juridica-upr\/volumen-83-numero-4\/\">N\u00famero 4<\/a><\/li>\n<li><a href=\"https:\/\/derecho.uprrp.edu\/revistajuridica\/volumenes\/revista-juridica-upr\/volumen-83-revista-digital\/\" target=\"_blank\" rel=\"noopener\">Revista Digital<\/a><\/li>\n<\/ul>\n<h4><\/h4>\n<h4>Volumen 82<\/h4>\n<ul>\n<li><a href=\"https:\/\/derecho.uprrp.edu\/revistajuridica\/volumenes\/revista-juridica-upr\/volumen-82-numero-1\/\">N\u00famero 1<\/a><\/li>\n<li><a href=\"https:\/\/derecho.uprrp.edu\/revistajuridica\/volumenes\/revista-juridica-upr\/volumen-82-numero-2\/\">N\u00famero\u00a02<\/a><\/li>\n<li><a href=\"https:\/\/derecho.uprrp.edu\/revistajuridica\/volumenes\/revista-juridica-upr\/volumen-82-numero-3\/\">N\u00famero 3<\/a><\/li>\n<li><a href=\"https:\/\/derecho.uprrp.edu\/revistajuridica\/volumenes\/revista-juridica-upr\/volumen-82-numero-4\/\">N\u00famero 4<\/a><\/li>\n<li><a href=\"https:\/\/derecho.uprrp.edu\/revistajuridica\/volumenes\/revista-juridica-upr\/volumen-82-revista-digital\/\" target=\"_blank\" rel=\"noopener\">Revista Digital<\/a><\/li>\n<\/ul>\n<h4><\/h4>\n<h4>Volumen 81<\/h4>\n<ul>\n<li><a href=\"https:\/\/derecho.uprrp.edu\/revistajuridica\/volumenes\/revista-juridica-upr\/volumen-81-numero-1\/\">N\u00famero 1<\/a><\/li>\n<li><a href=\"https:\/\/derecho.uprrp.edu\/revistajuridica\/volumenes\/revista-juridica-upr\/volumen-81-numero-2\/\">N\u00famero\u00a02<\/a><\/li>\n<li><a href=\"https:\/\/derecho.uprrp.edu\/revistajuridica\/volumenes\/revista-juridica-upr\/volumen-81-numero-3\/\">N\u00famero 3<\/a><\/li>\n<li><a href=\"https:\/\/derecho.uprrp.edu\/revistajuridica\/volumenes\/revista-juridica-upr\/volumen-81-numero-4\/\">N\u00famero 4<\/a><\/li>\n<\/ul>\n<h4><\/h4>\n<h4>Volumen 80<\/h4>\n<ul>\n<li><a href=\"https:\/\/derecho.uprrp.edu\/revistajuridica\/volumenes\/revista-juridica-upr\/volumen-80-numero-1\/\">N\u00famero 1<\/a><\/li>\n<li><a href=\"https:\/\/derecho.uprrp.edu\/revistajuridica\/volumenes\/revista-juridica-upr\/volumen-80-numero-2\/\">N\u00famero\u00a02<\/a><\/li>\n<li><a href=\"https:\/\/derecho.uprrp.edu\/revistajuridica\/volumen-80-numero-4\/https:\/\/derecho.uprrp.edu\/revistajuridica\/volumen-80-numero-4\/\">N\u00famero 4<\/a><\/li>\n<\/ul>\n<h4><\/h4>\n<h4>Volumen 79<\/h4>\n<ul>\n<li><a href=\"https:\/\/derecho.uprrp.edu\/revistajuridica\/volumen-79-numero-1\/\">N\u00famero 1<\/a><\/li>\n<li><a href=\"https:\/\/derecho.uprrp.edu\/revistajuridica\/volumen-79-numero-2\/\">N\u00famero\u00a02<\/a><\/li>\n<li><a href=\"https:\/\/derecho.uprrp.edu\/revistajuridica\/volumen-79-numero-3\/\">N\u00famero 3<\/a><\/li>\n<li><a href=\"https:\/\/derecho.uprrp.edu\/revistajuridica\/volumen-79-numero-4\/\">N\u00famero 4<\/a><\/li>\n<\/ul>\n","protected":false},"excerpt":{"rendered":"<p>Acceda a los vol\u00famenes m\u00e1s recientes publicados por la Revista Jur\u00eddica. Los subt\u00edtulos tienen un hiperenlace que los lleva a los art\u00edculos publicados en el n\u00famero correspondiente. Volumen 94 94.1: An\u00e1lisis del T\u00e9rmino 2023-2024 94.2: Libertad de expresi\u00f3n en el siglo XXI 94.3: El deterioro de los servicios esenciales: El derecho como un fen\u00f3meno social<\/p>\n<div class=\"read-more\"><a href=\"https:\/\/derecho.uprrp.edu\/revistajuridica\/volumenes\/revista-juridica-upr\/\" title=\"Read More\">Read More<\/a><\/div>\n","protected":false},"author":2,"featured_media":0,"parent":617,"menu_order":0,"comment_status":"closed","ping_status":"closed","template":"","meta":{"footnotes":""},"class_list":["post-616","page","type-page","status-publish"],"_links":{"self":[{"href":"https:\/\/derecho.uprrp.edu\/revistajuridica\/wp-json\/wp\/v2\/pages\/616","targetHints":{"allow":["GET"]}}],"collection":[{"href":"https:\/\/derecho.uprrp.edu\/revistajuridica\/wp-json\/wp\/v2\/pages"}],"about":[{"href":"https:\/\/derecho.uprrp.edu\/revistajuridica\/wp-json\/wp\/v2\/types\/page"}],"author":[{"embeddable":true,"href":"https:\/\/derecho.uprrp.edu\/revistajuridica\/wp-json\/wp\/v2\/users\/2"}],"replies":[{"embeddable":true,"href":"https:\/\/derecho.uprrp.edu\/revistajuridica\/wp-json\/wp\/v2\/comments?post=616"}],"version-history":[{"count":151,"href":"https:\/\/derecho.uprrp.edu\/revistajuridica\/wp-json\/wp\/v2\/pages\/616\/revisions"}],"predecessor-version":[{"id":7862,"href":"https:\/\/derecho.uprrp.edu\/revistajuridica\/wp-json\/wp\/v2\/pages\/616\/revisions\/7862"}],"up":[{"embeddable":true,"href":"https:\/\/derecho.uprrp.edu\/revistajuridica\/wp-json\/wp\/v2\/pages\/617"}],"wp:attachment":[{"href":"https:\/\/derecho.uprrp.edu\/revistajuridica\/wp-json\/wp\/v2\/media?parent=616"}],"curies":[{"name":"wp","href":"https:\/\/api.w.org\/{rel}","templated":true}]}}