{"id":6846,"date":"2024-03-02T19:22:21","date_gmt":"2024-03-02T19:22:21","guid":{"rendered":"https:\/\/derecho.uprrp.edu\/revistajuridica\/?page_id=6846"},"modified":"2024-03-02T19:22:21","modified_gmt":"2024-03-02T19:22:21","slug":"volumen-83-revista-digital","status":"publish","type":"page","link":"https:\/\/derecho.uprrp.edu\/revistajuridica\/volumenes\/revista-juridica-upr\/volumen-83-revista-digital\/","title":{"rendered":"Volumen 83-Revista Digital"},"content":{"rendered":"<ul>\n<li><strong><a href=\"https:\/\/derecho.uprrp.edu\/revistajuridica\/wp-content\/uploads\/sites\/4\/2024\/03\/83-REV-JUR-DIG-UPR-63.pdf\">ERWIN CHEMERINSKY, THE CONSERVATIVE ASSAULT ON THE CONSTITUTION (2010)<\/a><\/strong><\/li>\n<li><strong><a href=\"https:\/\/derecho.uprrp.edu\/revistajuridica\/wp-content\/uploads\/sites\/4\/2024\/03\/83-REV-JUR-DIG-UPR-1.pdf\">EL DERECHO DE AUTOR EN EL ENTORNO DIGITAL Y LAS REDES SOCIALES: EL IMAGINARIO DEL PROCESO CREATIVO<\/a><\/strong><\/li>\n<li><strong><a href=\"https:\/\/derecho.uprrp.edu\/revistajuridica\/wp-content\/uploads\/sites\/4\/2024\/03\/83-REV-JUR-DIG-UPR-49.pdf\">EL FIDEICOMISO DEL ARTISTA EN PUERTO RICO<\/a><\/strong><\/li>\n<li><strong><a href=\"https:\/\/derecho.uprrp.edu\/revistajuridica\/wp-content\/uploads\/sites\/4\/2024\/03\/83-REV-JUR-DIG-UPR-15-.pdf\">PUERTO RICO\u2019S MUNICIPAL BOND DILEMMA: IS STATEHOOD THE ONLY VIABLE OPTION?<\/a><\/strong><\/li>\n<li><strong><a href=\"https:\/\/derecho.uprrp.edu\/revistajuridica\/wp-content\/uploads\/sites\/4\/2024\/03\/83-REV-JUR-DIG-UPR-20.pdf\">LA DESPENALIZACI\u00d3N Y REGULACI\u00d3N DE LA MARIHUANA: UN AN\u00c1LISIS SOCIAL, JUR\u00cdDICO Y ECON\u00d3MICO<\/a><\/strong><\/li>\n<li><strong><a href=\"https:\/\/derecho.uprrp.edu\/revistajuridica\/wp-content\/uploads\/sites\/4\/2024\/03\/83-REV-JUR-DIG-UPR-87.pdf\">SWAROVSKI V. BUILDING NO. 19: EL USO NOMINATIVO DE MARCAS REGISTRADAS<\/a><\/strong><\/li>\n<li><strong><a href=\"https:\/\/derecho.uprrp.edu\/revistajuridica\/wp-content\/uploads\/sites\/4\/2024\/03\/83-REV-JUR-DIG-UPR-69.pdf\">ESTRUCTURA CONSTITUCIONAL DE LAS CORTES SUPREMAS: UN ESTUDIO COMPARADO DE UNASUR Y PUERTO RICO<\/a><\/strong><\/li>\n<li><strong><a href=\"https:\/\/derecho.uprrp.edu\/revistajuridica\/wp-content\/uploads\/sites\/4\/2024\/03\/83-REV-JUR-DIG-UPR-96.pdf\">AN APPROACH TO FEMINISMS, HUMAN RIGHTS AND THE ALYNE DECISION<\/a><\/strong><\/li>\n<li><strong><a href=\"https:\/\/derecho.uprrp.edu\/revistajuridica\/wp-content\/uploads\/sites\/4\/2024\/03\/83-REV-JUR-DIG-UPR-124.pdf\">RECONOCIMIENTO JUR\u00cdDICO DE LOS COLECTIVOS SOCIALES QUE PROPULSAN LA PARTICIPACI\u00d3N CIUDADANA<\/a><\/strong><\/li>\n<li><strong><a href=\"https:\/\/derecho.uprrp.edu\/revistajuridica\/wp-content\/uploads\/sites\/4\/2024\/03\/83-REV-JUR-DIG-UPR-157.pdf\">PROTECCI\u00d3N DE PROPIEDAD INTELECTUAL A LAS OBRAS ARQUITECT\u00d3NICAS Y DE INGENIER\u00cdA<\/a><\/strong><\/li>\n<li><strong><a href=\"https:\/\/derecho.uprrp.edu\/revistajuridica\/wp-content\/uploads\/sites\/4\/2024\/03\/83-REV-JUR-DIG-UPR-144.pdf\">EFECTOS EN LA FALTA DE TRACTO Y CONSECUENCIAS DE LA LEY PARA AGILIZAR EL REGISTRO DE LA PROPIEDAD<\/a><\/strong><\/li>\n<li><strong><a href=\"https:\/\/derecho.uprrp.edu\/revistajuridica\/wp-content\/uploads\/sites\/4\/2024\/03\/83-REV-JUR-DIG-UPR-170.pdf\">EL RANGO JUR\u00cdDICO DEL PRINCIPIO DE LEGALIDAD Y SUS COROLARIOS<\/a><\/strong><\/li>\n<li><strong><a href=\"https:\/\/derecho.uprrp.edu\/revistajuridica\/wp-content\/uploads\/sites\/4\/2024\/03\/83-REV-JUR-DIG-UPR-106.pdf\">PATENTES O SECRETOS COMERCIALES: \u00bfCU\u00c1L ES LA MEJOR ALTERNATIVA PARA PROTEGER UN INVENTO?<\/a><\/strong><\/li>\n<li><strong><a href=\"https:\/\/derecho.uprrp.edu\/revistajuridica\/wp-content\/uploads\/sites\/4\/2024\/03\/83-REV-JUR-DIG-UPR-182.pdf\">LA TRADICI\u00d3N JUR\u00cdDICA PUERTORRIQUE\u00d1A: \u00bfCIVIL O ANGLOSAJONA?<\/a><\/strong><\/li>\n<li><strong><a href=\"https:\/\/derecho.uprrp.edu\/revistajuridica\/wp-content\/uploads\/sites\/4\/2024\/03\/83-REV-JUR-DIG-UPR-230.pdf\">DERECHO AL DERECHO: UNA APUESTA POR LA DEMOCRATIZACI\u00d3N RADICAL DE LO JUR\u00cdDICO<\/a><\/strong><\/li>\n<li><strong><a href=\"https:\/\/derecho.uprrp.edu\/revistajuridica\/wp-content\/uploads\/sites\/4\/2024\/03\/83-REV-JUR-DIG-UPR-196.pdf\">TRANSFORMACIONES EN EL R\u00c9GIMEN INMOBILIARIO DE LA ISLA DE CUBA<\/a><\/strong><\/li>\n<li><strong><a href=\"https:\/\/derecho.uprrp.edu\/revistajuridica\/wp-content\/uploads\/sites\/4\/2024\/03\/83-REV-JUR-DIG-UPR-210.pdf\">LA HIPOTECA FLOTANTE: UNA NUEVA ESTRUCTURA DE FINANCIAMIENTO EN EL MERCADO HIPOTECARIO<\/a><\/strong><\/li>\n<li><strong><a href=\"https:\/\/derecho.uprrp.edu\/revistajuridica\/wp-content\/uploads\/sites\/4\/2024\/03\/83-REV-JUR-DIG-UPR-239.pdf\">LA CONSTITUCIONALIDAD DE LA LEY DE ARMAS DE PUERTO RICO DESPU\u00c9S DE MCDONALD V. CITY OF CHICAGO<\/a><\/strong><\/li>\n<\/ul>\n","protected":false},"excerpt":{"rendered":"<p>ERWIN CHEMERINSKY, THE CONSERVATIVE ASSAULT ON THE CONSTITUTION (2010) EL DERECHO DE AUTOR EN EL ENTORNO DIGITAL Y LAS REDES SOCIALES: EL IMAGINARIO DEL PROCESO CREATIVO EL FIDEICOMISO DEL ARTISTA EN PUERTO RICO PUERTO RICO\u2019S MUNICIPAL BOND DILEMMA: IS STATEHOOD THE ONLY VIABLE OPTION? LA DESPENALIZACI\u00d3N Y REGULACI\u00d3N DE LA MARIHUANA: UN AN\u00c1LISIS SOCIAL, JUR\u00cdDICO<\/p>\n<div class=\"read-more\"><a href=\"https:\/\/derecho.uprrp.edu\/revistajuridica\/volumenes\/revista-juridica-upr\/volumen-83-revista-digital\/\" title=\"Read More\">Read More<\/a><\/div>\n","protected":false},"author":31,"featured_media":0,"parent":616,"menu_order":0,"comment_status":"closed","ping_status":"closed","template":"","meta":{"footnotes":""},"class_list":["post-6846","page","type-page","status-publish"],"_links":{"self":[{"href":"https:\/\/derecho.uprrp.edu\/revistajuridica\/wp-json\/wp\/v2\/pages\/6846","targetHints":{"allow":["GET"]}}],"collection":[{"href":"https:\/\/derecho.uprrp.edu\/revistajuridica\/wp-json\/wp\/v2\/pages"}],"about":[{"href":"https:\/\/derecho.uprrp.edu\/revistajuridica\/wp-json\/wp\/v2\/types\/page"}],"author":[{"embeddable":true,"href":"https:\/\/derecho.uprrp.edu\/revistajuridica\/wp-json\/wp\/v2\/users\/31"}],"replies":[{"embeddable":true,"href":"https:\/\/derecho.uprrp.edu\/revistajuridica\/wp-json\/wp\/v2\/comments?post=6846"}],"version-history":[{"count":1,"href":"https:\/\/derecho.uprrp.edu\/revistajuridica\/wp-json\/wp\/v2\/pages\/6846\/revisions"}],"predecessor-version":[{"id":6865,"href":"https:\/\/derecho.uprrp.edu\/revistajuridica\/wp-json\/wp\/v2\/pages\/6846\/revisions\/6865"}],"up":[{"embeddable":true,"href":"https:\/\/derecho.uprrp.edu\/revistajuridica\/wp-json\/wp\/v2\/pages\/616"}],"wp:attachment":[{"href":"https:\/\/derecho.uprrp.edu\/revistajuridica\/wp-json\/wp\/v2\/media?parent=6846"}],"curies":[{"name":"wp","href":"https:\/\/api.w.org\/{rel}","templated":true}]}}