{"id":6869,"date":"2024-03-02T19:28:21","date_gmt":"2024-03-02T19:28:21","guid":{"rendered":"https:\/\/derecho.uprrp.edu\/revistajuridica\/?page_id=6869"},"modified":"2024-03-02T19:28:21","modified_gmt":"2024-03-02T19:28:21","slug":"volumen-82-revista-digital","status":"publish","type":"page","link":"https:\/\/derecho.uprrp.edu\/revistajuridica\/volumenes\/revista-juridica-upr\/volumen-82-revista-digital\/","title":{"rendered":"Volumen 82-Revista Digital"},"content":{"rendered":"<ul>\n<li><strong><a href=\"https:\/\/derecho.uprrp.edu\/revistajuridica\/wp-content\/uploads\/sites\/4\/2024\/03\/82-REV-JUR-DIG-UPR-1.pdf\">BASURA CERO V. INCINERACI\u00d3N: PROPUESTAS ANTE LA CRISIS DE DESPERDICIOS S\u00d3LIDOS<\/a><\/strong><\/li>\n<li><strong><a href=\"https:\/\/derecho.uprrp.edu\/revistajuridica\/wp-content\/uploads\/sites\/4\/2024\/03\/82-REV-JUR-DIG-UPR-7-2.pdf\">ALGUNOS COMENTARIOS RESPECTO A LA LEY PARA REGLAMENTAR EL PERIODO DE LACTANCIA O EXTRACCI\u00d3N DE LECHE MATERNA<\/a><\/strong><\/li>\n<\/ul>\n","protected":false},"excerpt":{"rendered":"<p>BASURA CERO V. INCINERACI\u00d3N: PROPUESTAS ANTE LA CRISIS DE DESPERDICIOS S\u00d3LIDOS ALGUNOS COMENTARIOS RESPECTO A LA LEY PARA REGLAMENTAR EL PERIODO DE LACTANCIA O EXTRACCI\u00d3N DE LECHE MATERNA<\/p>\n","protected":false},"author":31,"featured_media":0,"parent":616,"menu_order":0,"comment_status":"closed","ping_status":"closed","template":"","meta":{"footnotes":""},"class_list":["post-6869","page","type-page","status-publish"],"_links":{"self":[{"href":"https:\/\/derecho.uprrp.edu\/revistajuridica\/wp-json\/wp\/v2\/pages\/6869","targetHints":{"allow":["GET"]}}],"collection":[{"href":"https:\/\/derecho.uprrp.edu\/revistajuridica\/wp-json\/wp\/v2\/pages"}],"about":[{"href":"https:\/\/derecho.uprrp.edu\/revistajuridica\/wp-json\/wp\/v2\/types\/page"}],"author":[{"embeddable":true,"href":"https:\/\/derecho.uprrp.edu\/revistajuridica\/wp-json\/wp\/v2\/users\/31"}],"replies":[{"embeddable":true,"href":"https:\/\/derecho.uprrp.edu\/revistajuridica\/wp-json\/wp\/v2\/comments?post=6869"}],"version-history":[{"count":1,"href":"https:\/\/derecho.uprrp.edu\/revistajuridica\/wp-json\/wp\/v2\/pages\/6869\/revisions"}],"predecessor-version":[{"id":6872,"href":"https:\/\/derecho.uprrp.edu\/revistajuridica\/wp-json\/wp\/v2\/pages\/6869\/revisions\/6872"}],"up":[{"embeddable":true,"href":"https:\/\/derecho.uprrp.edu\/revistajuridica\/wp-json\/wp\/v2\/pages\/616"}],"wp:attachment":[{"href":"https:\/\/derecho.uprrp.edu\/revistajuridica\/wp-json\/wp\/v2\/media?parent=6869"}],"curies":[{"name":"wp","href":"https:\/\/api.w.org\/{rel}","templated":true}]}}