{"id":7069,"date":"2024-06-11T15:10:56","date_gmt":"2024-06-11T19:10:56","guid":{"rendered":"https:\/\/derecho.uprrp.edu\/revistajuridica\/?page_id=7069"},"modified":"2024-06-18T16:59:47","modified_gmt":"2024-06-18T20:59:47","slug":"volumen-90-numero-1-retos-de-la-democracia-puertorriquena","status":"publish","type":"page","link":"https:\/\/derecho.uprrp.edu\/revistajuridica\/volumen-90-numero-1\/volumen-90-numero-1-retos-de-la-democracia-puertorriquena\/","title":{"rendered":"Volumen 90, N\u00famero 1: Retos de la democracia puertorrique\u00f1a"},"content":{"rendered":"<h5>Aurelio Torres Ponsa y Santiago Mir Puig en la Escuela de Derecho de la Universidad de Puerto Rico<\/h5>\n<ul>\n<li>Autor: Antonio Garc\u00eda Padilla<\/li>\n<li>Volumen: 90<\/li>\n<li>N\u00famero: 1<\/li>\n<li>P\u00e1gina inicial: 1<\/li>\n<li>Cita: Antonio Garc\u00eda Padilla, Aurelio Torres Ponsa y Santiago Mir Puig en la Escuela de Derecho de la Universidad de Puerto Rico, 90 REV. JUR. UPR 1 (2021).<\/li>\n<\/ul>\n<p style=\"padding-left: 40px\"><a href=\"https:\/\/derecho.uprrp.edu\/revistajuridica\/wp-content\/uploads\/sites\/4\/2024\/06\/3-Aurelio-Torres-Ponsa-y-Santiago-Mir-Puig-en-la-Escuela-de-Derecho-de-la-Universidad-de-Puerto-Rico-1.pdf\" class=\"sc-button sc-button-red\" target=\"_blank\"><span>Art\u00edculo en PDF<\/span><\/a>\n<hr \/>\n<h5>Como dec\u00edamos ayer: Los noventa a\u00f1os de la Revista Jur\u00eddica<\/h5>\n<ul>\n<li>Autor: Liana Fiol Matta<\/li>\n<li>Volumen: 90<\/li>\n<li>N\u00famero: 1<\/li>\n<li>P\u00e1gina inicial: 15<\/li>\n<li>Cita: Liana Fiol Matta, Como dec\u00edamos ayer: Los noventa a\u00f1os de la Revista Jur\u00eddica, 90 REV. JUR. UPR 15 (2021).<\/li>\n<\/ul>\n<p style=\"padding-left: 40px\"><a href=\"https:\/\/derecho.uprrp.edu\/revistajuridica\/wp-content\/uploads\/sites\/4\/2024\/06\/4-Como-deciamos-ayer-Los-noventa-anos-de-la-Revista-Juridica-1.pdf\" class=\"sc-button sc-button-red\" target=\"_blank\"><span>Art\u00edculo en PDF<\/span><\/a>\n<div class=\"page\" title=\"Page 1\">\n<div class=\"layoutArea\">\n<hr \/>\n<h5>Nota Editorial<\/h5>\n<ul>\n<li>Autor: Junta Editora Volumen 90<\/li>\n<li>Volumen: 90<\/li>\n<li>N\u00famero: 1<\/li>\n<li>P\u00e1gina inicial: 21<\/li>\n<li>Cita:\u00a0 Nota Editorial, 90 REV. JUR. UPR 21 (2021).<\/li>\n<\/ul>\n<p>&nbsp;<\/p>\n<p style=\"padding-left: 40px\"><a href=\"https:\/\/derecho.uprrp.edu\/revistajuridica\/wp-content\/uploads\/sites\/4\/2024\/06\/5-Nota-Editorial.pdf\" class=\"sc-button sc-button-red\" target=\"_blank\"><span>Art\u00edculo en PDF<\/span><\/a>\n<hr \/>\n<h5>El estado de la democracia: Una perspectiva global<\/h5>\n<ul>\n<li>Autor: Joel Col\u00f3n R\u00edos<\/li>\n<li>Volumen: 90<\/li>\n<li>N\u00famero: 1<\/li>\n<li>P\u00e1gina inicial: 23<\/li>\n<li>Cita: Joel Col\u00f3n R\u00edos, El estado de la democracia: Una perspectiva global , 90 REV. JUR. UPR 23 (2021).<\/li>\n<\/ul>\n<p>&nbsp;<\/p>\n<p style=\"padding-left: 40px\"><a href=\"https:\/\/derecho.uprrp.edu\/revistajuridica\/wp-content\/uploads\/sites\/4\/2024\/06\/6-El-estado-de-la-democracia-Una-perspectiva-global.pdf\" class=\"sc-button sc-button-red\" target=\"_blank\"><span>Art\u00edculo en PDF<\/span><\/a>\n<div class=\"page\" title=\"Page 1\">\n<div class=\"layoutArea\">\n<hr \/>\n<h5>Reformas constitucionales urgentes para adelantar los derechos democr\u00e1ticos del pueblo de Puerto Rico<\/h5>\n<ul>\n<li>Autor: An\u00edbal Acevedo Vila<\/li>\n<li>Volumen: 90<\/li>\n<li>N\u00famero: 1<\/li>\n<li>P\u00e1gina inicial: 31<\/li>\n<li>Cita: An\u00edbal Acevedo Vil\u00e1, Reformas constitucionales urgentes para adelantar los derechos democr\u00e1ticos del pueblo de Puerto Rico, 90 REV. JUR. UPR 31 (2021).<\/li>\n<\/ul>\n<p>&nbsp;<\/p>\n<p style=\"padding-left: 40px\"><a href=\"https:\/\/derecho.uprrp.edu\/revistajuridica\/wp-content\/uploads\/sites\/4\/2024\/06\/7-Reformas-constitucionales-urgentes-para-adelantar-los-derechos-democraticos-del-pueblo-de-Puerto-Rico.pdf\" class=\"sc-button sc-button-red\" target=\"_blank\"><span>Art\u00edculo en PDF<\/span><\/a>\n<hr \/>\n<h5>La judicializaci\u00f3n de la pol\u00edtica y el bloque de poder ante el verano 2019: El cauce jur\u00eddico-institucional<\/h5>\n<ul>\n<li>Autor: \u00c1ngel L. Viera<\/li>\n<li>Volumen: 90<\/li>\n<li>N\u00famero: 1<\/li>\n<li>P\u00e1gina inicial: 77<\/li>\n<li>Cita: \u00c1ngel L. Viera, La judicializaci\u00f3n de la pol\u00edtica y el bloque de poder ante el verano 2019: El cauce jur\u00eddico-institucional, 90 REV. JUR. UPR 77 (2021).<\/li>\n<\/ul>\n<p>&nbsp;<\/p>\n<p style=\"padding-left: 40px\"><a href=\"https:\/\/derecho.uprrp.edu\/revistajuridica\/wp-content\/uploads\/sites\/4\/2024\/06\/4-Como-deciamos-ayer-Los-noventa-anos-de-la-Revista-Juridica-1.pdf\" class=\"sc-button sc-button-red\" target=\"_blank\"><span>Art\u00edculo en PDF<\/span><\/a>\n<div class=\"page\" title=\"Page 1\">\n<div class=\"layoutArea\">\n<hr \/>\n<h5>El secretario de Estado en picada: El vicegobernador como respuesta a la crisis constitucional de la Rama Ejecutiva<\/h5>\n<ul>\n<li>Autor: Joel A. Cosme Morales<\/li>\n<li>Volumen: 90<\/li>\n<li>N\u00famero: 1<\/li>\n<li>P\u00e1gina inicial: 95<\/li>\n<li>Cita: Joel A. Cosme Morales, El secretario de Estado en picada: El vicegobernador como respuesta a la crisis constitucional de la Rama Ejecutiva, 90 REV. JUR. UPR 95 (2021).<\/li>\n<\/ul>\n<p>&nbsp;<\/p>\n<p style=\"padding-left: 40px\"><a href=\"https:\/\/derecho.uprrp.edu\/revistajuridica\/wp-content\/uploads\/sites\/4\/2024\/06\/9-El-secretario-de-Estado-en-picadaEl-vicegobernador-como-respuesta-a-la-crisis-constitucional-de-la-Rama-Ejecutiva.pdf\" class=\"sc-button sc-button-red\" target=\"_blank\"><span>Art\u00edculo en PDF<\/span><\/a>\n<hr \/>\n<h5>La iniciativa legislativa popular en Puerto Rico<\/h5>\n<ul>\n<li>Autor: Joshua Ramos Lucena<\/li>\n<li>Volumen: 90<\/li>\n<li>N\u00famero: 1<\/li>\n<li>P\u00e1gina inicial: 175<\/li>\n<li>Cita: Joshua Ramos Lucena, La iniciativa legislativa popular en Puerto Rico, 90 REV. JUR. UPR 175 (2021).<\/li>\n<\/ul>\n<p>&nbsp;<\/p>\n<p style=\"padding-left: 40px\"><a href=\"https:\/\/derecho.uprrp.edu\/revistajuridica\/wp-content\/uploads\/sites\/4\/2024\/06\/10-La-iniciativa-legislativa-popular-en-Puerto-Rico.pdf\" class=\"sc-button sc-button-red\" target=\"_blank\"><span>Art\u00edculo en PDF<\/span><\/a>\n<div class=\"page\" title=\"Page 1\">\n<div class=\"layoutArea\">\n<hr \/>\n<h5>El refer\u00e9ndum revocatorio: Una alternativa ante el d\u00e9ficit democr\u00e1tico en Puerto Rico<\/h5>\n<ul>\n<li>Autor: Marcos R. Reyes Negr\u00f3n<\/li>\n<li>Volumen: 90<\/li>\n<li>N\u00famero: 1<\/li>\n<li>P\u00e1gina inicial: 195<\/li>\n<li>Cita: Marcos R. Reyes Negr\u00f3n, El refer\u00e9ndum revocatorio: Una alternativa ante el d\u00e9ficit democr\u00e1tico en Puerto Rico, 90 REV. JUR. UPR 195 (2021).<\/li>\n<\/ul>\n<p>&nbsp;<\/p>\n<p style=\"padding-left: 40px\"><a href=\"https:\/\/derecho.uprrp.edu\/revistajuridica\/wp-content\/uploads\/sites\/4\/2024\/06\/11-El-referendum-revocatorio-Una-alternativa-ante-el-deficit-democratico-en-Puerto-Rico.pdf\" class=\"sc-button sc-button-red\" target=\"_blank\"><span>Art\u00edculo en PDF<\/span><\/a>\n<hr \/>\n<h5>La democracia puertorrique\u00f1a ante las leyes de cabotaje<\/h5>\n<ul>\n<li>Autor: Jos\u00e9 David D\u00edaz Cab\u00e1n<\/li>\n<li>Volumen: 90<\/li>\n<li>N\u00famero: 1<\/li>\n<li>P\u00e1gina inicial: 221<\/li>\n<li>Cita: Jos\u00e9 David D\u00edaz Cab\u00e1n , La democracia puertorrique\u00f1a ante las leyes de cabotaje, 90 REV. JUR. UPR 221 (2021).<\/li>\n<\/ul>\n<p>&nbsp;<\/p>\n<p style=\"padding-left: 40px\"><a href=\"https:\/\/derecho.uprrp.edu\/revistajuridica\/wp-content\/uploads\/sites\/4\/2024\/06\/12-La-democracia-puertorriquena-ante-las-leyes-de-cabotaje.pdf\" class=\"sc-button sc-button-red\" target=\"_blank\"><span>Art\u00edculo en PDF<\/span><\/a>\n<div class=\"page\" title=\"Page 1\">\n<div class=\"layoutArea\">\n<hr \/>\n<h5>El poder investigativo en PROMESA<\/h5>\n<ul>\n<li>Autor: Natalia Rodr\u00edguez Burgos<\/li>\n<li>Volumen: 90<\/li>\n<li>N\u00famero: 1<\/li>\n<li>P\u00e1gina inicial: 239<\/li>\n<li>Cita: Natalia Rodr\u00edguez Burgos, El poder investigativo en PROMESA, 90 REV. JUR. UPR 239 (2021).<\/li>\n<\/ul>\n<p>&nbsp;<\/p>\n<p style=\"padding-left: 40px\"><a href=\"https:\/\/derecho.uprrp.edu\/revistajuridica\/wp-content\/uploads\/sites\/4\/2024\/06\/13-El-poder-investigativo-en-PROMESA.pdf\" class=\"sc-button sc-button-red\" target=\"_blank\"><span>Art\u00edculo en PDF<\/span><\/a>\n<hr \/>\n<h5>Criminalizaci\u00f3n de la difamaci\u00f3n: cuando el Estado procura censurar a la Prensa<\/h5>\n<ul>\n<li>Autor: Sarah C. Rivera Blanco<\/li>\n<li>Volumen: 90<\/li>\n<li>N\u00famero: 1<\/li>\n<li>P\u00e1gina inicial: 273<\/li>\n<li>Cita: Sarah C. Rivera Blanco, Criminalizaci\u00f3n de la difamaci\u00f3n: cuando el Estado procura censurar a la Prensa, 90 REV. JUR. UPR 273 (2021).<\/li>\n<\/ul>\n<p>&nbsp;<\/p>\n<p style=\"padding-left: 40px\"><a href=\"https:\/\/derecho.uprrp.edu\/revistajuridica\/wp-content\/uploads\/sites\/4\/2024\/06\/14-Criminalizacion-de-la-difamacion-cuando-el-Estado-procura-censurar-a-la-Prensa.pdf\" class=\"sc-button sc-button-red\" target=\"_blank\"><span>Art\u00edculo en PDF<\/span><\/a>\n<div class=\"page\" title=\"Page 1\">\n<div class=\"layoutArea\">\n<hr \/>\n<h5>La Factura m\u00e1s ancha y el constitucionalismo puertorrique\u00f1ista de la juez asociada Anabelle Rodr\u00edguez Rodr\u00edguez<\/h5>\n<ul>\n<li>Autor: Carlos F. Ramos Hern\u00e1ndez<\/li>\n<li>Volumen: 90<\/li>\n<li>N\u00famero: 1<\/li>\n<li>P\u00e1gina inicial: 293<\/li>\n<li>Cita: Carlos F. Ramos Hern\u00e1ndez, La Factura m\u00e1s ancha y el constitucionalismo puertorrique\u00f1ista de la juez asociada Anabelle Rodr\u00edguez Rodr\u00edguez, 90 REV. JUR. UPR 293 (2021).<\/li>\n<\/ul>\n<p>&nbsp;<\/p>\n<p style=\"padding-left: 40px\"><a href=\"https:\/\/derecho.uprrp.edu\/revistajuridica\/wp-content\/uploads\/sites\/4\/2024\/06\/15-La-Factura-mas-ancha-y-el-constitucionalismo-puertorriquenista-de-la-juez-asociada-Anabelle-Rodriguez-Rodriguez.pdf\" class=\"sc-button sc-button-red\" target=\"_blank\"><span>Art\u00edculo en PDF<\/span><\/a>\n<hr \/>\n<h5>La disidencia como imperativo en el quehacer judicial de la juez Anabelle Rodr\u00edguez Rodr\u00edguez<\/h5>\n<ul>\n<li>Autor: Hiram J. L\u00f3pez Rodr\u00edguez<\/li>\n<li>Volumen: 90<\/li>\n<li>N\u00famero: 1<\/li>\n<li>P\u00e1gina inicial: 347<\/li>\n<li>Cita: Hiram J. L\u00f3pez Rodr\u00edguez, Como dec\u00edamos ayer: Los noventa a\u00f1os de la Revista Jur\u00eddica, 90 REV. JUR. UPR 347 (2021).<\/li>\n<\/ul>\n<p>&nbsp;<\/p>\n<p style=\"padding-left: 40px\"><a href=\"https:\/\/derecho.uprrp.edu\/revistajuridica\/wp-content\/uploads\/sites\/4\/2024\/06\/16-La-disidencia-como-imperativo-en-el-quehacer-judicial-de-la-juez-Anabelle-Rodriguez-Rodriguez.pdf\" class=\"sc-button sc-button-red\" target=\"_blank\"><span>Art\u00edculo en PDF<\/span><\/a>\n<div class=\"page\" title=\"Page 1\">\n<div class=\"layoutArea\">\n<div class=\"page\" title=\"Page 1\">\n<div class=\"layoutArea\">\n<div class=\"page\" title=\"Page 1\">\n<div class=\"layoutArea\">\n<h5><\/h5>\n<\/div>\n<\/div>\n<\/div>\n<\/div>\n<\/div>\n<\/div>\n<\/div>\n<\/div>\n<\/div>\n<\/div>\n<\/div>\n<\/div>\n<\/div>\n<\/div>\n<\/div>\n<\/div>\n<\/div>\n<\/div>\n","protected":false},"excerpt":{"rendered":"<p>Aurelio Torres Ponsa y Santiago Mir Puig en la Escuela de Derecho de la Universidad de Puerto Rico Autor: Antonio Garc\u00eda Padilla Volumen: 90 N\u00famero: 1 P\u00e1gina inicial: 1 Cita: Antonio Garc\u00eda Padilla, Aurelio Torres Ponsa y Santiago Mir Puig en la Escuela de Derecho de la Universidad de Puerto Rico, 90 REV. JUR. UPR<\/p>\n<div class=\"read-more\"><a href=\"https:\/\/derecho.uprrp.edu\/revistajuridica\/volumen-90-numero-1\/volumen-90-numero-1-retos-de-la-democracia-puertorriquena\/\" title=\"Read More\">Read More<\/a><\/div>\n","protected":false},"author":34,"featured_media":0,"parent":5840,"menu_order":0,"comment_status":"closed","ping_status":"closed","template":"","meta":{"footnotes":""},"class_list":["post-7069","page","type-page","status-publish"],"_links":{"self":[{"href":"https:\/\/derecho.uprrp.edu\/revistajuridica\/wp-json\/wp\/v2\/pages\/7069","targetHints":{"allow":["GET"]}}],"collection":[{"href":"https:\/\/derecho.uprrp.edu\/revistajuridica\/wp-json\/wp\/v2\/pages"}],"about":[{"href":"https:\/\/derecho.uprrp.edu\/revistajuridica\/wp-json\/wp\/v2\/types\/page"}],"author":[{"embeddable":true,"href":"https:\/\/derecho.uprrp.edu\/revistajuridica\/wp-json\/wp\/v2\/users\/34"}],"replies":[{"embeddable":true,"href":"https:\/\/derecho.uprrp.edu\/revistajuridica\/wp-json\/wp\/v2\/comments?post=7069"}],"version-history":[{"count":11,"href":"https:\/\/derecho.uprrp.edu\/revistajuridica\/wp-json\/wp\/v2\/pages\/7069\/revisions"}],"predecessor-version":[{"id":7217,"href":"https:\/\/derecho.uprrp.edu\/revistajuridica\/wp-json\/wp\/v2\/pages\/7069\/revisions\/7217"}],"up":[{"embeddable":true,"href":"https:\/\/derecho.uprrp.edu\/revistajuridica\/wp-json\/wp\/v2\/pages\/5840"}],"wp:attachment":[{"href":"https:\/\/derecho.uprrp.edu\/revistajuridica\/wp-json\/wp\/v2\/media?parent=7069"}],"curies":[{"name":"wp","href":"https:\/\/api.w.org\/{rel}","templated":true}]}}