{"id":7197,"date":"2024-06-18T16:48:43","date_gmt":"2024-06-18T20:48:43","guid":{"rendered":"https:\/\/derecho.uprrp.edu\/revistajuridica\/?page_id=7197"},"modified":"2024-06-18T19:13:43","modified_gmt":"2024-06-18T23:13:43","slug":"volumen-90-numero-3-tema-libre-1","status":"publish","type":"page","link":"https:\/\/derecho.uprrp.edu\/revistajuridica\/volumen-90-numero-3-tema-libre-1\/","title":{"rendered":"Volumen 90, N\u00famero 3: Tema Libre"},"content":{"rendered":"<h5>Diversidad en la profesi\u00f3n legal puertorrique\u00f1a: La participaci\u00f3n laboral de las personas negras provenientes de sectores desventajados en la pr\u00e1ctica legal<\/h5>\n<ul>\n<li>Autor: Abiezer A. Santiago V\u00e1squez<\/li>\n<li>Volumen: 90<\/li>\n<li>N\u00famero: 3<\/li>\n<li>P\u00e1gina inicial: 631<\/li>\n<li>Cita: Abiezer A. Santiago V\u00e1squez, Diversidad en la profesi\u00f3n legal puertorrique\u00f1a: La participaci\u00f3n laboral de las personas negras provenientes de sectores desventajados en la pr\u00e1ctica legal, 90 REV. JUR. UPR 631 (2021).<\/li>\n<\/ul>\n<p style=\"padding-left: 40px\"><a href=\"https:\/\/derecho.uprrp.edu\/revistajuridica\/wp-content\/uploads\/sites\/4\/2024\/06\/3-Diversidad-en-la-profesion-legal-puertorriquena-La-participacion-laboral-de-las-personas-negras-provenientes-de-sectores-desventajados-en-la-practica-legal.pdf\" class=\"sc-button sc-button-red\" target=\"_blank\"><span>Art\u00edculo en PDF<\/span><\/a>\n<hr \/>\n<h5>El abogado en la literatura<\/h5>\n<ul>\n<li>Autor: Carmelo Delgado Cintr\u00f3n<\/li>\n<li>Volumen: 90<\/li>\n<li>N\u00famero: 3<\/li>\n<li>P\u00e1gina inicial: 659<\/li>\n<li>Cita: Carmelo Delgado Cintr\u00f3n, El abogado en la literatura, 90 REV. JUR. UPR 659 (2021).<\/li>\n<\/ul>\n<p style=\"padding-left: 40px\"><a href=\"https:\/\/derecho.uprrp.edu\/revistajuridica\/wp-content\/uploads\/sites\/4\/2024\/06\/4-El-abogado-en-la-literatura.pdf\" class=\"sc-button sc-button-red\" target=\"_blank\"><span>Art\u00edculo en PDF<\/span><\/a>\n<div class=\"page\" title=\"Page 1\">\n<div class=\"layoutArea\">\n<hr \/>\n<h5>Artificial Intelligence Law: Applications, Risks &amp; Opportunities<\/h5>\n<ul>\n<li>Autor: Pablo J. Olmo Rodr\u00edguez<\/li>\n<li>Volumen: 90<\/li>\n<li>N\u00famero: 3<\/li>\n<li>P\u00e1gina inicial: 701<\/li>\n<li>Cita: Pablo J. Olmo Rodr\u00edguez, Artificial Intelligence Law: Applications, Risks &amp; Opportunities, 90 REV. JUR. UPR 701 (2021).<\/li>\n<\/ul>\n<p>&nbsp;<\/p>\n<p style=\"padding-left: 40px\"><a href=\"https:\/\/derecho.uprrp.edu\/revistajuridica\/wp-content\/uploads\/sites\/4\/2024\/06\/5-Artificial-Intelligence-Law-Applications-Risks-Opportunities.pdf\" class=\"sc-button sc-button-red\" target=\"_blank\"><span>Art\u00edculo en PDF<\/span><\/a>\n<hr \/>\n<h5>Who Owns a Tattoo? Lesson From Solid Oak Sketches, Llc V. 2K Games, Inc. and Take-Two Interactive Software, Inc.<\/h5>\n<ul>\n<li>Autor: Gilberto J. Oliveras Maldonado<\/li>\n<li>Volumen: 90<\/li>\n<li>N\u00famero: 3<\/li>\n<li>P\u00e1gina inicial: 721<\/li>\n<li>Cita: Gilberto J. Oliveras Maldonado, Who Owns a Tattoo? Lesson From Solid Oak Sketches, Llc V. 2K Games, Inc. and Take-Two Interactive Software, Inc., 90 REV. JUR. UPR 721 (2021).<\/li>\n<\/ul>\n<p>&nbsp;<\/p>\n<p style=\"padding-left: 40px\"><a href=\"https:\/\/derecho.uprrp.edu\/revistajuridica\/wp-content\/uploads\/sites\/4\/2024\/06\/6-Who-Owns-a-Tattoo-Lesson-From-Solid-Oak-Sketches-Llc-V.-2K-Games-Inc.-and-Take-Two-Interactive-Software-Inc.pdf\" class=\"sc-button sc-button-red\" target=\"_blank\"><span>Art\u00edculo en PDF<\/span><\/a>\n<div class=\"page\" title=\"Page 1\">\n<div class=\"layoutArea\">\n<hr \/>\n<h5>Los Derechos Morales en Puerto Rico<\/h5>\n<ul>\n<li>Autor: Hiram A. Mel\u00e9ndez Juarbe<\/li>\n<li>Volumen: 90<\/li>\n<li>N\u00famero: 3<\/li>\n<li>P\u00e1gina inicial: 751<\/li>\n<li>Cita: Hiram A. Mel\u00e9ndez Juarbe, Los Derechos Morales en Puerto Rico, 90 REV. JUR. UPR 751 (2021).<\/li>\n<\/ul>\n<p>&nbsp;<\/p>\n<p style=\"padding-left: 40px\"><a href=\"https:\/\/derecho.uprrp.edu\/revistajuridica\/wp-content\/uploads\/sites\/4\/2024\/06\/7-Los-Derechos-Morales-en-Puerto-Rico.pdf\" class=\"sc-button sc-button-red\" target=\"_blank\"><span>Art\u00edculo en PDF<\/span><\/a>\n<hr \/>\n<h5>Derecho a la vivienda: El fen\u00f3meno tras el fen\u00f3meno<\/h5>\n<ul>\n<li>Autor: Claudia B. Alonso Ramos<\/li>\n<li>Volumen: 90<\/li>\n<li>N\u00famero: 3<\/li>\n<li>P\u00e1gina inicial: 833<\/li>\n<li>Cita: Claudia B. Alonso Ramos, Derecho a la vivienda: El fen\u00f3meno tras el fen\u00f3meno, 90 REV. JUR. UPR 833 (2021).<\/li>\n<\/ul>\n<p>&nbsp;<\/p>\n<p style=\"padding-left: 40px\"><a href=\"https:\/\/derecho.uprrp.edu\/revistajuridica\/wp-content\/uploads\/sites\/4\/2024\/06\/8-Derecho-a-la-vivienda-El-fenomeno-tras-el-fenomeno.pdf\" class=\"sc-button sc-button-red\" target=\"_blank\"><span>Art\u00edculo en PDF<\/span><\/a>\n<div class=\"page\" title=\"Page 1\">\n<div class=\"layoutArea\">\n<hr \/>\n<h5>Hasta que la muerte nos separe: El s\u00edndrome de la mujer maltratada<\/h5>\n<ul>\n<li>Autor: Carole A. Rigual Robles<\/li>\n<li>Volumen: 90<\/li>\n<li>N\u00famero: 3<\/li>\n<li>P\u00e1gina inicial: 879<\/li>\n<li>Cita: Carole A. Rigual Robles, Hasta que la muerte nos separe: El s\u00edndrome de la mujer maltratada, 90 REV. JUR. UPR 879 (2021).<\/li>\n<\/ul>\n<p>&nbsp;<\/p>\n<p style=\"padding-left: 40px\"><a href=\"https:\/\/derecho.uprrp.edu\/revistajuridica\/wp-content\/uploads\/sites\/4\/2024\/06\/9-Hasta-que-la-muerte-nos-separe-El-sindrome-de-la-mujer-maltratada.pdf\" class=\"sc-button sc-button-red\" target=\"_blank\"><span>Art\u00edculo en PDF<\/span><\/a>\n<hr \/>\n<h5>El C\u00f3digo Civil de Puerto Rico de 2020: Cambios en la sucesi\u00f3n testada<\/h5>\n<ul>\n<li>Autor: Lyssa C. Gerena Casanova<\/li>\n<li>Volumen: 90<\/li>\n<li>N\u00famero: 3<\/li>\n<li>P\u00e1gina inicial: 895<\/li>\n<li>Cita: Lyssa C. Gerena Casanova, El C\u00f3digo Civil de Puerto Rico de 2020: Cambios en la sucesi\u00f3n testada, 90 REV. JUR. UPR 895 (2021).<\/li>\n<\/ul>\n<p>&nbsp;<\/p>\n<p style=\"padding-left: 40px\"><a href=\"https:\/\/derecho.uprrp.edu\/revistajuridica\/wp-content\/uploads\/sites\/4\/2024\/06\/10-El-Codigo-Civil-de-Puerto-Rico-de-2020-Cambios-en-la-sucesion-testada.pdf\" class=\"sc-button sc-button-red\" target=\"_blank\"><span>Art\u00edculo en PDF<\/span><\/a>\n<div class=\"page\" title=\"Page 1\">\n<div class=\"layoutArea\">\n<hr \/>\n<div class=\"page\" title=\"Page 1\">\n<div class=\"layoutArea\">\n<div class=\"page\" title=\"Page 1\">\n<div class=\"layoutArea\">\n<h5>\u00bfJurisprudencia o prudencia judicial?: El an\u00e1lisis y la valoraci\u00f3n econ\u00f3mica del lucro cesante y del menoscabo del potencial de generar ingresos de un menor en Puerto Rico: Un an\u00e1lisis cr\u00edtico de la jurisprudencia y la metodolog\u00eda econ\u00f3mica<\/h5>\n<ul>\n<li>Autor: Jaime L. del Valle Caballero<\/li>\n<li>Volumen: 90<\/li>\n<li>N\u00famero: 3<\/li>\n<li>P\u00e1gina inicial: 925<\/li>\n<li>Cita: Jaime L. del Valle Caballero, \u00bfJurisprudencia o prudencia judicial?: El an\u00e1lisis y la valoraci\u00f3n econ\u00f3mica del lucro cesante y del menoscabo del potencial de generar ingresos de un menor en Puerto Rico: Un an\u00e1lisis cr\u00edtico de la jurisprudencia y la metodolog\u00eda econ\u00f3mica, 90 REV. JUR. UPR 925 (2021).<\/li>\n<\/ul>\n<p>&nbsp;<\/p>\n<p style=\"padding-left: 40px\"><a href=\"https:\/\/derecho.uprrp.edu\/revistajuridica\/wp-content\/uploads\/sites\/4\/2024\/06\/11-El-analisis-y-la-valoracion-economica-del-lucro-cesante-y-del-menoscabo-del-potencial-de-generar-ingresos-de-un-menor-en-Puerto-Rico.pdf\" class=\"sc-button sc-button-red\" target=\"_blank\"><span>Art\u00edculo en PDF<\/span><\/a>\n<\/div>\n<\/div>\n<\/div>\n<\/div>\n<\/div>\n<\/div>\n<\/div>\n<\/div>\n<\/div>\n<\/div>\n<\/div>\n<\/div>\n","protected":false},"excerpt":{"rendered":"<p>Diversidad en la profesi\u00f3n legal puertorrique\u00f1a: La participaci\u00f3n laboral de las personas negras provenientes de sectores desventajados en la pr\u00e1ctica legal Autor: Abiezer A. Santiago V\u00e1squez Volumen: 90 N\u00famero: 3 P\u00e1gina inicial: 631 Cita: Abiezer A. Santiago V\u00e1squez, Diversidad en la profesi\u00f3n legal puertorrique\u00f1a: La participaci\u00f3n laboral de las personas negras provenientes de sectores desventajados<\/p>\n<div class=\"read-more\"><a href=\"https:\/\/derecho.uprrp.edu\/revistajuridica\/volumen-90-numero-3-tema-libre-1\/\" title=\"Read More\">Read More<\/a><\/div>\n","protected":false},"author":34,"featured_media":0,"parent":0,"menu_order":0,"comment_status":"closed","ping_status":"closed","template":"","meta":{"footnotes":""},"class_list":["post-7197","page","type-page","status-publish"],"_links":{"self":[{"href":"https:\/\/derecho.uprrp.edu\/revistajuridica\/wp-json\/wp\/v2\/pages\/7197","targetHints":{"allow":["GET"]}}],"collection":[{"href":"https:\/\/derecho.uprrp.edu\/revistajuridica\/wp-json\/wp\/v2\/pages"}],"about":[{"href":"https:\/\/derecho.uprrp.edu\/revistajuridica\/wp-json\/wp\/v2\/types\/page"}],"author":[{"embeddable":true,"href":"https:\/\/derecho.uprrp.edu\/revistajuridica\/wp-json\/wp\/v2\/users\/34"}],"replies":[{"embeddable":true,"href":"https:\/\/derecho.uprrp.edu\/revistajuridica\/wp-json\/wp\/v2\/comments?post=7197"}],"version-history":[{"count":5,"href":"https:\/\/derecho.uprrp.edu\/revistajuridica\/wp-json\/wp\/v2\/pages\/7197\/revisions"}],"predecessor-version":[{"id":7268,"href":"https:\/\/derecho.uprrp.edu\/revistajuridica\/wp-json\/wp\/v2\/pages\/7197\/revisions\/7268"}],"wp:attachment":[{"href":"https:\/\/derecho.uprrp.edu\/revistajuridica\/wp-json\/wp\/v2\/media?parent=7197"}],"curies":[{"name":"wp","href":"https:\/\/api.w.org\/{rel}","templated":true}]}}