{"id":7233,"date":"2024-06-18T17:54:08","date_gmt":"2024-06-18T21:54:08","guid":{"rendered":"https:\/\/derecho.uprrp.edu\/revistajuridica\/?page_id=7233"},"modified":"2024-06-18T17:58:14","modified_gmt":"2024-06-18T21:58:14","slug":"volumen-91-numero-2-analisis-del-termino-2020-2021","status":"publish","type":"page","link":"https:\/\/derecho.uprrp.edu\/revistajuridica\/volumen-91-numero-2-analisis-del-termino-2020-2021\/","title":{"rendered":"Volumen 91, N\u00famero 2: An\u00e1lisis del T\u00e9rmino 2020-2021"},"content":{"rendered":"<h5>Derecho Constitucional<\/h5>\n<ul>\n<li>Autor: Jayra N. Rodr\u00edguez Ortiz, Carla M. P\u00e9rez Mel\u00e9ndez, e Hiram A. Mel\u00e9ndez Juarbe<\/li>\n<li>Volumen: 91<\/li>\n<li>N\u00famero: 2<\/li>\n<li>P\u00e1gina inicial: 269<\/li>\n<li>Cita: Jayra N. Rodr\u00edguez Ortiz, Carla M. P\u00e9rez Mel\u00e9ndez, e Hiram A. Mel\u00e9ndez Juarbe, Derecho Constitucional, 91 REV. JUR. UPR 269 (2022).<\/li>\n<\/ul>\n<p style=\"padding-left: 40px\"><a href=\"https:\/\/derecho.uprrp.edu\/revistajuridica\/wp-content\/uploads\/sites\/4\/2024\/06\/3-Derecho-Constitucional-1.pdf\" class=\"sc-button sc-button-red\" target=\"_blank\"><span>Art\u00edculo en PDF<\/span><\/a>\n<hr \/>\n<h5>Derecho Electoral<\/h5>\n<ul>\n<li>Autor: An\u00edbal Acevedo Vil\u00e1<\/li>\n<li>Volumen: 91<\/li>\n<li>N\u00famero: 2<\/li>\n<li>P\u00e1gina inicial: 310<\/li>\n<li>Cita: An\u00edbal Acevedo Vil\u00e1, Derecho Electoral, 91 REV. JUR. UPR 310 (2022).<\/li>\n<\/ul>\n<p style=\"padding-left: 40px\"><a href=\"https:\/\/derecho.uprrp.edu\/revistajuridica\/wp-content\/uploads\/sites\/4\/2024\/06\/4-Derecho-Electoral.pdf\" class=\"sc-button sc-button-red\" target=\"_blank\"><span>Art\u00edculo en PDF<\/span><\/a>\n<div class=\"page\" title=\"Page 1\">\n<div class=\"layoutArea\">\n<hr \/>\n<h5>Derecho Administrativo<\/h5>\n<ul>\n<li>Autor: Hon. Gerardo A. Flores Garc\u00eda<\/li>\n<li>Volumen: 91<\/li>\n<li>N\u00famero: 2<\/li>\n<li>P\u00e1gina inicial: 373<\/li>\n<li>Cita: Hon. Gerardo A. Flores Garc\u00eda, Derecho Administrativo, 91 REV. JUR. UPR 373 (2022).<\/li>\n<\/ul>\n<p>&nbsp;<\/p>\n<p style=\"padding-left: 40px\"><a href=\"https:\/\/derecho.uprrp.edu\/revistajuridica\/wp-content\/uploads\/sites\/4\/2024\/06\/5-Derecho-Administrativo.pdf\" class=\"sc-button sc-button-red\" target=\"_blank\"><span>Art\u00edculo en PDF<\/span><\/a>\n<hr \/>\n<h5>Derecho Penal<\/h5>\n<ul>\n<li>Autor: Ernesto L. Chiesa Aponte<\/li>\n<li>Volumen: 91<\/li>\n<li>N\u00famero: 2<\/li>\n<li>P\u00e1gina inicial: 393<\/li>\n<li>Cita: Ernesto L. Chiesa Aponte, Derecho Penal, 91 REV. JUR. UPR 393 (2022).<\/li>\n<\/ul>\n<p>&nbsp;<\/p>\n<p style=\"padding-left: 40px\"><a href=\"https:\/\/derecho.uprrp.edu\/revistajuridica\/wp-content\/uploads\/sites\/4\/2024\/06\/6-Derecho-Penal.pdf\" class=\"sc-button sc-button-red\" target=\"_blank\"><span>Art\u00edculo en PDF<\/span><\/a>\n<div class=\"page\" title=\"Page 1\">\n<div class=\"layoutArea\">\n<hr \/>\n<h5>Derecho Penal Procesal<\/h5>\n<ul>\n<li>Autor: Ernesto L. Chiesa Aponte &amp; Jose E. Rivera Aparicio<\/li>\n<li>Volumen: 91<\/li>\n<li>N\u00famero: 2<\/li>\n<li>P\u00e1gina inicial: 409<\/li>\n<li>Cita: Ernesto L. Chiesa Aponte &amp; Jose E. Rivera Aparicio, Derecho Penal Procesal, 91 REV. JUR. UPR 409 (2022).<\/li>\n<\/ul>\n<p>&nbsp;<\/p>\n<p style=\"padding-left: 40px\"><a href=\"https:\/\/derecho.uprrp.edu\/revistajuridica\/wp-content\/uploads\/sites\/4\/2024\/06\/7-Derecho-Penal-Procesal.pdf\" class=\"sc-button sc-button-red\" target=\"_blank\"><span>Art\u00edculo en PDF<\/span><\/a>\n<hr \/>\n<h5>Derecho Procesal Civil<\/h5>\n<ul>\n<li>Autor: Walter O. Alomar Jim\u00e9nez<\/li>\n<li>Volumen: 91<\/li>\n<li>N\u00famero: 2<\/li>\n<li>P\u00e1gina inicial: 447<\/li>\n<li>Cita: Walter O. Alomar Jim\u00e9nez, Derecho Procesal Civil, 91 REV. JUR. UPR 447 (2022).<\/li>\n<\/ul>\n<p>&nbsp;<\/p>\n<p style=\"padding-left: 40px\"><a href=\"https:\/\/derecho.uprrp.edu\/revistajuridica\/wp-content\/uploads\/sites\/4\/2024\/06\/8-Derecho-Procesal-Civil.pdf\" class=\"sc-button sc-button-red\" target=\"_blank\"><span>Art\u00edculo en PDF<\/span><\/a>\n<div class=\"page\" title=\"Page 1\">\n<div class=\"layoutArea\">\n<hr \/>\n<h5>Derecho Probatorio<\/h5>\n<ul>\n<li>Autor: Vivian I. Neptune Rivera &amp; Jan E. Ortiz Dechoudens<\/li>\n<li>Volumen: 91<\/li>\n<li>N\u00famero: 2<\/li>\n<li>P\u00e1gina inicial: 489<\/li>\n<li>Cita: Vivian I. Neptune Rivera &amp; Jan E. Ortiz Dechoudens, Derecho Probatorio, 91 REV. JUR. UPR 489 (2022).<\/li>\n<\/ul>\n<p>&nbsp;<\/p>\n<p style=\"padding-left: 40px\"><a href=\"https:\/\/derecho.uprrp.edu\/revistajuridica\/wp-content\/uploads\/sites\/4\/2024\/06\/9-Derecho-Probatorio.pdf\" class=\"sc-button sc-button-red\" target=\"_blank\"><span>Art\u00edculo en PDF<\/span><\/a>\n<hr \/>\n<h5>\u00c9tica y Conducta Profesional<\/h5>\n<ul>\n<li>Autor: Guillermo Figueroa Prieto<\/li>\n<li>Volumen: 91<\/li>\n<li>N\u00famero: 2<\/li>\n<li>P\u00e1gina inicial: 509<\/li>\n<li>Cita: Guillermo Figueroa Prieto, \u00c9tica y Conducta Profesional, 91 REV. JUR. UPR 509 (2022).<\/li>\n<\/ul>\n<p>&nbsp;<\/p>\n<p style=\"padding-left: 40px\"><a href=\"https:\/\/derecho.uprrp.edu\/revistajuridica\/wp-content\/uploads\/sites\/4\/2024\/06\/10-Etica-y-Conducta-Profesional.pdf\" class=\"sc-button sc-button-red\" target=\"_blank\"><span>Art\u00edculo en PDF<\/span><\/a>\n<div class=\"page\" title=\"Page 1\">\n<div class=\"layoutArea\">\n<hr \/>\n<div class=\"page\" title=\"Page 1\">\n<div class=\"layoutArea\">\n<div class=\"page\" title=\"Page 1\">\n<div class=\"layoutArea\">\n<h5>Derecho Registral Inmobiliario<\/h5>\n<ul>\n<li>Autor: Ana Cristina G\u00f3mez P\u00e9rez &amp; Jos\u00e9 M. Alem\u00e1n Rivera<\/li>\n<li>Volumen: 91<\/li>\n<li>N\u00famero: 2<\/li>\n<li>P\u00e1gina inicial: 545<\/li>\n<li>Cita: Ana Cristina G\u00f3mez P\u00e9rez &amp; Jos\u00e9 M. Alem\u00e1n Rivera, Derecho Registral Inmobiliario, 91 REV. JUR. UPR 545 (2022).<\/li>\n<\/ul>\n<p>&nbsp;<\/p>\n<p style=\"padding-left: 40px\"><a href=\"https:\/\/derecho.uprrp.edu\/revistajuridica\/wp-content\/uploads\/sites\/4\/2024\/06\/11-Derecho-Registral-Inmobiliario.pdf\" class=\"sc-button sc-button-red\" target=\"_blank\"><span>Art\u00edculo en PDF<\/span><\/a>\n<div class=\"page\" title=\"Page 1\">\n<div class=\"layoutArea\">\n<hr \/>\n<div class=\"page\" title=\"Page 1\">\n<div class=\"layoutArea\">\n<div class=\"page\" title=\"Page 1\">\n<div class=\"layoutArea\">\n<h5>Derecho de Sucesiones<\/h5>\n<ul>\n<li>Autor: Ana Cristina G\u00f3mez P\u00e9rez &amp; Jos\u00e9 M. Alem\u00e1n Rivera<\/li>\n<li>Volumen: 91<\/li>\n<li>N\u00famero: 2<\/li>\n<li>P\u00e1gina inicial: 561<\/li>\n<li>Cita: Ana Cristina G\u00f3mez P\u00e9rez &amp; Jos\u00e9 M. Alem\u00e1n Rivera, Derecho de Sucesiones, 91 REV. JUR. UPR 561 (2022).<\/li>\n<\/ul>\n<p>&nbsp;<\/p>\n<p style=\"padding-left: 40px\"><a href=\"https:\/\/derecho.uprrp.edu\/revistajuridica\/wp-content\/uploads\/sites\/4\/2024\/06\/12-Derecho-de-Sucesiones.pdf\" class=\"sc-button sc-button-red\" target=\"_blank\"><span>Art\u00edculo en PDF<\/span><\/a>\n<div class=\"page\" title=\"Page 1\">\n<div class=\"layoutArea\">\n<hr \/>\n<div class=\"page\" title=\"Page 1\">\n<div class=\"layoutArea\">\n<div class=\"page\" title=\"Page 1\">\n<div class=\"layoutArea\">\n<h5>Derecho de Familia<\/h5>\n<ul>\n<li>Autor: Mayt\u00e9 Rivera Rodr\u00edguez<\/li>\n<li>Volumen: 91<\/li>\n<li>N\u00famero: 2<\/li>\n<li>P\u00e1gina inicial: 571<\/li>\n<li>Cita: Mayt\u00e9 Rivera Rodr\u00edguez, Derecho de Familia, 91 REV. JUR. UPR 571 (2022).<\/li>\n<\/ul>\n<p>&nbsp;<\/p>\n<p style=\"padding-left: 40px\"><a href=\"https:\/\/derecho.uprrp.edu\/revistajuridica\/wp-content\/uploads\/sites\/4\/2024\/06\/13-Derecho-de-Familia.pdf\" class=\"sc-button sc-button-red\" target=\"_blank\"><span>Art\u00edculo en PDF<\/span><\/a>\n<div class=\"page\" title=\"Page 1\">\n<div class=\"layoutArea\">\n<hr \/>\n<div class=\"page\" title=\"Page 1\">\n<div class=\"layoutArea\">\n<div class=\"page\" title=\"Page 1\">\n<div class=\"layoutArea\">\n<h5>Derecho de Seguros<\/h5>\n<ul>\n<li>Autor: Carlos R. R\u00edos Gautier<\/li>\n<li>Volumen: 91<\/li>\n<li>N\u00famero: 2<\/li>\n<li>P\u00e1gina inicial: 589<\/li>\n<li>Cita: Carlos R. R\u00edos Gautier, Derecho de Seguros, 91 REV. JUR. UPR 589 (2022).<\/li>\n<\/ul>\n<p>&nbsp;<\/p>\n<p style=\"padding-left: 40px\"><a href=\"https:\/\/derecho.uprrp.edu\/revistajuridica\/wp-content\/uploads\/sites\/4\/2024\/06\/14-Derecho-de-Seguros.pdf\" class=\"sc-button sc-button-red\" target=\"_blank\"><span>Art\u00edculo en PDF<\/span><\/a>\n<\/div>\n<\/div>\n<\/div>\n<\/div>\n<\/div>\n<\/div>\n<hr \/>\n<h5>Derecho Laboral<\/h5>\n<ul>\n<li>Autor: Emmalind Garc\u00eda Garc\u00eda<\/li>\n<li>Volumen: 91<\/li>\n<li>N\u00famero: 2<\/li>\n<li>P\u00e1gina inicial: 229<\/li>\n<li>Cita: Emmalind Garc\u00eda Garc\u00eda, Derecho Laboral, 91 REV. JUR. UPR 609 (2022).<\/li>\n<\/ul>\n<p>&nbsp;<\/p>\n<p style=\"padding-left: 40px\"><a href=\"https:\/\/derecho.uprrp.edu\/revistajuridica\/wp-content\/uploads\/sites\/4\/2024\/06\/15-Derecho-Laboral.pdf\" class=\"sc-button sc-button-red\" target=\"_blank\"><span>Art\u00edculo en PDF<\/span><\/a>\n<\/div>\n<\/div>\n<\/div>\n<\/div>\n<\/div>\n<\/div>\n<\/div>\n<\/div>\n<\/div>\n<\/div>\n<\/div>\n<\/div>\n<div class=\"page\" title=\"Page 1\">\n<div class=\"layoutArea\">\n<div class=\"page\" title=\"Page 1\">\n<div class=\"layoutArea\">\n<div class=\"page\" title=\"Page 1\">\n<div class=\"layoutArea\">\n<h5><\/h5>\n<\/div>\n<\/div>\n<\/div>\n<\/div>\n<\/div>\n<\/div>\n<\/div>\n<\/div>\n<\/div>\n<\/div>\n<\/div>\n<\/div>\n<\/div>\n<\/div>\n<\/div>\n<\/div>\n<\/div>\n<\/div>\n","protected":false},"excerpt":{"rendered":"<p>Derecho Constitucional Autor: Jayra N. Rodr\u00edguez Ortiz, Carla M. P\u00e9rez Mel\u00e9ndez, e Hiram A. Mel\u00e9ndez Juarbe Volumen: 91 N\u00famero: 2 P\u00e1gina inicial: 269 Cita: Jayra N. Rodr\u00edguez Ortiz, Carla M. P\u00e9rez Mel\u00e9ndez, e Hiram A. Mel\u00e9ndez Juarbe, Derecho Constitucional, 91 REV. JUR. UPR 269 (2022). Derecho Electoral Autor: An\u00edbal Acevedo Vil\u00e1 Volumen: 91 N\u00famero: 2<\/p>\n<div class=\"read-more\"><a href=\"https:\/\/derecho.uprrp.edu\/revistajuridica\/volumen-91-numero-2-analisis-del-termino-2020-2021\/\" title=\"Read More\">Read More<\/a><\/div>\n","protected":false},"author":34,"featured_media":0,"parent":0,"menu_order":0,"comment_status":"closed","ping_status":"closed","template":"","meta":{"footnotes":""},"class_list":["post-7233","page","type-page","status-publish"],"_links":{"self":[{"href":"https:\/\/derecho.uprrp.edu\/revistajuridica\/wp-json\/wp\/v2\/pages\/7233","targetHints":{"allow":["GET"]}}],"collection":[{"href":"https:\/\/derecho.uprrp.edu\/revistajuridica\/wp-json\/wp\/v2\/pages"}],"about":[{"href":"https:\/\/derecho.uprrp.edu\/revistajuridica\/wp-json\/wp\/v2\/types\/page"}],"author":[{"embeddable":true,"href":"https:\/\/derecho.uprrp.edu\/revistajuridica\/wp-json\/wp\/v2\/users\/34"}],"replies":[{"embeddable":true,"href":"https:\/\/derecho.uprrp.edu\/revistajuridica\/wp-json\/wp\/v2\/comments?post=7233"}],"version-history":[{"count":3,"href":"https:\/\/derecho.uprrp.edu\/revistajuridica\/wp-json\/wp\/v2\/pages\/7233\/revisions"}],"predecessor-version":[{"id":7249,"href":"https:\/\/derecho.uprrp.edu\/revistajuridica\/wp-json\/wp\/v2\/pages\/7233\/revisions\/7249"}],"wp:attachment":[{"href":"https:\/\/derecho.uprrp.edu\/revistajuridica\/wp-json\/wp\/v2\/media?parent=7233"}],"curies":[{"name":"wp","href":"https:\/\/api.w.org\/{rel}","templated":true}]}}