{"id":7265,"date":"2024-06-18T19:17:47","date_gmt":"2024-06-18T23:17:47","guid":{"rendered":"https:\/\/derecho.uprrp.edu\/revistajuridica\/?page_id=7265"},"modified":"2024-06-18T20:18:21","modified_gmt":"2024-06-19T00:18:21","slug":"volumen-91-numero-3-100-anos-de-balzac-reflexiones-contemporaneas-en-torno-a-la-ciudadania","status":"publish","type":"page","link":"https:\/\/derecho.uprrp.edu\/revistajuridica\/volumen-91-numero-3-100-anos-de-balzac-reflexiones-contemporaneas-en-torno-a-la-ciudadania\/","title":{"rendered":"Volumen 91, N\u00famero 3: 100 a\u00f1os de Balzac: Reflexiones contempor\u00e1neas en torno a la ciudadan\u00eda"},"content":{"rendered":"<p class=\"p3\"><b>Introducci\u00f3n<\/b><\/p>\n<ul class=\"ul1\">\n<li class=\"li3\">Autor: Javier Col\u00f3n Morera &amp; Charles Robert Venator-Santiago<\/li>\n<li class=\"li3\">Volumen: 91<\/li>\n<li class=\"li3\">N\u00famero: 3<\/li>\n<li class=\"li3\">P\u00e1gina inicial: 639<\/li>\n<li class=\"li3\">Cita: Javier Col\u00f3n Morera &amp; Charles Robert Venator-Santiago, Introducci\u00f3n, 91 REV. JUR. UPR 639 (2022).<\/li>\n<\/ul>\n<p class=\"p3\" style=\"padding-left: 40px\"><a href=\"https:\/\/derecho.uprrp.edu\/revistajuridica\/wp-content\/uploads\/sites\/4\/2024\/06\/3-Introduccion.pdf\" class=\"sc-button sc-button-red\" target=\"_blank\"><span>Art\u00edculo en PDF<\/span><\/a>\n<hr \/>\n<p class=\"p3\"><b>Balzac v. Porto Rico, 100 a\u00f1os despu\u00e9s: la vida sigue igual<\/b><\/p>\n<ul class=\"ul1\">\n<li class=\"li3\">Autor: Jos\u00e9 Juli\u00e1n \u00c1lvarez Gonz\u00e1lez<\/li>\n<li class=\"li3\">Volumen: 91<\/li>\n<li class=\"li3\">N\u00famero: 3<\/li>\n<li class=\"li3\">P\u00e1gina inicial: 649<\/li>\n<li class=\"li3\">Cita: Jos\u00e9 Juli\u00e1n \u00c1lvarez Gonz\u00e1lez, Balzac v. Porto Rico, 100 a\u00f1os despu\u00e9s: la vida sigue igual, 91 REV. JUR. UPR 649 (2022).<\/li>\n<\/ul>\n<p class=\"p3\" style=\"padding-left: 40px\"><a href=\"https:\/\/derecho.uprrp.edu\/revistajuridica\/wp-content\/uploads\/sites\/4\/2024\/06\/4-Balzac-v.-Porto-Rico-100-anos-despues-la-vida-sigue-igual.pdf\" class=\"sc-button sc-button-red\" target=\"_blank\"><span>Art\u00edculo en PDF<\/span><\/a>\n<hr \/>\n<p class=\"p3\"><b>Cien a\u00f1os despu\u00e9s de Balzac v. Porto Rico: los casos insulares, la ciudadan\u00eda diferenciada y los estatus territoriales en el siglo XXI<\/b><\/p>\n<ul class=\"ul1\">\n<li class=\"li3\">Autor: Roger M. Smith<\/li>\n<li class=\"li3\">Volumen: 91<\/li>\n<li class=\"li3\">N\u00famero: 3<\/li>\n<li class=\"li3\">P\u00e1gina inicial: 663<\/li>\n<li class=\"li3\">Cita: Roger M. Smith, Cien a\u00f1os despu\u00e9s de Balzac v. Porto Rico: los casos insulares, la ciudadan\u00eda diferenciada y los estatus territoriales en el siglo XXI, 91 REV. JUR. UPR 663 (2022).<\/li>\n<\/ul>\n<p class=\"p3\" style=\"padding-left: 40px\"><a href=\"https:\/\/derecho.uprrp.edu\/revistajuridica\/wp-content\/uploads\/sites\/4\/2024\/06\/5-Cien-anos-despues-de-Balzac-v.-Porto-Rico-los-casos-insulares-la-ciudadania-diferenciada-y-los-estatus-territoriales-en-el-siglo-XXI.pdf\" class=\"sc-button sc-button-red\" target=\"_blank\"><span>Art\u00edculo en PDF<\/span><\/a>\n<hr \/>\n<p class=\"p3\"><b>Las llamas fugitivas de la deslealtad: el caso Balzac y otros procesamientos por libelo criminal en Puerto Rico<\/b><\/p>\n<ul class=\"ul1\">\n<li class=\"li3\">Autor: Francisco Ortiz Santini<\/li>\n<li class=\"li3\">Volumen: 91<\/li>\n<li class=\"li3\">N\u00famero: 3<\/li>\n<li class=\"li3\">P\u00e1gina inicial: 695<\/li>\n<li class=\"li3\">Cita: Francisco Ortiz Santini, Las llamas fugitivas de la deslealtad: el caso Balzac y otros procesamientos por libelo criminal en Puerto Rico, 91 REV. JUR. UPR 695 (2022).<\/li>\n<\/ul>\n<p class=\"p3\" style=\"padding-left: 40px\"><a href=\"https:\/\/derecho.uprrp.edu\/revistajuridica\/wp-content\/uploads\/sites\/4\/2024\/06\/6-Las-llamas-fugitivas-de-la-deslealtad-el-caso-Balzac-y-otros-procesamientos-por-libelo-criminal-en-Puerto-Rico.pdf\" class=\"sc-button sc-button-red\" target=\"_blank\"><span>Art\u00edculo en PDF<\/span><\/a>\n<hr \/>\n<p class=\"p3\"><b>La ciudadan\u00eda y la exclusi\u00f3n de las gentes ajenas en los casos insulares: los puertorrique\u00f1os en la periferia del imperio norteamericano<\/b><\/p>\n<ul class=\"ul1\">\n<li class=\"li3\">Autor: Edgardo Mel\u00e9ndez<\/li>\n<li class=\"li3\">Volumen: 91<\/li>\n<li class=\"li3\">N\u00famero: 3<\/li>\n<li class=\"li3\">P\u00e1gina inicial: 713<\/li>\n<li class=\"li3\">Cita: Edgardo Mel\u00e9ndez, La ciudadan\u00eda y la exclusi\u00f3n de las gentes ajenas en los casos insulares: los puertorrique\u00f1os en la periferia del imperio norteamericano, 91 REV. JUR. UPR 713 (2022).<\/li>\n<\/ul>\n<p class=\"p3\" style=\"padding-left: 40px\"><a href=\"https:\/\/derecho.uprrp.edu\/revistajuridica\/wp-content\/uploads\/sites\/4\/2024\/06\/7-La-ciudadania-y-la-exclusion-de-las-gentes-ajenas-en-los-casos-insulares-los-puertorriquenos-en-la-periferia-del-imperio-norteamericano.pdf\" class=\"sc-button sc-button-red\" target=\"_blank\"><span>Art\u00edculo en PDF<\/span><\/a>\n<hr \/>\n<p class=\"p3\"><b>Significados de ciudadan\u00eda en el Imperio de EE.UU., Puerto Rico, Isabel Gonz\u00e1lez, y el Tribunal Supremo, 1898 a 1905<\/b><\/p>\n<ul class=\"ul1\">\n<li class=\"li3\">Autor: Sam Erman<\/li>\n<li class=\"li3\">Volumen: 91<\/li>\n<li class=\"li3\">N\u00famero: 3<\/li>\n<li class=\"li3\">P\u00e1gina inicial: 749<\/li>\n<li class=\"li3\">Cita: Sam Erman, Significados de ciudadan\u00eda en el Imperio de EE.UU., Puerto Rico, Isabel Gonz\u00e1lez, y el Tribunal Supremo, 1898 a 1905, 91 REV. JUR. UPR 749 (2022).<\/li>\n<\/ul>\n<p class=\"p3\" style=\"padding-left: 40px\"><a href=\"https:\/\/derecho.uprrp.edu\/revistajuridica\/wp-content\/uploads\/sites\/4\/2024\/06\/8-Significados-de-ciudadania-en-el-Imperio-de-EE.UU_.-Puerto-Rico-Isabel-Gonzalez-y-el-Tribunal-Supremo-1898-a-1905.pdf\" class=\"sc-button sc-button-red\" target=\"_blank\"><span>Art\u00edculo en PDF<\/span><\/a>\n<hr \/>\n<p class=\"p3\"><b>Mitolog\u00eda nacional: ciudadan\u00eda norteamericana para los puertorrique\u00f1os y el servicio militar<\/b><\/p>\n<ul class=\"ul1\">\n<li class=\"li3\">Autor: Harry Franqui-Rivera<\/li>\n<li class=\"li3\">Volumen: 91<\/li>\n<li class=\"li3\">N\u00famero: 3<\/li>\n<li class=\"li3\">P\u00e1gina inicial: 779<\/li>\n<li class=\"li3\">Cita: Harry Franqui-Rivera, Mitolog\u00eda nacional: ciudadan\u00eda norteamericana para los puertorrique\u00f1os y el servicio militar, 91 REV. JUR. UPR 779 (2022).<\/li>\n<\/ul>\n<p class=\"p3\" style=\"padding-left: 40px\"><a href=\"https:\/\/derecho.uprrp.edu\/revistajuridica\/wp-content\/uploads\/sites\/4\/2024\/06\/9-Mitologia-nacional-ciudadania-norteamericana-para-los-puertorriquenos-y-el-servicio-militar.pdf\" class=\"sc-button sc-button-red\" target=\"_blank\"><span>Art\u00edculo en PDF<\/span><\/a>\n<hr \/>\n<p class=\"p3\"><b>\u00bfCu\u00e1les son las fuentes constitucionales de la legislaci\u00f3n sobre la ciudadan\u00eda de los Estados Unidos para Puerto Rico?<\/b><\/p>\n<ul class=\"ul1\">\n<li class=\"li3\">Autor: Charles R. Venator-Santiago<\/li>\n<li class=\"li3\">Volumen: 91<\/li>\n<li class=\"li3\">N\u00famero: 3<\/li>\n<li class=\"li3\">P\u00e1gina inicial: 793<\/li>\n<li class=\"li3\">Cita: Charles R. Venator-Santiago, \u00bfCu\u00e1les son las fuentes constitucionales de la legislaci\u00f3n sobre la ciudadan\u00eda de los Estados Unidos para Puerto Rico?, 91 REV. JUR. UPR 793 (2022).<\/li>\n<\/ul>\n<p class=\"p3\" style=\"padding-left: 40px\"><a href=\"https:\/\/derecho.uprrp.edu\/revistajuridica\/wp-content\/uploads\/sites\/4\/2024\/06\/10-\u00bfCuales-son-las-fuentes-constitucionales-de-la-legislacion-sobre-la-ciudadania-de-los-Estados-Unidos-para-Puerto-Rico.pdf\" class=\"sc-button sc-button-red\" target=\"_blank\"><span>Art\u00edculo en PDF<\/span><\/a>\n<hr \/>\n<p class=\"p3\"><b>La ciudadan\u00eda puertorrique\u00f1a: ejercicio performativo de afirmaci\u00f3n nacional y resistencia en el experimento jur\u00eddico de Juan Mari Br\u00e1s<\/b><\/p>\n<ul class=\"ul1\">\n<li class=\"li3\">Autor: Jacqueline N. Font Guzm\u00e1n<\/li>\n<li class=\"li3\">Volumen: 91<\/li>\n<li class=\"li3\">N\u00famero: 3<\/li>\n<li class=\"li3\">P\u00e1gina inicial: 835<\/li>\n<li class=\"li3\">Cita: Jacqueline N. Font Guzm\u00e1n, La ciudadan\u00eda puertorrique\u00f1a: ejercicio performativo de afirmaci\u00f3n nacional y resistencia en el experimento jur\u00eddico de Juan Mari Br\u00e1s, 91 REV. JUR. UPR 835 (2022).<\/li>\n<\/ul>\n<p class=\"p3\" style=\"padding-left: 40px\"><a href=\"https:\/\/derecho.uprrp.edu\/revistajuridica\/wp-content\/uploads\/sites\/4\/2024\/06\/11-La-ciudadania-puertorriquena-ejercicio-performativo-de-afirmacion-nacional-y-resistencia-en-el-experimento-juridico-de-Juan-Mari-Bras.pdf\" class=\"sc-button sc-button-red\" target=\"_blank\"><span>Art\u00edculo en PDF<\/span><\/a>\n<hr \/>\n<p class=\"p3\"><b>Una reflexi\u00f3n cr\u00edtica sobre la ciudadan\u00eda norteamericana y ciudadan\u00eda plena de las mujeres en Puerto Rico<\/b><\/p>\n<ul class=\"ul1\">\n<li class=\"li3\">Autor: Idsa E. Alegr\u00eda Ortega<\/li>\n<li class=\"li3\">Volumen: 91<\/li>\n<li class=\"li3\">N\u00famero: 3<\/li>\n<li class=\"li3\">P\u00e1gina inicial: 855<\/li>\n<li class=\"li3\">Cita: Idsa E. Alegr\u00eda Ortega, Una reflexi\u00f3n cr\u00edtica sobre la ciudadan\u00eda norteamericana y ciudadan\u00eda plena de las mujeres en Puerto Rico, 91 REV. JUR. UPR 855 (2022).<\/li>\n<\/ul>\n<p class=\"p3\" style=\"padding-left: 40px\"><a href=\"https:\/\/derecho.uprrp.edu\/revistajuridica\/wp-content\/uploads\/sites\/4\/2024\/06\/12-Una-reflexion-critica-sobre-la-ciudadania-norteamericana-y-ciudadania-plena-de-las-mujeres-en-Puerto-Rico.pdf\" class=\"sc-button sc-button-red\" target=\"_blank\"><span>Art\u00edculo en PDF<\/span><\/a>\n<hr \/>\n<p class=\"p3\"><b>Vaello Madero, ciudadan\u00eda, localidad y paridad de fondos federales y el precedente invisible<\/b><\/p>\n<ul class=\"ul1\">\n<li class=\"li3\">Autor: Javier Col\u00f3n Morera<\/li>\n<li class=\"li3\">Volumen: 91<\/li>\n<li class=\"li3\">N\u00famero: 3<\/li>\n<li class=\"li3\">P\u00e1gina inicial: 881<\/li>\n<li class=\"li3\">Cita: Javier Col\u00f3n Morera, Vaello Madero, ciudadan\u00eda, localidad y paridad de fondos federales y el precedente invisible, 91 REV. JUR. UPR 881 (2022).<\/li>\n<\/ul>\n<p class=\"p3\" style=\"padding-left: 40px\"><a href=\"https:\/\/derecho.uprrp.edu\/revistajuridica\/wp-content\/uploads\/sites\/4\/2024\/06\/13-Vaello-Madero-ciudadania-localidad-y-paridad-de-fondos-federales-y-el-precedente-invisible.pdf\" class=\"sc-button sc-button-red\" target=\"_blank\"><span>Art\u00edculo en PDF<\/span><\/a>\n<hr \/>\n<p class=\"p3\"><b>The Centenary of Balzac v. Porto Rico: Second-Class Citizenship in the Context of the Presidential Vote<\/b><\/p>\n<ul class=\"ul1\">\n<li class=\"li3\">Autor: Joel Andrews Cosme Morales<\/li>\n<li class=\"li3\">Volumen: 91<\/li>\n<li class=\"li3\">N\u00famero: 3<\/li>\n<li class=\"li3\">P\u00e1gina inicial: 913<\/li>\n<li class=\"li3\">Cita: Joel Andrews Cosme Morales, The Centenary of Balzac v. Porto Rico: Second-Class Citizenship in the Context of the Presidential Vote, 91 REV. JUR. UPR 913 (2022).<\/li>\n<\/ul>\n<p class=\"p3\" style=\"padding-left: 40px\"><a href=\"https:\/\/derecho.uprrp.edu\/revistajuridica\/wp-content\/uploads\/sites\/4\/2024\/06\/14-The-Centenary-of-Balzac-v.-Porto-Rico-Second-Class-Citizenship-in-the-Context-of-the-Presidential-Vote.pdf\" class=\"sc-button sc-button-red\" target=\"_blank\"><span>Art\u00edculo en PDF<\/span><\/a>\n","protected":false},"excerpt":{"rendered":"<p>Introducci\u00f3n Autor: Javier Col\u00f3n Morera &amp; Charles Robert Venator-Santiago Volumen: 91 N\u00famero: 3 P\u00e1gina inicial: 639 Cita: Javier Col\u00f3n Morera &amp; Charles Robert Venator-Santiago, Introducci\u00f3n, 91 REV. JUR. UPR 639 (2022). Balzac v. Porto Rico, 100 a\u00f1os despu\u00e9s: la vida sigue igual Autor: Jos\u00e9 Juli\u00e1n \u00c1lvarez Gonz\u00e1lez Volumen: 91 N\u00famero: 3 P\u00e1gina inicial: 649 Cita:<\/p>\n<div class=\"read-more\"><a href=\"https:\/\/derecho.uprrp.edu\/revistajuridica\/volumen-91-numero-3-100-anos-de-balzac-reflexiones-contemporaneas-en-torno-a-la-ciudadania\/\" title=\"Read More\">Read More<\/a><\/div>\n","protected":false},"author":34,"featured_media":0,"parent":0,"menu_order":0,"comment_status":"closed","ping_status":"closed","template":"","meta":{"footnotes":""},"class_list":["post-7265","page","type-page","status-publish"],"_links":{"self":[{"href":"https:\/\/derecho.uprrp.edu\/revistajuridica\/wp-json\/wp\/v2\/pages\/7265","targetHints":{"allow":["GET"]}}],"collection":[{"href":"https:\/\/derecho.uprrp.edu\/revistajuridica\/wp-json\/wp\/v2\/pages"}],"about":[{"href":"https:\/\/derecho.uprrp.edu\/revistajuridica\/wp-json\/wp\/v2\/types\/page"}],"author":[{"embeddable":true,"href":"https:\/\/derecho.uprrp.edu\/revistajuridica\/wp-json\/wp\/v2\/users\/34"}],"replies":[{"embeddable":true,"href":"https:\/\/derecho.uprrp.edu\/revistajuridica\/wp-json\/wp\/v2\/comments?post=7265"}],"version-history":[{"count":4,"href":"https:\/\/derecho.uprrp.edu\/revistajuridica\/wp-json\/wp\/v2\/pages\/7265\/revisions"}],"predecessor-version":[{"id":7302,"href":"https:\/\/derecho.uprrp.edu\/revistajuridica\/wp-json\/wp\/v2\/pages\/7265\/revisions\/7302"}],"wp:attachment":[{"href":"https:\/\/derecho.uprrp.edu\/revistajuridica\/wp-json\/wp\/v2\/media?parent=7265"}],"curies":[{"name":"wp","href":"https:\/\/api.w.org\/{rel}","templated":true}]}}