{"id":7342,"date":"2024-06-18T21:39:33","date_gmt":"2024-06-19T01:39:33","guid":{"rendered":"https:\/\/derecho.uprrp.edu\/revistajuridica\/?page_id=7342"},"modified":"2024-06-19T08:00:10","modified_gmt":"2024-06-19T12:00:10","slug":"volumen-92-numero-3-analisis-del-termino","status":"publish","type":"page","link":"https:\/\/derecho.uprrp.edu\/revistajuridica\/volumen-92-numero-3-analisis-del-termino\/","title":{"rendered":"Volumen 92, N\u00famero 3: An\u00e1lisis del T\u00e9rmino"},"content":{"rendered":"<h5 class=\"p3\">An\u00e1lisis del T\u00e9rmino 2021-2022 del Tribunal Supremo de Puerto Rico en Materia de Derecho Probatorio<\/h5>\n<ul class=\"ul1\">\n<li class=\"li3\">Autor: Vivian I. Neptune Rivera &amp; Francisco Rivera Fret<\/li>\n<li class=\"li3\">Volumen: 92<\/li>\n<li class=\"li3\">N\u00famero: 3<\/li>\n<li class=\"li3\">P\u00e1gina inicial: 331<\/li>\n<li class=\"li3\">Cita: Vivian I. Neptune Rivera &amp; Francisco Rivera Fret, An\u00e1lisis del T\u00e9rmino 2021-2022 del Tribunal Supremo de Puerto Rico en Materia de Derecho Probatorio, 92 REV. JUR. UPR 331 (2023).<\/li>\n<\/ul>\n<p class=\"p3\" style=\"padding-left: 40px\"><a href=\"https:\/\/derecho.uprrp.edu\/revistajuridica\/wp-content\/uploads\/sites\/4\/2024\/06\/3-Derecho-Probatorio-2021-2022.pdf\" class=\"sc-button sc-button-red\" target=\"_blank\"><span>Art\u00edculo en PDF<\/span><\/a>\n<hr \/>\n<h5 class=\"p3\">\u00c9tica y Conducta Profesional<\/h5>\n<ul class=\"ul1\">\n<li class=\"li3\">Autor: Guillermo Figueroa Prieto<\/li>\n<li class=\"li3\">Volumen: 92<\/li>\n<li class=\"li3\">N\u00famero: 3<\/li>\n<li class=\"li3\">P\u00e1gina inicial: 343<\/li>\n<li class=\"li3\">Cita: Guillermo Figueroa Prieto, \u00c9tica y Conducta Profesional, 92 REV. JUR. UPR 343 (2023).<\/li>\n<\/ul>\n<p class=\"p3\" style=\"padding-left: 40px\"><a href=\"https:\/\/derecho.uprrp.edu\/revistajuridica\/wp-content\/uploads\/sites\/4\/2024\/06\/4-Etica-y-Conducta-Profesional.pdf\" class=\"sc-button sc-button-red\" target=\"_blank\"><span>Art\u00edculo en PDF<\/span><\/a>\n<hr \/>\n<h5 class=\"p3\">Procedimiento Criminal<\/h5>\n<ul class=\"ul1\">\n<li class=\"li3\">Autor: Ernesto Chiesa Aponte<\/li>\n<li class=\"li3\">Volumen: 92<\/li>\n<li class=\"li3\">N\u00famero: 3<\/li>\n<li class=\"li3\">P\u00e1gina inicial: 79<\/li>\n<li class=\"li3\">Cita: Ernesto Chiesa Aponte, Procedimiento Criminal, 92 REV. JUR. UPR 367 (2023).<\/li>\n<\/ul>\n<p class=\"p3\" style=\"padding-left: 40px\"><a href=\"https:\/\/derecho.uprrp.edu\/revistajuridica\/wp-content\/uploads\/sites\/4\/2024\/06\/5-Procedimiento-Criminal.pdf\" class=\"sc-button sc-button-red\" target=\"_blank\"><span>Art\u00edculo en PDF<\/span><\/a>\n<hr \/>\n<h5 class=\"p3\">Derecho Registral Inmobiliario: T\u00e9rmino 2021-2022<\/h5>\n<ul class=\"ul1\">\n<li class=\"li3\">Autor: Ana Cristina G\u00f3mez P\u00e9rez &amp; Orlando A. Agosto Rivera<\/li>\n<li class=\"li3\">Volumen: 92<\/li>\n<li class=\"li3\">N\u00famero: 3<\/li>\n<li class=\"li3\">P\u00e1gina inicial: 409<\/li>\n<li class=\"li3\">Cita: Ana Cristina G\u00f3mez P\u00e9rez &amp; Orlando A. Agosto Rivera, Derecho Registral Inmobiliario: T\u00e9rmino 2021-2022, 92 REV. JUR. UPR 409 (2023).<\/li>\n<\/ul>\n<p class=\"p3\" style=\"padding-left: 40px\"><a href=\"https:\/\/derecho.uprrp.edu\/revistajuridica\/wp-content\/uploads\/sites\/4\/2024\/06\/6-Derecho-Registral-Inmobiliario.pdf\" class=\"sc-button sc-button-red\" target=\"_blank\"><span>Art\u00edculo en PDF<\/span><\/a>\n<hr \/>\n<h5 class=\"p3\">Obligaciones y Contratos<\/h5>\n<ul class=\"ul1\">\n<li class=\"li3\">Autor: Michel J. Godreau &amp; Juan Jos\u00e9 Hern\u00e1ndez L\u00f3pez de Victoria<\/li>\n<li class=\"li3\">Volumen: 92<\/li>\n<li class=\"li3\">N\u00famero: 3<\/li>\n<li class=\"li3\">P\u00e1gina inicial: 425<\/li>\n<li class=\"li3\">Cita: Michel J. Godreau &amp; Juan Jos\u00e9 Hern\u00e1ndez L\u00f3pez de Victoria, Obligaciones y Contratos, 92 REV. JUR. UPR 425 (2023).<\/li>\n<\/ul>\n<p class=\"p3\" style=\"padding-left: 40px\"><a href=\"https:\/\/derecho.uprrp.edu\/revistajuridica\/wp-content\/uploads\/sites\/4\/2024\/06\/7-Obligaciones-y-Contratos-1.pdf\" class=\"sc-button sc-button-red\" target=\"_blank\"><span>Art\u00edculo en PDF<\/span><\/a>\n<hr \/>\n<h5 class=\"p3\">An\u00e1lisis del t\u00e9rmino (2021-22) del Tribunal Supremo de Puerto Rico Derecho Constitucional<\/h5>\n<ul class=\"ul1\">\n<li class=\"li3\">Autor: Efr\u00e9n Rivera Ramos<\/li>\n<li class=\"li3\">Volumen: 92<\/li>\n<li class=\"li3\">N\u00famero: 3<\/li>\n<li class=\"li3\">P\u00e1gina inicial: 433<\/li>\n<li class=\"li3\">Cita: Efr\u00e9n Rivera Ramos, An\u00e1lisis del t\u00e9rmino (2021-22) del Tribunal Supremo de Puerto Rico Derecho Constitucional, 92 REV. JUR. UPR 433 (2023).<\/li>\n<\/ul>\n<p class=\"p3\" style=\"padding-left: 40px\"><a href=\"https:\/\/derecho.uprrp.edu\/revistajuridica\/wp-content\/uploads\/sites\/4\/2024\/06\/8-Derecho-Constitucional-2021-2022.pdf\" class=\"sc-button sc-button-red\" target=\"_blank\"><span>Art\u00edculo en PDF<\/span><\/a>\n<hr \/>\n<h5 class=\"p3\">Derecho Penal Sustantivo<\/h5>\n<ul class=\"ul1\">\n<li class=\"li3\">Autor: Oscar E. Miranda Miller<\/li>\n<li class=\"li3\">Volumen: 92<\/li>\n<li class=\"li3\">N\u00famero: 3<\/li>\n<li class=\"li3\">P\u00e1gina inicial: 445<\/li>\n<li class=\"li3\">Cita: Oscar E. Miranda Miller, Derecho Penal Sustantivo, 92 REV. JUR. UPR 445 (2023).<\/li>\n<\/ul>\n<p class=\"p3\" style=\"padding-left: 40px\"><a href=\"https:\/\/derecho.uprrp.edu\/revistajuridica\/wp-content\/uploads\/sites\/4\/2024\/06\/9-Derecho-Penal-Sustantivo.pdf\" class=\"sc-button sc-button-red\" target=\"_blank\"><span>Art\u00edculo en PDF<\/span><\/a>\n<hr \/>\n<h5 class=\"p3\">An\u00e1lisis de t\u00e9rmino 2021-2022: Derecho Procesal Civil<\/h5>\n<ul class=\"ul1\">\n<li class=\"li3\">Autor: Nilda M. Navarro Cabrer &amp; Alondra M. Irizarry Rivera<\/li>\n<li class=\"li3\">Volumen: 92<\/li>\n<li class=\"li3\">N\u00famero: 3<\/li>\n<li class=\"li3\">P\u00e1gina inicial: 451<\/li>\n<li class=\"li3\">Cita: Nilda M. Navarro Cabrer &amp; Alondra M. Irizarry Rivera, An\u00e1lisis de t\u00e9rmino 2021-2022: Derecho Procesal Civil, 92 REV. JUR. UPR 451 (2023).<\/li>\n<\/ul>\n<p class=\"p3\" style=\"padding-left: 40px\"><a href=\"https:\/\/derecho.uprrp.edu\/revistajuridica\/wp-content\/uploads\/sites\/4\/2024\/06\/10-Derecho-Procesal-Civil-2021-2022.pdf\" class=\"sc-button sc-button-red\" target=\"_blank\"><span>Art\u00edculo en PDF<\/span><\/a>\n<hr \/>\n<h5 class=\"p3\">Derecho Laboral y empleo: 2021-2022<\/h5>\n<ul class=\"ul1\">\n<li class=\"li3\">Autor: Emmalind Garc\u00eda Garc\u00eda<\/li>\n<li class=\"li3\">Volumen: 92<\/li>\n<li class=\"li3\">N\u00famero: 3<\/li>\n<li class=\"li3\">P\u00e1gina inicial: 471<\/li>\n<li class=\"li3\">Cita: Emmalind Garc\u00eda Garc\u00eda, Derecho Laboral y empleo: 2021-2022, 92 REV. JUR. UPR 471 (2023).<\/li>\n<\/ul>\n<p class=\"p3\" style=\"padding-left: 40px\"><a href=\"https:\/\/derecho.uprrp.edu\/revistajuridica\/wp-content\/uploads\/sites\/4\/2024\/06\/11-Derecho-Laboral.pdf\" class=\"sc-button sc-button-red\" target=\"_blank\"><span>Art\u00edculo en PDF<\/span><\/a>\n<hr \/>\n<h5 class=\"p3\">Normas constitucionales sobre nombramientos<\/h5>\n<ul class=\"ul1\">\n<li class=\"li3\">Autor: An\u00edbal Acevedo Vil\u00e1<\/li>\n<li class=\"li3\">Volumen: 92<\/li>\n<li class=\"li3\">N\u00famero: 3<\/li>\n<li class=\"li3\">P\u00e1gina inicial: 515<\/li>\n<li class=\"li3\">Cita: An\u00edbal Acevedo Vil\u00e1, Normas constitucionales sobre nombramientos, 92 REV. JUR. UPR 515 (2023).<\/li>\n<\/ul>\n<p class=\"p3\" style=\"padding-left: 40px\"><a href=\"https:\/\/derecho.uprrp.edu\/revistajuridica\/wp-content\/uploads\/sites\/4\/2024\/06\/12-Normas-constitucionales-sobre-nombramientos-.pdf\" class=\"sc-button sc-button-red\" target=\"_blank\"><span>Art\u00edculo en PDF<\/span><\/a>\n<hr \/>\n<h5 class=\"p3\">Derecho Administrativo<\/h5>\n<ul class=\"ul1\">\n<li class=\"li3\">Autor: Hon. Gerardo Flores Garc\u00eda<\/li>\n<li class=\"li3\">Volumen: 92<\/li>\n<li class=\"li3\">N\u00famero: 3<\/li>\n<li class=\"li3\">P\u00e1gina inicial: 549<\/li>\n<li class=\"li3\">Cita: Hon. Gerardo Flores Garc\u00eda, Derecho Administrativo, 92 REV. JUR. UPR 549 (2023).<\/li>\n<\/ul>\n<p class=\"p3\" style=\"padding-left: 40px\"><a href=\"https:\/\/derecho.uprrp.edu\/revistajuridica\/wp-content\/uploads\/sites\/4\/2024\/06\/13-Derecho-Administrativo.pdf\" class=\"sc-button sc-button-red\" target=\"_blank\"><span>Art\u00edculo en PDF<\/span><\/a>\n<hr \/>\n<h5 class=\"p3\">Derecho De Seguros<\/h5>\n<ul class=\"ul1\">\n<li class=\"li3\">Autor: Carlos R. R\u00edos Gautier<\/li>\n<li class=\"li3\">Volumen: 92<\/li>\n<li class=\"li3\">N\u00famero: 3<\/li>\n<li class=\"li3\">P\u00e1gina inicial: 577<\/li>\n<li class=\"li3\">Cita: Naudelis Fern\u00e1ndez Reyes y Carlos A. Gonz\u00e1lez Cofi\u00f1o, Derecho De Seguros, 92 REV. JUR. UPR 577 (2023).<\/li>\n<\/ul>\n<p class=\"p3\" style=\"padding-left: 40px\"><a href=\"https:\/\/derecho.uprrp.edu\/revistajuridica\/wp-content\/uploads\/sites\/4\/2024\/06\/14-Derecho-de-Seguros-1.pdf\" class=\"sc-button sc-button-red\" target=\"_blank\"><span>Art\u00edculo en PDF<\/span><\/a>\n<p>&nbsp;<\/p>\n","protected":false},"excerpt":{"rendered":"<p>An\u00e1lisis del T\u00e9rmino 2021-2022 del Tribunal Supremo de Puerto Rico en Materia de Derecho Probatorio Autor: Vivian I. Neptune Rivera &amp; Francisco Rivera Fret Volumen: 92 N\u00famero: 3 P\u00e1gina inicial: 331 Cita: Vivian I. Neptune Rivera &amp; Francisco Rivera Fret, An\u00e1lisis del T\u00e9rmino 2021-2022 del Tribunal Supremo de Puerto Rico en Materia de Derecho Probatorio,<\/p>\n<div class=\"read-more\"><a href=\"https:\/\/derecho.uprrp.edu\/revistajuridica\/volumen-92-numero-3-analisis-del-termino\/\" title=\"Read More\">Read More<\/a><\/div>\n","protected":false},"author":34,"featured_media":0,"parent":0,"menu_order":0,"comment_status":"closed","ping_status":"closed","template":"","meta":{"footnotes":""},"class_list":["post-7342","page","type-page","status-publish"],"_links":{"self":[{"href":"https:\/\/derecho.uprrp.edu\/revistajuridica\/wp-json\/wp\/v2\/pages\/7342","targetHints":{"allow":["GET"]}}],"collection":[{"href":"https:\/\/derecho.uprrp.edu\/revistajuridica\/wp-json\/wp\/v2\/pages"}],"about":[{"href":"https:\/\/derecho.uprrp.edu\/revistajuridica\/wp-json\/wp\/v2\/types\/page"}],"author":[{"embeddable":true,"href":"https:\/\/derecho.uprrp.edu\/revistajuridica\/wp-json\/wp\/v2\/users\/34"}],"replies":[{"embeddable":true,"href":"https:\/\/derecho.uprrp.edu\/revistajuridica\/wp-json\/wp\/v2\/comments?post=7342"}],"version-history":[{"count":3,"href":"https:\/\/derecho.uprrp.edu\/revistajuridica\/wp-json\/wp\/v2\/pages\/7342\/revisions"}],"predecessor-version":[{"id":7372,"href":"https:\/\/derecho.uprrp.edu\/revistajuridica\/wp-json\/wp\/v2\/pages\/7342\/revisions\/7372"}],"wp:attachment":[{"href":"https:\/\/derecho.uprrp.edu\/revistajuridica\/wp-json\/wp\/v2\/media?parent=7342"}],"curies":[{"name":"wp","href":"https:\/\/api.w.org\/{rel}","templated":true}]}}