{"id":7343,"date":"2024-06-18T21:50:43","date_gmt":"2024-06-19T01:50:43","guid":{"rendered":"https:\/\/derecho.uprrp.edu\/revistajuridica\/?page_id=7343"},"modified":"2024-06-18T21:50:43","modified_gmt":"2024-06-19T01:50:43","slug":"volumen-92-numero-4-puerto-rico-ante-el-mundo-tecnologia-y-comercio","status":"publish","type":"page","link":"https:\/\/derecho.uprrp.edu\/revistajuridica\/volumen-92-numero-4-puerto-rico-ante-el-mundo-tecnologia-y-comercio\/","title":{"rendered":"Volumen 92, N\u00famero 4: Puerto Rico ante el mundo: Tecnolog\u00eda y Comercio"},"content":{"rendered":"<h5 class=\"p3\">Conflicto, divorcio y muerte en la gesti\u00f3n empresarial<\/h5>\n<ul class=\"ul1\">\n<li class=\"li3\">Autor: Carlos E. D\u00edaz Olivo, Jos\u00e9 A. D\u00edaz Herrero &amp; Mariana L. Garc\u00eda Vel\u00e1zquez<\/li>\n<li class=\"li3\">Volumen: 92<\/li>\n<li class=\"li3\">N\u00famero: 4<\/li>\n<li class=\"li3\">P\u00e1gina inicial: 597<\/li>\n<li class=\"li3\">Cita: Carlos E. D\u00edaz Olivo, Jos\u00e9 A. D\u00edaz Herrero &amp; Mariana L. Garc\u00eda Vel\u00e1zquez, Conflicto, divorcio y muerte en la gesti\u00f3n empresarial, 92 REV. JUR. UPR 597 (2023).<\/li>\n<\/ul>\n<p class=\"p3\" style=\"padding-left: 40px\"><a href=\"https:\/\/derecho.uprrp.edu\/revistajuridica\/wp-content\/uploads\/sites\/4\/2024\/06\/3-Conflicto-divorcio-y-muerte-en-la-gestion-empresarial.pdf\" class=\"sc-button sc-button-red\" target=\"_blank\"><span>Art\u00edculo en PDF<\/span><\/a>\n<hr \/>\n<h5 class=\"p3\">La tecnolog\u00eda, la inteligencia artificial y el procedimiento civil puertorrique\u00f1o<\/h5>\n<ul class=\"ul1\">\n<li class=\"li3\">Autor: Gemilly Rosado Borrero<\/li>\n<li class=\"li3\">Volumen: 92<\/li>\n<li class=\"li3\">N\u00famero: 4<\/li>\n<li class=\"li3\">P\u00e1gina inicial: 631<\/li>\n<li class=\"li3\">Cita: Gemilly Rosado Borrero, La tecnolog\u00eda, la inteligencia artificial y el procedimiento civil puertorrique\u00f1o, 92 REV. JUR. UPR 631 (2023).<\/li>\n<\/ul>\n<p class=\"p3\" style=\"padding-left: 40px\"><a href=\"https:\/\/derecho.uprrp.edu\/revistajuridica\/wp-content\/uploads\/sites\/4\/2024\/06\/4-La-tecnologia-la-inteligencia-artificial-y-el-procedimiento-civil-puertorriqueno.pdf\" class=\"sc-button sc-button-red\" target=\"_blank\"><span>Art\u00edculo en PDF<\/span><\/a>\n<hr \/>\n<h5 class=\"p3\">The Removal of Section 230 Liability Shield for Online Platforms that Engage in Human Trafficking in Puerto Rico<\/h5>\n<ul class=\"ul1\">\n<li class=\"li3\">Autor: Delf\u00edn R. M\u00e9ndez Badu\u00ed<\/li>\n<li class=\"li3\">Volumen: 92<\/li>\n<li class=\"li3\">N\u00famero: 4<\/li>\n<li class=\"li3\">P\u00e1gina inicial: 651<\/li>\n<li class=\"li3\">Cita: Delf\u00edn R. M\u00e9ndez Badu\u00ed, The Removal of Section 230 Liability Shield for Online Platforms that Engage in Human Trafficking in Puerto Rico, 92 REV. JUR. UPR 651 (2023).<\/li>\n<\/ul>\n<p class=\"p3\" style=\"padding-left: 40px\"><a href=\"https:\/\/derecho.uprrp.edu\/revistajuridica\/wp-content\/uploads\/sites\/4\/2024\/06\/5-The-Removal-of-Section-230-Liability-Shield-for-Online-Platforms-that-Engage-in-Human-Trafficking-in-Puerto-Rico.pdf\" class=\"sc-button sc-button-red\" target=\"_blank\"><span>Art\u00edculo en PDF<\/span><\/a>\n<hr \/>\n<h5 class=\"p3\">La necesidad de implantar el derecho al aborto a trav\u00e9s de la autogesti\u00f3n pol\u00edtica<\/h5>\n<ul class=\"ul1\">\n<li class=\"li3\">Autor: Tatiana Mel\u00e9ndez Garc\u00eda<\/li>\n<li class=\"li3\">Volumen: 92<\/li>\n<li class=\"li3\">N\u00famero: 4<\/li>\n<li class=\"li3\">P\u00e1gina inicial: 671<\/li>\n<li class=\"li3\">Cita: Tatiana Mel\u00e9ndez Garc\u00eda, La necesidad de implantar el derecho al aborto a trav\u00e9s de la autogesti\u00f3n pol\u00edtica, 92 REV. JUR. UPR 671 (2023).<\/li>\n<\/ul>\n<p class=\"p3\" style=\"padding-left: 40px\"><a href=\"https:\/\/derecho.uprrp.edu\/revistajuridica\/wp-content\/uploads\/sites\/4\/2024\/06\/6-La-necesidad-de-implantar-el-derecho-al-aborto-a-traves-de-la-autogestion-politica.pdf\" class=\"sc-button sc-button-red\" target=\"_blank\"><span>Art\u00edculo en PDF<\/span><\/a>\n<hr \/>\n<h5 class=\"p3\">Ghost Guns: Between Clandestine Practices and Second Amendment Rights<\/h5>\n<ul class=\"ul1\">\n<li class=\"li3\">Autor: Rebecca Quintana Centeno<\/li>\n<li class=\"li3\">Volumen: 92<\/li>\n<li class=\"li3\">N\u00famero: 4<\/li>\n<li class=\"li3\">P\u00e1gina inicial: 705<\/li>\n<li class=\"li3\">Cita: Rebecca Quintana Centeno, Ghost Guns: Between Clandestine Practices and Second Amendment Rights, 92 REV. JUR. UPR 705 (2023).<\/li>\n<\/ul>\n<p class=\"p3\" style=\"padding-left: 40px\"><a href=\"https:\/\/derecho.uprrp.edu\/revistajuridica\/wp-content\/uploads\/sites\/4\/2024\/06\/7-Ghost-Guns-Between-Clandestine-Practices-and-Second-Amendment-Rights.pdf\" class=\"sc-button sc-button-red\" target=\"_blank\"><span>Art\u00edculo en PDF<\/span><\/a>\n<hr \/>\n<h5 class=\"p3\">La voluntad del pueblo y los tribunales: \u00bfqui\u00e9n tiene la \u00faltima palabra?<\/h5>\n<ul class=\"ul1\">\n<li class=\"li3\">Autor: Gabriel E. Viera Rodr\u00edguez<\/li>\n<li class=\"li3\">Volumen: 92<\/li>\n<li class=\"li3\">N\u00famero: 4<\/li>\n<li class=\"li3\">P\u00e1gina inicial: 733<\/li>\n<li class=\"li3\">Cita: Naudelis Fern\u00e1ndez Reyes y Carlos A. Gonz\u00e1lez Cofi\u00f1o, La voluntad del pueblo y los tribunales: \u00bfqui\u00e9n tiene la \u00faltima palabra?, 92 REV. JUR. UPR 733 (2023).<\/li>\n<\/ul>\n<p class=\"p3\" style=\"padding-left: 40px\"><a href=\"https:\/\/derecho.uprrp.edu\/revistajuridica\/wp-content\/uploads\/sites\/4\/2024\/06\/8-La-voluntad-del-pueblo-y-los-tribunales-\u00bfquien-tiene-la-ultima-palabra.pdf\" class=\"sc-button sc-button-red\" target=\"_blank\"><span>Art\u00edculo en PDF<\/span><\/a>\n<p class=\"p3\" style=\"padding-left: 40px\">\n","protected":false},"excerpt":{"rendered":"<p>Conflicto, divorcio y muerte en la gesti\u00f3n empresarial Autor: Carlos E. D\u00edaz Olivo, Jos\u00e9 A. D\u00edaz Herrero &amp; Mariana L. Garc\u00eda Vel\u00e1zquez Volumen: 92 N\u00famero: 4 P\u00e1gina inicial: 597 Cita: Carlos E. D\u00edaz Olivo, Jos\u00e9 A. D\u00edaz Herrero &amp; Mariana L. Garc\u00eda Vel\u00e1zquez, Conflicto, divorcio y muerte en la gesti\u00f3n empresarial, 92 REV. JUR. UPR<\/p>\n<div class=\"read-more\"><a href=\"https:\/\/derecho.uprrp.edu\/revistajuridica\/volumen-92-numero-4-puerto-rico-ante-el-mundo-tecnologia-y-comercio\/\" title=\"Read More\">Read More<\/a><\/div>\n","protected":false},"author":34,"featured_media":0,"parent":0,"menu_order":0,"comment_status":"closed","ping_status":"closed","template":"","meta":{"footnotes":""},"class_list":["post-7343","page","type-page","status-publish"],"_links":{"self":[{"href":"https:\/\/derecho.uprrp.edu\/revistajuridica\/wp-json\/wp\/v2\/pages\/7343","targetHints":{"allow":["GET"]}}],"collection":[{"href":"https:\/\/derecho.uprrp.edu\/revistajuridica\/wp-json\/wp\/v2\/pages"}],"about":[{"href":"https:\/\/derecho.uprrp.edu\/revistajuridica\/wp-json\/wp\/v2\/types\/page"}],"author":[{"embeddable":true,"href":"https:\/\/derecho.uprrp.edu\/revistajuridica\/wp-json\/wp\/v2\/users\/34"}],"replies":[{"embeddable":true,"href":"https:\/\/derecho.uprrp.edu\/revistajuridica\/wp-json\/wp\/v2\/comments?post=7343"}],"version-history":[{"count":2,"href":"https:\/\/derecho.uprrp.edu\/revistajuridica\/wp-json\/wp\/v2\/pages\/7343\/revisions"}],"predecessor-version":[{"id":7368,"href":"https:\/\/derecho.uprrp.edu\/revistajuridica\/wp-json\/wp\/v2\/pages\/7343\/revisions\/7368"}],"wp:attachment":[{"href":"https:\/\/derecho.uprrp.edu\/revistajuridica\/wp-json\/wp\/v2\/media?parent=7343"}],"curies":[{"name":"wp","href":"https:\/\/api.w.org\/{rel}","templated":true}]}}