{"id":772,"date":"2016-05-18T20:59:58","date_gmt":"2016-05-18T20:59:58","guid":{"rendered":"http:\/\/revistajuridica.uprrp.edu\/wp\/?page_id=772"},"modified":"2022-06-23T00:42:08","modified_gmt":"2022-06-23T00:42:08","slug":"volumen-84-numero-2","status":"publish","type":"page","link":"https:\/\/derecho.uprrp.edu\/revistajuridica\/volumenes\/revista-juridica-upr\/volumen-84-numero-2\/","title":{"rendered":"Volumen 84-N\u00famero 2"},"content":{"rendered":"<ul id=\"lcp_instance_0\" class=\"lcp_catlist\">\n<li>\n<h5 class=\"lcp_title\"><a href=\"https:\/\/derecho.uprrp.edu\/revistajuridica\/wp-content\/uploads\/sites\/4\/2016\/05\/84-Rev.-Jur.-UPR-531.pdf\" target=\"_blank\" rel=\"noopener\">ESTADO, RELIGI\u00d3N Y DERECHO: UNA REFLEXI\u00d3N MULTIDISCIPLINARIA<\/a><\/h5>\n<div class=\"lcp_excerpt\">ESTADO, RELIGI\u00d3N Y DERECHO: UNA REFLEXI\u00d3N MULTIDISCIPLINARIA<\/div>\n<p><a class=\"lcp_morelink\" href=\"https:\/\/derecho.uprrp.edu\/revistajuridica\/wp-content\/uploads\/sites\/4\/2016\/05\/84-Rev.-Jur.-UPR-531.pdf\" target=\"_blank\" rel=\"noopener\">Art\u00edculo en PDF<\/a><\/li>\n<\/ul>\n<ul id=\"lcp_instance_0\" class=\"lcp_catlist\">\n<li>\n<h5 class=\"lcp_title\"><a href=\"https:\/\/derecho.uprrp.edu\/revistajuridica\/wp-content\/uploads\/sites\/4\/2016\/05\/84-Rev.-Jur.-UPR-225.pdf\" target=\"_blank\" rel=\"noopener\">RECUSACI\u00d3N EN EL TRIBUNAL SUPREMO: \u00bfJUICIO IMPARCIAL ANTE UNA SUPUESTA PARCIALIDAD?<\/a><\/h5>\n<div class=\"lcp_excerpt\">RECUSACI\u00d3N EN EL TRIBUNAL SUPREMO: \u00bfJUICIO IMPARCIAL ANTE UNA SUPUESTA PARCIALIDAD?<\/div>\n<p><a class=\"lcp_morelink\" href=\"https:\/\/derecho.uprrp.edu\/revistajuridica\/wp-content\/uploads\/sites\/4\/2016\/05\/84-Rev.-Jur.-UPR-225.pdf\" target=\"_blank\" rel=\"noopener\">Art\u00edculo en PDF<\/a><\/li>\n<\/ul>\n<ul id=\"lcp_instance_0\" class=\"lcp_catlist\">\n<li>\n<h5 class=\"lcp_title\"><a href=\"https:\/\/derecho.uprrp.edu\/revistajuridica\/wp-content\/uploads\/sites\/4\/2016\/05\/84-Rev.-Jur.-561.pdf\" target=\"_blank\" rel=\"noopener\">ISLAM, SHARI\u2019A Y LOS MUSULMANES: DIMENSIONES DE LA PR\u00c1CTICA DE FE, DEL DERECHO ISL\u00c1MICO Y DE LOS MUSULMANES EN EL ESTADO<\/a><\/h5>\n<div class=\"lcp_excerpt\">ISLAM, SHARI\u2019A Y LOS MUSULMANES: DIMENSIONES DE LA PR\u00c1CTICA DE FE, DEL DERECHO ISL\u00c1MICO Y DE LOS MUSULMANES EN EL ESTADO<\/div>\n<p><a class=\"lcp_morelink\" href=\"https:\/\/derecho.uprrp.edu\/revistajuridica\/wp-content\/uploads\/sites\/4\/2016\/05\/84-Rev.-Jur.-561.pdf\" target=\"_blank\" rel=\"noopener\">Art\u00edculo en PDF<\/a><\/li>\n<\/ul>\n<ul id=\"lcp_instance_0\" class=\"lcp_catlist\">\n<li>\n<h5 class=\"lcp_title\"><a href=\"https:\/\/derecho.uprrp.edu\/revistajuridica\/wp-content\/uploads\/sites\/4\/2016\/05\/84-Rev.-Jur.-545.pdf\" target=\"_blank\" rel=\"noopener\">EL PROBLEMA DEL Z\u00d3CALO: LA SEPARACI\u00d3N IGLESIA-\u00ad\u2010ESTADO Y LA LIBERTAD RELIGIOSA EN AM\u00c9RICA LATINA<\/a><\/h5>\n<div class=\"lcp_excerpt\">EL PROBLEMA DEL Z\u00d3CALO: LA SEPARACI\u00d3N IGLESIA-\u00ad\u2010ESTADO Y LA LIBERTAD RELIGIOSA EN AM\u00c9RICA LATINA<\/div>\n<p><a class=\"lcp_morelink\" href=\"https:\/\/derecho.uprrp.edu\/revistajuridica\/wp-content\/uploads\/sites\/4\/2016\/05\/84-Rev.-Jur.-545.pdf\" target=\"_blank\" rel=\"noopener\">Art\u00edculo en PDF<\/a><\/li>\n<\/ul>\n<ul id=\"lcp_instance_0\" class=\"lcp_catlist\">\n<li>\n<h5 class=\"lcp_title\"><a href=\"https:\/\/derecho.uprrp.edu\/revistajuridica\/wp-content\/uploads\/sites\/4\/2016\/05\/84-Rev.-Jur.-537.pdf\" target=\"_blank\" rel=\"noopener\">ESTADO, RELIGI\u00d3N Y DERECHO: MARCO JUR\u00cdDICO<\/a><\/h5>\n<div class=\"lcp_excerpt\">ESTADO, RELIGI\u00d3N Y DERECHO: MARCO JUR\u00cdDICO<\/div>\n<p><a class=\"lcp_morelink\" href=\"https:\/\/derecho.uprrp.edu\/revistajuridica\/wp-content\/uploads\/sites\/4\/2016\/05\/84-Rev.-Jur.-537.pdf\" target=\"_blank\" rel=\"noopener\">Art\u00edculo en PDF<\/a><\/li>\n<\/ul>\n<ul id=\"lcp_instance_0\" class=\"lcp_catlist\">\n<li>\n<h5 class=\"lcp_title\"><a href=\"https:\/\/derecho.uprrp.edu\/revistajuridica\/wp-content\/uploads\/sites\/4\/2016\/05\/84-Rev.-Jur.-496.pdf\" target=\"_blank\" rel=\"noopener\">THE INTERNET AND PUERTO RICO\u2019S TAXING POWER: HOW THE DORMANT COMMERCE CLAUSE IS AFFECTING SMALL AND MEDIUM BUSINESSES AND WHAT CAN BE DONE ABOUT IT<\/a><\/h5>\n<div class=\"lcp_excerpt\">THE INTERNET AND PUERTO RICO\u2019S TAXING POWER: HOW THE DORMANT COMMERCE CLAUSE IS AFFECTING SMALL AND MEDIUM BUSINESSES AND WHAT CAN BE DONE ABOUT IT<\/div>\n<p><a class=\"lcp_morelink\" href=\"https:\/\/derecho.uprrp.edu\/revistajuridica\/wp-content\/uploads\/sites\/4\/2016\/05\/84-Rev.-Jur.-496.pdf\" target=\"_blank\" rel=\"noopener\">Leer m\u00e1s<\/a><\/li>\n<\/ul>\n<ul id=\"lcp_instance_0\" class=\"lcp_catlist\">\n<li>\n<h5 class=\"lcp_title\"><a href=\"https:\/\/derecho.uprrp.edu\/revistajuridica\/wp-content\/uploads\/sites\/4\/2016\/05\/84-Rev.-Jur.-447.pdf\" target=\"_blank\" rel=\"noopener\">IN THE CUSTODY OF VIOLENCE: PUERTO RICO UNDER LA MANO DURA CONTRA EL CRIMEN, 1993-1996<\/a><\/h5>\n<div class=\"lcp_excerpt\">IN THE CUSTODY OF VIOLENCE: PUERTO RICO UNDER LA MANO DURA CONTRA EL CRIMEN, 1993-1996<\/div>\n<p><a class=\"lcp_morelink\" href=\"https:\/\/derecho.uprrp.edu\/revistajuridica\/wp-content\/uploads\/sites\/4\/2016\/05\/84-Rev.-Jur.-447.pdf\" target=\"_blank\" rel=\"noopener\">Art\u00edculo en PDF<\/a><\/li>\n<\/ul>\n<ul id=\"lcp_instance_0\" class=\"lcp_catlist\">\n<li>\n<h5 class=\"lcp_title\"><a href=\"https:\/\/derecho.uprrp.edu\/revistajuridica\/wp-content\/uploads\/sites\/4\/2016\/05\/84-Rev.-Jur.-413.pdf\" target=\"_blank\" rel=\"noopener\">EL (LIMITADO) ROL DE LA FALTA DE CONSENTIMIENTO EN EL DELITO DE AGRESI\u00d3N SEXUAL<\/a><\/h5>\n<div class=\"lcp_excerpt\">EL (LIMITADO) ROL DE LA FALTA DE CONSENTIMIENTO EN EL DELITO DE AGRESI\u00d3N SEXUAL<\/div>\n<p><a class=\"lcp_morelink\" href=\"https:\/\/derecho.uprrp.edu\/revistajuridica\/wp-content\/uploads\/sites\/4\/2016\/05\/84-Rev.-Jur.-413.pdf\" target=\"_blank\" rel=\"noopener\">Art\u00edculo en PDF<\/a><\/li>\n<\/ul>\n<ul id=\"lcp_instance_0\" class=\"lcp_catlist\">\n<li>\n<h5 class=\"lcp_title\"><a href=\"https:\/\/derecho.uprrp.edu\/revistajuridica\/wp-content\/uploads\/sites\/4\/2016\/05\/84-Rev.-Jur.-395.pdf\" target=\"_blank\" rel=\"noopener\">INEFICACIA DE RESTRICCIONES CONTRACTUALES A CESIONES BAJO EL CAP\u00cdTULO NUEVE DE LA LEY DE TRANSACCIONES COMERCIALES<\/a><\/h5>\n<div class=\"lcp_excerpt\">INEFICACIA DE RESTRICCIONES CONTRACTUALES A CESIONES BAJO EL CAP\u00cdTULO NUEVE DE LA LEY DE TRANSACCIONES COMERCIALES<\/div>\n<p><a class=\"lcp_morelink\" href=\"https:\/\/derecho.uprrp.edu\/revistajuridica\/wp-content\/uploads\/sites\/4\/2016\/05\/84-Rev.-Jur.-395.pdf\" target=\"_blank\" rel=\"noopener\">Art\u00edculo en PDF<\/a><\/li>\n<\/ul>\n<ul id=\"lcp_instance_0\" class=\"lcp_catlist\">\n<li>\n<h5 class=\"lcp_title\"><a href=\"https:\/\/derecho.uprrp.edu\/revistajuridica\/wp-content\/uploads\/sites\/4\/2016\/05\/84-Rev.-Jur.-359.pdf\" target=\"_blank\" rel=\"noopener\">CUALQUIER PERSONA: LA FACULTAD PLENARIA DE LA ASAMBLEA LEGISLATIVA PARA OTORGAR LEGITIMACI\u00d3N ACTIVA POR LA V\u00cdA ESTATUTARIA<\/a><\/h5>\n<div class=\"lcp_excerpt\">CUALQUIER PERSONA: LA FACULTAD PLENARIA DE LA ASAMBLEA LEGISLATIVA PARA OTORGAR LEGITIMACI\u00d3N ACTIVA POR LA V\u00cdA ESTATUTARIA<\/div>\n<p><a class=\"lcp_morelink\" href=\"https:\/\/derecho.uprrp.edu\/revistajuridica\/wp-content\/uploads\/sites\/4\/2016\/05\/84-Rev.-Jur.-359.pdf\" target=\"_blank\" rel=\"noopener\">Art\u00edculo en PDF<\/a><\/li>\n<\/ul>\n<ul id=\"lcp_instance_0\" class=\"lcp_catlist\">\n<li>\n<h5 class=\"lcp_title\"><a href=\"https:\/\/derecho.uprrp.edu\/revistajuridica\/wp-content\/uploads\/sites\/4\/2016\/05\/84-Rev.-Jur.-321.pdf\" target=\"_blank\" rel=\"noopener\">DOMESTIC VIOLENCE AND EQUAL PROTECTION OF THE LAWS: A LOOK AT TOWN OF CASTLE ROCK V. GONZALES AND LENAHAN V. UNITED STATES<\/a><\/h5>\n<div class=\"lcp_excerpt\">DOMESTIC VIOLENCE AND EQUAL PROTECTION OF THE LAWS: A LOOK AT TOWN OF CASTLE ROCK V. GONZALES AND LENAHAN V. UNITED STATES<\/div>\n<p><a class=\"lcp_morelink\" href=\"https:\/\/derecho.uprrp.edu\/revistajuridica\/wp-content\/uploads\/sites\/4\/2016\/05\/84-Rev.-Jur.-321.pdf\" target=\"_blank\" rel=\"noopener\">Art\u00edculo en PDF<\/a><\/li>\n<\/ul>\n<ul id=\"lcp_instance_0\" class=\"lcp_catlist\">\n<li>\n<h5 class=\"lcp_title\"><a href=\"https:\/\/derecho.uprrp.edu\/revistajuridica\/wp-content\/uploads\/sites\/4\/2016\/05\/84-Rev.-Jur.-295.pdf\" target=\"_blank\" rel=\"noopener\">LA CLASIFICACI\u00d3N SOSPECHOSA Y LA AMPLITUD CONSTITUCIONAL EN LOS ESTADOS UNIDOS: UN AN\u00c1LISIS A LAS CONSTITUCIONES DE LOS 50 ESTADOS<\/a><\/h5>\n<div class=\"lcp_excerpt\">LA CLASIFICACI\u00d3N SOSPECHOSA Y LA AMPLITUD CONSTITUCIONAL EN LOS ESTADOS UNIDOS: UN AN\u00c1LISIS A LAS CONSTITUCIONES DE LOS 50 ESTADOS<\/div>\n<p><a class=\"lcp_morelink\" href=\"https:\/\/derecho.uprrp.edu\/revistajuridica\/wp-content\/uploads\/sites\/4\/2016\/05\/84-Rev.-Jur.-295.pdf\" target=\"_blank\" rel=\"noopener\">Art\u00edculo en PDF<\/a><\/li>\n<\/ul>\n<ul id=\"lcp_instance_0\" class=\"lcp_catlist\">\n<li>\n<h5 class=\"lcp_title\"><a href=\"https:\/\/derecho.uprrp.edu\/revistajuridica\/wp-content\/uploads\/sites\/4\/2016\/05\/84-Rev.-Jur.-247.pdf\" target=\"_blank\" rel=\"noopener\">LA CONSTITUCIONALIDAD DE VINCULAR LEGISLATURAS FUTURAS MEDIANTE REFER\u00c9NDUM<\/a><\/h5>\n<div class=\"lcp_excerpt\">LA CONSTITUCIONALIDAD DE VINCULAR LEGISLATURAS FUTURAS MEDIANTE REFER\u00c9NDUM<\/div>\n<p><a class=\"lcp_morelink\" href=\"https:\/\/derecho.uprrp.edu\/revistajuridica\/wp-content\/uploads\/sites\/4\/2016\/05\/84-Rev.-Jur.-247.pdf\" target=\"_blank\" rel=\"noopener\">Art\u00edculo en PDF<\/a><\/li>\n<\/ul>\n","protected":false},"excerpt":{"rendered":"<p>ESTADO, RELIGI\u00d3N Y DERECHO: UNA REFLEXI\u00d3N MULTIDISCIPLINARIA ESTADO, RELIGI\u00d3N Y DERECHO: UNA REFLEXI\u00d3N MULTIDISCIPLINARIA Art\u00edculo en PDF RECUSACI\u00d3N EN EL TRIBUNAL SUPREMO: \u00bfJUICIO IMPARCIAL ANTE UNA SUPUESTA PARCIALIDAD? RECUSACI\u00d3N EN EL TRIBUNAL SUPREMO: \u00bfJUICIO IMPARCIAL ANTE UNA SUPUESTA PARCIALIDAD? Art\u00edculo en PDF ISLAM, SHARI\u2019A Y LOS MUSULMANES: DIMENSIONES DE LA PR\u00c1CTICA DE FE, DEL DERECHO<\/p>\n<div class=\"read-more\"><a href=\"https:\/\/derecho.uprrp.edu\/revistajuridica\/volumenes\/revista-juridica-upr\/volumen-84-numero-2\/\" title=\"Read More\">Read More<\/a><\/div>\n","protected":false},"author":17,"featured_media":0,"parent":616,"menu_order":0,"comment_status":"closed","ping_status":"closed","template":"","meta":{"footnotes":""},"class_list":["post-772","page","type-page","status-publish"],"_links":{"self":[{"href":"https:\/\/derecho.uprrp.edu\/revistajuridica\/wp-json\/wp\/v2\/pages\/772","targetHints":{"allow":["GET"]}}],"collection":[{"href":"https:\/\/derecho.uprrp.edu\/revistajuridica\/wp-json\/wp\/v2\/pages"}],"about":[{"href":"https:\/\/derecho.uprrp.edu\/revistajuridica\/wp-json\/wp\/v2\/types\/page"}],"author":[{"embeddable":true,"href":"https:\/\/derecho.uprrp.edu\/revistajuridica\/wp-json\/wp\/v2\/users\/17"}],"replies":[{"embeddable":true,"href":"https:\/\/derecho.uprrp.edu\/revistajuridica\/wp-json\/wp\/v2\/comments?post=772"}],"version-history":[{"count":2,"href":"https:\/\/derecho.uprrp.edu\/revistajuridica\/wp-json\/wp\/v2\/pages\/772\/revisions"}],"predecessor-version":[{"id":6314,"href":"https:\/\/derecho.uprrp.edu\/revistajuridica\/wp-json\/wp\/v2\/pages\/772\/revisions\/6314"}],"up":[{"embeddable":true,"href":"https:\/\/derecho.uprrp.edu\/revistajuridica\/wp-json\/wp\/v2\/pages\/616"}],"wp:attachment":[{"href":"https:\/\/derecho.uprrp.edu\/revistajuridica\/wp-json\/wp\/v2\/media?parent=772"}],"curies":[{"name":"wp","href":"https:\/\/api.w.org\/{rel}","templated":true}]}}