{"id":7788,"date":"2026-03-05T21:13:29","date_gmt":"2026-03-06T01:13:29","guid":{"rendered":"https:\/\/derecho.uprrp.edu\/revistajuridica\/?page_id=7788"},"modified":"2026-03-06T09:30:18","modified_gmt":"2026-03-06T13:30:18","slug":"volumen-94-numero-2-libertad-de-expresion-en-el-siglo-xxi","status":"publish","type":"page","link":"https:\/\/derecho.uprrp.edu\/revistajuridica\/volumen-94-numero-2-libertad-de-expresion-en-el-siglo-xxi\/","title":{"rendered":"Volumen 94, N\u00famero 2: Libertad de expresi\u00f3n en el siglo XXI"},"content":{"rendered":"<p><span style=\"font-weight: 400\">Joel Andrews Cosme Morales, <\/span><i><span style=\"font-weight: 400\">Los ofensores sexuales y el dilema constitucional de la libertad de expresi\u00f3n en las plataformas de redes sociales<\/span><\/i><span style=\"font-weight: 400\">, 94 REV. JUR. UPR 347 (2025).<\/span><\/p>\n<p><a href=\"https:\/\/derecho.uprrp.edu\/revistajuridica\/wp-content\/uploads\/sites\/4\/2026\/03\/Joel-Andrews-Cosme-Morales-Los-ofensores-sexuales-y-el-dilema-constitucional-de-la-libertad-de-expresion-en-las-plataformas-de-redes-sociales-94-REV.-JUR.-UPR-347-2025.pdf\">Art\u00edculo en PDF<\/a><\/p>\n<p><span style=\"font-weight: 400\">Yomalia Qui\u00f1ones Acevedo, <\/span><i><span style=\"font-weight: 400\">La transmisi\u00f3n televisiva de la vista preliminar y su efecto sobre el derecho a un juicio justo ante un jurado imparcial<\/span><\/i><span style=\"font-weight: 400\">, 94 REV. JUR. UPR 385 (2025).<\/span><\/p>\n<p><a href=\"https:\/\/derecho.uprrp.edu\/revistajuridica\/wp-content\/uploads\/sites\/4\/2026\/03\/Yomalia-Quinones-Acevedo-La-transmision-televisiva-de-la-vista-preliminar-y-su-efecto-sobre-el-derecho-a-un-juicio-justo-ante-un-jurado-imparcial-94-REV.-JUR.-UPR-385-2025.pdf\">Art\u00edculo en PDF<\/a><\/p>\n<p><span style=\"font-weight: 400\">Lcda. Nanette M. Gonz\u00e1lez D\u00edaz, <\/span><i><span style=\"font-weight: 400\">La inteligencia artificial y la libertad de expresi\u00f3n en la era digital: Un an\u00e1lisis jur\u00eddico sobre el impacto de la moderaci\u00f3n algor\u00edtmica en las plataformas sociales<\/span><\/i><span style=\"font-weight: 400\">, 94 REV. JUR. UPR 407 (2025).<\/span><\/p>\n<p><a href=\"https:\/\/derecho.uprrp.edu\/revistajuridica\/wp-content\/uploads\/sites\/4\/2026\/03\/Lcda.-Nanette-M.-Gonzalez-Diaz-La-inteligencia-artificial-y-la-libertad-de-expresion-en-la-era-digital-94-REV.-JUR.-UPR-407-2025.pdf\">Art\u00edculo en PDF<\/a><\/p>\n<p><span style=\"font-weight: 400\">Carlos Ch\u00e9vere Lugo, <\/span><i><span style=\"font-weight: 400\">Free Speech in Social Media: Balancing Democratic Values and Combating False Speech<\/span><\/i><span style=\"font-weight: 400\">, 94 REV. JUR. UPR 433 (2025).<\/span><\/p>\n<p><a href=\"https:\/\/derecho.uprrp.edu\/revistajuridica\/wp-content\/uploads\/sites\/4\/2026\/03\/Carlos-Chevere-Lugo-Free-Speech-in-Social-Media-Balancing-Democratic-Values-and-Combating-False-Speech-94-REV.-JUR.-UPR-433-2025.pdf\">Art\u00edculo en PDF<\/a><\/p>\n<p><span style=\"font-weight: 400\">Luis J. Mar\u00edn Mart\u00ednez, <\/span><i><span style=\"font-weight: 400\">Inteligencia artificial en las campa\u00f1as pol\u00edticas: \u00bfAtentado contra la democracia? Limitaciones por primera enmienda a regulaciones de nuevas tecnolog\u00edas<\/span><\/i><span style=\"font-weight: 400\">, 94 REV. JUR. UPR 465 (2025).<\/span><\/p>\n<p><a href=\"https:\/\/derecho.uprrp.edu\/revistajuridica\/wp-content\/uploads\/sites\/4\/2026\/03\/Luis-J.-Marin-Martinez-Inteligencia-artificial-en-las-campanas-politicas-\u00bfAtentado-contra-la-democracia-94-REV.-JUR.-UPR-465-2025.pdf\">Art\u00edculo en PDF<\/a><\/p>\n","protected":false},"excerpt":{"rendered":"<p>Joel Andrews Cosme Morales, Los ofensores sexuales y el dilema constitucional de la libertad de expresi\u00f3n en las plataformas de redes sociales, 94 REV. JUR. UPR 347 (2025). Art\u00edculo en PDF Yomalia Qui\u00f1ones Acevedo, La transmisi\u00f3n televisiva de la vista preliminar y su efecto sobre el derecho a un juicio justo ante un jurado imparcial,<\/p>\n<div class=\"read-more\"><a href=\"https:\/\/derecho.uprrp.edu\/revistajuridica\/volumen-94-numero-2-libertad-de-expresion-en-el-siglo-xxi\/\" title=\"Read More\">Read More<\/a><\/div>\n","protected":false},"author":10400,"featured_media":0,"parent":0,"menu_order":0,"comment_status":"closed","ping_status":"closed","template":"","meta":{"footnotes":""},"class_list":["post-7788","page","type-page","status-publish"],"_links":{"self":[{"href":"https:\/\/derecho.uprrp.edu\/revistajuridica\/wp-json\/wp\/v2\/pages\/7788","targetHints":{"allow":["GET"]}}],"collection":[{"href":"https:\/\/derecho.uprrp.edu\/revistajuridica\/wp-json\/wp\/v2\/pages"}],"about":[{"href":"https:\/\/derecho.uprrp.edu\/revistajuridica\/wp-json\/wp\/v2\/types\/page"}],"author":[{"embeddable":true,"href":"https:\/\/derecho.uprrp.edu\/revistajuridica\/wp-json\/wp\/v2\/users\/10400"}],"replies":[{"embeddable":true,"href":"https:\/\/derecho.uprrp.edu\/revistajuridica\/wp-json\/wp\/v2\/comments?post=7788"}],"version-history":[{"count":2,"href":"https:\/\/derecho.uprrp.edu\/revistajuridica\/wp-json\/wp\/v2\/pages\/7788\/revisions"}],"predecessor-version":[{"id":7794,"href":"https:\/\/derecho.uprrp.edu\/revistajuridica\/wp-json\/wp\/v2\/pages\/7788\/revisions\/7794"}],"wp:attachment":[{"href":"https:\/\/derecho.uprrp.edu\/revistajuridica\/wp-json\/wp\/v2\/media?parent=7788"}],"curies":[{"name":"wp","href":"https:\/\/api.w.org\/{rel}","templated":true}]}}