{"id":7795,"date":"2026-03-06T09:59:23","date_gmt":"2026-03-06T13:59:23","guid":{"rendered":"https:\/\/derecho.uprrp.edu\/revistajuridica\/?page_id=7795"},"modified":"2026-03-06T09:59:23","modified_gmt":"2026-03-06T13:59:23","slug":"volumen-94-numero-3-el-deterioro-de-los-servicios-esenciales-el-derecho-como-un-fenomeno-social","status":"publish","type":"page","link":"https:\/\/derecho.uprrp.edu\/revistajuridica\/volumen-94-numero-3-el-deterioro-de-los-servicios-esenciales-el-derecho-como-un-fenomeno-social\/","title":{"rendered":"Volumen 94, N\u00famero 3: El deterioro de los servicios esenciales: El Derecho como un fen\u00f3meno social"},"content":{"rendered":"<p><span style=\"font-weight: 400\">\u00c1ngel Rodr\u00edguez Ram\u00edrez, <\/span><i><span style=\"font-weight: 400\">Corporaciones especiales municipales: Un proyecto municipal para retomar en el rescate de los servicios esenciales<\/span><\/i><span style=\"font-weight: 400\">, 94 REV. JUR. UPR 489 (2025).<\/span><\/p>\n<p><a href=\"https:\/\/derecho.uprrp.edu\/revistajuridica\/wp-content\/uploads\/sites\/4\/2026\/03\/Angel-Rodriguez-Ramirez-Corporaciones-especiales-municipales-Un-proyecto-municipal-para-retomar-en-el-rescate-de-los-servicios-esenciales-94-REV.-JUR.-UPR-489-2025.pdf\">Art\u00edculo en PDF<\/a><\/p>\n<p><span style=\"font-weight: 400\">G\u00e9nesis Cabrera Aldarondo, <\/span><i><span style=\"font-weight: 400\">Las cl\u00e1usulas en los contratos de arrendamiento que proh\u00edben la tenencia de mascotas<\/span><\/i><span style=\"font-weight: 400\">, 94 REV. JUR. UPR 523 (2025).<\/span><\/p>\n<p><a href=\"https:\/\/derecho.uprrp.edu\/revistajuridica\/wp-content\/uploads\/sites\/4\/2026\/03\/Genesis-Cabrera-Aldarondo-Las-clausulas-en-los-contratos-de-arrendamiento-que-prohiben-la-tenencia-de-mascotas-94-REV.-JUR.-UPR-523-2025.pdf\">Art\u00edculo en PDF<\/a><\/p>\n<p><span style=\"font-weight: 400\">Yanixia Rodr\u00edguez Ramos, <\/span><i><span style=\"font-weight: 400\">Barreras a la salud: Conflicto entre el asegurador v. el asegurado<\/span><\/i><span style=\"font-weight: 400\">, 94 REV. JUR. UPR 553 (2025).<\/span><\/p>\n<p><a href=\"https:\/\/derecho.uprrp.edu\/revistajuridica\/wp-content\/uploads\/sites\/4\/2026\/03\/Yanixia-Rodriguez-Ramos-Barreras-a-la-salud-Conflicto-entre-el-asegurador-v.-el-asegurado-94-REV.-JUR.-UPR-553-2025.pdf\">Art\u00edculo en PDF<\/a><\/p>\n<p><span style=\"font-weight: 400\">V\u00edctor Manuelle Col\u00f3n Figueroa,<\/span><i><span style=\"font-weight: 400\"> El derecho a la educaci\u00f3n en Puerto Rico desde una perspectiva neoliberal<\/span><\/i><span style=\"font-weight: 400\">, 94 REV. JUR. UPR 587 (2025).<\/span><\/p>\n<p><a href=\"https:\/\/derecho.uprrp.edu\/revistajuridica\/wp-content\/uploads\/sites\/4\/2026\/03\/Victor-Manuelle-Colon-Figueroa-El-derecho-a-la-educacion-en-Puerto-Rico-desde-una-perspectiva-neoliberal-94-REV.-JUR.-UPR-587-2025.pdf\">Art\u00edculo en PDF<\/a><\/p>\n<p><span style=\"font-weight: 400\">Pedro F. Guevara Reyes, <\/span><i><span style=\"font-weight: 400\">escuelas p\u00fablicas alianza: \u00bfuna puerta abierta para las escuelas p\u00fablicas religiosas en puerto rico?<\/span><\/i><span style=\"font-weight: 400\">, 94 REV. JUR. UPR 603 (2025).<\/span><\/p>\n<p><a href=\"https:\/\/derecho.uprrp.edu\/revistajuridica\/wp-content\/uploads\/sites\/4\/2026\/03\/Pedro-F.-Guevara-Reyes-escuelas-publicas-alianza-\u00bfuna-puerta-abierta-para-las-escuelas-publicas-religiosas-en-puerto-rico-94-REV.-JUR.-UPR-603-2025.pdf\">Art\u00edculo en PDF<\/a><\/p>\n<p><span style=\"font-weight: 400\">\u00c1ngel R. Rivera de la Cruz, <\/span><i><span style=\"font-weight: 400\">La nueva pol\u00edtica p\u00fablica energ\u00e9tica de Puerto Rico: Estado de la implementaci\u00f3n a diez a\u00f1os de su aprobaci\u00f3n<\/span><\/i><span style=\"font-weight: 400\">, 94 REV. JUR. UPR 623 (2025).<\/span><\/p>\n<p><a href=\"https:\/\/derecho.uprrp.edu\/revistajuridica\/wp-content\/uploads\/sites\/4\/2026\/03\/Angel-R.-Rivera-de-la-Cruz-La-nueva-politica-publica-energetica-de-Puerto-Rico-Estado-de-la-implementacion-a-diez-anos-de-su-aprobacion-94-REV.-JUR.-UPR-623-2025.pdf\">Art\u00edculo en PDF<\/a><\/p>\n<p><span style=\"font-weight: 400\">Silvia Caridad Torres Ortiz, <\/span><i><span style=\"font-weight: 400\">A Sacred Dawn: The Future of Puerto Rico\u2019s Net-Metering Program<\/span><\/i><span style=\"font-weight: 400\">, 94 REV. JUR. UPR 705 (2025).<\/span><\/p>\n<p><a href=\"https:\/\/derecho.uprrp.edu\/revistajuridica\/wp-content\/uploads\/sites\/4\/2026\/03\/Silvia-Caridad-Torres-Ortiz-A-Sacred-Dawn-The-Future-of-Puerto-Ricos-Net-Metering-Program-94-REV.-JUR.-UPR-705-2025.pdf\">Art\u00edculo en PDF<\/a><\/p>\n<p><span style=\"font-weight: 400\">Zo\u00e9 C. Negr\u00f3n Comas,<\/span><i><span style=\"font-weight: 400\"> Let the People Speak (Meaningfully): Resident Taxpayers as Stakeholders in Title III Bankruptcy Under PROMESA<\/span><\/i><span style=\"font-weight: 400\">, 94 REV. JUR. UPR 727 (2025).<\/span><\/p>\n<p><a href=\"https:\/\/derecho.uprrp.edu\/revistajuridica\/wp-content\/uploads\/sites\/4\/2026\/03\/Zoe-C.-Negron-Comas-Let-the-People-Speak-Meaningfully-Resident-Taxpayers-as-Stakeholders-in-Title-III-Bankruptcy-Under-PROMESA-94-REV.-JUR.-UPR-727-2025.pdf\">Art\u00edculo en PDF<\/a><\/p>\n","protected":false},"excerpt":{"rendered":"<p>\u00c1ngel Rodr\u00edguez Ram\u00edrez, Corporaciones especiales municipales: Un proyecto municipal para retomar en el rescate de los servicios esenciales, 94 REV. JUR. UPR 489 (2025). Art\u00edculo en PDF G\u00e9nesis Cabrera Aldarondo, Las cl\u00e1usulas en los contratos de arrendamiento que proh\u00edben la tenencia de mascotas, 94 REV. JUR. UPR 523 (2025). Art\u00edculo en PDF Yanixia Rodr\u00edguez Ramos,<\/p>\n<div class=\"read-more\"><a href=\"https:\/\/derecho.uprrp.edu\/revistajuridica\/volumen-94-numero-3-el-deterioro-de-los-servicios-esenciales-el-derecho-como-un-fenomeno-social\/\" title=\"Read More\">Read More<\/a><\/div>\n","protected":false},"author":10400,"featured_media":0,"parent":0,"menu_order":0,"comment_status":"closed","ping_status":"closed","template":"","meta":{"footnotes":""},"class_list":["post-7795","page","type-page","status-publish"],"_links":{"self":[{"href":"https:\/\/derecho.uprrp.edu\/revistajuridica\/wp-json\/wp\/v2\/pages\/7795","targetHints":{"allow":["GET"]}}],"collection":[{"href":"https:\/\/derecho.uprrp.edu\/revistajuridica\/wp-json\/wp\/v2\/pages"}],"about":[{"href":"https:\/\/derecho.uprrp.edu\/revistajuridica\/wp-json\/wp\/v2\/types\/page"}],"author":[{"embeddable":true,"href":"https:\/\/derecho.uprrp.edu\/revistajuridica\/wp-json\/wp\/v2\/users\/10400"}],"replies":[{"embeddable":true,"href":"https:\/\/derecho.uprrp.edu\/revistajuridica\/wp-json\/wp\/v2\/comments?post=7795"}],"version-history":[{"count":1,"href":"https:\/\/derecho.uprrp.edu\/revistajuridica\/wp-json\/wp\/v2\/pages\/7795\/revisions"}],"predecessor-version":[{"id":7804,"href":"https:\/\/derecho.uprrp.edu\/revistajuridica\/wp-json\/wp\/v2\/pages\/7795\/revisions\/7804"}],"wp:attachment":[{"href":"https:\/\/derecho.uprrp.edu\/revistajuridica\/wp-json\/wp\/v2\/media?parent=7795"}],"curies":[{"name":"wp","href":"https:\/\/api.w.org\/{rel}","templated":true}]}}