{"id":7806,"date":"2026-03-06T10:27:50","date_gmt":"2026-03-06T14:27:50","guid":{"rendered":"https:\/\/derecho.uprrp.edu\/revistajuridica\/?page_id=7806"},"modified":"2026-03-06T10:27:50","modified_gmt":"2026-03-06T14:27:50","slug":"volumen-94-numero-4-tema-libre","status":"publish","type":"page","link":"https:\/\/derecho.uprrp.edu\/revistajuridica\/volumen-94-numero-4-tema-libre\/","title":{"rendered":"Volumen 94, N\u00famero 4: Tema libre"},"content":{"rendered":"<p><span style=\"font-weight: 400\">Antonio Garc\u00eda Padilla, <\/span><i><span style=\"font-weight: 400\">In memoriam: Luis Felipe Negr\u00f3n Garc\u00eda<\/span><\/i><span style=\"font-weight: 400\">, 94 REV. JUR. UPR 749 (2025).<\/span><\/p>\n<p><a href=\"https:\/\/derecho.uprrp.edu\/revistajuridica\/wp-content\/uploads\/sites\/4\/2026\/03\/Antonio-Garcia-Padilla-In-memoriam-Luis-Felipe-Negron-Garcia-94-REV.-JUR.-UPR-749-2025.pdf\">Art\u00edculo en PDF<\/a><\/p>\n<p><span style=\"font-weight: 400\">Fernando E. Agrait, <\/span><i><span style=\"font-weight: 400\">In memoriam: Luis Felipe Negr\u00f3n Garc\u00eda<\/span><\/i><span style=\"font-weight: 400\">, 94 REV. JUR. UPR 759 (2025).<\/span><\/p>\n<p><a href=\"https:\/\/derecho.uprrp.edu\/revistajuridica\/wp-content\/uploads\/sites\/4\/2026\/03\/Fernando-E.-Agrait-In-memoriam-Luis-Felipe-Negron-Garcia-94-REV.-JUR.-UPR-759-2025.pdf\">Art\u00edculo en PDF<\/a><\/p>\n<p><span style=\"font-weight: 400\">Demetrio Fern\u00e1ndez, <\/span><i><span style=\"font-weight: 400\">In memoriam: Luis Felipe Negr\u00f3n Garc\u00eda<\/span><\/i><span style=\"font-weight: 400\">, 94 REV. JUR. 761 (2025).<\/span><\/p>\n<p><a href=\"https:\/\/derecho.uprrp.edu\/revistajuridica\/wp-content\/uploads\/sites\/4\/2026\/03\/Demetrio-Fernandez-In-memoriam-Luis-Felipe-Negron-Garcia-94-REV.-JUR.-761-2025.pdf\">Art\u00edculo en PDF<\/a><\/p>\n<p><span style=\"font-weight: 400\">Luis A. Zambrana Gonz\u00e1lez, <\/span><i><span style=\"font-weight: 400\">Tipicidad subjetiva en el Derecho Penal puertorrique\u00f1o: An\u00e1lisis hist\u00f3rico, comparativo y dogm\u00e1tico-penal<\/span><\/i><span style=\"font-weight: 400\">, 94 REV. JUR. 763 (2025).<\/span><\/p>\n<p><a href=\"https:\/\/derecho.uprrp.edu\/revistajuridica\/wp-content\/uploads\/sites\/4\/2026\/03\/Luis-A.-Zambrana-Gonzalez-Tipicidad-subjetiva-en-el-Derecho-Penal-puertorriqueno-Analisis-historico-comparativo-y-dogmatico-penal-94-REV.-JUR.-763-2025.pdf\">Art\u00edculo en PDF<\/a><\/p>\n<p><span style=\"font-weight: 400\">Luc\u00eda P\u00e9rez Mart\u00ednez, <\/span><i><span style=\"font-weight: 400\">Dando vida desde la muerte: La inseminaci\u00f3n artificial post mortem y sus efectos en el ordenamiento jur\u00eddico<\/span><\/i><span style=\"font-weight: 400\">, 94 REV. JUR. UPR 839 (2025).<\/span><\/p>\n<p><a href=\"https:\/\/derecho.uprrp.edu\/revistajuridica\/wp-content\/uploads\/sites\/4\/2026\/03\/Lucia-Perez-Martinez-Dando-vida-desde-la-muerte-La-inseminacion-artificial-post-mortem-y-sus-efectos-en-el-ordenamiento-juridico-94-REV.-JUR.-UPR-839-2025.pdf\">Art\u00edculo en PDF<\/a><\/p>\n<p><span style=\"font-weight: 400\">David A. Gonz\u00e1lez La Luz, <\/span><i><span style=\"font-weight: 400\">Puerto Rico\u2019s Act 60: The Key to Economic Prosperity or a Tool for Colonialism?<\/span><\/i><span style=\"font-weight: 400\">, 94 REV. JUR. UPR 863 (2025).<\/span><\/p>\n<p><a href=\"https:\/\/derecho.uprrp.edu\/revistajuridica\/wp-content\/uploads\/sites\/4\/2026\/03\/David-A.-Gonzalez-La-Luz-Puerto-Ricos-Act-60-The-Key-to-Economic-Prosperity-or-a-Tool-for-Colonialism-94-REV.-JUR.-UPR-863-2025.pdf\">Art\u00edculo en PDF<\/a><\/p>\n<p><span style=\"font-weight: 400\">Jaime Villeta Garc\u00eda, <\/span><i><span style=\"font-weight: 400\">Cuando se pasa \u2018gato por liebre\u2019: An\u00e1lisis actualizado de las contradicciones con la transferencia de derechos de desarrollo en Costa Serena<\/span><\/i><span style=\"font-weight: 400\">, 94 REV. JUR. UPR 895 (2025).<\/span><\/p>\n<p><a href=\"https:\/\/derecho.uprrp.edu\/revistajuridica\/wp-content\/uploads\/sites\/4\/2026\/03\/Jaime-Villeta-Garcia-Cuando-se-pasa-gato-por-liebre-94-REV.-JUR.-UPR-895-2025.pdf\">Art\u00edculo en PDF<\/a><\/p>\n<p><span style=\"font-weight: 400\">Adri\u00e1n B. Maldonado Rodr\u00edguez, <\/span><i><span style=\"font-weight: 400\">Neoliberalismo en la rama judicial<\/span><\/i><span style=\"font-weight: 400\">, 94 REV. JUR. UPR 925 (2025).<\/span><\/p>\n<p><a href=\"https:\/\/derecho.uprrp.edu\/revistajuridica\/wp-content\/uploads\/sites\/4\/2026\/03\/Adrian-B.-Maldonado-Rodriguez-Neoliberalismo-en-la-rama-judicial-94-REV.-JUR.-UPR-925-2025.pdf\">Art\u00edculo en PDF<\/a><\/p>\n<p><span style=\"font-weight: 400\">Jos\u00e9 Enrique P\u00e9rez Montes, <\/span><i><span style=\"font-weight: 400\">\u201cNadie pase de largo sin explorar la lista completa de las frutas\u201d: En ocasi\u00f3n de un nuevo Manual de Citaci\u00f3n Uniforme<\/span><\/i><span style=\"font-weight: 400\">, 94 REV. JUR. UPR 975 (2025).<\/span><\/p>\n<p><a href=\"https:\/\/derecho.uprrp.edu\/revistajuridica\/wp-content\/uploads\/sites\/4\/2026\/03\/Jose-Enrique-Perez-Montes-Nadie-pase-de-largo-sin-explorar-la-lista-completa-de-las-frutas-En-ocasion-de-un-nuevo-Manual-de-Citacion-Uniforme-94-REV.-JUR.-UPR-975-2025.pdf\">Art\u00edculo en PDF<\/a><\/p>\n","protected":false},"excerpt":{"rendered":"<p>Antonio Garc\u00eda Padilla, In memoriam: Luis Felipe Negr\u00f3n Garc\u00eda, 94 REV. JUR. UPR 749 (2025). Art\u00edculo en PDF Fernando E. Agrait, In memoriam: Luis Felipe Negr\u00f3n Garc\u00eda, 94 REV. JUR. UPR 759 (2025). Art\u00edculo en PDF Demetrio Fern\u00e1ndez, In memoriam: Luis Felipe Negr\u00f3n Garc\u00eda, 94 REV. JUR. 761 (2025). Art\u00edculo en PDF Luis A. Zambrana<\/p>\n<div class=\"read-more\"><a href=\"https:\/\/derecho.uprrp.edu\/revistajuridica\/volumen-94-numero-4-tema-libre\/\" title=\"Read More\">Read More<\/a><\/div>\n","protected":false},"author":10400,"featured_media":0,"parent":0,"menu_order":0,"comment_status":"closed","ping_status":"closed","template":"","meta":{"footnotes":""},"class_list":["post-7806","page","type-page","status-publish"],"_links":{"self":[{"href":"https:\/\/derecho.uprrp.edu\/revistajuridica\/wp-json\/wp\/v2\/pages\/7806","targetHints":{"allow":["GET"]}}],"collection":[{"href":"https:\/\/derecho.uprrp.edu\/revistajuridica\/wp-json\/wp\/v2\/pages"}],"about":[{"href":"https:\/\/derecho.uprrp.edu\/revistajuridica\/wp-json\/wp\/v2\/types\/page"}],"author":[{"embeddable":true,"href":"https:\/\/derecho.uprrp.edu\/revistajuridica\/wp-json\/wp\/v2\/users\/10400"}],"replies":[{"embeddable":true,"href":"https:\/\/derecho.uprrp.edu\/revistajuridica\/wp-json\/wp\/v2\/comments?post=7806"}],"version-history":[{"count":1,"href":"https:\/\/derecho.uprrp.edu\/revistajuridica\/wp-json\/wp\/v2\/pages\/7806\/revisions"}],"predecessor-version":[{"id":7816,"href":"https:\/\/derecho.uprrp.edu\/revistajuridica\/wp-json\/wp\/v2\/pages\/7806\/revisions\/7816"}],"wp:attachment":[{"href":"https:\/\/derecho.uprrp.edu\/revistajuridica\/wp-json\/wp\/v2\/media?parent=7806"}],"curies":[{"name":"wp","href":"https:\/\/api.w.org\/{rel}","templated":true}]}}