{"id":7830,"date":"2026-03-28T18:17:19","date_gmt":"2026-03-28T22:17:19","guid":{"rendered":"https:\/\/derecho.uprrp.edu\/revistajuridica\/?page_id=7830"},"modified":"2026-03-28T18:23:12","modified_gmt":"2026-03-28T22:23:12","slug":"volumen-93-numero-1-analisis-del-termino-2022-2023","status":"publish","type":"page","link":"https:\/\/derecho.uprrp.edu\/revistajuridica\/volumen-93-numero-1-analisis-del-termino-2022-2023\/","title":{"rendered":"Volumen 93, N\u00famero 1: An\u00e1lisis del T\u00e9rmino 2022-2023"},"content":{"rendered":"<p><strong>Derecho Constitucional puertorrique\u00f1o<\/strong><\/p>\n<p><span style=\"font-weight: 400\">Alvin Padilla-Babilonia, <\/span><i><span style=\"font-weight: 400\">Derecho Constitucional puertorrique\u00f1o<\/span><\/i><span style=\"font-weight: 400\">, 93 REV. JUR. UPR 11 (2024).<\/span><\/p>\n<p><a href=\"https:\/\/derecho.uprrp.edu\/revistajuridica\/wp-content\/uploads\/sites\/4\/2026\/03\/Alvin-Padilla-Babilonia-Derecho-Constitucional-puertorriqueno-93-REV.-JUR.-UPR-11-2024.pdf\">Art\u00edculo en PDF<\/a><\/p>\n<p><strong>Derecho Procesal Penal<\/strong><\/p>\n<p><span style=\"font-weight: 400\">Ernesto L. Chiesa Aponte, <\/span><i><span style=\"font-weight: 400\">Derecho Procesal Penal<\/span><\/i><span style=\"font-weight: 400\">, 93 REV. JUR. UPR 45 (2024).<\/span><\/p>\n<p><a href=\"https:\/\/derecho.uprrp.edu\/revistajuridica\/wp-content\/uploads\/sites\/4\/2026\/03\/Ernesto-L.-Chiesa-Aponte-Derecho-Procesal-Penal-93-REV.-JUR.-UPR-45-2024.pdf\">Art\u00edculo en PDF<\/a><\/p>\n<p><strong>Derecho Penal Sustantivo<\/strong><\/p>\n<p><span style=\"font-weight: 400\">Iris Y. Rosario Nieves, <\/span><i><span style=\"font-weight: 400\">Derecho Penal Sustantivo<\/span><\/i><span style=\"font-weight: 400\">, 93 REV. JUR. UPR 81 (2024).<\/span><\/p>\n<p><a href=\"https:\/\/derecho.uprrp.edu\/revistajuridica\/wp-content\/uploads\/sites\/4\/2026\/03\/Iris-Y.-Rosario-Nieves-Derecho-Penal-Sustantivo-93-REV.-JUR.-UPR-81-2024.pdf\">Art\u00edculo en PDF<\/a><\/p>\n<p><strong>Derecho Administrativo<\/strong><\/p>\n<p><span style=\"font-weight: 400\">Emmalind Garc\u00eda Garc\u00eda, <\/span><i><span style=\"font-weight: 400\">Derecho Administrativo<\/span><\/i><span style=\"font-weight: 400\">, 93 REV. JUR. UPR 97 (2024).<\/span><\/p>\n<p><a href=\"https:\/\/derecho.uprrp.edu\/revistajuridica\/wp-content\/uploads\/sites\/4\/2026\/03\/Emmalind-Garcia-Garcia-Derecho-Administrativo-93-REV.-JUR.-UPR-97-2024.pdf\">Art\u00edculo en PDF<\/a><\/p>\n<p><strong>Responsabilidad Civil Extracontractual<\/strong><\/p>\n<p><span style=\"font-weight: 400\">Glenda Labadie Jackson, <\/span><i><span style=\"font-weight: 400\">Responsabilidad Civil Extracontractual<\/span><\/i><span style=\"font-weight: 400\">, 93 REV. JUR. UPR 137 (2024).<\/span><\/p>\n<p><a href=\"https:\/\/derecho.uprrp.edu\/revistajuridica\/wp-content\/uploads\/sites\/4\/2026\/03\/Glenda-Labadie-Jackson-Responsabilidad-Civil-Extracontractual-93-REV.-JUR.-UPR-137-2024.pdf\">Art\u00edculo en PDF<\/a><\/p>\n<p><strong>Derechos Reales<\/strong><\/p>\n<p><span style=\"font-weight: 400\">F\u00e9lix R. Figueroa Cab\u00e1n &amp; Natalya Rivera Maldonado, <\/span><i><span style=\"font-weight: 400\">Derechos Reales<\/span><\/i><span style=\"font-weight: 400\">, 93 REV. JUR. UPR 149 (2024).<\/span><\/p>\n<p><a href=\"https:\/\/derecho.uprrp.edu\/revistajuridica\/wp-content\/uploads\/sites\/4\/2026\/03\/Felix-R.-Figueroa-Caban-Natalya-Rivera-Maldonado-Derechos-Reales-93-REV.-JUR.-UPR-149-2024.pdf\">Art\u00edculo en PDF<\/a><\/p>\n<p><strong>Derecho Procesal Civil<\/strong><\/p>\n<p><span style=\"font-weight: 400\">Nilda M. Navarro Cabrer &amp; Patricia S. Aponte Figueroa, <\/span><i><span style=\"font-weight: 400\">Derecho Procesal Civil<\/span><\/i><span style=\"font-weight: 400\">, 93 REV. JUR. UPR 165 (2024).<\/span><\/p>\n<p><a href=\"https:\/\/derecho.uprrp.edu\/revistajuridica\/wp-content\/uploads\/sites\/4\/2026\/03\/Nilda-M.-Navarro-Cabrer-Patricia-S.-Aponte-Figueroa-Derecho-Procesal-Civil-93-REV.-JUR.-UPR-165-2024.pdf\">Art\u00edculo en PDF<\/a><\/p>\n<p><strong>Derecho de Familia<\/strong><\/p>\n<p><span style=\"font-weight: 400\">Mayt\u00e9 Rivera Rodr\u00edguez &amp; Giovanni Caro Ortiz, <\/span><i><span style=\"font-weight: 400\">Derecho de Familia<\/span><\/i><span style=\"font-weight: 400\">, 93 REV. JUR. UPR 191 (2024).<\/span><\/p>\n<p><a href=\"https:\/\/derecho.uprrp.edu\/revistajuridica\/wp-content\/uploads\/sites\/4\/2026\/03\/Mayte-Rivera-Rodriguez-Giovanni-Caro-Ortiz-Derecho-de-Familia-93-REV.-JUR.-UPR-191-2024.pdf\">Art\u00edculo en PDF<\/a><\/p>\n<p><strong>Derecho Probatorio<\/strong><\/p>\n<p><span style=\"font-weight: 400\">Vivian I. Neptune Rivera &amp; Patricia S. Aponte Figueroa, <\/span><i><span style=\"font-weight: 400\">Derecho Probatorio<\/span><\/i><span style=\"font-weight: 400\">, 93 REV. JUR. UPR 219 (2024).<\/span><\/p>\n<p><a href=\"https:\/\/derecho.uprrp.edu\/revistajuridica\/wp-content\/uploads\/sites\/4\/2026\/03\/Vivian-I.-Neptune-Rivera-Patricia-S.-Aponte-Figueroa-Derecho-Probatorio-93-REV.-JUR.-UPR-219-2024.pdf\">Art\u00edculo en PDF<\/a><\/p>\n<p><strong>\u00c9tica y Conducta Profesional<\/strong><\/p>\n<p><span style=\"font-weight: 400\">Guillermo Figueroa Prieto, <\/span><i><span style=\"font-weight: 400\">\u00c9tica y Conducta Profesional<\/span><\/i><span style=\"font-weight: 400\">, 93 REV. JUR. UPR 231 (2024).<\/span><\/p>\n<p><a href=\"https:\/\/derecho.uprrp.edu\/revistajuridica\/wp-content\/uploads\/sites\/4\/2026\/03\/Guillermo-Figueroa-Prieto-Etica-y-Conducta-Profesional-93-REV.-JUR.-UPR-231-2024.pdf\">Art\u00edculo en PDF<\/a><\/p>\n<p><strong>Derecho de Empleo, Laboral, Arbitraje<\/strong><\/p>\n<p><span style=\"font-weight: 400\">Emmalind Garc\u00eda Garc\u00eda, <\/span><i><span style=\"font-weight: 400\">Derecho de Empleo, Laboral, Arbitraje<\/span><\/i><span style=\"font-weight: 400\">,\u00a0 93 REV. JUR. UPR 265 (2024).<\/span><\/p>\n<p><a href=\"https:\/\/derecho.uprrp.edu\/revistajuridica\/wp-content\/uploads\/sites\/4\/2026\/03\/Emmalind-Garcia-Garcia-Derecho-de-Empleo-Laboral-Arbitraje-93-REV.-JUR.-UPR-265-2024.pdf\">Art\u00edculo en PDF<\/a><\/p>\n","protected":false},"excerpt":{"rendered":"<p>Derecho Constitucional puertorrique\u00f1o Alvin Padilla-Babilonia, Derecho Constitucional puertorrique\u00f1o, 93 REV. JUR. UPR 11 (2024). Art\u00edculo en PDF Derecho Procesal Penal Ernesto L. Chiesa Aponte, Derecho Procesal Penal, 93 REV. JUR. UPR 45 (2024). Art\u00edculo en PDF Derecho Penal Sustantivo Iris Y. Rosario Nieves, Derecho Penal Sustantivo, 93 REV. JUR. UPR 81 (2024). Art\u00edculo en PDF<\/p>\n<div class=\"read-more\"><a href=\"https:\/\/derecho.uprrp.edu\/revistajuridica\/volumen-93-numero-1-analisis-del-termino-2022-2023\/\" title=\"Read More\">Read More<\/a><\/div>\n","protected":false},"author":10400,"featured_media":0,"parent":0,"menu_order":0,"comment_status":"closed","ping_status":"closed","template":"","meta":{"footnotes":""},"class_list":["post-7830","page","type-page","status-publish"],"_links":{"self":[{"href":"https:\/\/derecho.uprrp.edu\/revistajuridica\/wp-json\/wp\/v2\/pages\/7830","targetHints":{"allow":["GET"]}}],"collection":[{"href":"https:\/\/derecho.uprrp.edu\/revistajuridica\/wp-json\/wp\/v2\/pages"}],"about":[{"href":"https:\/\/derecho.uprrp.edu\/revistajuridica\/wp-json\/wp\/v2\/types\/page"}],"author":[{"embeddable":true,"href":"https:\/\/derecho.uprrp.edu\/revistajuridica\/wp-json\/wp\/v2\/users\/10400"}],"replies":[{"embeddable":true,"href":"https:\/\/derecho.uprrp.edu\/revistajuridica\/wp-json\/wp\/v2\/comments?post=7830"}],"version-history":[{"count":1,"href":"https:\/\/derecho.uprrp.edu\/revistajuridica\/wp-json\/wp\/v2\/pages\/7830\/revisions"}],"predecessor-version":[{"id":7831,"href":"https:\/\/derecho.uprrp.edu\/revistajuridica\/wp-json\/wp\/v2\/pages\/7830\/revisions\/7831"}],"wp:attachment":[{"href":"https:\/\/derecho.uprrp.edu\/revistajuridica\/wp-json\/wp\/v2\/media?parent=7830"}],"curies":[{"name":"wp","href":"https:\/\/api.w.org\/{rel}","templated":true}]}}